{"id":1827,"date":"2022-10-21T21:51:01","date_gmt":"2022-10-21T21:51:01","guid":{"rendered":"https:\/\/divcsh.izt.uam.mx\/cefilibe\/?page_id=1827"},"modified":"2023-05-02T06:54:28","modified_gmt":"2023-05-02T06:54:28","slug":"disciplinas","status":"publish","type":"page","link":"https:\/\/divcsh.izt.uam.mx\/cefilibe\/index.php\/disciplinas\/","title":{"rendered":"Disciplinas"},"content":{"rendered":"<style type=\"text\/css\"><\/style>\n<section class=\"kc-elm kc-css-680880 kc_row\">\n<div class=\"kc-row-container  kc-container\">\n<div class=\"kc-wrap-columns\">\n<div class=\"kc-elm kc-css-515828 kc_column kc_col-sm-12\">\n<div class=\"kc-col-container\">\n<div class=\"kc-elm kc-css-544097 kc_text_block\">\n<div>\u00a0<\/div>\n<div><a href=\"https:\/\/divcsh.izt.uam.mx\/cefilibe\/wp-content\/uploads\/2023\/05\/estetica_mexico.pdf\">La est\u00e9tica en M\u00e9xico. Siglo XX<\/a>. Mar\u00eda Rosa Palaz\u00f3n<\/div>\n<div>\u00a0<\/div>\n<\/div>\n<\/div>\n<\/div>\n<\/div>\n<\/div>\n<\/section>\n","protected":false},"excerpt":{"rendered":"<p>\u00a0 La est\u00e9tica en M\u00e9xico. Siglo XX. Mar\u00eda Rosa Palaz\u00f3n \u00a0<\/p>\n","protected":false},"author":1,"featured_media":0,"parent":0,"menu_order":0,"comment_status":"closed","ping_status":"closed","template":"","meta":{"footnotes":""},"class_list":["post-1827","page","type-page","status-publish","hentry"],"blocksy_meta":[],"_links":{"self":[{"href":"https:\/\/divcsh.izt.uam.mx\/cefilibe\/index.php\/wp-json\/wp\/v2\/pages\/1827","targetHints":{"allow":["GET"]}}],"collection":[{"href":"https:\/\/divcsh.izt.uam.mx\/cefilibe\/index.php\/wp-json\/wp\/v2\/pages"}],"about":[{"href":"https:\/\/divcsh.izt.uam.mx\/cefilibe\/index.php\/wp-json\/wp\/v2\/types\/page"}],"author":[{"embeddable":true,"href":"https:\/\/divcsh.izt.uam.mx\/cefilibe\/index.php\/wp-json\/wp\/v2\/users\/1"}],"replies":[{"embeddable":true,"href":"https:\/\/divcsh.izt.uam.mx\/cefilibe\/index.php\/wp-json\/wp\/v2\/comments?post=1827"}],"version-history":[{"count":3,"href":"https:\/\/divcsh.izt.uam.mx\/cefilibe\/index.php\/wp-json\/wp\/v2\/pages\/1827\/revisions"}],"predecessor-version":[{"id":1893,"href":"https:\/\/divcsh.izt.uam.mx\/cefilibe\/index.php\/wp-json\/wp\/v2\/pages\/1827\/revisions\/1893"}],"wp:attachment":[{"href":"https:\/\/divcsh.izt.uam.mx\/cefilibe\/index.php\/wp-json\/wp\/v2\/media?parent=1827"}],"curies":[{"name":"wp","href":"https:\/\/api.w.org\/{rel}","templated":true}]}}