{"id":2012,"date":"2023-09-25T21:15:40","date_gmt":"2023-09-25T21:15:40","guid":{"rendered":"https:\/\/divcsh.izt.uam.mx\/cefilibe\/?page_id=2012"},"modified":"2023-09-25T21:16:07","modified_gmt":"2023-09-25T21:16:07","slug":"autores-borrador","status":"publish","type":"page","link":"https:\/\/divcsh.izt.uam.mx\/cefilibe\/index.php\/autores-borrador\/","title":{"rendered":"Autores (Borrador)"},"content":{"rendered":"\t\t<div data-elementor-type=\"wp-page\" data-elementor-id=\"2012\" class=\"elementor elementor-2012\" data-elementor-post-type=\"page\">\n\t\t\t\t<div class=\"elementor-element elementor-element-df627e8 e-flex e-con-boxed e-con e-parent\" data-id=\"df627e8\" data-element_type=\"container\" data-e-type=\"container\">\n\t\t\t\t\t<div class=\"e-con-inner\">\n\t\t\t\t<div class=\"elementor-element elementor-element-96f6d72 elementor-widget elementor-widget-text-editor\" data-id=\"96f6d72\" data-element_type=\"widget\" data-e-type=\"widget\" data-widget_type=\"text-editor.default\">\n\t\t\t\t<div class=\"elementor-widget-container\">\n\t\t\t\t\t\t\t\t\t<p>En esta secci\u00f3n se encuentran tres listas que contienen art\u00edculos sobre la vida y obra de los fil\u00f3sofos y fil\u00f3sofas mexicanos. La idea general es dar cuenta de todos sin excepci\u00f3n. Es decir, no habr\u00e1 omisi\u00f3n alguna por pertenecer a alguna corriente filos\u00f3fica ni por criterios que pretendan medir su importancia. El \u00fanico requisito es que hubieran mostrado mediante trabajos u obras su dedicaci\u00f3n a la filosof\u00eda. \u00a0La secci\u00f3n constantemente se est\u00e1 actualizando con nuevos art\u00edculos, se podr\u00e1n ir agregando nuevos datos a medida en que vayan apareciendo. Esta secci\u00f3n se encuentra dividida en tres partes ordenadas alfab\u00e9ticamente.<\/p><p>En la \u00a0primera sub-secci\u00f3n, \u201cFil\u00f3sofos mexicanos\u201d, est\u00e1n ubicados aquellos pensadores de nacionalidad mexicana o que han realizado la mayor\u00eda de su obra y carrera en nuestro pa\u00eds. Despu\u00e9s, tenemos la divisi\u00f3n \u201cOtros pensadores mexicanos\u201d, en ella se concentran los art\u00edculos sobre escritores, cient\u00edficos, pol\u00edticos, etc., que han hecho trabajos sobre filosof\u00eda o que en su obra existan elementos filos\u00f3ficos. Finalmente, en \u201cFil\u00f3sofos extranjeros\u201d se encuentran aquellos fil\u00f3sofos que han residido por alg\u00fan tiempo en M\u00e9xico realizando labor docente, de investigaci\u00f3n o publicando obras.<\/p><p>En algunos casos especiales, en lugar de un art\u00edculo, hay un enlace hacia las p\u00e1ginas personales de autores que cuentan con ellas, esto para que no se genere un vac\u00edo de informaci\u00f3n mientras recibimos su texto correspondiente.<\/p><h5>Nota: las ideas expresadas por los autores de los art\u00edculos inclu\u00eddos en esta Enciclopedia, son de su exclusiva responsabilidad y no necesariamente reflejan la posici\u00f3n del Consejo Editorial<\/h5>\t\t\t\t\t\t\t\t<\/div>\n\t\t\t\t<\/div>\n\t\t\t\t\t<\/div>\n\t\t\t\t<\/div>\n\t\t\t\t<\/div>\n\t\t","protected":false},"excerpt":{"rendered":"<p>En esta secci\u00f3n se encuentran tres listas que contienen art\u00edculos sobre la vida y obra de los fil\u00f3sofos y fil\u00f3sofas mexicanos. La idea general es dar cuenta de todos sin excepci\u00f3n. Es decir, no habr\u00e1 omisi\u00f3n alguna por pertenecer a alguna corriente filos\u00f3fica ni por criterios que pretendan medir su importancia. El \u00fanico requisito es [&hellip;]<\/p>\n","protected":false},"author":5,"featured_media":0,"parent":0,"menu_order":0,"comment_status":"closed","ping_status":"closed","template":"","meta":{"footnotes":""},"class_list":["post-2012","page","type-page","status-publish","hentry"],"blocksy_meta":[],"_links":{"self":[{"href":"https:\/\/divcsh.izt.uam.mx\/cefilibe\/index.php\/wp-json\/wp\/v2\/pages\/2012","targetHints":{"allow":["GET"]}}],"collection":[{"href":"https:\/\/divcsh.izt.uam.mx\/cefilibe\/index.php\/wp-json\/wp\/v2\/pages"}],"about":[{"href":"https:\/\/divcsh.izt.uam.mx\/cefilibe\/index.php\/wp-json\/wp\/v2\/types\/page"}],"author":[{"embeddable":true,"href":"https:\/\/divcsh.izt.uam.mx\/cefilibe\/index.php\/wp-json\/wp\/v2\/users\/5"}],"replies":[{"embeddable":true,"href":"https:\/\/divcsh.izt.uam.mx\/cefilibe\/index.php\/wp-json\/wp\/v2\/comments?post=2012"}],"version-history":[{"count":4,"href":"https:\/\/divcsh.izt.uam.mx\/cefilibe\/index.php\/wp-json\/wp\/v2\/pages\/2012\/revisions"}],"predecessor-version":[{"id":2016,"href":"https:\/\/divcsh.izt.uam.mx\/cefilibe\/index.php\/wp-json\/wp\/v2\/pages\/2012\/revisions\/2016"}],"wp:attachment":[{"href":"https:\/\/divcsh.izt.uam.mx\/cefilibe\/index.php\/wp-json\/wp\/v2\/media?parent=2012"}],"curies":[{"name":"wp","href":"https:\/\/api.w.org\/{rel}","templated":true}]}}