{"id":2030,"date":"2023-09-25T21:25:41","date_gmt":"2023-09-25T21:25:41","guid":{"rendered":"https:\/\/divcsh.izt.uam.mx\/cefilibe\/?page_id=2030"},"modified":"2023-09-25T21:26:16","modified_gmt":"2023-09-25T21:26:16","slug":"filosofos-extranjeros-borrador","status":"publish","type":"page","link":"https:\/\/divcsh.izt.uam.mx\/cefilibe\/index.php\/filosofos-extranjeros-borrador\/","title":{"rendered":"Fil\u00f3sofos Extranjeros (Borrador)"},"content":{"rendered":"\t\t<div data-elementor-type=\"wp-page\" data-elementor-id=\"2030\" class=\"elementor elementor-2030\" data-elementor-post-type=\"page\">\n\t\t\t\t<div class=\"elementor-element elementor-element-0b2a656 e-flex e-con-boxed e-con e-parent\" data-id=\"0b2a656\" data-element_type=\"container\" data-e-type=\"container\">\n\t\t\t\t\t<div class=\"e-con-inner\">\n\t\t\t\t<div class=\"elementor-element elementor-element-6f21c73 elementor-widget elementor-widget-text-editor\" data-id=\"6f21c73\" data-element_type=\"widget\" data-e-type=\"widget\" data-widget_type=\"text-editor.default\">\n\t\t\t\t<div class=\"elementor-widget-container\">\n\t\t\t\t\t\t\t\t\t<p><strong>Fil\u00f3sofas y fil\u00f3sofos extranjeros<\/strong>\u00a0(LISTA PROVISIONAL)<\/p><div id=\"page\"><div id=\"page-bgtop\"><div id=\"page-bgbtm\"><div id=\"content\"><div class=\"post\"><div id=\"st-accordion\" class=\"st-accordion\"><ul><li><a href=\"https:\/\/divcsh.izt.uam.mx\/cefilibe\/index.php\/filosofos-mexicanos-2\/#\">A-Z<span class=\"st-arrow\"><br \/><\/span><\/a><div class=\"st-content\">\u00a0<\/div><\/li><li>Bunge, Mario<\/li><li><div class=\"st-content\"><p><a href=\"https:\/\/divcsh.izt.uam.mx\/cefilibe\/wp-content\/uploads\/2013\/12\/HenriquezUrena_Pedro-Guerriero_Leila.pdf\" target=\"_blank\" rel=\"noopener\">Henr\u00edquez Ure\u00f1a, Pedro<\/a><\/p><\/div><\/li><li>Larry, Laudan<\/li><li><div class=\"st-content\"><p><a href=\"https:\/\/divcsh.izt.uam.mx\/cefilibe\/wp-content\/uploads\/2013\/12\/Medin_Tzvi.pdf\" target=\"_blank\" rel=\"noopener\">Medin, Tzvi<\/a><\/p><p>Redmond, Walter<\/p><\/div><\/li><li>Romanell, Patrick<\/li><li><div class=\"st-content\"><p><a href=\"https:\/\/divcsh.izt.uam.mx\/cefilibe\/wp-content\/uploads\/2013\/12\/Zambrano_Maria-BarrientosRastrojo_Jose.pdf\" target=\"_blank\" rel=\"noopener\">Zambrano, Mar\u00eda<\/a><\/p><\/div><\/li><\/ul><\/div><\/div><\/div><\/div><\/div><\/div>\t\t\t\t\t\t\t\t<\/div>\n\t\t\t\t<\/div>\n\t\t\t\t\t<\/div>\n\t\t\t\t<\/div>\n\t\t\t\t<\/div>\n\t\t","protected":false},"excerpt":{"rendered":"<p>Fil\u00f3sofas y fil\u00f3sofos extranjeros\u00a0(LISTA PROVISIONAL) A-Z\u00a0 Bunge, Mario Henr\u00edquez Ure\u00f1a, Pedro Larry, Laudan Medin, Tzvi Redmond, Walter Romanell, Patrick Zambrano, Mar\u00eda<\/p>\n","protected":false},"author":5,"featured_media":0,"parent":0,"menu_order":0,"comment_status":"closed","ping_status":"closed","template":"","meta":{"footnotes":""},"class_list":["post-2030","page","type-page","status-publish","hentry"],"blocksy_meta":[],"_links":{"self":[{"href":"https:\/\/divcsh.izt.uam.mx\/cefilibe\/index.php\/wp-json\/wp\/v2\/pages\/2030","targetHints":{"allow":["GET"]}}],"collection":[{"href":"https:\/\/divcsh.izt.uam.mx\/cefilibe\/index.php\/wp-json\/wp\/v2\/pages"}],"about":[{"href":"https:\/\/divcsh.izt.uam.mx\/cefilibe\/index.php\/wp-json\/wp\/v2\/types\/page"}],"author":[{"embeddable":true,"href":"https:\/\/divcsh.izt.uam.mx\/cefilibe\/index.php\/wp-json\/wp\/v2\/users\/5"}],"replies":[{"embeddable":true,"href":"https:\/\/divcsh.izt.uam.mx\/cefilibe\/index.php\/wp-json\/wp\/v2\/comments?post=2030"}],"version-history":[{"count":4,"href":"https:\/\/divcsh.izt.uam.mx\/cefilibe\/index.php\/wp-json\/wp\/v2\/pages\/2030\/revisions"}],"predecessor-version":[{"id":2034,"href":"https:\/\/divcsh.izt.uam.mx\/cefilibe\/index.php\/wp-json\/wp\/v2\/pages\/2030\/revisions\/2034"}],"wp:attachment":[{"href":"https:\/\/divcsh.izt.uam.mx\/cefilibe\/index.php\/wp-json\/wp\/v2\/media?parent=2030"}],"curies":[{"name":"wp","href":"https:\/\/api.w.org\/{rel}","templated":true}]}}