{"id":2045,"date":"2023-09-25T21:32:42","date_gmt":"2023-09-25T21:32:42","guid":{"rendered":"https:\/\/divcsh.izt.uam.mx\/cefilibe\/?page_id=2045"},"modified":"2023-10-05T19:24:32","modified_gmt":"2023-10-05T19:24:32","slug":"documentos-borrador","status":"publish","type":"page","link":"https:\/\/divcsh.izt.uam.mx\/cefilibe\/index.php\/documentos-borrador\/","title":{"rendered":"Documentos (Borrador)l"},"content":{"rendered":"\t\t<div data-elementor-type=\"wp-page\" data-elementor-id=\"2045\" class=\"elementor elementor-2045\" data-elementor-post-type=\"page\">\n\t\t\t\t<div class=\"elementor-element elementor-element-41ef9b7 e-flex e-con-boxed e-con e-parent\" data-id=\"41ef9b7\" data-element_type=\"container\" data-e-type=\"container\">\n\t\t\t\t\t<div class=\"e-con-inner\">\n\t\t\t\t<div class=\"elementor-element elementor-element-4ddc0e7 elementor-widget elementor-widget-text-editor\" data-id=\"4ddc0e7\" data-element_type=\"widget\" data-e-type=\"widget\" data-widget_type=\"text-editor.default\">\n\t\t\t\t<div class=\"elementor-widget-container\">\n\t\t\t\t\t\t\t\t\t<p>En esta secci\u00f3n se puede consultar una selecci\u00f3n de escritos que han sido fundamentales para la filosof\u00eda mexicana:<\/p><p>\u00a0<\/p><p><a href=\"https:\/\/divcsh.izt.uam.mx\/cefilibe\/wp-content\/uploads\/2013\/12\/Apuntesobrelaformanaturaldelavidahumana-Echeverria_Bolivar.pdf\" target=\"_blank\" rel=\"noopener\">Apunte sobre la \u201cForma Natural\u00bb de la vida humana.<\/a>\u00a0(Texto in\u00e9dito) Bol\u00edvar Echeverr\u00eda<\/p><p><a href=\"https:\/\/divcsh.izt.uam.mx\/cefilibe\/wp-content\/uploads\/2013\/12\/DeclaraciondeMorelia-Dussel_Enrique_etal.pdf\" target=\"_blank\" rel=\"noopener\">Declaraci\u00f3n de Morelia: Filosof\u00eda e Independencia.<\/a>\u00a0Arturo Andr\u00e9s Roig, Leopoldo Zea, Abelardo Villegas, Enrique Dussel y Francisco Mir\u00f3 Quesada.<\/p><p><a href=\"https:\/\/divcsh.izt.uam.mx\/cefilibe\/wp-content\/uploads\/2013\/12\/ElkrausismoenEspana-Roces_Wenceslao.pdf\" target=\"_blank\" rel=\"noopener\">El Krausismo en Espa\u00f1a<\/a>. Wenceslao Roces.<\/p><p><a href=\"https:\/\/divcsh.izt.uam.mx\/cefilibe\/wp-content\/uploads\/2013\/12\/El_sentido_actual_de_la_filosofia_en_Mex.pdf\" target=\"_blank\" rel=\"noopener\">El sentido actual de la filosof\u00eda en M\u00e9xico<\/a>. Leopoldo Zea, Luis Villoro, Alejandro Rossi, Jos\u00e9 Luis Balc\u00e1rcel y Abelardo Villegas.<\/p><p><a href=\"https:\/\/divcsh.izt.uam.mx\/cefilibe\/wp-content\/uploads\/2013\/12\/Filosofiadelacienciaybiologia-PerezTamayo_Ruy.pdf\" target=\"_blank\" rel=\"noopener\">Filosof\u00eda de la ciencia y biolog\u00eda<\/a>. Ruy P\u00e9rez Tamayo.<\/p><p><a href=\"https:\/\/divcsh.izt.uam.mx\/cefilibe\/wp-content\/uploads\/2013\/12\/Inauguracion_UN.pdf\" target=\"_blank\" rel=\"noopener\">Inauguraci\u00f3n de la Universidad Nacional<\/a>. Justo Sierra.<\/p><p><a href=\"https:\/\/divcsh.izt.uam.mx\/cefilibe\/wp-content\/uploads\/2013\/12\/Los_tres_grados_de_la_belleza_sensible-Vasconcelos_Jose.pdf\" target=\"_blank\" rel=\"noopener\">Los tres grados de la belleza sensible<\/a>. Jos\u00e9 Vasconcelos.<\/p><p><a href=\"https:\/\/divcsh.izt.uam.mx\/cefilibe\/wp-content\/uploads\/2013\/12\/Nueva_ley_de_los_tres_estados-Vasconcelos_Jose.pdf\" target=\"_blank\" rel=\"noopener\">Nueva ley de los tres estados<\/a>. Jos\u00e9 Vasconcelos.<\/p><p><a href=\"https:\/\/divcsh.izt.uam.mx\/cefilibe\/wp-content\/uploads\/2013\/12\/Oracioncivica-Barreda_Gabino.pdf\" target=\"_blank\" rel=\"noopener\">Oraci\u00f3n C\u00edvica<\/a>. Gabino Barreda.<\/p><p><a href=\"https:\/\/divcsh.izt.uam.mx\/cefilibe\/wp-content\/uploads\/2013\/12\/Segunda_declaracion.pdf\" target=\"_blank\" rel=\"noopener\">Segunda Declaraci\u00f3n: Filosof\u00eda e Independencia en Am\u00e9rica Latina y el Caribe.<\/a><\/p>\t\t\t\t\t\t\t\t<\/div>\n\t\t\t\t<\/div>\n\t\t\t\t\t<\/div>\n\t\t\t\t<\/div>\n\t\t\t\t<\/div>\n\t\t","protected":false},"excerpt":{"rendered":"<p>En esta secci\u00f3n se puede consultar una selecci\u00f3n de escritos que han sido fundamentales para la filosof\u00eda mexicana: \u00a0 Apunte sobre la \u201cForma Natural\u00bb de la vida humana.\u00a0(Texto in\u00e9dito) Bol\u00edvar Echeverr\u00eda Declaraci\u00f3n de Morelia: Filosof\u00eda e Independencia.\u00a0Arturo Andr\u00e9s Roig, Leopoldo Zea, Abelardo Villegas, Enrique Dussel y Francisco Mir\u00f3 Quesada. El Krausismo en Espa\u00f1a. Wenceslao Roces. [&hellip;]<\/p>\n","protected":false},"author":5,"featured_media":0,"parent":0,"menu_order":0,"comment_status":"closed","ping_status":"closed","template":"","meta":{"footnotes":""},"class_list":["post-2045","page","type-page","status-publish","hentry"],"blocksy_meta":[],"_links":{"self":[{"href":"https:\/\/divcsh.izt.uam.mx\/cefilibe\/index.php\/wp-json\/wp\/v2\/pages\/2045","targetHints":{"allow":["GET"]}}],"collection":[{"href":"https:\/\/divcsh.izt.uam.mx\/cefilibe\/index.php\/wp-json\/wp\/v2\/pages"}],"about":[{"href":"https:\/\/divcsh.izt.uam.mx\/cefilibe\/index.php\/wp-json\/wp\/v2\/types\/page"}],"author":[{"embeddable":true,"href":"https:\/\/divcsh.izt.uam.mx\/cefilibe\/index.php\/wp-json\/wp\/v2\/users\/5"}],"replies":[{"embeddable":true,"href":"https:\/\/divcsh.izt.uam.mx\/cefilibe\/index.php\/wp-json\/wp\/v2\/comments?post=2045"}],"version-history":[{"count":4,"href":"https:\/\/divcsh.izt.uam.mx\/cefilibe\/index.php\/wp-json\/wp\/v2\/pages\/2045\/revisions"}],"predecessor-version":[{"id":2170,"href":"https:\/\/divcsh.izt.uam.mx\/cefilibe\/index.php\/wp-json\/wp\/v2\/pages\/2045\/revisions\/2170"}],"wp:attachment":[{"href":"https:\/\/divcsh.izt.uam.mx\/cefilibe\/index.php\/wp-json\/wp\/v2\/media?parent=2045"}],"curies":[{"name":"wp","href":"https:\/\/api.w.org\/{rel}","templated":true}]}}