{"id":2137,"date":"2023-10-01T17:16:55","date_gmt":"2023-10-01T17:16:55","guid":{"rendered":"https:\/\/divcsh.izt.uam.mx\/cefilibe\/?page_id=2137"},"modified":"2026-03-10T18:05:43","modified_gmt":"2026-03-10T18:05:43","slug":"inicio-borrador","status":"publish","type":"page","link":"https:\/\/divcsh.izt.uam.mx\/cefilibe\/","title":{"rendered":"Inicio"},"content":{"rendered":"\t\t<div data-elementor-type=\"wp-page\" data-elementor-id=\"2137\" class=\"elementor elementor-2137\" data-elementor-post-type=\"page\">\n\t\t\t\t<div class=\"elementor-element elementor-element-101f8bb e-con-full e-flex e-con e-parent\" data-id=\"101f8bb\" data-element_type=\"container\" data-e-type=\"container\">\n\t\t\t\t<div class=\"elementor-element elementor-element-b1cedab elementor-widget elementor-widget-heading\" data-id=\"b1cedab\" data-element_type=\"widget\" data-e-type=\"widget\" data-widget_type=\"heading.default\">\n\t\t\t\t<div class=\"elementor-widget-container\">\n\t\t\t\t\t<h2 class=\"elementor-heading-title elementor-size-default\">Centro de Documentaci\u00f3n en Filosof\u00eda Latinoamericana e Ib\u00e9rica<\/h2>\t\t\t\t<\/div>\n\t\t\t\t<\/div>\n\t\t\t\t<\/div>\n\t\t<div class=\"elementor-element elementor-element-4e9f5a7 e-flex e-con-boxed e-con e-parent\" data-id=\"4e9f5a7\" data-element_type=\"container\" data-e-type=\"container\">\n\t\t\t\t\t<div class=\"e-con-inner\">\n\t\t<div class=\"elementor-element elementor-element-ae84a94 e-con-full e-flex e-con e-child\" data-id=\"ae84a94\" data-element_type=\"container\" data-e-type=\"container\">\n\t\t\t\t<div class=\"elementor-element elementor-element-a32a8cb elementor-widget elementor-widget-text-editor\" data-id=\"a32a8cb\" data-element_type=\"widget\" data-e-type=\"widget\" data-widget_type=\"text-editor.default\">\n\t\t\t\t<div class=\"elementor-widget-container\">\n\t\t\t\t\t\t\t\t\t<p>El 26 de abril de 1995, el Consejo de la Divisi\u00f3n de Ciencias Sociales y Humanidades de la Universidad Aut\u00f3noma Metropolitana, Unidad Iztapalapa, aprob\u00f3, formalmente, la fundaci\u00f3n del \u201cCentro de documentaci\u00f3n en filosof\u00eda latinoamericana e ib\u00e9rica\u201d. En su primer evento acad\u00e9mico asistieron las autoridades universitarias y dos invitados especiales: el reconocido fil\u00f3sofo Carlos Paris y el destacado fil\u00f3sofo hispano-mexicano, Adolfo S\u00e1nchez V\u00e1zquez, quien dict\u00f3 una conferencia titulada \u201cFilosof\u00eda, t\u00e9cnica y moral\u201d. Posteriormente hemos tenido el honor de contar con la presencia de Leopoldo Zea, Luis Villoro o Miguel Le\u00f3n Portilla, entre muchos otros.<\/p><p>\u00a0\u00a0\u00a0\u00a0 Desde su fundaci\u00f3n hasta ahora, el CEFILIBE ha realizado una continua labor de difusi\u00f3n de la filosof\u00eda en lengua espa\u00f1ola y en especial de lo producido en la filosof\u00eda mexicana y latinoamericana. Esta labor se ha expresado a trav\u00e9s de la conformaci\u00f3n de esta p\u00e1gina de web; la organizaci\u00f3n de conferencias, simposios, mesas redondas y la producci\u00f3n de diversos DVD, entre otras actividades. Entre los DVD destacan: el dedicado al\u00a0<em>Primer D\u00eda Internacional de la Filosof\u00eda<\/em>\u00a0\u00a0(promovido por la UNESCO y la FISP); al 35 Aniversario de la Asociaci\u00f3n Filos\u00f3fica de M\u00e9xico y el &#8216;Inventario de la filosof\u00eda mexicana del Siglo XX\u00bb. Este Inventario se convertir\u00e1 en una \u201cEnciclopedia Electr\u00f3nica de la filosof\u00eda mexicana del siglo XX\u00bb que contendr\u00e1 una serie de valiosas informaciones para el mejor conocimiento del desarrollo de la filosof\u00eda en nuestro pa\u00eds. De igual manera, estamos preparando un &#8216;Directorio de fil\u00f3sofas y fil\u00f3sofos mexicanos del Siglo XX\u00bb.<\/p><p>\u00a0\u00a0\u00a0\u00a0 Con las actividades mencionadas se ha buscado, por un lado, profundizar sobre el significado e importancia del pensamiento filos\u00f3fico mexicano en nuestra cultura y m\u00e1s all\u00e1 de ella pero tambi\u00e9n lograr su mejor difusi\u00f3n utilizando las nuevas tecnolog\u00edas de la informaci\u00f3n y comunicaci\u00f3n.<\/p><p>\u00a0\u00a0\u00a0\u00a0 Quiero destacar que en todas sus actividades, el CEFILIBE, no s\u00f3lo ha contado con la colaboraci\u00f3n de algunos de los m\u00e1s importantes pensadores nacionales e internacionales sino tambi\u00e9n de una serie de estudiantes de licenciatura y posgrado que han acogido con entusiasmo los diversos proyectos que hemos realizado.<\/p><p>\u00a0\u00a0\u00a0\u00a0 Ahora iniciamos una nueva etapa de trabajo en el que estamos unidos a la lucha de toda la comunidad filos\u00f3fica nacional por reivindicar la filosof\u00eda en la Educaci\u00f3n Media Superior y en general, en todos los \u00e1mbitos de la sociedad.\u00a0Es por ello que invitarnos a todos los interesados, a unirse a nuestras actividades a favor de la profundizaci\u00f3n de la autognosis de nuestra filosof\u00eda y del logro de su entendimiento corno un bien p\u00fablico, portador de valores de autonom\u00eda del pensar; racionalidad y di\u00e1logo por una sociedad justa y democr\u00e1tica. La filosof\u00eda no s\u00f3lo es, como dec\u00eda Hegel, el pensamiento del propio tiempo en conceptos o \u201cel B\u00faho de Minerva que se eleva en el crep\u00fasculo\u00bb sino tambi\u00e9n una reflexi\u00f3n que, desde la praxis, prefigure y ayude a construir el mundo por venir.<\/p>\t\t\t\t\t\t\t\t<\/div>\n\t\t\t\t<\/div>\n\t\t\t\t<\/div>\n\t\t<div class=\"elementor-element elementor-element-eae2d61 e-con-full e-flex e-con e-child\" data-id=\"eae2d61\" data-element_type=\"container\" data-e-type=\"container\">\n\t\t\t\t<div class=\"elementor-element elementor-element-1ca7621 elementor-widget elementor-widget-image\" data-id=\"1ca7621\" data-element_type=\"widget\" data-e-type=\"widget\" data-widget_type=\"image.default\">\n\t\t\t\t<div class=\"elementor-widget-container\">\n\t\t\t\t\t\t\t\t\t\t\t\t\t\t\t<img fetchpriority=\"high\" decoding=\"async\" width=\"1000\" height=\"1526\" src=\"https:\/\/divcsh.izt.uam.mx\/cefilibe\/wp-content\/uploads\/2022\/08\/omniciencia-1.png\" class=\"attachment-2048x2048 size-2048x2048 wp-image-1289\" alt=\"\" srcset=\"https:\/\/divcsh.izt.uam.mx\/cefilibe\/wp-content\/uploads\/2022\/08\/omniciencia-1.png 1000w, https:\/\/divcsh.izt.uam.mx\/cefilibe\/wp-content\/uploads\/2022\/08\/omniciencia-1-197x300.png 197w, https:\/\/divcsh.izt.uam.mx\/cefilibe\/wp-content\/uploads\/2022\/08\/omniciencia-1-671x1024.png 671w, https:\/\/divcsh.izt.uam.mx\/cefilibe\/wp-content\/uploads\/2022\/08\/omniciencia-1-768x1172.png 768w\" sizes=\"(max-width: 1000px) 100vw, 1000px\" \/>\t\t\t\t\t\t\t\t\t\t\t\t\t\t\t<\/div>\n\t\t\t\t<\/div>\n\t\t\t\t<\/div>\n\t\t\t\t\t<\/div>\n\t\t\t\t<\/div>\n\t\t<div class=\"elementor-element elementor-element-b930704 e-flex e-con-boxed e-con e-parent\" data-id=\"b930704\" data-element_type=\"container\" data-e-type=\"container\">\n\t\t\t\t\t<div class=\"e-con-inner\">\n\t\t<div class=\"elementor-element elementor-element-f47fa59 e-con-full e-flex e-con e-child\" data-id=\"f47fa59\" data-element_type=\"container\" data-e-type=\"container\">\n\t\t\t\t<div class=\"elementor-element elementor-element-7f4a47a elementor-widget elementor-widget-heading\" data-id=\"7f4a47a\" data-element_type=\"widget\" data-e-type=\"widget\" data-widget_type=\"heading.default\">\n\t\t\t\t<div class=\"elementor-widget-container\">\n\t\t\t\t\t<h6 class=\"elementor-heading-title elementor-size-default\">Directorio General<\/h6>\t\t\t\t<\/div>\n\t\t\t\t<\/div>\n\t\t\t\t<div class=\"elementor-element elementor-element-631591b elementor-widget elementor-widget-text-editor\" data-id=\"631591b\" data-element_type=\"widget\" data-e-type=\"widget\" data-widget_type=\"text-editor.default\">\n\t\t\t\t<div class=\"elementor-widget-container\">\n\t\t\t\t\t\t\t\t\t<p><strong>RECTOR GENERAL\u00a0 DE LA UAM<\/strong><br \/>DR. GUSTAVO PACHECO LOPEZ<\/p><p><strong>RECTORA DE UNIDAD<\/strong><br \/>DRA. EDITH PONCE ALQUICIRA<\/p><p><strong>DIRECTORA DE LA DIVISI\u00d3N DE CIENCIAS SOCIALES Y HUMANIDADES<\/strong><br \/>DRA. SONIA P\u00c9REZ TOLEDO<\/p><p><strong>JEFA DEL DEPARTAMENTO DE FILOSOF\u00cdA<\/strong><br \/>DRA.MARTHA ORTEGA SOTO<\/p><p><strong>COORDINADOR DE LA LICENCIATURA EN FILOSOF\u00cdA<\/strong><br \/>MTRO. GUILLERMO ZAMBRANA CASTA\u00d1EDA<\/p>\t\t\t\t\t\t\t\t<\/div>\n\t\t\t\t<\/div>\n\t\t\t\t<\/div>\n\t\t<div class=\"elementor-element elementor-element-14f608b e-con-full e-flex e-con e-child\" data-id=\"14f608b\" data-element_type=\"container\" data-e-type=\"container\">\n\t\t\t\t<div class=\"elementor-element elementor-element-08c0977 elementor-widget elementor-widget-heading\" data-id=\"08c0977\" data-element_type=\"widget\" data-e-type=\"widget\" data-widget_type=\"heading.default\">\n\t\t\t\t<div class=\"elementor-widget-container\">\n\t\t\t\t\t<h6 class=\"elementor-heading-title elementor-size-default\">Directorio CEFILIBE<\/h6>\t\t\t\t<\/div>\n\t\t\t\t<\/div>\n\t\t\t\t<div class=\"elementor-element elementor-element-b27a056 elementor-widget elementor-widget-text-editor\" data-id=\"b27a056\" data-element_type=\"widget\" data-e-type=\"widget\" data-widget_type=\"text-editor.default\">\n\t\t\t\t<div class=\"elementor-widget-container\">\n\t\t\t\t\t\t\t\t\t<p style=\"text-align: left;\"><strong>FUNDADOR Y RESPONSABLE<\/strong><br \/>MTRO. GABRIEL VARGAS LOZANO<\/p><p><strong>COORDINADOR<\/strong><br \/>DR. EDUARDO SARMIENTO GUTI\u00c9RREZ<\/p><p><strong>MIEMBROS PROFESORES<\/strong><\/p><p>(\u2671) DR. ENRIQUE DUSSEL AMBROSINI<br \/>(\u2671) DR. FRANCISCO PI\u00d1\u00d3N GAYT\u00c1N<br \/>(\u2671) DRA. CARMEN TRUEBA ATIENZA<br \/>DRA. DULCE MAR\u00cdA GRANJA<br \/>DR. GUSTAVO LEYVA<br \/>DR. JORGE REND\u00d3N ALARC\u00d3N<br \/>DR. JES\u00daS RODR\u00cdGUEZ ZEPEDA<br \/>DR. JORGE VEL\u00c1ZQUEZ DELGADO<\/p>\t\t\t\t\t\t\t\t<\/div>\n\t\t\t\t<\/div>\n\t\t\t\t<\/div>\n\t\t<div class=\"elementor-element elementor-element-aa4e6c9 e-con-full e-flex e-con e-child\" data-id=\"aa4e6c9\" data-element_type=\"container\" data-e-type=\"container\">\n\t\t\t\t<div class=\"elementor-element elementor-element-f24d712 elementor-widget elementor-widget-heading\" data-id=\"f24d712\" data-element_type=\"widget\" data-e-type=\"widget\" data-widget_type=\"heading.default\">\n\t\t\t\t<div class=\"elementor-widget-container\">\n\t\t\t\t\t<h6 class=\"elementor-heading-title elementor-size-default\">Colaboradores, Servicio social y Alumnos<\/h6>\t\t\t\t<\/div>\n\t\t\t\t<\/div>\n\t\t\t\t<div class=\"elementor-element elementor-element-727740c elementor-widget elementor-widget-text-editor\" data-id=\"727740c\" data-element_type=\"widget\" data-e-type=\"widget\" data-widget_type=\"text-editor.default\">\n\t\t\t\t<div class=\"elementor-widget-container\">\n\t\t\t\t\t\t\t\t\t<ul><li>MTRA. IYAZ\u00da COS\u00cdO RAM\u00cdREZ (UAM-I)<\/li><li style=\"text-align: left;\">DR. LUIS GUILLERMO MART\u00cdNEZ GUTI\u00c9RREZ (UNAM)<\/li><li style=\"text-align: left;\">MTRO. CHRISTIAN JAVIER CASTRO MARTINEZ (University of Michigan)<\/li><li style=\"text-align: left;\">LIC. ANA LAURA AMADOR RESCALVO (UAM-I)<\/li><li style=\"text-align: left;\">LETICIA \u00c1NGELES ORTIZ (UAM-I)<\/li><li style=\"text-align: left;\">GILBERTO PERDOMO ROSALES (UAM-I)<\/li><li>JOS\u00c9 DAVID ROSAS CRUZ (UAM-I)<\/li><li>DANIEL FAUSTINO HERN\u00c1NDEZ (UAM-I)<\/li><li>ARODY DELGADO CHAVARR\u00cdA (UAM-I)<\/li><\/ul><p style=\"text-align: center;\"><strong>SERVICIO SOCIAL ACTIVO<\/strong><\/p><ul><li>JORGE ALBERTO ESCRIBANO (UAM-I)<\/li><li>KEES E. VAN RONGEN TREJO (UAM-I)<\/li><li>IRMA GARC\u00cdA GONZ\u00c1LEZ (UAM-I)<\/li><li>GERSON ROBERTO TISCARE\u00d1O (UAM-I)<\/li><\/ul><p style=\"text-align: center;\"><strong>COORDINACI\u00d3N Y ENCARGADA DE MEDIOS DE COMUNICACI\u00d3N\u00a0<\/strong><\/p><ul><li>GUADALUPE MONDRAG\u00d3N LUCAS (UAM-I)<\/li><\/ul><p><strong>\u00a0<\/strong><\/p>\t\t\t\t\t\t\t\t<\/div>\n\t\t\t\t<\/div>\n\t\t\t\t<\/div>\n\t\t\t\t\t<\/div>\n\t\t\t\t<\/div>\n\t\t<div class=\"elementor-element elementor-element-48bba3d e-flex e-con-boxed e-con e-parent\" data-id=\"48bba3d\" data-element_type=\"container\" data-e-type=\"container\">\n\t\t\t\t\t<div class=\"e-con-inner\">\n\t\t\t\t<div class=\"elementor-element elementor-element-4ee7427 elementor-widget elementor-widget-text-editor\" data-id=\"4ee7427\" data-element_type=\"widget\" data-e-type=\"widget\" data-widget_type=\"text-editor.default\">\n\t\t\t\t<div class=\"elementor-widget-container\">\n\t\t\t\t\t\t\t\t\t<p style=\"text-align: center;\"><strong>Revista Dial\u00e9ctica<\/strong><\/p><p style=\"text-align: center;\"><strong>Visita nuestras publicaciones<\/strong><\/p>\t\t\t\t\t\t\t\t<\/div>\n\t\t\t\t<\/div>\n\t\t\t\t<div class=\"elementor-element elementor-element-3a67f11 elementor-align-center elementor-widget elementor-widget-button\" data-id=\"3a67f11\" data-element_type=\"widget\" data-e-type=\"widget\" data-widget_type=\"button.default\">\n\t\t\t\t<div class=\"elementor-widget-container\">\n\t\t\t\t\t\t\t\t\t<div class=\"elementor-button-wrapper\">\n\t\t\t\t\t<a class=\"elementor-button elementor-button-link elementor-size-sm\" href=\"https:\/\/divcsh.izt.uam.mx\/cefilibe\/index.php\/revista-dialectica-borrador\/\" target=\"_blank\">\n\t\t\t\t\t\t<span class=\"elementor-button-content-wrapper\">\n\t\t\t\t\t\t\t\t\t<span class=\"elementor-button-text\">Leer m\u00e1s<\/span>\n\t\t\t\t\t<\/span>\n\t\t\t\t\t<\/a>\n\t\t\t\t<\/div>\n\t\t\t\t\t\t\t\t<\/div>\n\t\t\t\t<\/div>\n\t\t\t\t\t<\/div>\n\t\t\t\t<\/div>\n\t\t\t\t<\/div>\n\t\t","protected":false},"excerpt":{"rendered":"<p>Centro de Documentaci\u00f3n en Filosof\u00eda Latinoamericana e Ib\u00e9rica El 26 de abril de 1995, el Consejo de la Divisi\u00f3n de Ciencias Sociales y Humanidades de la Universidad Aut\u00f3noma Metropolitana, Unidad Iztapalapa, aprob\u00f3, formalmente, la fundaci\u00f3n del \u201cCentro de documentaci\u00f3n en filosof\u00eda latinoamericana e ib\u00e9rica\u201d. En su primer evento acad\u00e9mico asistieron las autoridades universitarias y dos [&hellip;]<\/p>\n","protected":false},"author":5,"featured_media":0,"parent":0,"menu_order":0,"comment_status":"closed","ping_status":"closed","template":"","meta":{"footnotes":""},"class_list":["post-2137","page","type-page","status-publish","hentry"],"blocksy_meta":[],"_links":{"self":[{"href":"https:\/\/divcsh.izt.uam.mx\/cefilibe\/index.php\/wp-json\/wp\/v2\/pages\/2137","targetHints":{"allow":["GET"]}}],"collection":[{"href":"https:\/\/divcsh.izt.uam.mx\/cefilibe\/index.php\/wp-json\/wp\/v2\/pages"}],"about":[{"href":"https:\/\/divcsh.izt.uam.mx\/cefilibe\/index.php\/wp-json\/wp\/v2\/types\/page"}],"author":[{"embeddable":true,"href":"https:\/\/divcsh.izt.uam.mx\/cefilibe\/index.php\/wp-json\/wp\/v2\/users\/5"}],"replies":[{"embeddable":true,"href":"https:\/\/divcsh.izt.uam.mx\/cefilibe\/index.php\/wp-json\/wp\/v2\/comments?post=2137"}],"version-history":[{"count":77,"href":"https:\/\/divcsh.izt.uam.mx\/cefilibe\/index.php\/wp-json\/wp\/v2\/pages\/2137\/revisions"}],"predecessor-version":[{"id":2518,"href":"https:\/\/divcsh.izt.uam.mx\/cefilibe\/index.php\/wp-json\/wp\/v2\/pages\/2137\/revisions\/2518"}],"wp:attachment":[{"href":"https:\/\/divcsh.izt.uam.mx\/cefilibe\/index.php\/wp-json\/wp\/v2\/media?parent=2137"}],"curies":[{"name":"wp","href":"https:\/\/api.w.org\/{rel}","templated":true}]}}