{"id":475,"date":"2013-12-18T03:13:45","date_gmt":"2013-12-18T03:13:45","guid":{"rendered":"https:\/\/divcsh.izt.uam.mx\/cefilibe\/index.php\/cronologia\/"},"modified":"2022-08-16T22:13:10","modified_gmt":"2022-08-16T22:13:10","slug":"cronologia","status":"publish","type":"page","link":"https:\/\/divcsh.izt.uam.mx\/cefilibe\/index.php\/cronologia\/","title":{"rendered":"Cronolog\u00eda"},"content":{"rendered":"<style type=\"text\/css\"><\/style>\n<section class=\"kc-elm kc-css-597739 kc_row\">\n<div class=\"kc-row-container  kc-container\">\n<div class=\"kc-wrap-columns\">\n<div class=\"kc-elm kc-css-951045 kc_col-sm-12 kc_column kc_col-sm-12\">\n<div class=\"kc-col-container\">\n<div class=\"kc-elm kc-css-646187 kc_text_block\">\n<p><span lang=\"ES\" style=\"font-size: 10.0pt; font-family: 'Times New Roman','serif'; mso-fareast-font-family: 'Times New Roman'; mso-ansi-language: ES; mso-fareast-language: ES; mso-bidi-language: AR-SA;\"><a title=\"Cronologia de la Filosof\u00eda Mexicana\" href=\"https:\/\/divcsh.izt.uam.mx\/cefilibe\/wp-content\/uploads\/2013\/12\/cronologia.pdf\" target=\"_blank\" rel=\"noopener\">CRONOLOG\u00cdA DE LA FILOSOF\u00cdA MEXICANA DE 1867 a 2005<\/a>.<\/span><\/p>\n<p><span lang=\"ES\"><span style=\"font-family: 'Times New Roman', serif; font-size: small;\">Tomada del libro <strong>Esbozo hist\u00f3rico de la filosof\u00eda mexicana.\u00a0<\/strong><\/span><\/span><span style=\"font-family: 'Times New Roman', serif; font-size: small; line-height: 1.3em;\"><strong>Siglo XX<\/strong> y otros ensayos de Gabriel Vargas Lozano.<\/span><\/p>\n<p><span style=\"font-family: 'Times New Roman', serif; font-size: small; line-height: 1.3em;\">Ed. Conarte-Fac. de F y L.\u00a0<\/span><span style=\"font-family: 'Times New Roman', serif; font-size: small; line-height: 1.3em;\">UANL, Monterrey, 2005.<\/span><\/p>\n<\/div>\n<div class=\"kc-elm kc-css-732450 kc-raw-code\">\n<style>\n            #h5vp62fc167bd2e93 iframe {  width: 100%; }        <\/style>\n<div id=\"h5vp62fc167bd2e93\" class=\"pdfp_wrapper\">\n<div class=\"cta_wrapper\">\n<p>File name :  cronologia.pdf<\/p>\n<p><a href=\"https:\/\/divcsh.izt.uam.mx\/cefilibe\/wp-content\/plugins\/pdf-poster\/pdfjs\/web\/viewer.html?file=https:\/\/divcsh.izt.uam.mx\/cefilibe\/wp-content\/uploads\/2022\/08\/cronologia.pdf&#038;download=true&#038;print=&#038;openfile=false\"><button>View Fullscreen<\/button><\/a><\/p>\n<\/p><\/div>\n<div class=\"iframe_wrapper\">\n                <iframe loading=\"lazy\" width=\"100%\" height=\"842px\" src=\"https:\/\/divcsh.izt.uam.mx\/cefilibe\/wp-content\/plugins\/pdf-poster\/pdfjs\/web\/viewer.html?file=https:\/\/divcsh.izt.uam.mx\/cefilibe\/wp-content\/uploads\/2022\/08\/cronologia.pdf&#038;download=true&#038;print=&#038;openfile=false\"><\/iframe>\n            <\/div>\n<\/p><\/div>\n<\/p><\/div>\n<\/div>\n<\/div>\n<\/div>\n<\/div>\n<\/section>\n","protected":false},"excerpt":{"rendered":"<p>CRONOLOG\u00cdA DE LA FILOSOF\u00cdA MEXICANA DE 1867 a 2005. Tomada del libro Esbozo hist\u00f3rico de la filosof\u00eda mexicana.\u00a0Siglo XX y otros ensayos de Gabriel Vargas Lozano. Ed. Conarte-Fac. de F y L.\u00a0UANL, Monterrey, 2005. File name : cronologia.pdf View Fullscreen<\/p>\n","protected":false},"author":1,"featured_media":0,"parent":0,"menu_order":3,"comment_status":"closed","ping_status":"closed","template":"","meta":{"footnotes":""},"class_list":["post-475","page","type-page","status-publish","hentry"],"blocksy_meta":[],"_links":{"self":[{"href":"https:\/\/divcsh.izt.uam.mx\/cefilibe\/index.php\/wp-json\/wp\/v2\/pages\/475","targetHints":{"allow":["GET"]}}],"collection":[{"href":"https:\/\/divcsh.izt.uam.mx\/cefilibe\/index.php\/wp-json\/wp\/v2\/pages"}],"about":[{"href":"https:\/\/divcsh.izt.uam.mx\/cefilibe\/index.php\/wp-json\/wp\/v2\/types\/page"}],"author":[{"embeddable":true,"href":"https:\/\/divcsh.izt.uam.mx\/cefilibe\/index.php\/wp-json\/wp\/v2\/users\/1"}],"replies":[{"embeddable":true,"href":"https:\/\/divcsh.izt.uam.mx\/cefilibe\/index.php\/wp-json\/wp\/v2\/comments?post=475"}],"version-history":[{"count":2,"href":"https:\/\/divcsh.izt.uam.mx\/cefilibe\/index.php\/wp-json\/wp\/v2\/pages\/475\/revisions"}],"predecessor-version":[{"id":1632,"href":"https:\/\/divcsh.izt.uam.mx\/cefilibe\/index.php\/wp-json\/wp\/v2\/pages\/475\/revisions\/1632"}],"wp:attachment":[{"href":"https:\/\/divcsh.izt.uam.mx\/cefilibe\/index.php\/wp-json\/wp\/v2\/media?parent=475"}],"curies":[{"name":"wp","href":"https:\/\/api.w.org\/{rel}","templated":true}]}}