{"id":483,"date":"2013-12-18T03:09:47","date_gmt":"2013-12-18T03:09:47","guid":{"rendered":"https:\/\/divcsh.izt.uam.mx\/cefilibe\/index.php\/inicio-2\/"},"modified":"2022-10-21T22:47:47","modified_gmt":"2022-10-21T22:47:47","slug":"eefm","status":"publish","type":"page","link":"https:\/\/divcsh.izt.uam.mx\/cefilibe\/index.php\/eefm\/","title":{"rendered":"ENCICLOPEDIA ELECTR\u00d3NICA DE LA FILOSOF\u00cdA MEXICANA"},"content":{"rendered":"<style type=\"text\/css\"><\/style>\n<section class=\"kc-elm kc-css-1120715 kc_row\">\n<div class=\"kc-row-container  kc-container\">\n<div class=\"kc-wrap-columns\">\n<div class=\"kc-elm kc-css-1780887 kc_col-sm-12 kc_column kc_col-sm-12\">\n<div class=\"kc-col-container\">\n<div class=\"kc-elm kc-css-480863 kc_text_block\">\n<p class=\"MsoNormal\" style=\"margin-bottom: .0001pt; text-align: justify; line-height: 150%;\"><img fetchpriority=\"high\" decoding=\"async\" class=\"size-medium aligncenter\" src=\"https:\/\/divcsh.izt.uam.mx\/cefilibe\/wp-content\/uploads\/2022\/09\/Enciclopedia.jpg\" alt=\"\" width=\"655\" height=\"303\"><\/p>\n<p class=\"MsoNormal\" style=\"margin-bottom: .0001pt; text-align: justify; line-height: 150%;\"><span style=\"font-size: 12.0pt; line-height: 150%; font-family: &#039;Arial&#039;,&#039;sans-serif&#039;;\"><br \/><\/span><\/p>\n<p class=\"MsoNormal\" style=\"margin-bottom: .0001pt; text-align: justify; line-height: 150%;\"><span style=\"font-size: 12.0pt; line-height: 150%; font-family: &#039;Arial&#039;,&#039;sans-serif&#039;;\">La incorporaci\u00f3n de las nuevas tecnolog\u00edas en los procesos de informaci\u00f3n y comunicaci\u00f3n abri\u00f3 extraordinarias posibilidades para la difusi\u00f3n del conocimiento humano. Por primera vez, gracias a estos nuevos medios, se pueden consultar bibliotecas enteras; descargar y guardar en el disco duro de una computadora, en una memoria USB o en CD y reproductores multimedia port\u00e1tiles, ensayos, art\u00edculos y libros. Tambi\u00e9n se puede conocer a trav\u00e9s de fotograf\u00edas o videos, a grandes personalidades de la historia, sucesos trascendentales y muchos materiales m\u00e1s. En el caso de la filosof\u00eda, existen ya diversas enciclopedias virtuales como las publicadas por <em>Routledge; Stanford; Internet Encyclopedia<\/em>; <em>Symploke: Enciclopedia filos\u00f3fica<\/em> (en espa\u00f1ol); la <em>Biblioteca digital mundial de la Unesco<\/em> y numerosos portales de autores y sitios de revistas que han venido cre\u00e1ndose en los \u00faltimos a\u00f1os. <\/span><\/p>\n<p class=\"MsoNormal\" style=\"margin-bottom: .0001pt; text-align: justify; line-height: 150%;\"><span style=\"font-size: 12.0pt; line-height: 150%; font-family: &#039;Arial&#039;,&#039;sans-serif&#039;;\">\u00a0\u00a0\u00a0\u00a0\u00a0\u00a0\u00a0\u00a0\u00a0\u00a0\u00a0 Es por ello que el \u201cCentro de documentaci\u00f3n en filosof\u00eda latinoamericana e Ib\u00e9rica\u201d (CEFILIBE) del Departamento de Filosof\u00eda de la Universidad Aut\u00f3noma Metropolitana-Unidad Iztapalapa, ha emprendido la tarea de realizar una <strong><em>Enciclopedia electr\u00f3nica de la filosof\u00eda mexicana<\/em><\/strong>. Esta Enciclopedia tiene el prop\u00f3sito de ofrecer, en forma permanente y a trav\u00e9s de la red, un conocimiento <strong>claro<\/strong>, <strong>preciso<\/strong> y <strong>objetivo, <\/strong>en una primera etapa, sobre el decurso de la filosof\u00eda mexicana durante el Siglo XX y lo que va del XXI y posteriormente los siglos anteriores. <\/span><\/p>\n<p class=\"MsoNormal\" style=\"margin-bottom: .0001pt; text-align: justify; line-height: 150%;\"><span style=\"font-size: 12.0pt; line-height: 150%; font-family: &#039;Arial&#039;,&#039;sans-serif&#039;;\">\u00a0\u00a0\u00a0\u00a0\u00a0\u00a0\u00a0\u00a0\u00a0\u00a0\u00a0 En este sitio, el interesado podr\u00e1 encontrar el an\u00e1lisis de las corrientes filos\u00f3ficas que han influido en nuestro pa\u00eds como el positivismo, el neo-kantismo, el tomismo, la fenomenolog\u00eda, el marxismo, la filosof\u00eda latinoamericanista, la filosof\u00eda de la liberaci\u00f3n, el feminismo, el posmodernismo y otras. Asimismo, las concepciones de los principales fil\u00f3sofos mexicanos desde Antonio Caso y Jos\u00e9 Vasconcelos hasta Leopoldo Zea, Abelardo Villegas y Luis Villoro, pasando por Samuel Ramos, Francisco Larroyo, Eduardo Garc\u00eda M\u00e1ynez, Emilio Uranga, Eli de Gortari, Graciela Hierro y muchos m\u00e1s; las organizaciones culturales como el \u201cAteneo de la Juventud\u201d; el \u201cC\u00edrculo de amigos de la filosof\u00eda cr\u00edtica\u201d, el grupo \u201cHiperi\u00f3n\u201d y\u00a0 valorar la aportaci\u00f3n de los exilios filos\u00f3ficos que ha habido en M\u00e9xico como el espa\u00f1ol, el centroamericano, el argentino, el chileno y otros, cuyos pensadores han influido positivamente en el desarrollo de nuestra filosof\u00eda. Dentro de esos exilios tuvo una gran trascendencia el exilio espa\u00f1ol de 1939 ya que trajo a nuestras tierras fil\u00f3sofos de la talla de Jos\u00e9 Gaos, Eduardo Nicol, Adolfo S\u00e1nchez V\u00e1zquez, Joaqu\u00edn y Ram\u00f3n Xirau, Wenceslao Roces, Eugenio \u00cdmaz, Mar\u00eda Zambrano, Recasens S\u00edchez, Juan David Garc\u00eda Bacca y Jos\u00e9 Manuel Gallegos Rocafull, entre otros. De igual manera, en esta Enciclopedia se presenta una cronolog\u00eda para ubicar no s\u00f3lo la manera en que la filosof\u00eda ha germinado en cada periodo, sino tambi\u00e9n la relaci\u00f3n que ha mantenido con respecto algunos hechos hist\u00f3ricos y culturales fundamentales que han marcado el devenir hist\u00f3rico mexicano. <\/span><\/p>\n<p class=\"MsoNormal\" style=\"margin-bottom: .0001pt; text-align: justify; line-height: 150%;\"><span style=\"font-size: 12.0pt; line-height: 150%; font-family: &#039;Arial&#039;,&#039;sans-serif&#039;;\">\u00a0\u00a0\u00a0\u00a0\u00a0\u00a0\u00a0\u00a0\u00a0\u00a0\u00a0 Hay que subrayar que se trata de una empresa con las siguientes caracter\u00edsticas: es una obra <strong>colectiva y abierta a nuevas colaboraciones<\/strong>; <strong>plural<\/strong> (en la medida en que se expresan las diversas corrientes filos\u00f3ficas); <strong>vigente<\/strong> ya que ser\u00e1 actualizada en forma permanente; <strong>formativa<\/strong> (en la medida que incluye textos cl\u00e1sicos y videos que permitrir\u00e1n recuperar testimonios de nuestros fil\u00f3sofos); <strong>interactiva y din\u00e1mica<\/strong> pues contendr\u00e1 referencias cruzadas en el interior y referencias externas que remitir\u00e1n a otros sitios de la WWW. Se trata, por tanto, de una propuesta electr\u00f3nica que incorporar\u00e1 las \u00faltimas novedades tecnol\u00f3gicas y que constituir\u00e1 un instrumento para dar a conocer nuestra filosof\u00eda en el \u00e1mbito mundial. En un momento determinado, el material podr\u00e1 ser publicado en CD-ROM o DVD para uso independiente. <\/span><\/p>\n<p class=\"MsoNormal\" style=\"margin-bottom: .0001pt; text-align: justify; line-height: 150%;\"><span style=\"font-size: 12.0pt; line-height: 150%; font-family: &#039;Arial&#039;,&#039;sans-serif&#039;;\">\u00a0\u00a0\u00a0\u00a0\u00a0\u00a0\u00a0\u00a0\u00a0\u00a0\u00a0 Para lograr esta visi\u00f3n de conjunto, hemos contado con el apoyo de distinguidos especialistas que han aceptado formar parte de nuestro Consejo Asesor. Muchas de sus obras, art\u00edculos y comentarios han servido de apoyo a la conformaci\u00f3n de esta Enciclopedia. De igual manera, \u00a0reconocemos el apoyo de un importante n\u00famero de destacados especialistas que han elaborado diversas entradas y a los que mencionamos en una lista especial. Una menci\u00f3n especial merece la Dra. Mar\u00eda del Carmen Rovira, quien nos ha permitido reproducir, en forma muy generosa, algunos de los textos incorporados en su libro, <em>Una aproximaci\u00f3n a la historia de las ideas filos\u00f3ficas en M\u00e9xico<\/em>. <em>Siglo XIX y principios del siglo XX. T. I y II <\/em>(Universidad de Quer\u00e9taro, Segunda edici\u00f3n, M\u00e9xico, 2010). <\/span><\/p>\n<p class=\"MsoNormal\" style=\"margin-bottom: .0001pt; text-align: justify; text-indent: 35.4pt; line-height: 150%;\"><span style=\"font-size: 12.0pt; line-height: 150%; font-family: &#039;Arial&#039;,&#039;sans-serif&#039;;\">Cabe se\u00f1alar, que esta iniciativa no tiene precedentes en M\u00e9xico y Latinoam\u00e9rica. Lo \u00fanico que podemos mencionar es nuestro propio \u201cInventario de la filosof\u00eda mexicana del siglo XX\u201d, en formato DVD, presentado, por primera vez, en el XV Congreso Internacional de filosof\u00eda, organizado por la Asociaci\u00f3n Filos\u00f3fica de M\u00e9xico, en enero de 2010, bajo el tema de \u201cEl di\u00e1logo filos\u00f3fico\u201d en la Universidad Nacional Aut\u00f3noma de M\u00e9xico y tambi\u00e9n en el XVI Congreso Interamericano de filosof\u00eda celebrado en Mazatl\u00e1n, Sinaloa, del 28 de noviembre al 3 de diciembre de ese mismo a\u00f1o. <\/span><\/p>\n<p class=\"MsoNormal\" style=\"margin-bottom: .0001pt; text-align: justify; text-indent: 35.4pt; line-height: 150%;\"><span style=\"font-size: 12.0pt; line-height: 150%; font-family: &#039;Arial&#039;,&#039;sans-serif&#039;;\">Esta enciclopedia ha sido posible tambi\u00e9n gracias a la entusiasta y desinteresada colaboraci\u00f3n de un excelente equipo de trabajo que ha puesto todo su dedicaci\u00f3n y talento en la realizaci\u00f3n de esta Enciclopedia electr\u00f3nica. <\/span><\/p>\n<p class=\"MsoNormal\" style=\"margin-bottom: .0001pt; text-align: justify; text-indent: 35.4pt; line-height: 150%;\"><span style=\"font-size: 12.0pt; line-height: 150%; font-family: &#039;Arial&#039;,&#039;sans-serif&#039;;\">Por \u00faltimo, este proyecto no podr\u00eda haberse llevado a cabo, sin el decidido apoyo del Dr. Javier Vel\u00e1zquez Moctezuma, ex Rector de la Unidad Iztapalapa de la UAM; el Dr. Jos\u00e9 Octavio Nateras Dom\u00ednguez, ex Director de la Divisi\u00f3n de Ciencias Sociales y Humanidades y hoy Rector de la UAM-I y la Dra. Norma Zubir\u00e1n Escoto, Jefa del Departamento de Filosof\u00eda. A todos ellos les damos las gracias.<\/span><\/p>\n<p class=\"MsoNormal\" style=\"margin-bottom: .0001pt; line-height: 150%;\"><span style=\"font-size: 12.0pt; line-height: 150%; font-family: &#039;Arial&#039;,&#039;sans-serif&#039;;\">\u00a0<\/span><\/p>\n<p class=\"MsoNormal\" style=\"margin-bottom: .0001pt; line-height: 150%;\"><span style=\"font-size: 12.0pt; line-height: 150%; font-family: &#039;Arial&#039;,&#039;sans-serif&#039;;\">M\u00e9xico, D.F. Abril de 2014.<\/span><\/p>\n<p class=\"MsoNormal\" style=\"margin-bottom: .0001pt; line-height: 150%;\"><span style=\"font-size: 12.0pt; line-height: 150%; font-family: &#039;Arial&#039;,&#039;sans-serif&#039;;\">\u00a0<\/span><\/p>\n<p><span style=\"font-family: Arial, sans-serif; font-size: 12pt; line-height: 150%;\">Mtro. Gabriel Vargas Lozano.<\/span><\/p>\n<p><span style=\"font-family: Arial, sans-serif; font-size: 12pt; line-height: 150%;\">Director del proyecto y fundador del CEFILIBE. \u00a0 \u00a0 \u00a0 \u00a0 \u00a0 \u00a0 \u00a0 \u00a0 \u00a0\u00a0<\/span><\/p>\n<div style=\"background-color: #eeeeee;\">\n<p><strong>CONSEJO ASESOR:<\/strong><\/p>\n<p>Dr. Jaime Labastida. Ex-Director de la Academia Mexicana de la Lengua y Ex Presidente de la Asociaci\u00f3n Filos\u00f3fica de M\u00e9xico.<\/p>\n<p>Dra. Mar\u00eda del Carmen Rovira. Directora del Seminario permanente de filosof\u00eda mexicana y Catedr\u00e1tica de la Facultad de Filosof\u00eda y Letras de la UNAM.<\/p>\n<p><span style=\"line-height: 1.3em;\">Dr. Mauricio Beuchot. Investigador del Instituto de Investigaciones Filol\u00f3gicas de la UNAM.<\/span><\/p>\n<p>Dr. Roberto Hern\u00e1ndez Oramas. Presidente del Consejo para la Acreditaci\u00f3n de Programas Educativos en Humanidades y Catedr\u00e1tico de la Benem\u00e9rita Universidad Aut\u00f3noma de Puebla.<\/p>\n<p>Dr. Guillermo Hurtado. Ex Director e Investigador del Instituto de Investigaciones Filos\u00f3ficas de la UNAM.<\/p>\n<p>Dr. Pedro Stepanenko. Director del Instituto de Investigaciones Filos\u00f3ficas de la UNAM.<\/p>\n<p>Dr. Mario Magall\u00f3n. Investigador en el Centro de Investigaciones de Am\u00e9rica Latina y el Caribe de la UNAM.<\/p>\n<p>Dra. Mar\u00eda Rosa Palaz\u00f3n. Investigadora del Instituto de Investigaciones Filol\u00f3gicas de la UNAM.<\/p>\n<p>Dr. Mario Teodoro Ram\u00edrez. Director del Instituto de Investigaciones Filos\u00f3ficas \u201cLuis Villoro Toranzo\u201d de la Universidad Michoacana de San Nicol\u00e1s de Hidalgo.<\/p>\n<p>Dr. Alberto Saladino. Investigador y Catedr\u00e1tico de la Facultad de Humanidades de la Universidad Aut\u00f3noma del Estado de M\u00e9xico.<\/p>\n<p>Dr. Ambrosio Velasco. Presidente de la Asociaci\u00f3n Filos\u00f3fica de M\u00e9xico e Investigador del Instituto de Investigaciones Filos\u00f3ficas de la UNAM.<\/p>\n<p>Dr. Vict\u00f3rico Mu\u00f1oz. Catedr\u00e1tico de la Facultad de Filosof\u00eda y Letras de la UNAM.<\/p>\n<p>Mtra. Ma. Cristina Roa Gonz\u00e1lez. \u00a0Ex Coordinadora de la Bibliograf\u00eda Filos\u00f3fica Mexicana del Instituto de Investigaciones Filos\u00f3ficas de la UNAM.<\/p>\n<p>Dr. Jos\u00e9 Alfredo Torres. Catedr\u00e1tico de la Facultad de Filosof\u00eda y Letras de la UNAM.<\/p>\n<\/div>\n<p><strong>EQUIPO DE INVESTIGACI\u00d3N:<\/strong><\/p>\n<p>Mtro. Gabriel Vargas Lozano, Director del proyecto.<\/p>\n<p>Dr. Eduardo Sarmiento (UAM-I), Coordinador.<\/p>\n<p>Mtro. C\u00e9sar de Rosas Ram\u00edrez (UNAM), Editor.<\/p>\n<p>Mtra. Iyaz\u00fa Cos\u00edo (UAM-I), Comit\u00e9 de redacci\u00f3n e investigaci\u00f3n.<\/p>\n<p>Dr. Wulfrano Arturo Luna Ram\u00edrez (UAM-C), Desarrollo web.<\/p>\n<p><span style=\"line-height: 1.3em;\">\u00a0<\/span><\/p>\n<p><strong>COLABORADORES (Lista provisional):<\/strong><\/p>\n<pre>SECCI\u00d3N \"AUTORES\"<\/pre>\n<p>Emma Luz Aceves G\u00f3mez (\u00abOswaldo Robles Ochoa\u00bb).<\/p>\n<p>Enrique Aguayo (\u00abAgust\u00edn Basave y Fern\u00e1ndez del Valle\u00bb).<\/p>\n<p>Ma. Gracia Altieri Fern\u00e1ndez (Informaci\u00f3n bio-bibliogr\u00e1fica en: \u00abAngelo Altieri Megale\u00bb).<\/p>\n<p>Virginia Aspe Armella (\u00abAlfonso Reyes\u00bb).<\/p>\n<p>Jos\u00e9 Barrientos Rastrojo (\u00abMar\u00eda Zambrano\u00bb).<\/p>\n<p>Walter Beller Taboada (\u00abPorfirio Parra\u00bb).<\/p>\n<p>Mauricio Beuchot (\u00abAdolfo Garc\u00eda D\u00edaz\u00bb. \u00abAntonio G\u00f3mez Robledo\u00bb. \u00abBernab\u00e9 Navarro\u00bb).<\/p>\n<p>Aar\u00f3n Bravo Jim\u00e9nez (\u00abEduardo Garc\u00eda M\u00e1ynez\u00bb. \u00abWenceslao Roces\u00bb. \u00abEli de Gortari\u00bb).<\/p>\n<p>Jos\u00e9 Mar\u00eda Camorlinga Alcaraz (\u00abHoracio Barreda\u00bb).<\/p>\n<p>Ahmed-Edmundo Cervantes Espino (\u00abMauricio Beuchot\u00bb).<\/p>\n<p>Evodio Escalante (\u00abAdalberto Garc\u00eda de Mendoza\u00bb).<\/p>\n<p>Gustavo Escobar (\u00abEusebio Castro Barrera\u00bb. \u00abRafael Moreno\u00bb. \u00abAbelardo Villegas\u00bb).<\/p>\n<p>Jos\u00e9 Ezcurdia (\u00abAlberto Ezcurdia\u00bb. \u00abAntonio Caso\u00bb).<\/p>\n<p>Diana Fuentes (\u00abBol\u00edvar Echeverr\u00eda\u00bb).<\/p>\n<p>Mar\u00eda del Carmen Garc\u00eda Aguilar (\u00abGraciela Hierro P\u00e9rezcastro\u00bb).<\/p>\n<p>Rub\u00e9n Garc\u00eda Clark (\u00abHoracio Cerutti\u00bb).<\/p>\n<p>Javier Garciadiego (\u00abEugenio \u00cdmaz Echeverr\u00eda\u00bb).<\/p>\n<p>Osiris Sinuh\u00e9 Gonz\u00e1lez Romero (\u00abRam\u00f3n Xirau Sub\u00edas\u00bb).<\/p>\n<p>Dulce Ma. Granja (\u00abFrancisco\u00a0Larroyo\u00bb).<\/p>\n<p>Leila Guerriero (\u00abPedro Henr\u00edquez Ure\u00f1a\u00bb).<\/p>\n<p>Guillermo Hurtado (\u00abEmilio Uranga\u00bb).<\/p>\n<p>Amalia X\u00f3chitl L\u00f3pez Molina (\u00abMar\u00eda del Carmen Rovira Gaspar\u00bb).<\/p>\n<p>Valeria L\u00f3pez Vela (\u00abVirginia Aspe Armella\u00bb).<\/p>\n<p>Javier Mac Gregor Campuzano (\u00abMiguel Le\u00f3n-Portilla\u00bb).<\/p>\n<p>Luis Guillermo Mart\u00ednez Guti\u00e9rrez (\u00abCarlos Oliva Mendoza\u00bb).<\/p>\n<p>Ariadna Odette Mart\u00ednez Salgado (\u00abSamuel Ramos\u00bb).<\/p>\n<p>Carlos Oliva Mendoza (\u00abJos\u00e9 Ignacio Palencia\u00bb).<\/p>\n<p>Roberto Mora Mart\u00ednez (\u00abMario Magall\u00f3n Anaya\u00bb. \u00abJoaqu\u00edn S\u00e1nchez Macgr\u00e9gor\u00bb).<\/p>\n<p>Jorge Ord\u00f3\u00f1ez Burgos (\u00abJos\u00e9 Fuentes Mares\u00bb. \u00abAlberto Saladino Garc\u00eda\u00bb).<\/p>\n<p>Tania Elizabeth Ortiz Guadarrama (\u00abJos\u00e9 Torres Orozco\u00bb).<\/p>\n<p>V\u00edctor H. Pacheco Ch\u00e1vez (Coautor en: \u00abJos\u00e9 Revueltas\u00bb).<\/p>\n<p>Grace Prada Ortiz (\u00abVera Yamuni Tabush\u00bb).<\/p>\n<p>Mario Teodoro Ram\u00edrez (\u00abLuis Villoro Toranzo\u00bb).<\/p>\n<p>Luis David Reyes (\u00abPaulette Dieterlen Struck\u00bb).<\/p>\n<p>Erick Eduardo Rodr\u00edguez Ballesteros (\u00abPaula G\u00f3mez Alonzo\u00bb).\u00a0<\/p>\n<p>C\u00e9sar De Rosas Ram\u00edrez (\u00abOtra informaci\u00f3n bio-bibliogr\u00e1fica sobre Antonio G\u00f3mez Robledo\u00bb, en: \u00abAntonio G\u00f3mez Robledo\u00bb).<\/p>\n<p>Mar\u00eda del Carmen Rovira (\u00abEzequiel Adeodato Chavez Lavista\u00bb. \u00abJusto Sierra\u00bb).<\/p>\n<p>Francisco J. Sainz Paz (Coautor en: \u00abJos\u00e9 Revueltas\u00bb).<\/p>\n<p>Enrique Sandoval (Ana Mar\u00eda Rivadeo)<\/p>\n<p>Alberto Saladino Garc\u00eda (\u00abLeopoldo Zea\u00bb).<\/p>\n<p>Enrique Sandoval (\u00abAna Mar\u00eda Rivadeo\u00bb).<\/p>\n<p>Jes\u00fas Rodolfo Santander (\u00abAngelo Altieri Megale o la vigencia del ideal humanista para la educaci\u00f3n actual\u00bb, en: \u00abAngelo Altieri Megale\u00bb).<\/p>\n<p>Eduardo Sarmiento Guti\u00e9rrez (\u00abJuan Monroy Garc\u00eda\u00bb).<\/p>\n<p>Guillermo Jorge Silva Mart\u00ednez (\u00abRosa Krauze\u00bb).<\/p>\n<p>Pedro Stepanenko (\u00abFernando Salmer\u00f3n\u00bb).<\/p>\n<p>Jaime Torres Guill\u00e9n (\u00abPablo Gonz\u00e1lez Casanova\u00bb).<\/p>\n<p>Ra\u00fal Trejo (\u00abJos\u00e9 Vasconcelos\u00bb).<\/p>\n<p>Gabriel Vargas Lozano (\u00abGabino Barreda\u00bb. \u00abRa\u00fal Cardiel Reyes\u00bb. \u00abAdolfo S\u00e1nchez V\u00e1zquez\u00bb. \u00ab<em>In memoriam<\/em>\u00ab, en: \u00abLuis Villoro\u00bb. \u00abVicente Lombardo Toledano\u00bb).<\/p>\n<p>Alfonso V\u00e1zquez Salazar (\u00abJuan Garz\u00f3n Bates\u00bb).<\/p>\n<p>Antonio Ziri\u00f3n Quijano (\u00abJos\u00e9 Gaos\u00bb).<\/p>\n<pre>SECCI\u00d3N \"DISCIPLINAS\"<\/pre>\n<p>Walter Beller Taboada (\u00abL\u00f3gica y L\u00f3gicas en el M\u00e9xico contempor\u00e1neo\u00bb).<\/p>\n<p>Mar\u00eda Rosa Palaz\u00f3n (\u00abLa Est\u00e9tica en M\u00e9xico. Siglo XX\u00bb).<\/p>\n<pre>SECCI\u00d3N \"CORRIENTES\"<\/pre>\n<p>Jethro Bravo Gonz\u00e1lez. (Selecci\u00f3n y revisi\u00f3n en: \u00abLa fenomenolog\u00eda en M\u00e9xico en el siglo XX\u00bb).<\/p>\n<p>Elsa Cecilia Frost (\u00abLa labor difusora de los transterrados\u00bb).<\/p>\n<p>Guillermo Hurtado (\u00abEl Hiperi\u00f3n y su tiempo\u00bb).<\/p>\n<p>Fernando Aurelio L\u00f3pez Hern\u00e1ndez (\u00abLa hermen\u00e9utica anal\u00f3gica de Mauricio Beuchot: una aportaci\u00f3n a la filosof\u00eda contempor\u00e1nea\u00bb).<\/p>\n<p>Fernando Salmer\u00f3n (\u00abNota sobre la recepci\u00f3n del an\u00e1lisis filos\u00f3fico en Am\u00e9rica Latina\u00bb).<\/p>\n<p>Eduardo Sarmiento Guti\u00e9rrez (\u00abLa Escuela Nacional Preparatoria y el plan de estudios\u00bb).<\/p>\n<p>Gabriel Vargas Lozano (\u00abEl Ateneo de la juventud y la Revoluci\u00f3n mexicana\u00bb. \u00abEl positivismo en M\u00e9xico: significado, funci\u00f3n y declinaci\u00f3n\u00bb).<\/p>\n<p>Antonio Ziri\u00f3n Quijano (\u00abLa fenomenolog\u00eda en M\u00e9xico en el siglo XX\u00bb).<\/p>\n<pre>SECCI\u00d3N \"DOCUMENTOS\"<\/pre>\n<p>Bol\u00edvar Echeverr\u00eda (\u00abApunte sobre la forma natural de la vida humana\u00bb).<\/p>\n<p>Arturo Andr\u00e9s Roig, Leopoldo Zea, Abelardo Villegas, Enrique Dussel y Francisco Mir\u00f3 Quesada (\u00abDeclaraci\u00f3n de Morelia: Filosof\u00eda e Independencia\u00bb.<\/p>\n<p>Wenceslao Roces (\u00abEl krausismo en Espa\u00f1a\u00bb).<\/p>\n<p>Leopoldo Zea, Luis Villoro, Alejandro Rossi, Jos\u00e9 Luis Balc\u00e1rcel y Abelardo Villegas (\u00abEl sentido actual de la filosof\u00eda en M\u00e9xico\u00bb).<\/p>\n<p>Ruy P\u00e9rez Tamayo (\u00abFilosof\u00eda de la ciencia y biolog\u00eda\u00bb).<\/p>\n<p>Jos\u00e9 Vasconcelos (\u00abLos tres grados de la belleza sensible\u00bb. \u00abNueva ley de los tres estados\u00bb).<\/p>\n<p>Gabino Barreda (\u00abOraci\u00f3n C\u00edvica\u00bb).<\/p>\n<p>Varios Autores (\u00abSegunda Declaraci\u00f3n: Filosof\u00eda e Independencia en Am\u00e9rica Latina y el Caribe\u00bb).<\/p>\n<pre>SECCI\u00d3N \"INVENTARIO\"<\/pre>\n<p>Gabriel Vargas Lozano (\u00abInventario de la filosof\u00eda mexicana. Siglo XX\u00bb).<\/p>\n<pre>SECCI\u00d3N \"CRONOLOG\u00cdA\"<\/pre>\n<p>Gabriel Vargas Lozano (\u00abCronolog\u00eda de la filosof\u00eda mexicana del siglo XX\u00bb).<\/p>\n<pre>SECCI\u00d3N \"AUDIOVISUALES\"<\/pre>\n<p>Centro de Documentaci\u00f3n en Filosof\u00eda Latinoamericana e Ib\u00e9rica (\u00ab35 a\u00f1os de la Asociaci\u00f3n Filos\u00f3fica de M\u00e9xico\u00bb. \u00abD\u00eda internacional de la filosof\u00eda\u00bb).<\/p>\n<p>Xavier Juncosa (\u00abIntegral Sacrist\u00e1n\u00bb).<\/p>\n<p>Julia Pe\u00f1aloza (\u00abAdolfo S\u00e1nchez V\u00e1zquez.<em> In memoriam<\/em>\u00ab. \u00abLas utop\u00edas\u00bb).<\/p>\n<p><strong style=\"color: #222222; font-family: arial, sans-serif; font-size: 13px; line-height: normal;\">Para mayor informaci\u00f3n:<br \/>Centro de Documentaci\u00f3n en Filosof\u00eda Latinoamericana e Ib\u00e9rica<br \/>Departamento de Filosof\u00eda de la UAM-I \/ Edificio F-222<br \/>Avenida San Rafael Atlixco No. 186, Col. Vicentina, Del. Iztapalapa, C.P. 09340,<br \/>Tel-Fax: 58 04 65 39<br \/><a style=\"color: #1155cc;\" href=\"mailto:cefi@xanum.uam.mx\" target=\"_blank\" rel=\"noopener\">cefi@xanum.uam.mx<\/a><\/strong><\/p>\n<\/div>\n<\/div>\n<\/div>\n<\/div>\n<\/div>\n<\/section>\n","protected":false},"excerpt":{"rendered":"<p>La incorporaci\u00f3n de las nuevas tecnolog\u00edas en los procesos de informaci\u00f3n y comunicaci\u00f3n abri\u00f3 extraordinarias posibilidades para la difusi\u00f3n del conocimiento humano. Por primera vez, gracias a estos nuevos medios, se pueden consultar bibliotecas enteras; descargar y guardar en el disco duro de una computadora, en una memoria USB o en CD y reproductores multimedia [&hellip;]<\/p>\n","protected":false},"author":1,"featured_media":0,"parent":0,"menu_order":5,"comment_status":"closed","ping_status":"closed","template":"","meta":{"footnotes":""},"class_list":["post-483","page","type-page","status-publish","hentry"],"blocksy_meta":[],"_links":{"self":[{"href":"https:\/\/divcsh.izt.uam.mx\/cefilibe\/index.php\/wp-json\/wp\/v2\/pages\/483","targetHints":{"allow":["GET"]}}],"collection":[{"href":"https:\/\/divcsh.izt.uam.mx\/cefilibe\/index.php\/wp-json\/wp\/v2\/pages"}],"about":[{"href":"https:\/\/divcsh.izt.uam.mx\/cefilibe\/index.php\/wp-json\/wp\/v2\/types\/page"}],"author":[{"embeddable":true,"href":"https:\/\/divcsh.izt.uam.mx\/cefilibe\/index.php\/wp-json\/wp\/v2\/users\/1"}],"replies":[{"embeddable":true,"href":"https:\/\/divcsh.izt.uam.mx\/cefilibe\/index.php\/wp-json\/wp\/v2\/comments?post=483"}],"version-history":[{"count":7,"href":"https:\/\/divcsh.izt.uam.mx\/cefilibe\/index.php\/wp-json\/wp\/v2\/pages\/483\/revisions"}],"predecessor-version":[{"id":1842,"href":"https:\/\/divcsh.izt.uam.mx\/cefilibe\/index.php\/wp-json\/wp\/v2\/pages\/483\/revisions\/1842"}],"wp:attachment":[{"href":"https:\/\/divcsh.izt.uam.mx\/cefilibe\/index.php\/wp-json\/wp\/v2\/media?parent=483"}],"curies":[{"name":"wp","href":"https:\/\/api.w.org\/{rel}","templated":true}]}}