{"id":501,"date":"2013-12-18T03:19:10","date_gmt":"2013-12-18T03:19:10","guid":{"rendered":"https:\/\/divcsh.izt.uam.mx\/cefilibe\/index.php\/audiovisual-2\/"},"modified":"2022-08-17T04:32:41","modified_gmt":"2022-08-17T04:32:41","slug":"audiovisual-2","status":"publish","type":"page","link":"https:\/\/divcsh.izt.uam.mx\/cefilibe\/index.php\/audiovisual-2\/","title":{"rendered":"Recursos Audiovisuales"},"content":{"rendered":"<style type=\"text\/css\">html body .kc-css-545354{font-weight: 800;text-align: center;}<\/style>\n<section class=\"kc-elm kc-css-655019 kc_row\">\n<div class=\"kc-row-container  kc-container\">\n<div class=\"kc-wrap-columns\">\n<div class=\"kc-elm kc-css-479872 kc_col-sm-12 kc_column kc_col-sm-12\">\n<div class=\"kc-col-container\">\n<div class=\"kc-elm kc-css-755335 kc_text_block\">\n<p align=\"justify\">En esta secci\u00f3n se pueden ver videos de congresos, conferencias y eventos relevantes de la filosof\u00eda mexicana, como el D\u00eda Mundial de la Filosof\u00eda. En ellos aparecen muchos de los fil\u00f3sofos y fil\u00f3sofas m\u00e1s importantes de nuestro pa\u00eds. Tambi\u00e9n se puede acceder a material audiovisual realizado por miembros del CEFILIBE, como el video \u201c<a href=\"https:\/\/www.youtube.com\/watch?v=zzCkQ21zq9w\" target=\"_blank\" title=\"Video In Memoriam ASV\" rel=\"noopener\">In memoriam: Adolfo S\u00e1nchez V\u00e1zquez<\/a>\u201d.<\/p>\n<p><!--div style=\"color: #000000; font-family: Helvetica, Arial, sans-serif; font-size: 18px; line-height: normal; background-color: #eeeeee; text-align: justify; z-index: 1;\"><\/p>\n\n\n\n<h2>\u00a0<\/h2>\n\n\n\n<h2><span style=\"font-size: 12.0pt; mso-bidi-font-size: 11.0pt; line-height: 150%; font-family: &#039;Arial&#039;,&#039;sans-serif&#039;; mso-fareast-font-family: Calibri; mso-fareast-theme-font: minor-latin; mso-ansi-language: ES-MX; mso-fareast-language: EN-US; mso-bidi-language: AR-SA;\">En esta secci\u00f3n se pueden ver videos de congresos, conferencias y eventos relevantes de la filosof\u00eda mexicana, como el D\u00eda Mundial de la Filosof\u00eda. En ellos aparecen muchos de los fil\u00f3sofos y fil\u00f3sofas m\u00e1s importantes de nuestro pa\u00eds como Luis Villoro y Juliana Gonz\u00e1lez Valenzuela. Tambi\u00e9n se puede acceder a material audiovisual realizado por miembros del CEFILIBE, como el video \u201cIn memoriam: Adolfo S\u00e1nchez V\u00e1zquez\u201d.<\/span><\/h2>\n\n\n\n<h2>\u00a0<\/h2>\n\n<\/div--><\/div>\n<div class=\"kc-elm kc-css-545354 kc_shortcode kc_video_play kc_video_wrapper\" data-video=\"https:\/\/www.youtube.com\/watch?v=zzCkQ21zq9w\" data-width=\"1000\" data-height=\"564.97175141243\" data-fullwidth=\"\" data-autoplay=\"\" data-loop=\"yes\" data-control=\"yes\" data-related=\"\" data-showinfo=\"\" data-kc-video-mute=\"\">\t\t\t<\/div>\n<\/div>\n<\/div>\n<\/div>\n<\/div>\n<\/section>\n","protected":false},"excerpt":{"rendered":"<p>En esta secci\u00f3n se pueden ver videos de congresos, conferencias y eventos relevantes de la filosof\u00eda mexicana, como el D\u00eda Mundial de la Filosof\u00eda. En ellos aparecen muchos de los fil\u00f3sofos y fil\u00f3sofas m\u00e1s importantes de nuestro pa\u00eds. Tambi\u00e9n se puede acceder a material audiovisual realizado por miembros del CEFILIBE, como el video \u201cIn memoriam: [&hellip;]<\/p>\n","protected":false},"author":1,"featured_media":0,"parent":0,"menu_order":1,"comment_status":"closed","ping_status":"closed","template":"","meta":{"footnotes":""},"class_list":["post-501","page","type-page","status-publish","hentry"],"blocksy_meta":[],"_links":{"self":[{"href":"https:\/\/divcsh.izt.uam.mx\/cefilibe\/index.php\/wp-json\/wp\/v2\/pages\/501","targetHints":{"allow":["GET"]}}],"collection":[{"href":"https:\/\/divcsh.izt.uam.mx\/cefilibe\/index.php\/wp-json\/wp\/v2\/pages"}],"about":[{"href":"https:\/\/divcsh.izt.uam.mx\/cefilibe\/index.php\/wp-json\/wp\/v2\/types\/page"}],"author":[{"embeddable":true,"href":"https:\/\/divcsh.izt.uam.mx\/cefilibe\/index.php\/wp-json\/wp\/v2\/users\/1"}],"replies":[{"embeddable":true,"href":"https:\/\/divcsh.izt.uam.mx\/cefilibe\/index.php\/wp-json\/wp\/v2\/comments?post=501"}],"version-history":[{"count":9,"href":"https:\/\/divcsh.izt.uam.mx\/cefilibe\/index.php\/wp-json\/wp\/v2\/pages\/501\/revisions"}],"predecessor-version":[{"id":1806,"href":"https:\/\/divcsh.izt.uam.mx\/cefilibe\/index.php\/wp-json\/wp\/v2\/pages\/501\/revisions\/1806"}],"wp:attachment":[{"href":"https:\/\/divcsh.izt.uam.mx\/cefilibe\/index.php\/wp-json\/wp\/v2\/media?parent=501"}],"curies":[{"name":"wp","href":"https:\/\/api.w.org\/{rel}","templated":true}]}}