{"id":613,"date":"2013-12-29T05:33:37","date_gmt":"2013-12-29T05:33:37","guid":{"rendered":"https:\/\/divcsh.izt.uam.mx\/cefilibe\/index.php\/filosofos-mexicanos-2\/"},"modified":"2013-12-29T05:33:37","modified_gmt":"2013-12-29T05:33:37","slug":"filosofos-mexicanos-2","status":"publish","type":"page","link":"https:\/\/divcsh.izt.uam.mx\/cefilibe\/index.php\/filosofos-mexicanos-2\/","title":{"rendered":"Fil\u00f3sofos Extranjeros"},"content":{"rendered":"<style type=\"text\/css\"><\/style>\n<section class=\"kc-elm kc-css-606268 kc_row\">\n<div class=\"kc-row-container  kc-container\">\n<div class=\"kc-wrap-columns\">\n<div class=\"kc-elm kc-css-162133 kc_col-sm-12 kc_column kc_col-sm-12\">\n<div class=\"kc-col-container\">\n<div class=\"kc-elm kc-css-3954 kc_text_block\">\n<p><span style=\"font-family: Arial, Helvetica, sans-serif; font-size: 14px; line-height: 1.3em;\"><strong>Fil\u00f3sofas y fil\u00f3sofos extranjeros<\/strong> (LISTA PROVISIONAL)<\/span><\/p>\n<div id=\"page\">\n<div id=\"page-bgtop\">\n<div id=\"page-bgbtm\">\n<div id=\"content\">\n<div class=\"post\">\n<div id=\"st-accordion\" class=\"st-accordion\">\n<ul>\n<li><a href=\"#\">A-Z<span class=\"st-arrow\"><br \/><\/span><\/a>\n<div class=\"st-content\"><\/div>\n<\/li>\n<li>Bunge, Mario<\/li>\n<li>\n<div class=\"st-content\">\n<p><a href=\"https:\/\/divcsh.izt.uam.mx\/cefilibe\/wp-content\/uploads\/2013\/12\/HenriquezUrena_Pedro-Guerriero_Leila.pdf\" target=\"_blank\" rel=\"noopener\">Henr\u00edquez Ure\u00f1a, Pedro <\/a><\/p>\n<\/div>\n<\/li>\n<li>Larry, Laudan<\/li>\n<li>\n<div class=\"st-content\">\n<p><a href=\"https:\/\/divcsh.izt.uam.mx\/cefilibe\/wp-content\/uploads\/2013\/12\/Medin_Tzvi.pdf\" target=\"_blank\" rel=\"noopener\">Medin, Tzvi <\/a><\/p>\n<p>Redmond, Walter<\/p>\n<\/div>\n<\/li>\n<li>Romanell, Patrick<\/li>\n<li>\n<div class=\"st-content\">\n<p><a href=\"https:\/\/divcsh.izt.uam.mx\/cefilibe\/wp-content\/uploads\/2013\/12\/Zambrano_Maria-BarrientosRastrojo_Jose.pdf\" target=\"_blank\" rel=\"noopener\">Zambrano, Mar\u00eda <\/a><\/p>\n<\/div>\n<\/li>\n<\/ul>\n<\/div>\n<\/div>\n<\/div>\n<\/div>\n<\/div>\n<\/div>\n<\/div>\n<\/div>\n<\/div>\n<\/div>\n<\/div>\n<\/section>\n","protected":false},"excerpt":{"rendered":"<p>Fil\u00f3sofas y fil\u00f3sofos extranjeros (LISTA PROVISIONAL) A-Z Bunge, Mario Henr\u00edquez Ure\u00f1a, Pedro Larry, Laudan Medin, Tzvi Redmond, Walter Romanell, Patrick Zambrano, Mar\u00eda<\/p>\n","protected":false},"author":1,"featured_media":0,"parent":0,"menu_order":1,"comment_status":"closed","ping_status":"closed","template":"","meta":{"footnotes":""},"class_list":["post-613","page","type-page","status-publish","hentry"],"blocksy_meta":[],"_links":{"self":[{"href":"https:\/\/divcsh.izt.uam.mx\/cefilibe\/index.php\/wp-json\/wp\/v2\/pages\/613","targetHints":{"allow":["GET"]}}],"collection":[{"href":"https:\/\/divcsh.izt.uam.mx\/cefilibe\/index.php\/wp-json\/wp\/v2\/pages"}],"about":[{"href":"https:\/\/divcsh.izt.uam.mx\/cefilibe\/index.php\/wp-json\/wp\/v2\/types\/page"}],"author":[{"embeddable":true,"href":"https:\/\/divcsh.izt.uam.mx\/cefilibe\/index.php\/wp-json\/wp\/v2\/users\/1"}],"replies":[{"embeddable":true,"href":"https:\/\/divcsh.izt.uam.mx\/cefilibe\/index.php\/wp-json\/wp\/v2\/comments?post=613"}],"version-history":[{"count":1,"href":"https:\/\/divcsh.izt.uam.mx\/cefilibe\/index.php\/wp-json\/wp\/v2\/pages\/613\/revisions"}],"predecessor-version":[{"id":1886,"href":"https:\/\/divcsh.izt.uam.mx\/cefilibe\/index.php\/wp-json\/wp\/v2\/pages\/613\/revisions\/1886"}],"wp:attachment":[{"href":"https:\/\/divcsh.izt.uam.mx\/cefilibe\/index.php\/wp-json\/wp\/v2\/media?parent=613"}],"curies":[{"name":"wp","href":"https:\/\/api.w.org\/{rel}","templated":true}]}}