{"id":861,"date":"2017-04-24T23:55:10","date_gmt":"2017-04-24T23:55:10","guid":{"rendered":"https:\/\/divcsh.izt.uam.mx\/cefilibe\/index.php\/boletin\/"},"modified":"2022-08-22T23:01:46","modified_gmt":"2022-08-22T23:01:46","slug":"boletin","status":"publish","type":"page","link":"https:\/\/divcsh.izt.uam.mx\/cefilibe\/index.php\/boletin\/","title":{"rendered":"Documentos"},"content":{"rendered":"<style type=\"text\/css\"><\/style>\n<section class=\"kc-elm kc-css-3440403 kc_row\">\n<div class=\"kc-row-container  kc-container\">\n<div class=\"kc-wrap-columns\">\n<div class=\"kc-elm kc-css-2616365 kc_col-sm-12 kc_column kc_col-sm-12\">\n<div class=\"kc-col-container\">\n<div class=\"kc-elm kc-css-1934428 kc_text_block\">\n<p style=\"text-align: justify;\">Esta secci\u00f3n contiene los boletines informativos que ha publicado\u00a0el CEFILIBE de forma impresa. Cada uno incluye informaci\u00f3n general sobre las actividades del Centro. Tambi\u00e9n se pueden consultar otros documentos importantes para la comunidad filos\u00f3fica como los boletines del Observatorio Filos\u00f3fico de M\u00e9xico, la publicaci\u00f3n <em>El B\u00faho de Minerva<\/em>, el Comentario editorial del Centro, programas de estudio de la c\u00e1tedra \u00abReconstrucci\u00f3n de la historia de la filosof\u00eda mexicana\u00bb, entre otros materiales.<\/p>\n<hr \/>\n<p style=\"text-align: justify;\">\n<p><span style=\"font-size: 12pt; line-height: 18.4px; font-family: &#039;Times New Roman&#039;, serif;\">EL B\u00daHO DE MINERVA tiene como objetivo principal propiciar el di\u00e1logo entre estudiantes, profesores, investigadores y p\u00fablico interesado en temas filos\u00f3ficos de actualidad. Para que el b\u00faho pueda\u00a0<em>emprender el vuelo<\/em>, se colocar\u00e1 peri\u00f3dicamente en esta secci\u00f3n un texto elaborado\u00a0<em>ex profeso<\/em>\u00a0que aborde un problema espec\u00edfico y, a partir de ello, se recibir\u00e1 al correo\u00a0<a style=\"color: blue; text-decoration: underline;\" href=\"mailto:cefi@xanum.uam.mx\" target=\"_blank\" rel=\"noopener\">cefi@xanum.uam.mx<\/a>\u00a0las respuestas del p\u00fablico que ser\u00e1n incluidas aqu\u00ed mismo para que el autor en cuesti\u00f3n responda. Una vez que se tengan varios comentarios se elaborar\u00e1 una s\u00edntesis de lo discutido. Cabe decir, que nos regimos por los principios de inclusi\u00f3n (todas las posturas filos\u00f3ficas son bienvenidas) y el respeto que necesariamente requiere cualquier ejercicio dial\u00f3gico. Finalmente, el Cefilibe agradece su inter\u00e9s, participaci\u00f3n y les damos la bienvenida a esta nueva secci\u00f3n.<\/span><\/p>\n<p><span style=\"font-size: 12pt; line-height: 18.4px; font-family: &#039;Times New Roman&#039;, serif;\"><span style=\"font-size: 12pt; line-height: 18.4px; font-family: &#039;Times New Roman&#039;, serif;\"><em>#7, septiembre 2021. <a title=\"Leer art\u00edculo...\" href=\"https:\/\/divcsh.izt.uam.mx\/cefilibe\/wp-content\/uploads\/2013\/11\/El_Buho_de_Minerva_7.pdf\" target=\"_blank\" rel=\"noopener\">\u00abLas ideas est\u00e9ticas de Marx. Marx. Retroceso e historia efectual\u00bb<\/a>. Por Mar\u00eda Rosa Palaz\u00f3n Mayoral.<\/em><\/span><\/span><\/p>\n<p><span style=\"font-size: 12pt; line-height: 18.4px; font-family: &#039;Times New Roman&#039;, serif;\"><span style=\"font-size: 12pt; line-height: 18.4px; font-family: &#039;Times New Roman&#039;, serif;\"><em>#6, agosto 2020. <a href=\"https:\/\/divcsh.izt.uam.mx\/cefilibe\/wp-content\/uploads\/2017\/04\/El_Buho_de_Minerva_6.pdf\" target=\"_blank\" rel=\"noopener\">\u00ab125 a\u00f1os de la muerte de Federico Engels\u00bb<\/a>. Por Gabriel Vargas Lozano.<\/em><\/span><\/span><\/p>\n<p><span style=\"font-size: 12pt; line-height: 18.4px; font-family: &#039;Times New Roman&#039;, serif;\"><em>#5, febrero 2020. <a href=\"https:\/\/divcsh.izt.uam.mx\/cefilibe\/wp-content\/uploads\/2013\/11\/El_Buho_de_Minerva_5.pdf\" target=\"_blank\" rel=\"noopener\">\u00abMario Bunge. In Memoriam\u00bb<\/a>. Por Gabriel Vargas Lozano.<br \/><\/em><\/span><\/p>\n<p><span style=\"font-size: 12pt; line-height: 18.4px; font-family: &#039;Times New Roman&#039;, serif;\"><em><span style=\"font-size: 12pt; line-height: 18.4px; font-family: &#039;Times New Roman&#039;, serif;\"><em>#4, julio 2019. \u00ab<a href=\"https:\/\/divcsh.izt.uam.mx\/cefilibe\/wp-content\/uploads\/2017\/04\/El_Buho_de_Minerva_4.pdf\" target=\"_blank\" rel=\"noopener\">La filosof\u00eda en m\u00e9xico en el siglo XX, de Gustavo Leyva\u00bb.<\/a> Por Gabriel Vargas Lozano.<br \/><\/em><\/span><\/em><\/span><\/p>\n<p><span style=\"font-size: 12pt; line-height: 18.4px; font-family: &#039;Times New Roman&#039;, serif;\"><em><span style=\"font-size: 12pt; line-height: 18.4px; font-family: &#039;Times New Roman&#039;, serif;\"><em><span style=\"font-size: 12pt; line-height: 18.4px; font-family: &#039;Times New Roman&#039;, serif;\"><em>#3, septiembre 2018. <a href=\"https:\/\/divcsh.izt.uam.mx\/cefilibe\/wp-content\/uploads\/2017\/04\/El_Buho_de_Minerva_3.pdf\" target=\"_blank\" rel=\"noopener\">\u00abLa ausencia de una difusi\u00f3n de la filosof\u00eda en M\u00e9xico\u00bb<\/a>. Por Gabriel Vargas Lozano.<br \/><\/em><\/span><\/em><\/span><\/em><\/span><\/p>\n<p><span style=\"font-size: 12pt; line-height: 18.4px; font-family: &#039;Times New Roman&#039;, serif;\"><em><span style=\"font-size: 12pt; line-height: 18.4px; font-family: &#039;Times New Roman&#039;, serif;\"><em><span style=\"font-size: 12pt; line-height: 18.4px; font-family: &#039;Times New Roman&#039;, serif;\"><em><span style=\"font-size: 12pt; line-height: 18.4px; font-family: &#039;Times New Roman&#039;, serif;\"><em>#2, julio 2018. <a href=\"https:\/\/divcsh.izt.uam.mx\/cefilibe\/wp-content\/uploads\/2017\/04\/El_Buho_de_Minerva_2.pdf\" target=\"_blank\" rel=\"noopener\">\u00abEl silencio de la filosof\u00eda\u00bb<\/a>. Por Gabriel Vargas Lozano.<br \/><\/em><\/span><\/em><\/span><\/em><\/span><\/em><\/span><\/p>\n<p><span style=\"font-size: 12pt; line-height: 18.4px; font-family: &#039;Times New Roman&#039;, serif;\"><em><span style=\"font-size: 12pt; line-height: 18.4px; font-family: &#039;Times New Roman&#039;, serif;\"><em><span style=\"font-size: 12pt; line-height: 18.4px; font-family: &#039;Times New Roman&#039;, serif;\"><em><span style=\"font-size: 12pt; line-height: 18.4px; font-family: &#039;Times New Roman&#039;, serif;\"><em><span style=\"font-size: 12pt; line-height: 18.4px; font-family: &#039;Times New Roman&#039;, serif;\"><em>#1, mayo 2018. <a href=\"https:\/\/divcsh.izt.uam.mx\/cefilibe\/wp-content\/uploads\/2017\/04\/El_Buho_de_Minerva_1.pdf\" target=\"_blank\" rel=\"noopener\">\u00abLa finalidad de la educaci\u00f3n mexicana traicionada\u00bb<\/a>. Por jos\u00e9 Alfredo Torres.\u00a0\u00a0\u00a0 <br \/><\/em><\/span><\/em><\/span><\/em><\/span><\/em><\/span><\/em><\/span><\/p>\n<p><span style=\"font-size: 12pt; line-height: 18.4px; font-family: &#039;Times New Roman&#039;, serif;\"><em><span style=\"font-size: 12pt; line-height: 18.4px; font-family: &#039;Times New Roman&#039;, serif;\"><em><span style=\"font-size: 12pt; line-height: 18.4px; font-family: &#039;Times New Roman&#039;, serif;\"><em><span style=\"font-size: 12pt; line-height: 18.4px; font-family: &#039;Times New Roman&#039;, serif;\"><em><span style=\"font-size: 12pt; line-height: 18.4px; font-family: &#039;Times New Roman&#039;, serif;\"><em>#0, abril 2018. <a href=\"https:\/\/divcsh.izt.uam.mx\/cefilibe\/wp-content\/uploads\/2017\/04\/El_Buho_de_Minerva_0.pdf\" target=\"_blank\" rel=\"noopener\">\u00abLa filosof\u00eda en el Colegio Nacional\u00bb<\/a>. Por Gabriel Vargas Lozano.<\/em><\/span><\/em><\/span><\/em><\/span><\/em><\/span><\/em><\/span><\/p>\n<hr \/>\n<address style=\"text-align: justify;\"><em>COMENTARIOS A \u00abEL B\u00daHO DE MINERVA\u00bb<br \/><\/em><\/address>\n<p>&#8211; <a title=\"Leer comentario...\" href=\"https:\/\/divcsh.izt.uam.mx\/cefilibe\/wp-content\/uploads\/2017\/04\/Comentario_1_Eduardo_Sarmiento.pdf\" target=\"_blank\" rel=\"noopener\">COMENTARIO DE EDUARDO SARMIENTO GUTI\u00c9RREZ<\/a> AL No. 1 DE EL B\u00daHO DE MINERVA: \u201cLA FINALIDAD DE LA EDUCACI\u00d3N MEXICANA TRAICIONADA\u201d POR JOS\u00c9 ALFREDO TORRES.<\/p>\n<p>&#8211; <a title=\"Leer comentario...\" href=\"https:\/\/divcsh.izt.uam.mx\/cefilibe\/wp-content\/uploads\/2017\/04\/Comentario_0_Mauricio-Langon.pdf\" target=\"_blank\" rel=\"noopener\">COMENTARIO DE MAURICIO LANGON<\/a> AL No. 0 DE EL B\u00daHO DE MINERVA: \u201cLA FILOSOF\u00cdA EN EL COLEGIO NACIONAL\u201d POR GABRIEL VARGAS LOZANO.<\/p>\n<hr \/>\n<address style=\"text-align: justify;\">BOLETINES<\/address>\n<p>\u00a0<a title=\"20 aniversario del CEFILIBE\" href=\"https:\/\/divcsh.izt.uam.mx\/cefilibe\/wp-content\/uploads\/2017\/04\/Boletin-20-aniversario-CEFILIBE.pdf\" target=\"_blank\" rel=\"noopener\"><img fetchpriority=\"high\" decoding=\"async\" class=\" size-full wp-image-848\" src=\"https:\/\/divcsh.izt.uam.mx\/cefilibe\/wp-content\/uploads\/2017\/04\/Boletin-20-aniversario-CEFILIBE.png\" width=\"204\" height=\"263\" srcset=\"https:\/\/divcsh.izt.uam.mx\/cefilibe\/wp-content\/uploads\/2017\/04\/Boletin-20-aniversario-CEFILIBE.png 612w, https:\/\/divcsh.izt.uam.mx\/cefilibe\/wp-content\/uploads\/2017\/04\/Boletin-20-aniversario-CEFILIBE-232x300.png 232w\" sizes=\"(max-width: 204px) 100vw, 204px\" \/><\/a>\u00a0\u00a0\u00a0\u00a0 <a title=\"Filosof\u00eda a debate. No. 1, 2016.\" href=\"https:\/\/divcsh.izt.uam.mx\/cefilibe\/wp-content\/uploads\/2017\/04\/Boletin-OFM-No.-1-Mayo-2016.pdf\" target=\"_blank\" rel=\"noopener\"><img decoding=\"async\" class=\" size-full wp-image-850\" src=\"https:\/\/divcsh.izt.uam.mx\/cefilibe\/wp-content\/uploads\/2017\/04\/Boletin-OFM-No.-1-Mayo-2016.png\" width=\"204\" height=\"263\" srcset=\"https:\/\/divcsh.izt.uam.mx\/cefilibe\/wp-content\/uploads\/2017\/04\/Boletin-OFM-No.-1-Mayo-2016.png 612w, https:\/\/divcsh.izt.uam.mx\/cefilibe\/wp-content\/uploads\/2017\/04\/Boletin-OFM-No.-1-Mayo-2016-232x300.png 232w\" sizes=\"(max-width: 204px) 100vw, 204px\" \/><\/a>\u00a0\u00a0\u00a0\u00a0 <a title=\"Filosof\u00eda a debate. No 2. 2017.\" href=\"https:\/\/divcsh.izt.uam.mx\/cefilibe\/wp-content\/uploads\/2017\/04\/Boletin-OFM-No.-2-Enero-2017.pdf\" target=\"_blank\" rel=\"noopener\"><img decoding=\"async\" class=\" size-full wp-image-852\" src=\"https:\/\/divcsh.izt.uam.mx\/cefilibe\/wp-content\/uploads\/2017\/04\/Boletin-OFM-No.-2-Enero-2017.png\" width=\"204\" height=\"263\" srcset=\"https:\/\/divcsh.izt.uam.mx\/cefilibe\/wp-content\/uploads\/2017\/04\/Boletin-OFM-No.-2-Enero-2017.png 612w, https:\/\/divcsh.izt.uam.mx\/cefilibe\/wp-content\/uploads\/2017\/04\/Boletin-OFM-No.-2-Enero-2017-232x300.png 232w\" sizes=\"(max-width: 204px) 100vw, 204px\" \/><\/a> \u00a0 \u00a0 \u00a0<a title=\"Leer bolet\u00edn completo\" href=\"https:\/\/divcsh.izt.uam.mx\/cefilibe\/wp-content\/uploads\/2017\/04\/CEFILIBE_1995-2022.pdf\" target=\"_blank\" rel=\"noopener\"><img loading=\"lazy\" decoding=\"async\" class=\" size-full wp-image-854\" src=\"https:\/\/divcsh.izt.uam.mx\/cefilibe\/wp-content\/uploads\/2017\/04\/CEFILIBE_1995-2022ch.png\" width=\"194\" height=\"263\" \/><\/a>\u00a0<\/p>\n<hr \/>\n<address>COMENTARIO EDITORIAL<\/address>\n<p><a title=\"LA PRODUCCI\u00d3N FILOS\u00d3FICA Y SU (NO) DIFUSI\u00d3N (Por Gabriel Vargas Lozano).\" href=\"https:\/\/divcsh.izt.uam.mx\/cefilibe\/wp-content\/uploads\/2017\/04\/Comentario-editorial-1.pdf\" target=\"_blank\" rel=\"noopener\"><img loading=\"lazy\" decoding=\"async\" class=\" size-full wp-image-856\" src=\"https:\/\/divcsh.izt.uam.mx\/cefilibe\/wp-content\/uploads\/2017\/04\/Comentario-editorial-1.png\" width=\"204\" height=\"263\" \/><\/a> \u00a0 \u00a0 <a title=\"EL D\u00cdA INTERNACIONAL DE LA FILOSOF\u00cdA UNESCO 2010 EN LA UAM-I (Por Eduardo Sarmiento Guti\u00e9rrez).\" href=\"https:\/\/divcsh.izt.uam.mx\/cefilibe\/wp-content\/uploads\/2017\/04\/Comentario-editorial-2.pdf\" target=\"_blank\" rel=\"noopener\"><img loading=\"lazy\" decoding=\"async\" class=\" size-full wp-image-858\" src=\"https:\/\/divcsh.izt.uam.mx\/cefilibe\/wp-content\/uploads\/2017\/04\/Comentario-editorial-2.png\" width=\"204\" height=\"263\" \/><\/a> \u00a0 \u00a0<\/p>\n<hr \/>\n<address>CURSO RECONSTRUCCI\u00d3N HIST\u00d3RICA DE LA FILOSOF\u00cdA EN M\u00c9XICO<\/address>\n<address><a title=\"Ver programa completo...\" href=\"https:\/\/divcsh.izt.uam.mx\/cefilibe\/wp-content\/uploads\/2017\/04\/Reconstruccion_2020.pdf\" target=\"_blank\" rel=\"noopener\"><img loading=\"lazy\" decoding=\"async\" class=\" size-full wp-image-860\" src=\"https:\/\/divcsh.izt.uam.mx\/cefilibe\/wp-content\/uploads\/2017\/04\/Reconstruccion_2020.jpg\" width=\"204\" height=\"263\" \/><\/a>\u00a0\u00a0\u00a0\u00a0<\/address>\n<address>\u00a0<\/address>\n<\/div>\n<\/div>\n<\/div>\n<\/div>\n<\/div>\n<\/section>\n","protected":false},"excerpt":{"rendered":"<p>Esta secci\u00f3n contiene los boletines informativos que ha publicado\u00a0el CEFILIBE de forma impresa. Cada uno incluye informaci\u00f3n general sobre las actividades del Centro. Tambi\u00e9n se pueden consultar otros documentos importantes para la comunidad filos\u00f3fica como los boletines del Observatorio Filos\u00f3fico de M\u00e9xico, la publicaci\u00f3n El B\u00faho de Minerva, el Comentario editorial del Centro, programas de [&hellip;]<\/p>\n","protected":false},"author":1,"featured_media":1789,"parent":0,"menu_order":1,"comment_status":"closed","ping_status":"closed","template":"","meta":{"footnotes":""},"class_list":["post-861","page","type-page","status-publish","has-post-thumbnail","hentry"],"blocksy_meta":[],"_links":{"self":[{"href":"https:\/\/divcsh.izt.uam.mx\/cefilibe\/index.php\/wp-json\/wp\/v2\/pages\/861","targetHints":{"allow":["GET"]}}],"collection":[{"href":"https:\/\/divcsh.izt.uam.mx\/cefilibe\/index.php\/wp-json\/wp\/v2\/pages"}],"about":[{"href":"https:\/\/divcsh.izt.uam.mx\/cefilibe\/index.php\/wp-json\/wp\/v2\/types\/page"}],"author":[{"embeddable":true,"href":"https:\/\/divcsh.izt.uam.mx\/cefilibe\/index.php\/wp-json\/wp\/v2\/users\/1"}],"replies":[{"embeddable":true,"href":"https:\/\/divcsh.izt.uam.mx\/cefilibe\/index.php\/wp-json\/wp\/v2\/comments?post=861"}],"version-history":[{"count":4,"href":"https:\/\/divcsh.izt.uam.mx\/cefilibe\/index.php\/wp-json\/wp\/v2\/pages\/861\/revisions"}],"predecessor-version":[{"id":1790,"href":"https:\/\/divcsh.izt.uam.mx\/cefilibe\/index.php\/wp-json\/wp\/v2\/pages\/861\/revisions\/1790"}],"wp:featuredmedia":[{"embeddable":true,"href":"https:\/\/divcsh.izt.uam.mx\/cefilibe\/index.php\/wp-json\/wp\/v2\/media\/1789"}],"wp:attachment":[{"href":"https:\/\/divcsh.izt.uam.mx\/cefilibe\/index.php\/wp-json\/wp\/v2\/media?parent=861"}],"curies":[{"name":"wp","href":"https:\/\/api.w.org\/{rel}","templated":true}]}}