{"id":811,"date":"2024-05-20T23:01:24","date_gmt":"2024-05-20T23:01:24","guid":{"rendered":"https:\/\/divcsh.izt.uam.mx\/cipol\/?page_id=811"},"modified":"2025-02-06T21:55:53","modified_gmt":"2025-02-06T21:55:53","slug":"servicio-social","status":"publish","type":"page","link":"https:\/\/divcsh.izt.uam.mx\/cipol\/index.php\/servicio-social\/","title":{"rendered":"Servicio Social"},"content":{"rendered":"\t\t<div data-elementor-type=\"wp-page\" data-elementor-id=\"811\" class=\"elementor elementor-811\" data-elementor-post-type=\"page\">\n\t\t\t\t<div class=\"elementor-element elementor-element-94fbe72 e-flex e-con-boxed e-con e-parent\" data-id=\"94fbe72\" data-element_type=\"container\" data-e-type=\"container\">\n\t\t\t\t\t<div class=\"e-con-inner\">\n\t\t\t\t<div class=\"elementor-element elementor-element-f474d12 elementor-widget elementor-widget-image\" data-id=\"f474d12\" data-element_type=\"widget\" data-e-type=\"widget\" data-widget_type=\"image.default\">\n\t\t\t\t<div class=\"elementor-widget-container\">\n\t\t\t\t\t\t\t\t\t\t\t\t\t\t\t<img fetchpriority=\"high\" decoding=\"async\" width=\"300\" height=\"228\" src=\"https:\/\/divcsh.izt.uam.mx\/cipol\/wp-content\/uploads\/2025\/02\/Lilac-Illustrated-Social-Psychology-Presentation-Post-de-Instagram-e1738877372382-300x228.png\" class=\"attachment-medium size-medium wp-image-1240\" alt=\"\" srcset=\"https:\/\/divcsh.izt.uam.mx\/cipol\/wp-content\/uploads\/2025\/02\/Lilac-Illustrated-Social-Psychology-Presentation-Post-de-Instagram-e1738877372382-300x228.png 300w, https:\/\/divcsh.izt.uam.mx\/cipol\/wp-content\/uploads\/2025\/02\/Lilac-Illustrated-Social-Psychology-Presentation-Post-de-Instagram-e1738877372382-1024x777.png 1024w, https:\/\/divcsh.izt.uam.mx\/cipol\/wp-content\/uploads\/2025\/02\/Lilac-Illustrated-Social-Psychology-Presentation-Post-de-Instagram-e1738877372382-768x583.png 768w, https:\/\/divcsh.izt.uam.mx\/cipol\/wp-content\/uploads\/2025\/02\/Lilac-Illustrated-Social-Psychology-Presentation-Post-de-Instagram-e1738877372382.png 1080w\" sizes=\"(max-width: 300px) 100vw, 300px\" \/>\t\t\t\t\t\t\t\t\t\t\t\t\t\t\t<\/div>\n\t\t\t\t<\/div>\n\t\t\t\t\t<\/div>\n\t\t\t\t<\/div>\n\t\t<div class=\"elementor-element elementor-element-b0c6c6c e-flex e-con-boxed e-con e-parent\" data-id=\"b0c6c6c\" data-element_type=\"container\" data-e-type=\"container\">\n\t\t\t\t\t<div class=\"e-con-inner\">\n\t\t\t\t<div class=\"elementor-element elementor-element-6c52733 elementor-widget elementor-widget-spacer\" data-id=\"6c52733\" data-element_type=\"widget\" data-e-type=\"widget\" data-widget_type=\"spacer.default\">\n\t\t\t\t<div class=\"elementor-widget-container\">\n\t\t\t\t\t\t\t<div class=\"elementor-spacer\">\n\t\t\t<div class=\"elementor-spacer-inner\"><\/div>\n\t\t<\/div>\n\t\t\t\t\t\t<\/div>\n\t\t\t\t<\/div>\n\t\t\t\t<div class=\"elementor-element elementor-element-830cf00 elementor-widget elementor-widget-text-editor\" data-id=\"830cf00\" data-element_type=\"widget\" data-e-type=\"widget\" data-widget_type=\"text-editor.default\">\n\t\t\t\t<div class=\"elementor-widget-container\">\n\t\t\t\t\t\t\t\t\t<h5><strong>Instrucciones para consultar los proyectos de servicio social vigentes de la licenciatura en Ciencia Pol\u00edtica<\/strong><\/h5><p>A partir de las siguientes instrucciones puedes consultar los proyectos de Servicio Social disponibles, para los alumnos de la licenciatura en Ciencia Pol\u00edtica:<\/p><ol><li>Ingresa a la p\u00e1gina del\u00a0<a href=\"http:\/\/csh.izt.uam.mx\/rectoria\/SDIP\/\">SDIP.<\/a><\/li><li>Sin iniciar sesi\u00f3n, presiona la opci\u00f3n \u201cFormatos\u201d ubicado en la parte superior (ah\u00ed encontrar\u00e1s tambi\u00e9n los formatos para inscribir el servicio social).<\/li><li>Una vez dentro, dir\u00edgete al final de la p\u00e1gina, donde se encuentra la opci\u00f3n para consultar la carpeta de proyectos aprobados.<\/li><li>Cuando hayas abierto el PDF con los proyectos, oprime las teclas Ctrl + F y en la barra que aparecer\u00e1 escribe \u201cCiencia Pol\u00edtica\u201d para que se marquen todos los proyectos vigentes que aceptan alumnos de Ciencia Pol\u00edtica.<\/li><li>Antes de inscribirte al servicio social, es necesario que consultes al asesor interno o externo responsable del proyecto.<\/li><\/ol>\t\t\t\t\t\t\t\t<\/div>\n\t\t\t\t<\/div>\n\t\t\t\t<div class=\"elementor-element elementor-element-2676d1a elementor-widget elementor-widget-spacer\" data-id=\"2676d1a\" data-element_type=\"widget\" data-e-type=\"widget\" data-widget_type=\"spacer.default\">\n\t\t\t\t<div class=\"elementor-widget-container\">\n\t\t\t\t\t\t\t<div class=\"elementor-spacer\">\n\t\t\t<div class=\"elementor-spacer-inner\"><\/div>\n\t\t<\/div>\n\t\t\t\t\t\t<\/div>\n\t\t\t\t<\/div>\n\t\t\t\t\t<\/div>\n\t\t\t\t<\/div>\n\t\t<div class=\"elementor-element elementor-element-7adab9c e-flex e-con-boxed e-con e-parent\" data-id=\"7adab9c\" data-element_type=\"container\" data-e-type=\"container\">\n\t\t\t\t\t<div class=\"e-con-inner\">\n\t\t<div class=\"elementor-element elementor-element-618a3fa e-con-full e-flex e-con e-child\" data-id=\"618a3fa\" data-element_type=\"container\" data-e-type=\"container\">\n\t\t\t\t<div class=\"elementor-element elementor-element-0e804d0 elementor-widget elementor-widget-text-editor\" data-id=\"0e804d0\" data-element_type=\"widget\" data-e-type=\"widget\" data-widget_type=\"text-editor.default\">\n\t\t\t\t<div class=\"elementor-widget-container\">\n\t\t\t\t\t\t\t\t\t<h5><span style=\"color: #000000;\"><strong>Si tienes alguna duda puedes acudir al F-026 con la Lic. Brianda Natalye Garrido Ledezma, Asistente de Servicio Social, Bolsa de Trabajo y Movilidad Estudiantil<\/strong><\/span><\/h5>\t\t\t\t\t\t\t\t<\/div>\n\t\t\t\t<\/div>\n\t\t\t\t<\/div>\n\t\t\t\t<div class=\"elementor-element elementor-element-20fb480 elementor-widget__width-initial elementor-widget elementor-widget-video\" data-id=\"20fb480\" data-element_type=\"widget\" data-e-type=\"widget\" data-settings=\"{&quot;video_type&quot;:&quot;hosted&quot;,&quot;controls&quot;:&quot;yes&quot;}\" data-widget_type=\"video.default\">\n\t\t\t\t<div class=\"elementor-widget-container\">\n\t\t\t\t\t\t\t<div class=\"e-hosted-video elementor-wrapper elementor-open-inline\">\n\t\t\t\t\t<video class=\"elementor-video\" src=\"https:\/\/divcsh.izt.uam.mx\/cipol\/wp-content\/uploads\/2025\/02\/Sin-titulo-6.mp4\" controls=\"\" preload=\"metadata\" controlsList=\"nodownload\"><\/video>\n\t\t\t\t<\/div>\n\t\t\t\t\t\t<\/div>\n\t\t\t\t<\/div>\n\t\t\t\t\t<\/div>\n\t\t\t\t<\/div>\n\t\t\t\t<\/div>\n\t\t","protected":false},"excerpt":{"rendered":"<p>Instrucciones para consultar los proyectos de servicio social vigentes de la licenciatura en Ciencia Pol\u00edtica A partir de las siguientes instrucciones puedes consultar los proyectos de Servicio Social disponibles, para los alumnos de la licenciatura en Ciencia Pol\u00edtica: Ingresa a la p\u00e1gina del\u00a0SDIP. Sin iniciar sesi\u00f3n, presiona la opci\u00f3n \u201cFormatos\u201d ubicado en la parte superior [&hellip;]<\/p>\n","protected":false},"author":3,"featured_media":0,"parent":0,"menu_order":0,"comment_status":"closed","ping_status":"closed","template":"","meta":{"tpgb_global_settings":"","footnotes":""},"class_list":["post-811","page","type-page","status-publish","hentry"],"blocksy_meta":{"page_title_panel":"","has_hero_section":"disabled","a021d615acb00704d22a215bb20821ff":"","hero_section":"type-1","hero_elements":[{"id":"custom_title","enabled":true,"heading_tag":"h1","title":"Home"},{"id":"custom_description","enabled":true,"description_visibility":{"desktop":true,"tablet":true,"mobile":false}},{"id":"custom_meta","enabled":false,"meta_elements":[{"id":"author","enabled":true,"label":"By","has_author_avatar":"yes","avatar_size":25},{"id":"post_date","enabled":true,"label":"On","date_format_source":"default","date_format":"M j, Y"},{"id":"comments","enabled":true}],"page_meta_elements":{"joined":true,"articles_count":true,"comments":true}},{"id":"breadcrumbs","enabled":false}],"d0505c9bc2c3a100918983b7672c5e6d":"","hero_alignment1":"left","hero_alignment2":"center","hero_vertical_alignment":"center","69a73150cebfaece67402936f1c0455f":"","hero_structure":"narrow","bd1080d581870d75437a0aec7ce14d23":"","page_title_bg_type":"featured_image","custom_hero_background":{"attachment_id":null},"parallax":{"desktop":false,"tablet":false,"mobile":false},"a45ed0d64b9a771c158335017296bd80":"","hero_height":"250px","pageTitleFont":{"family":"Default","variation":"Default","size":{"desktop":"32px","tablet":"30px","mobile":"25px"},"line-height":"CT_CSS_SKIP_RULE","letter-spacing":"CT_CSS_SKIP_RULE","text-transform":"CT_CSS_SKIP_RULE","text-decoration":"CT_CSS_SKIP_RULE"},"pageTitleFontColor":{"default":{"color":"CT_CSS_SKIP_RULEDEFAULT"}},"pageMetaFont":{"family":"Default","variation":"n6","size":{"desktop":"12px","tablet":"12px","mobile":"12px"},"line-height":"1.3","letter-spacing":"CT_CSS_SKIP_RULE","text-transform":"uppercase","text-decoration":"CT_CSS_SKIP_RULE"},"pageMetaFontColor":{"default":{"color":"CT_CSS_SKIP_RULEDEFAULT"},"hover":{"color":"CT_CSS_SKIP_RULEDEFAULT"}},"pageExcerptFont":{"family":"Default","variation":"Default","size":"CT_CSS_SKIP_RULE","line-height":"CT_CSS_SKIP_RULE","letter-spacing":"CT_CSS_SKIP_RULE","text-transform":"CT_CSS_SKIP_RULE","text-decoration":"CT_CSS_SKIP_RULE"},"pageExcerptColor":{"default":{"color":"CT_CSS_SKIP_RULEDEFAULT"}},"breadcrumbsFont":{"family":"Default","variation":"n6","size":"12px","line-height":"CT_CSS_SKIP_RULE","letter-spacing":"CT_CSS_SKIP_RULE","text-transform":"uppercase","text-decoration":"CT_CSS_SKIP_RULE"},"breadcrumbsFontColor":{"default":{"color":"CT_CSS_SKIP_RULEDEFAULT"},"initial":{"color":"CT_CSS_SKIP_RULEDEFAULT"},"hover":{"color":"CT_CSS_SKIP_RULEDEFAULT"}},"pageTitleOverlay":{"default":{"color":"rgba(41, 51, 60, 0.2)"}},"pageTitleBackground":{"background_type":"color","background_pattern":"type-1","background_image":{"attachment_id":null,"x":0,"y":0},"background_repeat":"no-repeat","background_size":"auto","background_attachment":"scroll","patternColor":{"default":{"color":"#e5e7ea"}},"backgroundColor":{"default":{"color":"#EDEFF2"}}},"c0700eea2d5f2a79943114245d9b0d3c":"","page_structure_type":"default","content_style":"inherit","vertical_spacing_source":"custom","content_area_spacing":"none","background":{"background_type":"color","background_pattern":"type-1","background_image":{"attachment_id":null,"x":0,"y":0},"background_repeat":"no-repeat","background_size":"auto","background_attachment":"scroll","patternColor":{"default":{"color":"#e5e7ea"}},"backgroundColor":{"default":{"color":"CT_CSS_SKIP_RULE"}}},"content_background":{"background_type":"color","background_pattern":"type-1","background_image":{"attachment_id":null,"x":0,"y":0},"background_repeat":"no-repeat","background_size":"auto","background_attachment":"scroll","patternColor":{"default":{"color":"#e5e7ea"}},"backgroundColor":{"default":{"color":"#ffffff"}}},"content_boxed_spacing":{"desktop":"40px","tablet":"35px","mobile":"20px"},"content_boxed_radius":{"top":"3px","bottom":"3px","left":"3px","right":"3px","linked":true},"content_boxed_shadow":{"blur":18,"spread":-6,"v_offset":12,"h_offset":0,"inset":false,"enable":true,"color":{"color":"rgba(34, 56, 101, 0.04)"}},"05c14464af83440d2458a3b59cd3c7c8":"","disable_featured_image":"no","disable_header":"no","disable_footer":"no","styles_descriptor":{"styles":{"desktop":"","tablet":"","mobile":""},"google_fonts":[]}},"tpgb_featured_images":null,"tpgb_post_meta_info":{"get_date":"20 de mayo de 2024","get_modified_date":"6 de febrero de 2025","author_name":"Yeduan Juarez","author_url":"https:\/\/divcsh.izt.uam.mx\/cipol\/index.php\/author\/yeduanlddi\/","author_email":"yeduan@xanum.uam.mx","author_website":"","author_description":"","author_facebook":"","author_twitter":"","author_instagram":"","author_role":["administrator"],"author_firstname":"Yeduan","author_lastname":"Juarez","user_login":"yeduanlddi","author_avatar":"<img alt='' src='https:\/\/secure.gravatar.com\/avatar\/85d9e73cf700502298be57c061c74e47638f44a431977226f123c2ee645828f6?s=200&#038;d=mm&#038;r=g' srcset='https:\/\/secure.gravatar.com\/avatar\/85d9e73cf700502298be57c061c74e47638f44a431977226f123c2ee645828f6?s=400&#038;d=mm&#038;r=g 2x' class='avatar avatar-200 photo' height='200' width='200' decoding='async'\/>","author_avatar_url":"https:\/\/secure.gravatar.com\/avatar\/85d9e73cf700502298be57c061c74e47638f44a431977226f123c2ee645828f6?s=96&d=mm&r=g","comment_count":0,"post_likes":0,"post_views":0},"tpgb_post_category":[],"_links":{"self":[{"href":"https:\/\/divcsh.izt.uam.mx\/cipol\/index.php\/wp-json\/wp\/v2\/pages\/811","targetHints":{"allow":["GET"]}}],"collection":[{"href":"https:\/\/divcsh.izt.uam.mx\/cipol\/index.php\/wp-json\/wp\/v2\/pages"}],"about":[{"href":"https:\/\/divcsh.izt.uam.mx\/cipol\/index.php\/wp-json\/wp\/v2\/types\/page"}],"author":[{"embeddable":true,"href":"https:\/\/divcsh.izt.uam.mx\/cipol\/index.php\/wp-json\/wp\/v2\/users\/3"}],"replies":[{"embeddable":true,"href":"https:\/\/divcsh.izt.uam.mx\/cipol\/index.php\/wp-json\/wp\/v2\/comments?post=811"}],"version-history":[{"count":6,"href":"https:\/\/divcsh.izt.uam.mx\/cipol\/index.php\/wp-json\/wp\/v2\/pages\/811\/revisions"}],"predecessor-version":[{"id":1250,"href":"https:\/\/divcsh.izt.uam.mx\/cipol\/index.php\/wp-json\/wp\/v2\/pages\/811\/revisions\/1250"}],"wp:attachment":[{"href":"https:\/\/divcsh.izt.uam.mx\/cipol\/index.php\/wp-json\/wp\/v2\/media?parent=811"}],"curies":[{"name":"wp","href":"https:\/\/api.w.org\/{rel}","templated":true}]}}