{"id":1697,"date":"2024-02-06T09:48:14","date_gmt":"2024-02-06T09:48:14","guid":{"rendered":"https:\/\/divcsh.izt.uam.mx\/consejo_editorial\/?page_id=1697"},"modified":"2026-02-03T22:21:46","modified_gmt":"2026-02-03T22:21:46","slug":"inicio","status":"publish","type":"page","link":"https:\/\/divcsh.izt.uam.mx\/consejo_editorial\/","title":{"rendered":"Inicio"},"content":{"rendered":"\t\t<div data-elementor-type=\"wp-page\" data-elementor-id=\"1697\" class=\"elementor elementor-1697\">\n\t\t\t\t<div class=\"elementor-element elementor-element-ed452b8 e-con-full e-flex e-con e-parent\" data-id=\"ed452b8\" data-element_type=\"container\" data-e-type=\"container\">\n\t\t\t\t<div class=\"elementor-element elementor-element-b0968df elementor-widget elementor-widget-heading\" data-id=\"b0968df\" data-element_type=\"widget\" data-e-type=\"widget\" data-widget_type=\"heading.default\">\n\t\t\t\t<div class=\"elementor-widget-container\">\n\t\t\t\t\t<h2 class=\"elementor-heading-title elementor-size-default\">Consejo Editorial CSH<\/h2>\t\t\t\t<\/div>\n\t\t\t\t<\/div>\n\t\t\t\t<div class=\"elementor-element elementor-element-0eeccba elementor-widget elementor-widget-text-editor\" data-id=\"0eeccba\" data-element_type=\"widget\" data-e-type=\"widget\" data-widget_type=\"text-editor.default\">\n\t\t\t\t<div class=\"elementor-widget-container\">\n\t\t\t\t\t\t\t\t\t<p><span style=\"font-weight: 400;\">El Consejo Editorial de Ciencias Sociales y Humanidades est\u00e1 constituido por dos Comit\u00e9s Editoriales, uno de libros y otro para la r<\/span><span style=\"font-weight: 400;\">evista <i>Iztapalapa<\/i><\/span><span style=\"font-weight: 400;\">. Por medio de su Coordinaci\u00f3n General conduce los procesos de producci\u00f3n editorial de acuerdo con la normatividad de la Universidad, asegurando la calidad de sus publicaciones y contribuyendo a su difusi\u00f3n. Los libros son el resultado de las investigaciones del profesorado de nuestra Divisi\u00f3n, as\u00ed como los libros colectivos en los que se pueden incluir autor\u00eda externa. En el caso de la r<\/span><span style=\"font-weight: 400;\">evista <i>Iztapalapa<\/i><\/span><span style=\"font-weight: 400;\">, esta presenta un tema central coordinado por el personal acad\u00e9mico de la Divisi\u00f3n CSH y se incluyen art\u00edculos de autores internos y externos.<\/span><\/p>\t\t\t\t\t\t\t\t<\/div>\n\t\t\t\t<\/div>\n\t\t\t\t<div class=\"elementor-element elementor-element-b9fb927 elementor-widget elementor-widget-image\" data-id=\"b9fb927\" data-element_type=\"widget\" data-e-type=\"widget\" data-widget_type=\"image.default\">\n\t\t\t\t<div class=\"elementor-widget-container\">\n\t\t\t\t\t\t\t\t\t\t\t\t\t\t\t<img fetchpriority=\"high\" decoding=\"async\" width=\"300\" height=\"300\" src=\"https:\/\/divcsh.izt.uam.mx\/consejo_editorial\/wp-content\/uploads\/2024\/02\/cropped-Copia-de-Copia-de-div-2-300x300.png\" class=\"attachment-medium size-medium wp-image-1937\" alt=\"\" srcset=\"https:\/\/divcsh.izt.uam.mx\/consejo_editorial\/wp-content\/uploads\/2024\/02\/cropped-Copia-de-Copia-de-div-2-300x300.png 300w, https:\/\/divcsh.izt.uam.mx\/consejo_editorial\/wp-content\/uploads\/2024\/02\/cropped-Copia-de-Copia-de-div-2-150x150.png 150w, https:\/\/divcsh.izt.uam.mx\/consejo_editorial\/wp-content\/uploads\/2024\/02\/cropped-Copia-de-Copia-de-div-2-270x270.png 270w, https:\/\/divcsh.izt.uam.mx\/consejo_editorial\/wp-content\/uploads\/2024\/02\/cropped-Copia-de-Copia-de-div-2-192x192.png 192w, https:\/\/divcsh.izt.uam.mx\/consejo_editorial\/wp-content\/uploads\/2024\/02\/cropped-Copia-de-Copia-de-div-2-180x180.png 180w, https:\/\/divcsh.izt.uam.mx\/consejo_editorial\/wp-content\/uploads\/2024\/02\/cropped-Copia-de-Copia-de-div-2-32x32.png 32w, https:\/\/divcsh.izt.uam.mx\/consejo_editorial\/wp-content\/uploads\/2024\/02\/cropped-Copia-de-Copia-de-div-2.png 512w\" sizes=\"(max-width: 300px) 100vw, 300px\" \/>\t\t\t\t\t\t\t\t\t\t\t\t\t\t\t<\/div>\n\t\t\t\t<\/div>\n\t\t\t\t<\/div>\n\t\t\t\t<\/div>\n\t\t","protected":false},"excerpt":{"rendered":"<p>Consejo Editorial CSH El Consejo Editorial de Ciencias Sociales y Humanidades est\u00e1 constituido por dos Comit\u00e9s Editoriales, uno de libros y otro para la revista Iztapalapa. Por medio de su Coordinaci\u00f3n General conduce los procesos de producci\u00f3n editorial de acuerdo con la normatividad de la Universidad, asegurando la calidad de sus publicaciones y contribuyendo a [&hellip;]<\/p>\n","protected":false},"author":14,"featured_media":0,"parent":0,"menu_order":0,"comment_status":"closed","ping_status":"closed","template":"","meta":{"footnotes":""},"class_list":["post-1697","page","type-page","status-publish","hentry"],"blocksy_meta":[],"_links":{"self":[{"href":"https:\/\/divcsh.izt.uam.mx\/consejo_editorial\/index.php\/wp-json\/wp\/v2\/pages\/1697","targetHints":{"allow":["GET"]}}],"collection":[{"href":"https:\/\/divcsh.izt.uam.mx\/consejo_editorial\/index.php\/wp-json\/wp\/v2\/pages"}],"about":[{"href":"https:\/\/divcsh.izt.uam.mx\/consejo_editorial\/index.php\/wp-json\/wp\/v2\/types\/page"}],"author":[{"embeddable":true,"href":"https:\/\/divcsh.izt.uam.mx\/consejo_editorial\/index.php\/wp-json\/wp\/v2\/users\/14"}],"replies":[{"embeddable":true,"href":"https:\/\/divcsh.izt.uam.mx\/consejo_editorial\/index.php\/wp-json\/wp\/v2\/comments?post=1697"}],"version-history":[{"count":28,"href":"https:\/\/divcsh.izt.uam.mx\/consejo_editorial\/index.php\/wp-json\/wp\/v2\/pages\/1697\/revisions"}],"predecessor-version":[{"id":4829,"href":"https:\/\/divcsh.izt.uam.mx\/consejo_editorial\/index.php\/wp-json\/wp\/v2\/pages\/1697\/revisions\/4829"}],"wp:attachment":[{"href":"https:\/\/divcsh.izt.uam.mx\/consejo_editorial\/index.php\/wp-json\/wp\/v2\/media?parent=1697"}],"curies":[{"name":"wp","href":"https:\/\/api.w.org\/{rel}","templated":true}]}}