{"id":2001,"date":"2024-10-10T22:10:42","date_gmt":"2024-10-10T22:10:42","guid":{"rendered":"https:\/\/divcsh.izt.uam.mx\/consejo_editorial\/?page_id=2001"},"modified":"2026-01-22T22:22:15","modified_gmt":"2026-01-22T22:22:15","slug":"contacto","status":"publish","type":"page","link":"https:\/\/divcsh.izt.uam.mx\/consejo_editorial\/index.php\/contacto\/","title":{"rendered":"Contacto"},"content":{"rendered":"\t\t<div data-elementor-type=\"wp-page\" data-elementor-id=\"2001\" class=\"elementor elementor-2001\">\n\t\t\t\t<div class=\"elementor-element elementor-element-ca94238 e-flex e-con-boxed e-con e-parent\" data-id=\"ca94238\" data-element_type=\"container\" data-e-type=\"container\">\n\t\t\t\t\t<div class=\"e-con-inner\">\n\t\t\t\t<div class=\"elementor-element elementor-element-3218bd5 elementor-widget elementor-widget-heading\" data-id=\"3218bd5\" data-element_type=\"widget\" data-e-type=\"widget\" data-widget_type=\"heading.default\">\n\t\t\t\t<div class=\"elementor-widget-container\">\n\t\t\t\t\t<h2 class=\"elementor-heading-title elementor-size-default\">Contacto<\/h2>\t\t\t\t<\/div>\n\t\t\t\t<\/div>\n\t\t\t\t\t<\/div>\n\t\t\t\t<\/div>\n\t\t<div class=\"elementor-element elementor-element-aaa13f9 e-flex e-con-boxed e-con e-parent\" data-id=\"aaa13f9\" data-element_type=\"container\" data-e-type=\"container\">\n\t\t\t\t\t<div class=\"e-con-inner\">\n\t\t\t\t<div class=\"elementor-element elementor-element-cef9ff7 elementor-widget elementor-widget-text-editor\" data-id=\"cef9ff7\" data-element_type=\"widget\" data-e-type=\"widget\" data-widget_type=\"text-editor.default\">\n\t\t\t\t<div class=\"elementor-widget-container\">\n\t\t\t\t\t\t\t\t\t<p style=\"text-align: center;\">Dra. Freja Ininna Cervantes Becerril<\/p><p style=\"text-align: center;\"><strong>Coordinadora General del Consejo Editorial de CSH\u00a0<\/strong><\/p><p style=\"text-align: center;\"><strong>ext. 3831<\/strong><\/p><p style=\"text-align: center;\">Lic. Sonia D\u00edaz Jacuinde<\/p><p style=\"text-align: center;\"><b>Asistente del Consejo Editorial\u00a0 de CSH<\/b><b>\u00a0<\/b><\/p><p style=\"text-align: center;\"><b>ext. 5029<\/b><\/p><p>Gabriela Vega Sibaja<\/p><p><strong>Secretaria<\/strong><\/p><p><strong>ext. 4755<\/strong><\/p><p>Jaqueline Zamudio\u00a0<\/p><p><strong>Secretaria<\/strong><\/p><p><strong>ext. 4759<\/strong><\/p><p><strong>Ubicaci\u00f3n:<\/strong> H-213<\/p><p><strong>N\u00famero de tel\u00e9fono:<\/strong>\u00a055 5804 4600<\/p><p><strong>Contacto:<\/strong> revi@xanum.uam.mx<\/p>\t\t\t\t\t\t\t\t<\/div>\n\t\t\t\t<\/div>\n\t\t\t\t\t<\/div>\n\t\t\t\t<\/div>\n\t\t\t\t<\/div>\n\t\t","protected":false},"excerpt":{"rendered":"<p>Contacto Dra. Freja Ininna Cervantes Becerril Coordinadora General del Consejo Editorial de CSH\u00a0 ext. 3831 Lic. Sonia D\u00edaz Jacuinde Asistente del Consejo Editorial\u00a0 de CSH\u00a0 ext. 5029 Gabriela Vega Sibaja Secretaria ext. 4755 Jaqueline Zamudio\u00a0 Secretaria ext. 4759 Ubicaci\u00f3n: H-213 N\u00famero de tel\u00e9fono:\u00a055 5804 4600 Contacto: revi@xanum.uam.mx<\/p>\n","protected":false},"author":14,"featured_media":0,"parent":0,"menu_order":0,"comment_status":"closed","ping_status":"closed","template":"","meta":{"footnotes":""},"class_list":["post-2001","page","type-page","status-publish","hentry"],"blocksy_meta":[],"_links":{"self":[{"href":"https:\/\/divcsh.izt.uam.mx\/consejo_editorial\/index.php\/wp-json\/wp\/v2\/pages\/2001","targetHints":{"allow":["GET"]}}],"collection":[{"href":"https:\/\/divcsh.izt.uam.mx\/consejo_editorial\/index.php\/wp-json\/wp\/v2\/pages"}],"about":[{"href":"https:\/\/divcsh.izt.uam.mx\/consejo_editorial\/index.php\/wp-json\/wp\/v2\/types\/page"}],"author":[{"embeddable":true,"href":"https:\/\/divcsh.izt.uam.mx\/consejo_editorial\/index.php\/wp-json\/wp\/v2\/users\/14"}],"replies":[{"embeddable":true,"href":"https:\/\/divcsh.izt.uam.mx\/consejo_editorial\/index.php\/wp-json\/wp\/v2\/comments?post=2001"}],"version-history":[{"count":42,"href":"https:\/\/divcsh.izt.uam.mx\/consejo_editorial\/index.php\/wp-json\/wp\/v2\/pages\/2001\/revisions"}],"predecessor-version":[{"id":2278,"href":"https:\/\/divcsh.izt.uam.mx\/consejo_editorial\/index.php\/wp-json\/wp\/v2\/pages\/2001\/revisions\/2278"}],"wp:attachment":[{"href":"https:\/\/divcsh.izt.uam.mx\/consejo_editorial\/index.php\/wp-json\/wp\/v2\/media?parent=2001"}],"curies":[{"name":"wp","href":"https:\/\/api.w.org\/{rel}","templated":true}]}}