{"id":2174,"date":"2025-10-09T20:43:06","date_gmt":"2025-10-09T20:43:06","guid":{"rendered":"https:\/\/divcsh.izt.uam.mx\/consejo_editorial\/?page_id=2174"},"modified":"2025-12-19T00:11:09","modified_gmt":"2025-12-19T00:11:09","slug":"normas-para-publicar","status":"publish","type":"page","link":"https:\/\/divcsh.izt.uam.mx\/consejo_editorial\/index.php\/normas-para-publicar\/","title":{"rendered":"Normas"},"content":{"rendered":"\t\t<div data-elementor-type=\"wp-page\" data-elementor-id=\"2174\" class=\"elementor elementor-2174\">\n\t\t\t\t<div class=\"elementor-element elementor-element-11ab95f e-flex e-con-boxed e-con e-parent\" data-id=\"11ab95f\" data-element_type=\"container\" data-e-type=\"container\">\n\t\t\t\t\t<div class=\"e-con-inner\">\n\t\t\t\t<div class=\"elementor-element elementor-element-38e95ea elementor-widget elementor-widget-heading\" data-id=\"38e95ea\" data-element_type=\"widget\" data-e-type=\"widget\" data-widget_type=\"heading.default\">\n\t\t\t\t<div class=\"elementor-widget-container\">\n\t\t\t\t\t<h2 class=\"elementor-heading-title elementor-size-default\">Normas para publicar<\/h2>\t\t\t\t<\/div>\n\t\t\t\t<\/div>\n\t\t\t\t\t<\/div>\n\t\t\t\t<\/div>\n\t\t<div class=\"elementor-element elementor-element-e9d28c2 e-con-full e-flex e-con e-parent\" data-id=\"e9d28c2\" data-element_type=\"container\" data-e-type=\"container\">\n\t\t\t\t<div class=\"elementor-element elementor-element-7e8c2e0 elementor-widget elementor-widget-eael-adv-accordion\" data-id=\"7e8c2e0\" data-element_type=\"widget\" data-e-type=\"widget\" data-widget_type=\"eael-adv-accordion.default\">\n\t\t\t\t<div class=\"elementor-widget-container\">\n\t\t\t\t\t            <div class=\"eael-adv-accordion\" id=\"eael-adv-accordion-7e8c2e0\" data-scroll-on-click=\"no\" data-scroll-speed=\"300\" data-accordion-id=\"7e8c2e0\" data-accordion-type=\"accordion\" data-toogle-speed=\"300\">\n            <div class=\"eael-accordion-list\">\n\t\t\t\t\t<div id=\"normas\" class=\"elementor-tab-title eael-accordion-header\" tabindex=\"0\" data-tab=\"1\" aria-controls=\"elementor-tab-content-1321\"><span class=\"eael-advanced-accordion-icon-closed\"><svg aria-hidden=\"true\" class=\"fa-accordion-icon e-font-icon-svg e-fas-plus\" viewBox=\"0 0 448 512\" xmlns=\"http:\/\/www.w3.org\/2000\/svg\"><path d=\"M416 208H272V64c0-17.67-14.33-32-32-32h-32c-17.67 0-32 14.33-32 32v144H32c-17.67 0-32 14.33-32 32v32c0 17.67 14.33 32 32 32h144v144c0 17.67 14.33 32 32 32h32c17.67 0 32-14.33 32-32V304h144c17.67 0 32-14.33 32-32v-32c0-17.67-14.33-32-32-32z\"><\/path><\/svg><\/span><span class=\"eael-advanced-accordion-icon-opened\"><svg aria-hidden=\"true\" class=\"fa-accordion-icon e-font-icon-svg e-fas-minus\" viewBox=\"0 0 448 512\" xmlns=\"http:\/\/www.w3.org\/2000\/svg\"><path d=\"M416 208H32c-17.67 0-32 14.33-32 32v32c0 17.67 14.33 32 32 32h384c17.67 0 32-14.33 32-32v-32c0-17.67-14.33-32-32-32z\"><\/path><\/svg><\/span><span class=\"eael-accordion-tab-title\">Normas<\/span><svg aria-hidden=\"true\" class=\"fa-toggle e-font-icon-svg e-fas-angle-right\" viewBox=\"0 0 256 512\" xmlns=\"http:\/\/www.w3.org\/2000\/svg\"><path d=\"M224.3 273l-136 136c-9.4 9.4-24.6 9.4-33.9 0l-22.6-22.6c-9.4-9.4-9.4-24.6 0-33.9l96.4-96.4-96.4-96.4c-9.4-9.4-9.4-24.6 0-33.9L54.3 103c9.4-9.4 24.6-9.4 33.9 0l136 136c9.5 9.4 9.5 24.6.1 34z\"><\/path><\/svg><\/div><div id=\"elementor-tab-content-1321\" class=\"eael-accordion-content clearfix\" data-tab=\"1\" aria-labelledby=\"normas\"><p>Las propuestas deber\u00e1n enviarse <span style=\"font-weight: 400\">\u00a0al correo revi@xanum.uam.mx de la siguiente manera:<\/span><\/p><p><span style=\"font-weight: 400\">La entrega de propuestas a este Consejo Editorial constar\u00e1 de la obra completa en versi\u00f3n digital (Word y PDF), un oficio de entrega (firmado por las personas autoras o coordinadoras de la obra) con una breve presentaci\u00f3n del libro y los antecedentes de la obra relevantes para el proceso editorial, as\u00ed como una breve semblanza de los autores.<\/span><\/p><p><span style=\"font-weight: 400\">Tambi\u00e9n se deber\u00e1 entregar una versi\u00f3n digital (en Word y PDF) totalmente an\u00f3nima de todo el manuscrito del libro. Esto debe realizarse en la portada principal, en la tabla de contenidos ( para el caso de los libros colectivos), en el cap\u00edtulo introductorio en el cual suele mencionarse a cada autor y tambi\u00e9n si existen notas de pie de p\u00e1gina ( o en el cuerpo del texto) en las cuales el autor refiere en primera persona a trabajos previos, o a proyectos en el contexto de los cuales se gest\u00f3 el trabajo u otros giros que permitan identificar la autor\u00eda del trabajo en cuesti\u00f3n.<\/span><\/p><p><span style=\"font-weight: 400\">\u00a0Una versi\u00f3n digital an\u00f3nima (en PDF) del resumen y tabla de contenidos con los temas claves.\u00a0<\/span><\/p><\/div>\n\t\t\t\t\t<\/div><div class=\"eael-accordion-list\">\n\t\t\t\t\t<div id=\"sobre-el-arbitraje-\" class=\"elementor-tab-title eael-accordion-header\" tabindex=\"0\" data-tab=\"2\" aria-controls=\"elementor-tab-content-1322\"><span class=\"eael-advanced-accordion-icon-closed\"><svg aria-hidden=\"true\" class=\"fa-accordion-icon e-font-icon-svg e-fas-plus\" viewBox=\"0 0 448 512\" xmlns=\"http:\/\/www.w3.org\/2000\/svg\"><path d=\"M416 208H272V64c0-17.67-14.33-32-32-32h-32c-17.67 0-32 14.33-32 32v144H32c-17.67 0-32 14.33-32 32v32c0 17.67 14.33 32 32 32h144v144c0 17.67 14.33 32 32 32h32c17.67 0 32-14.33 32-32V304h144c17.67 0 32-14.33 32-32v-32c0-17.67-14.33-32-32-32z\"><\/path><\/svg><\/span><span class=\"eael-advanced-accordion-icon-opened\"><svg aria-hidden=\"true\" class=\"fa-accordion-icon e-font-icon-svg e-fas-minus\" viewBox=\"0 0 448 512\" xmlns=\"http:\/\/www.w3.org\/2000\/svg\"><path d=\"M416 208H32c-17.67 0-32 14.33-32 32v32c0 17.67 14.33 32 32 32h384c17.67 0 32-14.33 32-32v-32c0-17.67-14.33-32-32-32z\"><\/path><\/svg><\/span><span class=\"eael-accordion-tab-title\">Sobre el arbitraje <\/span><svg aria-hidden=\"true\" class=\"fa-toggle e-font-icon-svg e-fas-angle-right\" viewBox=\"0 0 256 512\" xmlns=\"http:\/\/www.w3.org\/2000\/svg\"><path d=\"M224.3 273l-136 136c-9.4 9.4-24.6 9.4-33.9 0l-22.6-22.6c-9.4-9.4-9.4-24.6 0-33.9l96.4-96.4-96.4-96.4c-9.4-9.4-9.4-24.6 0-33.9L54.3 103c9.4-9.4 24.6-9.4 33.9 0l136 136c9.5 9.4 9.5 24.6.1 34z\"><\/path><\/svg><\/div><div id=\"elementor-tab-content-1322\" class=\"eael-accordion-content clearfix\" data-tab=\"2\" aria-labelledby=\"sobre-el-arbitraje-\"><p><span style=\"font-weight: 400\">El arbitraje de las obras es doble ciego a cargo de especialistas externos a nuestra casa de estudios.<\/span><\/p><p><span style=\"font-weight: 400\">Los miembros consejeros responsables de cada departamento de la Divisi\u00f3n aprobar\u00e1n y propondr\u00e1n en caso a los especialistas externos para el arbitraje de cada obra.<\/span><\/p><p><span style=\"font-weight: 400\">En el caso de segundas ediciones revisadas y ampliadas, el Consejo Editorial realizar\u00e1 una evaluaci\u00f3n acerca de la pertinencia de una nueva edici\u00f3n y de su respectivo arbitraje.<\/span><\/p><\/div>\n\t\t\t\t\t<\/div><div class=\"eael-accordion-list\">\n\t\t\t\t\t<div id=\"sobre-el-proceso-editorial\" class=\"elementor-tab-title eael-accordion-header\" tabindex=\"0\" data-tab=\"3\" aria-controls=\"elementor-tab-content-1323\"><span class=\"eael-advanced-accordion-icon-closed\"><svg aria-hidden=\"true\" class=\"fa-accordion-icon e-font-icon-svg e-fas-plus\" viewBox=\"0 0 448 512\" xmlns=\"http:\/\/www.w3.org\/2000\/svg\"><path d=\"M416 208H272V64c0-17.67-14.33-32-32-32h-32c-17.67 0-32 14.33-32 32v144H32c-17.67 0-32 14.33-32 32v32c0 17.67 14.33 32 32 32h144v144c0 17.67 14.33 32 32 32h32c17.67 0 32-14.33 32-32V304h144c17.67 0 32-14.33 32-32v-32c0-17.67-14.33-32-32-32z\"><\/path><\/svg><\/span><span class=\"eael-advanced-accordion-icon-opened\"><svg aria-hidden=\"true\" class=\"fa-accordion-icon e-font-icon-svg e-fas-minus\" viewBox=\"0 0 448 512\" xmlns=\"http:\/\/www.w3.org\/2000\/svg\"><path d=\"M416 208H32c-17.67 0-32 14.33-32 32v32c0 17.67 14.33 32 32 32h384c17.67 0 32-14.33 32-32v-32c0-17.67-14.33-32-32-32z\"><\/path><\/svg><\/span><span class=\"eael-accordion-tab-title\">Sobre el Proceso Editorial<\/span><svg aria-hidden=\"true\" class=\"fa-toggle e-font-icon-svg e-fas-angle-right\" viewBox=\"0 0 256 512\" xmlns=\"http:\/\/www.w3.org\/2000\/svg\"><path d=\"M224.3 273l-136 136c-9.4 9.4-24.6 9.4-33.9 0l-22.6-22.6c-9.4-9.4-9.4-24.6 0-33.9l96.4-96.4-96.4-96.4c-9.4-9.4-9.4-24.6 0-33.9L54.3 103c9.4-9.4 24.6-9.4 33.9 0l136 136c9.5 9.4 9.5 24.6.1 34z\"><\/path><\/svg><\/div><div id=\"elementor-tab-content-1323\" class=\"eael-accordion-content clearfix\" data-tab=\"3\" aria-labelledby=\"sobre-el-proceso-editorial\"><p><span style=\"font-weight: 400\">Una vez recibido el manuscrito, el Comit\u00e9 Editorial de Libros revisa la obra para su aprobaci\u00f3n y decide el arbitraje doble ciego con la propuesta de especialistas externos.<\/span><\/p><p><span style=\"font-weight: 400\">La Coordinaci\u00f3n General del CE contacta a los posibles evaluadores y dar\u00e1 seguimiento al arbitraje.<\/span><\/p><p><span style=\"font-weight: 400\">Con el arbitraje doble positivo (con o sin correcciones), la Coordinaci\u00f3n General del CE informa al autor\/a o coordinador\/a de la obra el resultado. Si el arbitraje solicita correcciones condicionadas, se acuerda un plazo para que la Coordinaci\u00f3n General del CE reciba la nueva versi\u00f3n corregida con control de cambios en archivo Word.<\/span><\/p><p><span style=\"font-weight: 400\">La Coordinaci\u00f3n General del CE y el Comit\u00e9 Editorial de Libros revisan los cambios de la \u00faltima versi\u00f3n del manuscrito. Si estos fueron atendidos se define el tipo de publicaci\u00f3n (impresa y\/o digital, en o sin coedici\u00f3n). Asimismo, los autores y\/o coordinadores deber\u00e1n firmar y entregar las cartas de cesi\u00f3n de derechos a la Universidad en la Coordinaci\u00f3n General del CE de acuerdo con las indicaciones del Departamento de Propiedad Intelectual de la UAM.<\/span><\/p><p><span style=\"font-weight: 400\">Si se decide coeditar, se realizar\u00e1 el convenio a trav\u00e9s del \u00e1rea jur\u00eddica de la UAM. Cuando se haya firmado debidamente por las partes el convenio, el proceso de edici\u00f3n del libro inicia.<\/span><\/p><\/div>\n\t\t\t\t\t<\/div><div class=\"eael-accordion-list\">\n\t\t\t\t\t<div id=\"restricciones\" class=\"elementor-tab-title eael-accordion-header\" tabindex=\"0\" data-tab=\"4\" aria-controls=\"elementor-tab-content-1324\"><span class=\"eael-advanced-accordion-icon-closed\"><svg aria-hidden=\"true\" class=\"fa-accordion-icon e-font-icon-svg e-fas-plus\" viewBox=\"0 0 448 512\" xmlns=\"http:\/\/www.w3.org\/2000\/svg\"><path d=\"M416 208H272V64c0-17.67-14.33-32-32-32h-32c-17.67 0-32 14.33-32 32v144H32c-17.67 0-32 14.33-32 32v32c0 17.67 14.33 32 32 32h144v144c0 17.67 14.33 32 32 32h32c17.67 0 32-14.33 32-32V304h144c17.67 0 32-14.33 32-32v-32c0-17.67-14.33-32-32-32z\"><\/path><\/svg><\/span><span class=\"eael-advanced-accordion-icon-opened\"><svg aria-hidden=\"true\" class=\"fa-accordion-icon e-font-icon-svg e-fas-minus\" viewBox=\"0 0 448 512\" xmlns=\"http:\/\/www.w3.org\/2000\/svg\"><path d=\"M416 208H32c-17.67 0-32 14.33-32 32v32c0 17.67 14.33 32 32 32h384c17.67 0 32-14.33 32-32v-32c0-17.67-14.33-32-32-32z\"><\/path><\/svg><\/span><span class=\"eael-accordion-tab-title\">Restricciones<\/span><svg aria-hidden=\"true\" class=\"fa-toggle e-font-icon-svg e-fas-angle-right\" viewBox=\"0 0 256 512\" xmlns=\"http:\/\/www.w3.org\/2000\/svg\"><path d=\"M224.3 273l-136 136c-9.4 9.4-24.6 9.4-33.9 0l-22.6-22.6c-9.4-9.4-9.4-24.6 0-33.9l96.4-96.4-96.4-96.4c-9.4-9.4-9.4-24.6 0-33.9L54.3 103c9.4-9.4 24.6-9.4 33.9 0l136 136c9.5 9.4 9.5 24.6.1 34z\"><\/path><\/svg><\/div><div id=\"elementor-tab-content-1324\" class=\"eael-accordion-content clearfix\" data-tab=\"4\" aria-labelledby=\"restricciones\"><p>\u00a0<\/p><p><span style=\"font-weight: 400\">Los manuscritos de libros colectivos no deben ser compilaciones o memorias de ponencias de eventos acad\u00e9micos, aun cuando podr\u00edan haber tenido un punto de partida en estos. En este sentido, las propuestas deben estar unificadas en cap\u00edtulos para un libro colectivo.<\/span><\/p><p><span style=\"font-weight: 400\">Los manuscritos de libros colectivos deben iniciar con un estudio introductorio que problematice el tema general y destaque los ejes del libro, as\u00ed como la forma en que cada cap\u00edtulo se integra. <\/span><\/p><p><span style=\"font-weight: 400\">Este Consejo Editorial no publica materiales did\u00e1cticos. Tampoco s<\/span><span style=\"font-weight: 400\">e publican gu\u00edas o instructivos para el uso de software.<\/span><\/p><p><span style=\"font-weight: 400\">Se debe utilizar el sistema de citas Harvard o APA, y evitar incluir las referencias bibliogr\u00e1ficas en notas de pie de p\u00e1gina.<\/span><\/p><p><span style=\"font-weight: 400\">Este proceso se realiza en un tiempo aproximado de 1 a\u00f1o a 1 a\u00f1o y 6 <\/span><span style=\"font-weight: 400\">meses; sin embargo, podr\u00eda extenderse su periodo.<\/span><\/p><\/div>\n\t\t\t\t\t<\/div><\/div>\t\t\t\t<\/div>\n\t\t\t\t<\/div>\n\t\t\t\t<\/div>\n\t\t\t\t<\/div>\n\t\t","protected":false},"excerpt":{"rendered":"<p>Normas para publicar Normas Las propuestas deber\u00e1n enviarse \u00a0al correo revi@xanum.uam.mx de la siguiente manera: La entrega de propuestas a este Consejo Editorial constar\u00e1 de la obra completa en versi\u00f3n digital (Word y PDF), un oficio de entrega (firmado por las personas autoras o coordinadoras de la obra) con una breve presentaci\u00f3n del libro y [&hellip;]<\/p>\n","protected":false},"author":19,"featured_media":0,"parent":0,"menu_order":0,"comment_status":"closed","ping_status":"closed","template":"","meta":{"footnotes":""},"class_list":["post-2174","page","type-page","status-publish","hentry"],"blocksy_meta":[],"_links":{"self":[{"href":"https:\/\/divcsh.izt.uam.mx\/consejo_editorial\/index.php\/wp-json\/wp\/v2\/pages\/2174","targetHints":{"allow":["GET"]}}],"collection":[{"href":"https:\/\/divcsh.izt.uam.mx\/consejo_editorial\/index.php\/wp-json\/wp\/v2\/pages"}],"about":[{"href":"https:\/\/divcsh.izt.uam.mx\/consejo_editorial\/index.php\/wp-json\/wp\/v2\/types\/page"}],"author":[{"embeddable":true,"href":"https:\/\/divcsh.izt.uam.mx\/consejo_editorial\/index.php\/wp-json\/wp\/v2\/users\/19"}],"replies":[{"embeddable":true,"href":"https:\/\/divcsh.izt.uam.mx\/consejo_editorial\/index.php\/wp-json\/wp\/v2\/comments?post=2174"}],"version-history":[{"count":18,"href":"https:\/\/divcsh.izt.uam.mx\/consejo_editorial\/index.php\/wp-json\/wp\/v2\/pages\/2174\/revisions"}],"predecessor-version":[{"id":2265,"href":"https:\/\/divcsh.izt.uam.mx\/consejo_editorial\/index.php\/wp-json\/wp\/v2\/pages\/2174\/revisions\/2265"}],"wp:attachment":[{"href":"https:\/\/divcsh.izt.uam.mx\/consejo_editorial\/index.php\/wp-json\/wp\/v2\/media?parent=2174"}],"curies":[{"name":"wp","href":"https:\/\/api.w.org\/{rel}","templated":true}]}}