{"id":1894,"date":"2024-06-09T04:19:13","date_gmt":"2024-06-09T04:19:13","guid":{"rendered":"https:\/\/divcsh.izt.uam.mx\/coord_economia\/?page_id=1894"},"modified":"2024-06-09T04:21:59","modified_gmt":"2024-06-09T04:21:59","slug":"servicio-social","status":"publish","type":"page","link":"https:\/\/divcsh.izt.uam.mx\/coord_economia\/index.php\/servicio-social\/","title":{"rendered":"Servicio Social"},"content":{"rendered":"\t\t<div data-elementor-type=\"wp-page\" data-elementor-id=\"1894\" class=\"elementor elementor-1894\" data-elementor-post-type=\"page\">\n\t\t\t\t<div class=\"elementor-element elementor-element-4c75e57 e-flex e-con-boxed e-con e-parent\" data-id=\"4c75e57\" data-element_type=\"container\" data-e-type=\"container\">\n\t\t\t\t\t<div class=\"e-con-inner\">\n\t\t\t\t<div class=\"elementor-element elementor-element-464411b elementor-widget elementor-widget-heading\" data-id=\"464411b\" data-element_type=\"widget\" data-e-type=\"widget\" data-widget_type=\"heading.default\">\n\t\t\t\t<div class=\"elementor-widget-container\">\n\t\t\t\t\t<h2 class=\"elementor-heading-title elementor-size-default\">Servicio Social<\/h2>\t\t\t\t<\/div>\n\t\t\t\t<\/div>\n\t\t\t\t\t<\/div>\n\t\t\t\t<\/div>\n\t\t<div class=\"elementor-element elementor-element-366d616 e-flex e-con-boxed e-con e-parent\" data-id=\"366d616\" data-element_type=\"container\" data-e-type=\"container\">\n\t\t\t\t\t<div class=\"e-con-inner\">\n\t\t\t\t<div class=\"elementor-element elementor-element-433a056 elementor-widget elementor-widget-text-editor\" data-id=\"433a056\" data-element_type=\"widget\" data-e-type=\"widget\" data-widget_type=\"text-editor.default\">\n\t\t\t\t<div class=\"elementor-widget-container\">\n\t\t\t\t\t\t\t\t\t<h5><strong>Instrucciones para consultar los proyectos de servicio social vigentes de la licenciatura en Econom\u00eda<\/strong><\/h5><p>A partir de las siguientes instrucciones puedes consultar los proyectos de Servicio Social disponibles, para los alumnos de la licenciatura en Econom\u00eda:<\/p><ol><li>Ingresa a la p\u00e1gina del\u00a0<a href=\"http:\/\/csh.izt.uam.mx\/rectoria\/SDIP\/\">SDIP.<\/a><\/li><li>Sin iniciar sesi\u00f3n, presiona la opci\u00f3n <strong>\u201cFormatos\u201d<\/strong> ubicado en la parte superior (ah\u00ed encontrar\u00e1s tambi\u00e9n los formatos para inscribir el servicio social).<\/li><li>Una vez dentro, dir\u00edgete al final de la p\u00e1gina, donde se encuentra la opci\u00f3n para consultar la carpeta de proyectos aprobados.<\/li><li>Cuando hayas abierto el PDF con los proyectos, oprime las teclas Ctrl + F y en la barra que aparecer\u00e1 escribe <strong>\u201cEconom\u00eda\u201d<\/strong> para que se marquen todos los proyectos vigentes que aceptan alumnos de Econom\u00eda.<\/li><li>Antes de inscribirte al servicio social, es necesario que consultes al asesor interno o externo responsable del proyecto.<\/li><\/ol><h5><span style=\"color: #000000;\"><strong>Si tienes alguna duda puedes acudir al F-026 con la Lic. Brianda Natalye Garrido Ledezma, Asistente de Servicio Social, Bolsa de Trabajo y Movilidad Estudiantil<\/strong><\/span><\/h5>\t\t\t\t\t\t\t\t<\/div>\n\t\t\t\t<\/div>\n\t\t\t\t\t<\/div>\n\t\t\t\t<\/div>\n\t\t\t\t<\/div>\n\t\t","protected":false},"excerpt":{"rendered":"<p>Servicio Social Instrucciones para consultar los proyectos de servicio social vigentes de la licenciatura en Econom\u00eda A partir de las siguientes instrucciones puedes consultar los proyectos de Servicio Social disponibles, para los alumnos de la licenciatura en Econom\u00eda: Ingresa a la p\u00e1gina del\u00a0SDIP. Sin iniciar sesi\u00f3n, presiona la opci\u00f3n \u201cFormatos\u201d ubicado en la parte superior [&hellip;]<\/p>\n","protected":false},"author":1,"featured_media":0,"parent":0,"menu_order":0,"comment_status":"closed","ping_status":"closed","template":"","meta":{"footnotes":""},"class_list":["post-1894","page","type-page","status-publish","hentry"],"blocksy_meta":[],"_links":{"self":[{"href":"https:\/\/divcsh.izt.uam.mx\/coord_economia\/index.php\/wp-json\/wp\/v2\/pages\/1894","targetHints":{"allow":["GET"]}}],"collection":[{"href":"https:\/\/divcsh.izt.uam.mx\/coord_economia\/index.php\/wp-json\/wp\/v2\/pages"}],"about":[{"href":"https:\/\/divcsh.izt.uam.mx\/coord_economia\/index.php\/wp-json\/wp\/v2\/types\/page"}],"author":[{"embeddable":true,"href":"https:\/\/divcsh.izt.uam.mx\/coord_economia\/index.php\/wp-json\/wp\/v2\/users\/1"}],"replies":[{"embeddable":true,"href":"https:\/\/divcsh.izt.uam.mx\/coord_economia\/index.php\/wp-json\/wp\/v2\/comments?post=1894"}],"version-history":[{"count":4,"href":"https:\/\/divcsh.izt.uam.mx\/coord_economia\/index.php\/wp-json\/wp\/v2\/pages\/1894\/revisions"}],"predecessor-version":[{"id":1899,"href":"https:\/\/divcsh.izt.uam.mx\/coord_economia\/index.php\/wp-json\/wp\/v2\/pages\/1894\/revisions\/1899"}],"wp:attachment":[{"href":"https:\/\/divcsh.izt.uam.mx\/coord_economia\/index.php\/wp-json\/wp\/v2\/media?parent=1894"}],"curies":[{"name":"wp","href":"https:\/\/api.w.org\/{rel}","templated":true}]}}