{"id":441,"date":"2026-02-13T18:55:36","date_gmt":"2026-02-13T17:55:36","guid":{"rendered":"https:\/\/divcsh.izt.uam.mx\/coord_linguistica\/?page_id=441"},"modified":"2026-02-21T20:08:12","modified_gmt":"2026-02-21T19:08:12","slug":"servicio-social","status":"publish","type":"page","link":"https:\/\/divcsh.izt.uam.mx\/coord_linguistica\/index.php\/servicio-social\/","title":{"rendered":"Servicio Social"},"content":{"rendered":"\t\t<div data-elementor-type=\"wp-page\" data-elementor-id=\"441\" class=\"elementor elementor-441\" data-elementor-post-type=\"page\">\n\t\t\t\t<div class=\"elementor-element elementor-element-cff40d6 e-flex e-con-boxed e-con e-parent\" data-id=\"cff40d6\" data-element_type=\"container\" data-e-type=\"container\">\n\t\t\t\t\t<div class=\"e-con-inner\">\n\t\t\t\t<div class=\"elementor-element elementor-element-9a9f027 elementor-widget elementor-widget-heading\" data-id=\"9a9f027\" data-element_type=\"widget\" data-e-type=\"widget\" data-widget_type=\"heading.default\">\n\t\t\t\t<div class=\"elementor-widget-container\">\n\t\t\t\t\t<h2 class=\"elementor-heading-title elementor-size-default\">Servicio Social <\/h2>\t\t\t\t<\/div>\n\t\t\t\t<\/div>\n\t\t\t\t\t<\/div>\n\t\t\t\t<\/div>\n\t\t<div class=\"elementor-element elementor-element-34dab15 e-flex e-con-boxed e-con e-parent\" data-id=\"34dab15\" data-element_type=\"container\" data-e-type=\"container\">\n\t\t\t\t\t<div class=\"e-con-inner\">\n\t\t\t\t<div class=\"elementor-element elementor-element-fcd7d62 elementor-widget-divider--view-line elementor-widget elementor-widget-divider\" data-id=\"fcd7d62\" data-element_type=\"widget\" data-e-type=\"widget\" data-widget_type=\"divider.default\">\n\t\t\t\t<div class=\"elementor-widget-container\">\n\t\t\t\t\t\t\t<div class=\"elementor-divider\">\n\t\t\t<span class=\"elementor-divider-separator\">\n\t\t\t\t\t\t<\/span>\n\t\t<\/div>\n\t\t\t\t\t\t<\/div>\n\t\t\t\t<\/div>\n\t\t\t\t\t<\/div>\n\t\t\t\t<\/div>\n\t\t<div class=\"elementor-element elementor-element-654db0d e-flex e-con-boxed e-con e-parent\" data-id=\"654db0d\" data-element_type=\"container\" data-e-type=\"container\">\n\t\t\t\t\t<div class=\"e-con-inner\">\n\t\t<div class=\"elementor-element elementor-element-566eb54 e-con-full e-flex e-con e-child\" data-id=\"566eb54\" data-element_type=\"container\" data-e-type=\"container\">\n\t\t\t\t<div class=\"elementor-element elementor-element-c3080d9 elementor-widget elementor-widget-heading\" data-id=\"c3080d9\" data-element_type=\"widget\" data-e-type=\"widget\" data-widget_type=\"heading.default\">\n\t\t\t\t<div class=\"elementor-widget-container\">\n\t\t\t\t\t<h2 class=\"elementor-heading-title elementor-size-default\">Instrucciones<\/h2>\t\t\t\t<\/div>\n\t\t\t\t<\/div>\n\t\t\t\t<\/div>\n\t\t<div class=\"elementor-element elementor-element-59a608d e-con-full e-flex e-con e-child\" data-id=\"59a608d\" data-element_type=\"container\" data-e-type=\"container\">\n\t\t\t\t<div class=\"elementor-element elementor-element-b66051e elementor-widget elementor-widget-text-editor\" data-id=\"b66051e\" data-element_type=\"widget\" data-e-type=\"widget\" data-widget_type=\"text-editor.default\">\n\t\t\t\t<div class=\"elementor-widget-container\">\n\t\t\t\t\t\t\t\t\t<p>A partir de las siguientes instrucciones puedes consultar los proyectos de Servicio Social disponibles, para los alumnos de la licenciatura en Ling\u00fc\u00edstica:<\/p><ul><li>Ingresa a la p\u00e1gina del <a href=\"http:\/\/csh.izt.uam.mx\/sistemadivisional\/SDIP\/\" target=\"_blank\" rel=\"noopener\">SDIP<\/a><\/li><li>Sin iniciar sesi\u00f3n, presiona la opci\u00f3n \u201cFormatos\u201d ubicado en la parte superior (ah\u00ed encontrar\u00e1s tambi\u00e9n los formatos para inscribir el servicio social).<\/li><li>Una vez dentro, dir\u00edgete al final de la p\u00e1gina, donde se encuentra la opci\u00f3n para consultar la carpeta de proyectos aprobados.<\/li><li>Cuando hayas abierto el PDF con los proyectos, oprime las teclas Ctrl + F y en la barra que aparecer\u00e1 escribe \u201cLing\u00fc\u00edstica\u201d para que se marquen todos los proyectos vigentes que aceptan alumnos de Ling\u00fc\u00edstica<\/li><li>Antes de inscribirte al servicio social, es necesario que consultes al profesor responsable del proyecto.<\/li><li>Debes tener al menos el 70 % de los cr\u00e9ditos contabilizados de tu licenciatura.<\/li><li>Cumplir con 480 horas en un periodo de 6 meses a 2 a\u00f1os.<\/li><\/ul>\t\t\t\t\t\t\t\t<\/div>\n\t\t\t\t<\/div>\n\t\t\t\t<\/div>\n\t\t\t\t\t<\/div>\n\t\t\t\t<\/div>\n\t\t<div class=\"elementor-element elementor-element-1d0f7da e-flex e-con-boxed e-con e-parent\" data-id=\"1d0f7da\" data-element_type=\"container\" data-e-type=\"container\">\n\t\t\t\t\t<div class=\"e-con-inner\">\n\t\t\t\t<div class=\"elementor-element elementor-element-121edbe elementor-widget-divider--view-line elementor-widget elementor-widget-divider\" data-id=\"121edbe\" data-element_type=\"widget\" data-e-type=\"widget\" data-widget_type=\"divider.default\">\n\t\t\t\t<div class=\"elementor-widget-container\">\n\t\t\t\t\t\t\t<div class=\"elementor-divider\">\n\t\t\t<span class=\"elementor-divider-separator\">\n\t\t\t\t\t\t<\/span>\n\t\t<\/div>\n\t\t\t\t\t\t<\/div>\n\t\t\t\t<\/div>\n\t\t\t\t\t<\/div>\n\t\t\t\t<\/div>\n\t\t<div class=\"elementor-element elementor-element-716de33 e-flex e-con-boxed e-con e-parent\" data-id=\"716de33\" data-element_type=\"container\" data-e-type=\"container\">\n\t\t\t\t\t<div class=\"e-con-inner\">\n\t\t\t\t<div class=\"elementor-element elementor-element-86b08e0 elementor-widget elementor-widget-heading\" data-id=\"86b08e0\" data-element_type=\"widget\" data-e-type=\"widget\" data-widget_type=\"heading.default\">\n\t\t\t\t<div class=\"elementor-widget-container\">\n\t\t\t\t\t<h2 class=\"elementor-heading-title elementor-size-default\">Si tienes alguna duda puedes acudir al F-026 con la Lic. Brianda Natalie Garrido Ledesma, Asistente de Servicio Social, Bolsa de Trabajo y Movilidad Estudiantil<\/h2>\t\t\t\t<\/div>\n\t\t\t\t<\/div>\n\t\t\t\t\t<\/div>\n\t\t\t\t<\/div>\n\t\t<div class=\"elementor-element elementor-element-f272df5 e-flex e-con-boxed e-con e-parent\" data-id=\"f272df5\" data-element_type=\"container\" data-e-type=\"container\">\n\t\t\t\t\t<div class=\"e-con-inner\">\n\t\t\t\t<div class=\"elementor-element elementor-element-94e41cd elementor-widget elementor-widget-heading\" data-id=\"94e41cd\" data-element_type=\"widget\" data-e-type=\"widget\" data-widget_type=\"heading.default\">\n\t\t\t\t<div class=\"elementor-widget-container\">\n\t\t\t\t\t<h2 class=\"elementor-heading-title elementor-size-default\">cdss@xanum.uam.mx<\/h2>\t\t\t\t<\/div>\n\t\t\t\t<\/div>\n\t\t\t\t\t<\/div>\n\t\t\t\t<\/div>\n\t\t<div class=\"elementor-element elementor-element-a013ec0 e-flex e-con-boxed e-con e-parent\" data-id=\"a013ec0\" data-element_type=\"container\" data-e-type=\"container\">\n\t\t\t\t\t<div class=\"e-con-inner\">\n\t\t\t\t<div class=\"elementor-element elementor-element-eb087bc elementor-widget elementor-widget-heading\" data-id=\"eb087bc\" data-element_type=\"widget\" data-e-type=\"widget\" data-widget_type=\"heading.default\">\n\t\t\t\t<div class=\"elementor-widget-container\">\n\t\t\t\t\t<h2 class=\"elementor-heading-title elementor-size-default\">Edificio F-026 P.B.<\/h2>\t\t\t\t<\/div>\n\t\t\t\t<\/div>\n\t\t\t\t\t<\/div>\n\t\t\t\t<\/div>\n\t\t\t\t<\/div>\n\t\t","protected":false},"excerpt":{"rendered":"<p>Servicio Social Instrucciones A partir de las siguientes instrucciones puedes consultar los proyectos de Servicio Social disponibles, para los alumnos de la licenciatura en Ling\u00fc\u00edstica: Ingresa a la p\u00e1gina del SDIP Sin iniciar sesi\u00f3n, presiona la opci\u00f3n \u201cFormatos\u201d ubicado en la parte superior (ah\u00ed encontrar\u00e1s tambi\u00e9n los formatos para inscribir el servicio social). Una vez [&hellip;]<\/p>\n","protected":false},"author":8,"featured_media":0,"parent":0,"menu_order":0,"comment_status":"closed","ping_status":"closed","template":"","meta":{"footnotes":""},"class_list":["post-441","page","type-page","status-publish","hentry"],"blocksy_meta":[],"_links":{"self":[{"href":"https:\/\/divcsh.izt.uam.mx\/coord_linguistica\/index.php\/wp-json\/wp\/v2\/pages\/441","targetHints":{"allow":["GET"]}}],"collection":[{"href":"https:\/\/divcsh.izt.uam.mx\/coord_linguistica\/index.php\/wp-json\/wp\/v2\/pages"}],"about":[{"href":"https:\/\/divcsh.izt.uam.mx\/coord_linguistica\/index.php\/wp-json\/wp\/v2\/types\/page"}],"author":[{"embeddable":true,"href":"https:\/\/divcsh.izt.uam.mx\/coord_linguistica\/index.php\/wp-json\/wp\/v2\/users\/8"}],"replies":[{"embeddable":true,"href":"https:\/\/divcsh.izt.uam.mx\/coord_linguistica\/index.php\/wp-json\/wp\/v2\/comments?post=441"}],"version-history":[{"count":13,"href":"https:\/\/divcsh.izt.uam.mx\/coord_linguistica\/index.php\/wp-json\/wp\/v2\/pages\/441\/revisions"}],"predecessor-version":[{"id":657,"href":"https:\/\/divcsh.izt.uam.mx\/coord_linguistica\/index.php\/wp-json\/wp\/v2\/pages\/441\/revisions\/657"}],"wp:attachment":[{"href":"https:\/\/divcsh.izt.uam.mx\/coord_linguistica\/index.php\/wp-json\/wp\/v2\/media?parent=441"}],"curies":[{"name":"wp","href":"https:\/\/api.w.org\/{rel}","templated":true}]}}