{"id":4138,"date":"2023-10-31T16:10:44","date_gmt":"2023-10-31T16:10:44","guid":{"rendered":"https:\/\/divcsh.izt.uam.mx\/dcsh\/?page_id=4138"},"modified":"2025-08-07T10:32:11","modified_gmt":"2025-08-07T16:32:11","slug":"informes-anuales","status":"publish","type":"page","link":"https:\/\/divcsh.izt.uam.mx\/dcsh\/index.php\/informes-anuales\/","title":{"rendered":"Informes Anuales"},"content":{"rendered":"\t\t<div data-elementor-type=\"wp-page\" data-elementor-id=\"4138\" class=\"elementor elementor-4138\" data-elementor-post-type=\"page\">\n\t\t\t\t<div class=\"elementor-element elementor-element-a6719a7 e-con-full e-flex elementor-invisible e-con e-parent\" data-id=\"a6719a7\" data-element_type=\"container\" data-e-type=\"container\" data-settings=\"{&quot;background_background&quot;:&quot;classic&quot;,&quot;animation&quot;:&quot;fadeIn&quot;}\">\n\t\t\t\t<div class=\"elementor-element elementor-element-bfcb088 elementor-widget elementor-widget-spacer\" data-id=\"bfcb088\" data-element_type=\"widget\" data-e-type=\"widget\" data-widget_type=\"spacer.default\">\n\t\t\t\t<div class=\"elementor-widget-container\">\n\t\t\t\t\t\t\t<div class=\"elementor-spacer\">\n\t\t\t<div class=\"elementor-spacer-inner\"><\/div>\n\t\t<\/div>\n\t\t\t\t\t\t<\/div>\n\t\t\t\t<\/div>\n\t\t\t\t<div class=\"elementor-element elementor-element-1653541 elementor-invisible elementor-widget elementor-widget-heading\" data-id=\"1653541\" data-element_type=\"widget\" data-e-type=\"widget\" data-settings=\"{&quot;_animation&quot;:&quot;fadeIn&quot;}\" data-widget_type=\"heading.default\">\n\t\t\t\t<div class=\"elementor-widget-container\">\n\t\t\t\t\t<h1 class=\"elementor-heading-title elementor-size-default\">Informes Anuales<\/h1>\t\t\t\t<\/div>\n\t\t\t\t<\/div>\n\t\t\t\t<div class=\"elementor-element elementor-element-44c83dd elementor-widget elementor-widget-spacer\" data-id=\"44c83dd\" data-element_type=\"widget\" data-e-type=\"widget\" data-widget_type=\"spacer.default\">\n\t\t\t\t<div class=\"elementor-widget-container\">\n\t\t\t\t\t\t\t<div class=\"elementor-spacer\">\n\t\t\t<div class=\"elementor-spacer-inner\"><\/div>\n\t\t<\/div>\n\t\t\t\t\t\t<\/div>\n\t\t\t\t<\/div>\n\t\t\t\t<\/div>\n\t\t<div class=\"elementor-element elementor-element-8cadd31 e-flex e-con-boxed e-con e-parent\" data-id=\"8cadd31\" data-element_type=\"container\" data-e-type=\"container\">\n\t\t\t\t\t<div class=\"e-con-inner\">\n\t\t\t\t<div class=\"elementor-element elementor-element-e334aec elementor-widget elementor-widget-spacer\" data-id=\"e334aec\" data-element_type=\"widget\" data-e-type=\"widget\" data-widget_type=\"spacer.default\">\n\t\t\t\t<div class=\"elementor-widget-container\">\n\t\t\t\t\t\t\t<div class=\"elementor-spacer\">\n\t\t\t<div class=\"elementor-spacer-inner\"><\/div>\n\t\t<\/div>\n\t\t\t\t\t\t<\/div>\n\t\t\t\t<\/div>\n\t\t\t\t<div class=\"elementor-element elementor-element-37da790 elementor-widget elementor-widget-eael-adv-accordion\" data-id=\"37da790\" data-element_type=\"widget\" data-e-type=\"widget\" data-widget_type=\"eael-adv-accordion.default\">\n\t\t\t\t<div class=\"elementor-widget-container\">\n\t\t\t\t\t            <div class=\"eael-adv-accordion\" id=\"eael-adv-accordion-37da790\" data-scroll-on-click=\"no\" data-scroll-speed=\"300\" data-accordion-id=\"37da790\" data-accordion-type=\"accordion\" data-toogle-speed=\"300\">\n            <div class=\"eael-accordion-list\">\n\t\t\t\t\t<div id=\"informes-anuales\" class=\"elementor-tab-title eael-accordion-header active-default\" tabindex=\"0\" data-tab=\"1\" aria-controls=\"elementor-tab-content-5851\"><span class=\"eael-accordion-tab-title\">Informes Anuales<\/span><span class=\"eael-advanced-accordion-icon-closed\"><\/span><span class=\"eael-advanced-accordion-icon-opened\"><\/span><\/div><div id=\"elementor-tab-content-5851\" class=\"eael-accordion-content clearfix active-default\" data-tab=\"1\" aria-labelledby=\"informes-anuales\"><p><span class=\"C9DxTc \">En este apartado se encuentran disponibles los informes anuales de la <em><strong>Dra. Sonia P\u00e9rez Toledo<\/strong><\/em><\/span><span class=\"C9DxTc \"> como Directora de la Divisi\u00f3n de Ciencias Sociales y Humanidades (DCSH).<\/span><\/p><p><em><strong><a href=\"https:\/\/divcsh.izt.uam.mx\/dcsh\/wp-content\/uploads\/2025\/04\/Informe-anual-CSH-2024_compressed.pdf\">Informe Anual 2024<\/a><\/strong><\/em><\/p><p><span class=\"C9DxTc \">En este apartado se encuentran disponibles los informes anuales del<em>\u00a0<\/em><\/span><strong><em><span class=\"C9DxTc \">Dr. Jos\u00e9 R\u00e9gulo Morales Calder\u00f3n<\/span><\/em><\/strong><span class=\"C9DxTc \">\u00a0como Director de la Divisi\u00f3n de Ciencias Sociales y Humanidades (DCSH).<\/span><\/p><p><em><strong><a href=\"https:\/\/divcsh.izt.uam.mx\/dcsh\/wp-content\/uploads\/2025\/04\/Informe-Anual-2023_compressed.pdf\">Informe Anual 2023<\/a><\/strong><\/em><\/p><p><em><strong><a href=\"https:\/\/divcsh.izt.uam.mx\/dcsh\/wp-content\/uploads\/2023\/10\/Informe-Anual-2022.pdf\">Informe Anual 2022<\/a><\/strong><\/em><\/p><p><span class=\"C9DxTc \">En este apartado se encuentran disponible los informes anuales del <strong><em>Dr. Juan Manuel Herrera Caballero<\/em><\/strong> como Director de la Divisi\u00f3n de Ciencias Sociales y Humanidades (DCSH).<\/span><\/p><p><em><strong><a href=\"https:\/\/divcsh.izt.uam.mx\/dcsh\/wp-content\/uploads\/2023\/10\/Informe-Anual-2021.pdf\">Informe Anual 2020<\/a><\/strong><\/em><\/p><p><em><strong><a href=\"https:\/\/divcsh.izt.uam.mx\/dcsh\/wp-content\/uploads\/2023\/10\/Informe-Anual-2020.pdf\">Informe Anual 2021<\/a><\/strong><\/em><\/p><p><em><strong><a href=\"https:\/\/divcsh.izt.uam.mx\/dcsh\/wp-content\/uploads\/2023\/10\/Informe-Anual-2019.pdf\">Informe Anual 2018<\/a><\/strong><\/em><\/p><p><em><strong><a href=\"https:\/\/divcsh.izt.uam.mx\/dcsh\/wp-content\/uploads\/2023\/10\/Informe-Anual-2018.pdf\">Informe Anual 2019<\/a><\/strong><\/em><\/p><p><span class=\"C9DxTc \">En este apartado se encuentran disponible los informes anuales de la <strong><em>Dra. Juana Ju\u00e1rez Romero<\/em><\/strong> como Directora de la Divisi\u00f3n de Ciencias Sociales y Humanidades (DCSH).<br \/><\/span><\/p><p><em><strong><a href=\"https:\/\/divcsh.izt.uam.mx\/dcsh\/wp-content\/uploads\/2024\/08\/informe_anual_2017.pdf\">Informe Anual 2017<\/a><\/strong><\/em><\/p><p><em><strong><a href=\"https:\/\/divcsh.izt.uam.mx\/dcsh\/wp-content\/uploads\/2024\/08\/informe_anual_2016.pdf\">Informe Anual 2016<\/a><\/strong><\/em><\/p><p><em><strong><a href=\"https:\/\/divcsh.izt.uam.mx\/dcsh\/wp-content\/uploads\/2024\/08\/informe_anual_2015.pdf\">Informe Anual 2015<\/a><\/strong><\/em><\/p><p><em><strong><a href=\"https:\/\/divcsh.izt.uam.mx\/dcsh\/wp-content\/uploads\/2024\/08\/informe_anual_2014.pdf\">Informe Anual 2014<\/a><\/strong><\/em><\/p><p><em style=\"background-color: var(--theme-palette-color-7);letter-spacing: var(--theme-letter-spacing);text-transform: var(--theme-text-transform)\"><strong><a href=\"https:\/\/divcsh.izt.uam.mx\/dcsh\/wp-content\/uploads\/2024\/08\/informe_anual_2013.pdf\">Informe Anual 2013<\/a><\/strong><\/em><\/p><p><span class=\"C9DxTc \">En este apartado se encuentran disponible los informes anuales del <strong><em>Dr. J. Octavio Nateras Dom\u00ednguez<\/em><\/strong>\u00a0como Director de la Divisi\u00f3n de Ciencias Sociales y Humanidades (DCSH).<br \/><\/span><\/p><p><em><strong><a href=\"https:\/\/divcsh.izt.uam.mx\/dcsh\/wp-content\/uploads\/2024\/08\/informe_anual_2012.pdf\">Informe Anual 2012<\/a><\/strong><\/em><\/p><p><em><strong><a href=\"https:\/\/divcsh.izt.uam.mx\/dcsh\/wp-content\/uploads\/2024\/08\/informe_anual_2011.pdf\">Informe Anual 2011<\/a><\/strong><\/em><\/p><p><em><strong><a href=\"https:\/\/divcsh.izt.uam.mx\/dcsh\/wp-content\/uploads\/2024\/08\/informe_anual_2010.pdf\">Informe Anual 2010<\/a><\/strong><\/em><\/p><p><span class=\"C9DxTc \">En este apartado se encuentran disponible los informes anuales del\u00a0 <strong><em>Dr. Pedro Constantino Solis P\u00e9rez <\/em><\/strong>como Director de la Divisi\u00f3n de Ciencias Sociales y Humanidades (DCSH).<br \/><\/span><\/p><p><em><strong><a href=\"https:\/\/divcsh.izt.uam.mx\/dcsh\/wp-content\/uploads\/2024\/08\/informe_anual_2009.pdf\">Informe Anual 2009<\/a><\/strong><\/em><\/p><\/div>\n\t\t\t\t\t<\/div><\/div>\t\t\t\t<\/div>\n\t\t\t\t<\/div>\n\t\t\t\t<div class=\"elementor-element elementor-element-c9ac5dc elementor-widget elementor-widget-spacer\" data-id=\"c9ac5dc\" data-element_type=\"widget\" data-e-type=\"widget\" data-widget_type=\"spacer.default\">\n\t\t\t\t<div class=\"elementor-widget-container\">\n\t\t\t\t\t\t\t<div class=\"elementor-spacer\">\n\t\t\t<div class=\"elementor-spacer-inner\"><\/div>\n\t\t<\/div>\n\t\t\t\t\t\t<\/div>\n\t\t\t\t<\/div>\n\t\t\t\t\t<\/div>\n\t\t\t\t<\/div>\n\t\t\t\t<\/div>\n\t\t","protected":false},"excerpt":{"rendered":"<p>Informes Anuales Informes Anuales En este apartado se encuentran disponibles los informes anuales de la Dra. Sonia P\u00e9rez Toledo como Directora de la Divisi\u00f3n de Ciencias Sociales y Humanidades (DCSH). Informe Anual 2024 En este apartado se encuentran disponibles los informes anuales del\u00a0Dr. Jos\u00e9 R\u00e9gulo Morales Calder\u00f3n\u00a0como Director de la Divisi\u00f3n de Ciencias Sociales y [&hellip;]<\/p>\n","protected":false},"author":12,"featured_media":0,"parent":0,"menu_order":0,"comment_status":"closed","ping_status":"closed","template":"","meta":{"footnotes":""},"class_list":["post-4138","page","type-page","status-publish","hentry"],"blocksy_meta":{"page_title_panel":"","has_hero_section":"disabled","5b8f58a7d00eebcdf1b39e107f27565c":"","hero_section":"type-1","hero_elements":[{"id":"custom_title","enabled":true,"heading_tag":"h1","title":"Home"},{"id":"custom_description","enabled":true,"description_visibility":{"desktop":true,"tablet":true,"mobile":false}},{"id":"custom_meta","enabled":false,"meta_elements":[{"id":"author","enabled":true,"label":"By","has_author_avatar":"yes","avatar_size":25},{"id":"post_date","enabled":true,"label":"On","date_format_source":"default","date_format":"M j, Y"},{"id":"updated_date","enabled":false,"label":"On","date_format_source":"default","date_format":"M j, Y"},{"id":"categories","enabled":false,"label":"In","style":"simple"},{"id":"comments","enabled":true}],"page_meta_elements":{"joined":true,"articles_count":true,"comments":true}},{"id":"breadcrumbs","enabled":false}],"6a780d8358f7749d3209388f5cf3e102":"","hero_alignment1":"CT_CSS_SKIP_RULE","hero_margin":40,"hero_alignment2":"center","hero_vertical_alignment":"center","aeb7fc5c37df6ce32c2652800b590b75":"","hero_structure":"narrow","31c480dffc4e8ad0042320fa1dc69be3":"","page_title_bg_type":"featured_image","custom_hero_background":{"attachment_id":null},"page_title_image_size":"full","parallax":{"desktop":false,"tablet":false,"mobile":false},"430ab52900e1df34ff50e650d97dabde":"","hero_height":"250px","pageTitleFont":{"family":"Default","variation":"Default","size":"30px","line-height":"CT_CSS_SKIP_RULE","letter-spacing":"CT_CSS_SKIP_RULE","text-transform":"CT_CSS_SKIP_RULE","text-decoration":"CT_CSS_SKIP_RULE"},"pageTitleFontColor":{"default":{"color":"CT_CSS_SKIP_RULEDEFAULT"}},"pageMetaFont":{"family":"Default","variation":"n6","size":"12px","line-height":"1.3","letter-spacing":"CT_CSS_SKIP_RULE","text-transform":"uppercase","text-decoration":"CT_CSS_SKIP_RULE"},"pageMetaFontColor":{"default":{"color":"CT_CSS_SKIP_RULEDEFAULT"},"hover":{"color":"CT_CSS_SKIP_RULEDEFAULT"}},"page_meta_button_type_font_colors":{"default":{"color":"CT_CSS_SKIP_RULEDEFAULT"},"hover":{"color":"CT_CSS_SKIP_RULEDEFAULT"}},"page_meta_button_type_background_colors":{"default":{"color":"CT_CSS_SKIP_RULEDEFAULT"},"hover":{"color":"CT_CSS_SKIP_RULEDEFAULT"}},"pageExcerptFont":{"family":"Default","variation":"Default","size":"CT_CSS_SKIP_RULE","line-height":"CT_CSS_SKIP_RULE","letter-spacing":"CT_CSS_SKIP_RULE","text-transform":"CT_CSS_SKIP_RULE","text-decoration":"CT_CSS_SKIP_RULE"},"pageExcerptColor":{"default":{"color":"CT_CSS_SKIP_RULEDEFAULT"}},"breadcrumbsFont":{"family":"Default","variation":"Default","size":"CT_CSS_SKIP_RULE","line-height":"CT_CSS_SKIP_RULE","letter-spacing":"CT_CSS_SKIP_RULE","text-transform":"CT_CSS_SKIP_RULE","text-decoration":"CT_CSS_SKIP_RULE"},"breadcrumbsFontColor":{"default":{"color":"CT_CSS_SKIP_RULEDEFAULT"},"initial":{"color":"CT_CSS_SKIP_RULEDEFAULT"},"hover":{"color":"CT_CSS_SKIP_RULEDEFAULT"}},"pageTitleOverlay":{"background_type":"color","background_pattern":"type-1","background_image":{"attachment_id":null,"x":0,"y":0},"gradient":"linear-gradient(135deg,rgba(6,147,227,1) 0%,rgb(155,81,224) 100%)","background_repeat":"repeat","background_size":"auto","background_attachment":"scroll","patternColor":{"default":{"color":"#e5e7ea"}},"overlayColor":{"default":{"color":"CT_CSS_SKIP_RULE"}},"backgroundColor":{"default":{"color":"CT_CSS_SKIP_RULE"}}},"pageTitleBackground":{"background_type":"color","background_pattern":"type-1","background_image":{"attachment_id":null,"x":0,"y":0},"gradient":"linear-gradient(135deg,rgba(6,147,227,1) 0%,rgb(155,81,224) 100%)","background_repeat":"repeat","background_size":"auto","background_attachment":"scroll","patternColor":{"default":{"color":"#e5e7ea"}},"overlayColor":{"default":{"color":"CT_CSS_SKIP_RULE"}},"backgroundColor":{"default":{"color":"var(--theme-palette-color-6)"}}},"pageTitlePadding":{"top":"50px","bottom":"50px","left":"auto","right":"auto","linked":true},"08b9461e259b714af1e430503c5721ef":"","page_structure_type":"default","46064d3b3b7967c5221e0131bbac5d0b":"","content_style_source":"inherit","content_style":"wide","vertical_spacing_source":"custom","content_area_spacing":"none","background":{"background_type":"color","background_pattern":"type-1","background_image":{"attachment_id":null,"x":0,"y":0},"gradient":"linear-gradient(135deg,rgba(6,147,227,1) 0%,rgb(155,81,224) 100%)","background_repeat":"repeat","background_size":"auto","background_attachment":"scroll","patternColor":{"default":{"color":"#e5e7ea"}},"overlayColor":{"default":{"color":"CT_CSS_SKIP_RULE"}},"backgroundColor":{"default":{"color":"CT_CSS_SKIP_RULE"}}},"content_background":{"background_type":"color","background_pattern":"type-1","background_image":{"attachment_id":null,"x":0,"y":0},"gradient":"linear-gradient(135deg,rgba(6,147,227,1) 0%,rgb(155,81,224) 100%)","background_repeat":"repeat","background_size":"auto","background_attachment":"scroll","patternColor":{"default":{"color":"#e5e7ea"}},"overlayColor":{"default":{"color":"CT_CSS_SKIP_RULE"}},"backgroundColor":{"default":{"color":"var(--theme-palette-color-8)"}}},"content_boxed_shadow":{"inherit":false,"blur":18,"spread":-6,"v_offset":12,"h_offset":0,"inset":false,"enable":true,"color":{"color":"rgba(34, 56, 101, 0.04)"}},"content_boxed_border":{"width":1,"style":"none","color":{"color":"rgba(44,62,80,0.2)"}},"content_boxed_radius":{"top":"3px","bottom":"3px","left":"3px","right":"3px","linked":true},"boxed_content_spacing":{"desktop":{"top":"40px","bottom":"40px","left":"40px","right":"40px","linked":true},"tablet":{"top":"35px","bottom":"35px","left":"35px","right":"35px","linked":true},"mobile":{"top":"20px","bottom":"20px","left":"20px","right":"20px","linked":true}},"376b97430f937d3717273866b6ec31d5":"","disable_featured_image":"no","disable_share_box":"no","disable_header":"no","disable_footer":"no","styles_descriptor":{"styles":{"desktop":"","tablet":"","mobile":""},"google_fonts":[],"version":6}},"_links":{"self":[{"href":"https:\/\/divcsh.izt.uam.mx\/dcsh\/index.php\/wp-json\/wp\/v2\/pages\/4138","targetHints":{"allow":["GET"]}}],"collection":[{"href":"https:\/\/divcsh.izt.uam.mx\/dcsh\/index.php\/wp-json\/wp\/v2\/pages"}],"about":[{"href":"https:\/\/divcsh.izt.uam.mx\/dcsh\/index.php\/wp-json\/wp\/v2\/types\/page"}],"author":[{"embeddable":true,"href":"https:\/\/divcsh.izt.uam.mx\/dcsh\/index.php\/wp-json\/wp\/v2\/users\/12"}],"replies":[{"embeddable":true,"href":"https:\/\/divcsh.izt.uam.mx\/dcsh\/index.php\/wp-json\/wp\/v2\/comments?post=4138"}],"version-history":[{"count":0,"href":"https:\/\/divcsh.izt.uam.mx\/dcsh\/index.php\/wp-json\/wp\/v2\/pages\/4138\/revisions"}],"wp:attachment":[{"href":"https:\/\/divcsh.izt.uam.mx\/dcsh\/index.php\/wp-json\/wp\/v2\/media?parent=4138"}],"curies":[{"name":"wp","href":"https:\/\/api.w.org\/{rel}","templated":true}]}}