{"id":4453,"date":"2023-11-02T22:12:53","date_gmt":"2023-11-02T22:12:53","guid":{"rendered":"https:\/\/divcsh.izt.uam.mx\/dcsh\/?page_id=4453"},"modified":"2026-04-30T13:02:39","modified_gmt":"2026-04-30T19:02:39","slug":"sala_quetza","status":"publish","type":"page","link":"https:\/\/divcsh.izt.uam.mx\/dcsh\/index.php\/sala_quetza\/","title":{"rendered":"Sala Quetzalcalli"},"content":{"rendered":"\t\t<div data-elementor-type=\"wp-page\" data-elementor-id=\"4453\" class=\"elementor elementor-4453\" data-elementor-post-type=\"page\">\n\t\t\t\t<div class=\"elementor-element elementor-element-a6719a7 e-con-full e-flex elementor-invisible e-con e-parent\" data-id=\"a6719a7\" data-element_type=\"container\" data-e-type=\"container\" data-settings=\"{&quot;background_background&quot;:&quot;classic&quot;,&quot;animation&quot;:&quot;fadeIn&quot;}\">\n\t\t\t\t<div class=\"elementor-element elementor-element-bfcb088 elementor-widget elementor-widget-spacer\" data-id=\"bfcb088\" data-element_type=\"widget\" data-e-type=\"widget\" data-widget_type=\"spacer.default\">\n\t\t\t\t<div class=\"elementor-widget-container\">\n\t\t\t\t\t\t\t<div class=\"elementor-spacer\">\n\t\t\t<div class=\"elementor-spacer-inner\"><\/div>\n\t\t<\/div>\n\t\t\t\t\t\t<\/div>\n\t\t\t\t<\/div>\n\t\t\t\t<div class=\"elementor-element elementor-element-1653541 elementor-invisible elementor-widget elementor-widget-heading\" data-id=\"1653541\" data-element_type=\"widget\" data-e-type=\"widget\" data-settings=\"{&quot;_animation&quot;:&quot;fadeIn&quot;}\" data-widget_type=\"heading.default\">\n\t\t\t\t<div class=\"elementor-widget-container\">\n\t\t\t\t\t<h1 class=\"elementor-heading-title elementor-size-default\">Sala Quetzalcalli<\/h1>\t\t\t\t<\/div>\n\t\t\t\t<\/div>\n\t\t\t\t<div class=\"elementor-element elementor-element-44c83dd elementor-widget elementor-widget-spacer\" data-id=\"44c83dd\" data-element_type=\"widget\" data-e-type=\"widget\" data-widget_type=\"spacer.default\">\n\t\t\t\t<div class=\"elementor-widget-container\">\n\t\t\t\t\t\t\t<div class=\"elementor-spacer\">\n\t\t\t<div class=\"elementor-spacer-inner\"><\/div>\n\t\t<\/div>\n\t\t\t\t\t\t<\/div>\n\t\t\t\t<\/div>\n\t\t\t\t<\/div>\n\t\t<div class=\"elementor-element elementor-element-504774f e-con-full e-flex elementor-invisible e-con e-parent\" data-id=\"504774f\" data-element_type=\"container\" data-e-type=\"container\" data-settings=\"{&quot;background_background&quot;:&quot;classic&quot;,&quot;animation&quot;:&quot;fadeIn&quot;}\">\n\t\t\t\t<div class=\"elementor-element elementor-element-cba0054 elementor-widget elementor-widget-spacer\" data-id=\"cba0054\" data-element_type=\"widget\" data-e-type=\"widget\" data-widget_type=\"spacer.default\">\n\t\t\t\t<div class=\"elementor-widget-container\">\n\t\t\t\t\t\t\t<div class=\"elementor-spacer\">\n\t\t\t<div class=\"elementor-spacer-inner\"><\/div>\n\t\t<\/div>\n\t\t\t\t\t\t<\/div>\n\t\t\t\t<\/div>\n\t\t\t\t<div class=\"elementor-element elementor-element-50fd010 elementor-widget elementor-widget-eael-adv-tabs\" data-id=\"50fd010\" data-element_type=\"widget\" data-e-type=\"widget\" data-widget_type=\"eael-adv-tabs.default\">\n\t\t\t\t<div class=\"elementor-widget-container\">\n\t\t\t\t\t        <div data-scroll-on-click=\"no\" data-scroll-speed=\"300\" id=\"eael-advance-tabs-50fd010\" class=\"eael-advance-tabs eael-tabs-horizontal eael-tab-auto-active \" data-tabid=\"50fd010\">\n            <div class=\"eael-tabs-nav \">\n                <ul class=\"eael-tab-inline-icon\" role=\"tablist\">\n                                            <li id=\"procedimiento-para-reservacin\" class=\"inactive eael-tab-item-trigger eael-tab-nav-item\" aria-selected=\"true\" data-tab=\"1\" role=\"tab\" tabindex=\"0\" aria-controls=\"procedimiento-para-reservacin-tab\" aria-expanded=\"false\">\n                            \n                                                        \n                                                            <span class=\"eael-tab-title title-after-icon\" >Procedimiento para reservaci\u00f3n<\/span>                            \n                                                    <\/li>\n                                            <li id=\"procedimientos-y-reglamentos-de-uso\" class=\"inactive eael-tab-item-trigger eael-tab-nav-item\" aria-selected=\"false\" data-tab=\"2\" role=\"tab\" tabindex=\"-1\" aria-controls=\"procedimientos-y-reglamentos-de-uso-tab\" aria-expanded=\"false\">\n                            \n                                                        \n                                                            <span class=\"eael-tab-title title-after-icon\" >Procedimientos y reglamentos  de uso<\/span>                            \n                                                    <\/li>\n                    \n                                  <\/ul>\n            <\/div>\n            \n            <div class=\"eael-tabs-content\">\n\t\t        \n                    <div id=\"procedimiento-para-reservacin-tab\" class=\"clearfix eael-tab-content-item inactive\" data-title-link=\"procedimiento-para-reservacin-tab\">\n\t\t\t\t        <p><strong><em>La Sala Quetzalcalli es un espacio destinado a la realizaci\u00f3n de eventos acad\u00e9micos, congresos, coloquios, simposios, seminarios de posgrado, presentaci\u00f3n de publicaciones acad\u00e9micas y reuniones colegiadas.<\/em><\/strong><\/p><ol><li>Para reservar alguno de estos espacios, deber\u00e1 consultar la disponibilidad<\/li><li>Llenar el \u201cFormato de Reservaci\u00f3n\u201d.<\/li><li><strong>El formato ser\u00e1 enviado autom\u00e1ticamente al correo del usuario<\/strong> y al del Responsable de los Laboratorios Divisionales de Docencia e Inform\u00e1tica (H-214) en la direcci\u00f3n <strong><a rel=\"noopener\">Lddi@izt.uam.mx<\/a><\/strong>.<\/li><li><strong>Espere la confirmaci\u00f3n del estatus de su solicitud.<\/strong><\/li><li>Consultar las \u201cRecomendaciones de uso\u201d, con la finalidad de mantener estos espacios en excelentes condiciones.<\/li><li><em>Enviar con anticipaci\u00f3n cartel y programa de su actividad o evento a la siguiente direcci\u00f3n de correo electr\u00f3nico<\/em>: <strong><a href=\"mailto:lddi@zt.uam.mx\">Lddi@izt.uam.mx<\/a><\/strong><\/li><li>La persona responsable del evento deber\u00e1 considerar el personal necesario que facilite el uso de micr\u00f3fonos, seguimiento de preguntas en redes sociales y distribuci\u00f3n del mobiliario en el laboratorio.<\/li><li>Indicar si su evento se transmite a trav\u00e9s de redes sociales (Youtube, Facebook o alg\u00fan otro).<\/li><li><em>En caso de requerir el uso adicional de herramientas de software, es necesario especificarlo y agendar d\u00eda y horario para la realizaci\u00f3n de pruebas.<\/em><\/li><\/ol><p><em><strong>\u00a1ATENCI\u00d3N!<\/strong><\/em><\/p><p><em><strong>\u2714 Las solicitudes recibidas ser\u00e1n atendidas en un periodo de 24 a 48 horas. Para asegurar su atenci\u00f3n en tiempo y forma, le recomendamos enviarlas con anticipaci\u00f3n.<\/strong><\/em><\/p><p><em><strong>\u2714 Antes de realizar su reservaci\u00f3n, verificar el aforo m\u00e1ximo permitido en la Sala Quetzalcalli. <\/strong><strong>Una vez alcanzado dicho l\u00edmite, no se permitir\u00e1 el acceso a m\u00e1s personas, por lo que le recomendamos planear su actividad considerando esta restricci\u00f3n para evitar contratiempos.<\/strong><\/em><\/p><p><strong><em>\u2714 Las grabaciones de la Plataforma Zoom se resguardan \u00fanicamente por 30 d\u00edas naturales a partir de la fecha del evento. Para garantizar su acceso, le recomendamos solicitar la grabaci\u00f3n dentro de ese periodo. Al realizar su solicitud, por favor incluir el nombre del evento, as\u00ed como la fecha y hora de la sesi\u00f3n.<\/em><\/strong><\/p><p>Para cualquier duda o sugerencia comunicarse a la siguiente direcci\u00f3n de correo electr\u00f3nico: <strong><a href=\"mailto:lddi@zt.uam.mx\">Lddi@izt.uam.mx<\/a>\u00a0<\/strong>o al tel\u00e9fono (55) 5804-4756.<\/p>                    <\/div>\n\t\t        \n                    <div id=\"procedimientos-y-reglamentos-de-uso-tab\" class=\"clearfix eael-tab-content-item inactive\" data-title-link=\"procedimientos-y-reglamentos-de-uso-tab\">\n\t\t\t\t        <ul><li><strong><em><a href=\"https:\/\/divcsh.izt.uam.mx\/dcsh\/wp-content\/uploads\/2024\/08\/2024.01.25-Proteccion-Civil-Quetzalcalli.pdf\">Protocolo de Protecci\u00f3n Civil Quetzalcalli<\/a><\/em><\/strong><\/li><li><a href=\"https:\/\/divcsh.izt.uam.mx\/dcsh\/wp-content\/uploads\/2026\/04\/Reglamento-de-uso-del-kiosko-para-actividades-academicas.pdf\"><em><strong>Reglamento de uso del kiosko para actividades acad\u00e9micas<\/strong><\/em><\/a><\/li><\/ul>                    <\/div>\n\t\t                    <\/div>\n        <\/div>\n\t\t\t\t<\/div>\n\t\t\t\t<\/div>\n\t\t\t\t<div class=\"elementor-element elementor-element-f21f630 elementor-widget elementor-widget-eael-adv-accordion\" data-id=\"f21f630\" data-element_type=\"widget\" data-e-type=\"widget\" data-widget_type=\"eael-adv-accordion.default\">\n\t\t\t\t<div class=\"elementor-widget-container\">\n\t\t\t\t\t            <div class=\"eael-adv-accordion\" id=\"eael-adv-accordion-f21f630\" data-scroll-on-click=\"no\" data-scroll-speed=\"300\" data-accordion-id=\"f21f630\" data-accordion-type=\"accordion\" data-toogle-speed=\"300\">\n            <div class=\"eael-accordion-list\">\n\t\t\t\t\t<div id=\"recomendaciones\" class=\"elementor-tab-title eael-accordion-header active-default\" tabindex=\"0\" data-tab=\"1\" aria-controls=\"elementor-tab-content-2531\"><span class=\"eael-accordion-tab-title\">Recomendaciones<\/span><span class=\"eael-advanced-accordion-icon-closed\"><\/span><span class=\"eael-advanced-accordion-icon-opened\"><\/span><\/div><div id=\"elementor-tab-content-2531\" class=\"eael-accordion-content clearfix active-default\" data-tab=\"1\" aria-labelledby=\"recomendaciones\"><ol><li>Como organizador del evento, usted deber\u00e1 acomodar las sillas como requiera. En caso de hacer uso de las sillas y mesas disponibles en la sala, al finalizar el evento deber\u00e1 dejar el espacio como lo encontr\u00f3.<\/li><li>En caso de requerir equipo de c\u00f3mputo, micr\u00f3fonos o alg\u00fan otro dispositivo, solicitarlo con el Responsable de los Laboratorios Divisionales de Docencia e Inform\u00e1tica (H214).<\/li><li>En caso de que su evento est\u00e9 contemplado para todo el d\u00eda, deber\u00e1 considerar la solicitud de servicio para el personal de limpieza. Por favor, comunicarse al \u00e1rea de mantenimiento, extensi\u00f3n 4833 o bien al \u00e1rea de intendencia en la extensi\u00f3n 4893.<\/li><li>Los ba\u00f1os de la sala estar\u00e1n disponibles exclusivamente durante la realizaci\u00f3n de eventos programados.<\/li><li>A todos los usuarios de estos espacios, se les pide de la manera m\u00e1s atenta preservar los espacios limpios.<\/li><\/ol><p>Para cualquier duda o sugerencia comunicarse a la siguiente direcci\u00f3n de correo electr\u00f3nico: <strong><a href=\"mailto:lddi@izt.uam.mx\">Lddi@izt.uam.mx<\/a> o al tel\u00e9fono (55) 5804-4984.<\/strong><\/p><\/div>\n\t\t\t\t\t<\/div><\/div>\t\t\t\t<\/div>\n\t\t\t\t<\/div>\n\t\t\t\t<\/div>\n\t\t<div class=\"elementor-element elementor-element-6248626 e-con-full e-flex e-con e-parent\" data-id=\"6248626\" data-element_type=\"container\" data-e-type=\"container\">\n\t\t\t\t<div class=\"elementor-element elementor-element-74269b8 elementor-widget elementor-widget-spacer\" data-id=\"74269b8\" data-element_type=\"widget\" data-e-type=\"widget\" data-widget_type=\"spacer.default\">\n\t\t\t\t<div class=\"elementor-widget-container\">\n\t\t\t\t\t\t\t<div class=\"elementor-spacer\">\n\t\t\t<div class=\"elementor-spacer-inner\"><\/div>\n\t\t<\/div>\n\t\t\t\t\t\t<\/div>\n\t\t\t\t<\/div>\n\t\t\t\t<\/div>\n\t\t<div class=\"elementor-element elementor-element-bf4c6c7 e-flex e-con-boxed e-con e-child\" data-id=\"bf4c6c7\" data-element_type=\"container\" data-e-type=\"container\">\n\t\t\t\t\t<div class=\"e-con-inner\">\n\t\t\t\t<div class=\"elementor-element elementor-element-8eb613b elementor-widget elementor-widget-heading\" data-id=\"8eb613b\" data-element_type=\"widget\" data-e-type=\"widget\" data-widget_type=\"heading.default\">\n\t\t\t\t<div class=\"elementor-widget-container\">\n\t\t\t\t\t<h4 class=\"elementor-heading-title elementor-size-default\">Consulta la disponibilidad de horarios<\/h4>\t\t\t\t<\/div>\n\t\t\t\t<\/div>\n\t\t\t\t<div class=\"elementor-element elementor-element-a3dec92 elementor-widget elementor-widget-spacer\" data-id=\"a3dec92\" data-element_type=\"widget\" data-e-type=\"widget\" data-widget_type=\"spacer.default\">\n\t\t\t\t<div class=\"elementor-widget-container\">\n\t\t\t\t\t\t\t<div class=\"elementor-spacer\">\n\t\t\t<div class=\"elementor-spacer-inner\"><\/div>\n\t\t<\/div>\n\t\t\t\t\t\t<\/div>\n\t\t\t\t<\/div>\n\t\t\t\t<div class=\"elementor-element elementor-element-dff121e elementor-widget elementor-widget-html\" data-id=\"dff121e\" data-element_type=\"widget\" data-e-type=\"widget\" data-widget_type=\"html.default\">\n\t\t\t\t<div class=\"elementor-widget-container\">\n\t\t\t\t\t<iframe src=\"https:\/\/calendar.google.com\/calendar\/embed?src=p1cp2763v3sj1ssee52nmgtfh0%40group.calendar.google.com&ctz=America%2FMexico_City\" style=\"border: 0\" width=\"100%\" height=\"600\" frameborder=\"0\" scrolling=\"no\"><\/iframe>\t\t\t\t<\/div>\n\t\t\t\t<\/div>\n\t\t\t\t<div class=\"elementor-element elementor-element-45890f2 elementor-widget elementor-widget-spacer\" data-id=\"45890f2\" data-element_type=\"widget\" data-e-type=\"widget\" data-widget_type=\"spacer.default\">\n\t\t\t\t<div class=\"elementor-widget-container\">\n\t\t\t\t\t\t\t<div class=\"elementor-spacer\">\n\t\t\t<div class=\"elementor-spacer-inner\"><\/div>\n\t\t<\/div>\n\t\t\t\t\t\t<\/div>\n\t\t\t\t<\/div>\n\t\t\t\t\t<\/div>\n\t\t\t\t<\/div>\n\t\t<div class=\"elementor-element elementor-element-94c9557 e-flex e-con-boxed e-con e-child\" data-id=\"94c9557\" data-element_type=\"container\" data-e-type=\"container\">\n\t\t\t\t\t<div class=\"e-con-inner\">\n\t\t\t\t<div class=\"elementor-element elementor-element-c9f206d elementor-widget elementor-widget-heading\" data-id=\"c9f206d\" data-element_type=\"widget\" data-e-type=\"widget\" data-widget_type=\"heading.default\">\n\t\t\t\t<div class=\"elementor-widget-container\">\n\t\t\t\t\t<h4 class=\"elementor-heading-title elementor-size-default\">Solicitud de reservaci\u00f3n Sala Quetzalcalli<\/h4>\t\t\t\t<\/div>\n\t\t\t\t<\/div>\n\t\t\t\t<div class=\"elementor-element elementor-element-2a4c8df elementor-widget elementor-widget-eael-adv-accordion\" data-id=\"2a4c8df\" data-element_type=\"widget\" data-e-type=\"widget\" data-widget_type=\"eael-adv-accordion.default\">\n\t\t\t\t<div class=\"elementor-widget-container\">\n\t\t\t\t\t            <div class=\"eael-adv-accordion\" id=\"eael-adv-accordion-2a4c8df\" data-scroll-on-click=\"no\" data-scroll-speed=\"300\" data-accordion-id=\"2a4c8df\" data-accordion-type=\"accordion\" data-toogle-speed=\"300\">\n            <div class=\"eael-accordion-list\">\n\t\t\t\t\t<div id=\"formato-de-reservacin-\" class=\"elementor-tab-title eael-accordion-header\" tabindex=\"0\" data-tab=\"1\" aria-controls=\"elementor-tab-content-4431\"><span class=\"eael-accordion-tab-title\">Formato de Reservaci\u00f3n <\/span><span class=\"eael-advanced-accordion-icon-closed\"><\/span><span class=\"eael-advanced-accordion-icon-opened\"><\/span><\/div><div id=\"elementor-tab-content-4431\" class=\"eael-accordion-content clearfix\" data-tab=\"1\" aria-labelledby=\"formato-de-reservacin-\"><iframe style=\"border: none\" src=\"https:\/\/tmpcsh.izt.uam.mx\/mgsr\/Formato_Sala_Quetzalcalli.php\" width=\"100%\" height=\"600\"><span style=\"width: 0px;overflow: hidden;line-height: 0\" class=\"mce_SELRES_start\">\ufeff<\/span><\/iframe><\/div>\n\t\t\t\t\t<\/div><\/div>\t\t\t\t<\/div>\n\t\t\t\t<\/div>\n\t\t\t\t<div class=\"elementor-element elementor-element-cb00869 elementor-widget elementor-widget-spacer\" data-id=\"cb00869\" data-element_type=\"widget\" data-e-type=\"widget\" data-widget_type=\"spacer.default\">\n\t\t\t\t<div class=\"elementor-widget-container\">\n\t\t\t\t\t\t\t<div class=\"elementor-spacer\">\n\t\t\t<div class=\"elementor-spacer-inner\"><\/div>\n\t\t<\/div>\n\t\t\t\t\t\t<\/div>\n\t\t\t\t<\/div>\n\t\t\t\t\t<\/div>\n\t\t\t\t<\/div>\n\t\t\t\t<\/div>\n\t\t","protected":false},"excerpt":{"rendered":"<p>Sala Quetzalcalli Procedimiento para reservaci\u00f3n Procedimientos y reglamentos de uso La Sala Quetzalcalli es un espacio destinado a la realizaci\u00f3n de eventos acad\u00e9micos, congresos, coloquios, simposios, seminarios de posgrado, presentaci\u00f3n de publicaciones acad\u00e9micas y reuniones colegiadas. Para reservar alguno de estos espacios, deber\u00e1 consultar la disponibilidad Llenar el \u201cFormato de Reservaci\u00f3n\u201d. El formato ser\u00e1 enviado [&hellip;]<\/p>\n","protected":false},"author":12,"featured_media":0,"parent":0,"menu_order":0,"comment_status":"closed","ping_status":"closed","template":"","meta":{"footnotes":""},"class_list":["post-4453","page","type-page","status-publish","hentry"],"blocksy_meta":{"page_title_panel":"","has_hero_section":"disabled","5b8f58a7d00eebcdf1b39e107f27565c":"","hero_section":"type-1","hero_elements":[{"id":"custom_title","enabled":true,"heading_tag":"h1","title":"Home"},{"id":"custom_description","enabled":true,"description_visibility":{"desktop":true,"tablet":true,"mobile":false}},{"id":"custom_meta","enabled":false,"meta_elements":[{"id":"author","enabled":true,"label":"By","has_author_avatar":"yes","avatar_size":25},{"id":"post_date","enabled":true,"label":"On","date_format_source":"default","date_format":"M j, Y"},{"id":"updated_date","enabled":false,"label":"On","date_format_source":"default","date_format":"M j, Y"},{"id":"categories","enabled":false,"label":"In","style":"simple"},{"id":"comments","enabled":true}],"page_meta_elements":{"joined":true,"articles_count":true,"comments":true}},{"id":"breadcrumbs","enabled":false}],"6a780d8358f7749d3209388f5cf3e102":"","hero_alignment1":"CT_CSS_SKIP_RULE","hero_margin":40,"hero_alignment2":"center","hero_vertical_alignment":"center","aeb7fc5c37df6ce32c2652800b590b75":"","hero_structure":"narrow","31c480dffc4e8ad0042320fa1dc69be3":"","page_title_bg_type":"featured_image","custom_hero_background":{"attachment_id":null},"page_title_image_size":"full","parallax":{"desktop":false,"tablet":false,"mobile":false},"430ab52900e1df34ff50e650d97dabde":"","hero_height":"250px","pageTitleFont":{"family":"Default","variation":"Default","size":"30px","line-height":"CT_CSS_SKIP_RULE","letter-spacing":"CT_CSS_SKIP_RULE","text-transform":"CT_CSS_SKIP_RULE","text-decoration":"CT_CSS_SKIP_RULE"},"pageTitleFontColor":{"default":{"color":"CT_CSS_SKIP_RULEDEFAULT"}},"pageMetaFont":{"family":"Default","variation":"n6","size":"12px","line-height":"1.3","letter-spacing":"CT_CSS_SKIP_RULE","text-transform":"uppercase","text-decoration":"CT_CSS_SKIP_RULE"},"pageMetaFontColor":{"default":{"color":"CT_CSS_SKIP_RULEDEFAULT"},"hover":{"color":"CT_CSS_SKIP_RULEDEFAULT"}},"page_meta_button_type_font_colors":{"default":{"color":"CT_CSS_SKIP_RULEDEFAULT"},"hover":{"color":"CT_CSS_SKIP_RULEDEFAULT"}},"page_meta_button_type_background_colors":{"default":{"color":"CT_CSS_SKIP_RULEDEFAULT"},"hover":{"color":"CT_CSS_SKIP_RULEDEFAULT"}},"pageExcerptFont":{"family":"Default","variation":"Default","size":"CT_CSS_SKIP_RULE","line-height":"CT_CSS_SKIP_RULE","letter-spacing":"CT_CSS_SKIP_RULE","text-transform":"CT_CSS_SKIP_RULE","text-decoration":"CT_CSS_SKIP_RULE"},"pageExcerptColor":{"default":{"color":"CT_CSS_SKIP_RULEDEFAULT"}},"breadcrumbsFont":{"family":"Default","variation":"Default","size":"CT_CSS_SKIP_RULE","line-height":"CT_CSS_SKIP_RULE","letter-spacing":"CT_CSS_SKIP_RULE","text-transform":"CT_CSS_SKIP_RULE","text-decoration":"CT_CSS_SKIP_RULE"},"breadcrumbsFontColor":{"default":{"color":"CT_CSS_SKIP_RULEDEFAULT"},"initial":{"color":"CT_CSS_SKIP_RULEDEFAULT"},"hover":{"color":"CT_CSS_SKIP_RULEDEFAULT"}},"pageTitleOverlay":{"background_type":"color","background_pattern":"type-1","background_image":{"attachment_id":null,"x":0,"y":0},"gradient":"linear-gradient(135deg,rgba(6,147,227,1) 0%,rgb(155,81,224) 100%)","background_repeat":"repeat","background_size":"auto","background_attachment":"scroll","patternColor":{"default":{"color":"#e5e7ea"}},"overlayColor":{"default":{"color":"CT_CSS_SKIP_RULE"}},"backgroundColor":{"default":{"color":"CT_CSS_SKIP_RULE"}}},"pageTitleBackground":{"background_type":"color","background_pattern":"type-1","background_image":{"attachment_id":null,"x":0,"y":0},"gradient":"linear-gradient(135deg,rgba(6,147,227,1) 0%,rgb(155,81,224) 100%)","background_repeat":"repeat","background_size":"auto","background_attachment":"scroll","patternColor":{"default":{"color":"#e5e7ea"}},"overlayColor":{"default":{"color":"CT_CSS_SKIP_RULE"}},"backgroundColor":{"default":{"color":"var(--theme-palette-color-6)"}}},"pageTitlePadding":{"top":"50px","bottom":"50px","left":"auto","right":"auto","linked":true},"08b9461e259b714af1e430503c5721ef":"","page_structure_type":"default","46064d3b3b7967c5221e0131bbac5d0b":"","content_style_source":"inherit","content_style":"wide","vertical_spacing_source":"custom","content_area_spacing":"none","background":{"background_type":"color","background_pattern":"type-1","background_image":{"attachment_id":null,"x":0,"y":0},"gradient":"linear-gradient(135deg,rgba(6,147,227,1) 0%,rgb(155,81,224) 100%)","background_repeat":"repeat","background_size":"auto","background_attachment":"scroll","patternColor":{"default":{"color":"#e5e7ea"}},"overlayColor":{"default":{"color":"CT_CSS_SKIP_RULE"}},"backgroundColor":{"default":{"color":"CT_CSS_SKIP_RULE"}}},"content_background":{"background_type":"color","background_pattern":"type-1","background_image":{"attachment_id":null,"x":0,"y":0},"gradient":"linear-gradient(135deg,rgba(6,147,227,1) 0%,rgb(155,81,224) 100%)","background_repeat":"repeat","background_size":"auto","background_attachment":"scroll","patternColor":{"default":{"color":"#e5e7ea"}},"overlayColor":{"default":{"color":"CT_CSS_SKIP_RULE"}},"backgroundColor":{"default":{"color":"var(--theme-palette-color-8)"}}},"content_boxed_shadow":{"inherit":false,"blur":18,"spread":-6,"v_offset":12,"h_offset":0,"inset":false,"enable":true,"color":{"color":"rgba(34, 56, 101, 0.04)"}},"content_boxed_border":{"width":1,"style":"none","color":{"color":"rgba(44,62,80,0.2)"}},"content_boxed_radius":{"top":"3px","bottom":"3px","left":"3px","right":"3px","linked":true},"boxed_content_spacing":{"desktop":{"top":"40px","bottom":"40px","left":"40px","right":"40px","linked":true},"tablet":{"top":"35px","bottom":"35px","left":"35px","right":"35px","linked":true},"mobile":{"top":"20px","bottom":"20px","left":"20px","right":"20px","linked":true}},"376b97430f937d3717273866b6ec31d5":"","disable_featured_image":"no","disable_share_box":"no","disable_header":"no","disable_footer":"no","styles_descriptor":{"styles":{"desktop":"","tablet":"","mobile":""},"google_fonts":[],"version":6}},"_links":{"self":[{"href":"https:\/\/divcsh.izt.uam.mx\/dcsh\/index.php\/wp-json\/wp\/v2\/pages\/4453","targetHints":{"allow":["GET"]}}],"collection":[{"href":"https:\/\/divcsh.izt.uam.mx\/dcsh\/index.php\/wp-json\/wp\/v2\/pages"}],"about":[{"href":"https:\/\/divcsh.izt.uam.mx\/dcsh\/index.php\/wp-json\/wp\/v2\/types\/page"}],"author":[{"embeddable":true,"href":"https:\/\/divcsh.izt.uam.mx\/dcsh\/index.php\/wp-json\/wp\/v2\/users\/12"}],"replies":[{"embeddable":true,"href":"https:\/\/divcsh.izt.uam.mx\/dcsh\/index.php\/wp-json\/wp\/v2\/comments?post=4453"}],"version-history":[{"count":0,"href":"https:\/\/divcsh.izt.uam.mx\/dcsh\/index.php\/wp-json\/wp\/v2\/pages\/4453\/revisions"}],"wp:attachment":[{"href":"https:\/\/divcsh.izt.uam.mx\/dcsh\/index.php\/wp-json\/wp\/v2\/media?parent=4453"}],"curies":[{"name":"wp","href":"https:\/\/api.w.org\/{rel}","templated":true}]}}