{"id":5633,"date":"2024-01-29T21:37:11","date_gmt":"2024-01-29T21:37:11","guid":{"rendered":"https:\/\/divcsh.izt.uam.mx\/dcsh\/?page_id=5633"},"modified":"2026-01-15T15:31:54","modified_gmt":"2026-01-15T21:31:54","slug":"lab_divcsh","status":"publish","type":"page","link":"https:\/\/divcsh.izt.uam.mx\/dcsh\/index.php\/lab_divcsh\/","title":{"rendered":"Salas de Aprendizaje y Laboratorios de Docencia\u200b"},"content":{"rendered":"\t\t<div data-elementor-type=\"wp-page\" data-elementor-id=\"5633\" class=\"elementor elementor-5633\" data-elementor-post-type=\"page\">\n\t\t\t\t<div class=\"elementor-element elementor-element-a6719a7 e-con-full e-flex elementor-invisible e-con e-parent\" data-id=\"a6719a7\" data-element_type=\"container\" data-e-type=\"container\" data-settings=\"{&quot;background_background&quot;:&quot;classic&quot;,&quot;animation&quot;:&quot;fadeIn&quot;}\">\n\t\t\t\t<div class=\"elementor-element elementor-element-bfcb088 elementor-widget elementor-widget-spacer\" data-id=\"bfcb088\" data-element_type=\"widget\" data-e-type=\"widget\" data-widget_type=\"spacer.default\">\n\t\t\t\t<div class=\"elementor-widget-container\">\n\t\t\t\t\t\t\t<div class=\"elementor-spacer\">\n\t\t\t<div class=\"elementor-spacer-inner\"><\/div>\n\t\t<\/div>\n\t\t\t\t\t\t<\/div>\n\t\t\t\t<\/div>\n\t\t\t\t<div class=\"elementor-element elementor-element-1653541 elementor-invisible elementor-widget elementor-widget-heading\" data-id=\"1653541\" data-element_type=\"widget\" data-e-type=\"widget\" data-settings=\"{&quot;_animation&quot;:&quot;fadeIn&quot;}\" data-widget_type=\"heading.default\">\n\t\t\t\t<div class=\"elementor-widget-container\">\n\t\t\t\t\t<h1 class=\"elementor-heading-title elementor-size-default\">Salas de Aprendizaje (c\u00f3mputo) y Laboratorios de Docencia<\/h1>\t\t\t\t<\/div>\n\t\t\t\t<\/div>\n\t\t\t\t<div class=\"elementor-element elementor-element-44c83dd elementor-widget elementor-widget-spacer\" data-id=\"44c83dd\" data-element_type=\"widget\" data-e-type=\"widget\" data-widget_type=\"spacer.default\">\n\t\t\t\t<div class=\"elementor-widget-container\">\n\t\t\t\t\t\t\t<div class=\"elementor-spacer\">\n\t\t\t<div class=\"elementor-spacer-inner\"><\/div>\n\t\t<\/div>\n\t\t\t\t\t\t<\/div>\n\t\t\t\t<\/div>\n\t\t\t\t<\/div>\n\t\t<div class=\"elementor-element elementor-element-504774f e-con-full e-flex elementor-invisible e-con e-parent\" data-id=\"504774f\" data-element_type=\"container\" data-e-type=\"container\" data-settings=\"{&quot;background_background&quot;:&quot;classic&quot;,&quot;animation&quot;:&quot;fadeIn&quot;}\">\n\t\t\t\t<div class=\"elementor-element elementor-element-cba0054 elementor-widget elementor-widget-spacer\" data-id=\"cba0054\" data-element_type=\"widget\" data-e-type=\"widget\" data-widget_type=\"spacer.default\">\n\t\t\t\t<div class=\"elementor-widget-container\">\n\t\t\t\t\t\t\t<div class=\"elementor-spacer\">\n\t\t\t<div class=\"elementor-spacer-inner\"><\/div>\n\t\t<\/div>\n\t\t\t\t\t\t<\/div>\n\t\t\t\t<\/div>\n\t\t\t\t<div class=\"elementor-element elementor-element-50fd010 elementor-widget elementor-widget-eael-adv-tabs\" data-id=\"50fd010\" data-element_type=\"widget\" data-e-type=\"widget\" data-widget_type=\"eael-adv-tabs.default\">\n\t\t\t\t<div class=\"elementor-widget-container\">\n\t\t\t\t\t        <div data-scroll-on-click=\"no\" data-scroll-speed=\"300\" id=\"eael-advance-tabs-50fd010\" class=\"eael-advance-tabs eael-tabs-horizontal eael-tab-auto-active \" data-tabid=\"50fd010\">\n            <div class=\"eael-tabs-nav \">\n                <ul class=\"eael-tab-inline-icon\" role=\"tablist\">\n                                            <li id=\"procedimiento-para-reservacin\" class=\"inactive eael-tab-item-trigger eael-tab-nav-item\" aria-selected=\"true\" data-tab=\"1\" role=\"tab\" tabindex=\"0\" aria-controls=\"procedimiento-para-reservacin-tab\" aria-expanded=\"false\">\n                            \n                                                        \n                                                            <span class=\"eael-tab-title title-after-icon\" >Procedimiento para reservaci\u00f3n<\/span>                            \n                                                    <\/li>\n                                            <li id=\"procedimientos-y-reglamentos-de-uso\" class=\"inactive eael-tab-item-trigger eael-tab-nav-item\" aria-selected=\"false\" data-tab=\"2\" role=\"tab\" tabindex=\"-1\" aria-controls=\"procedimientos-y-reglamentos-de-uso-tab\" aria-expanded=\"false\">\n                            \n                                                        \n                                                            <span class=\"eael-tab-title title-after-icon\" >Procedimientos y reglamentos de uso<\/span>                            \n                                                    <\/li>\n                    \n                                  <\/ul>\n            <\/div>\n            \n            <div class=\"eael-tabs-content\">\n\t\t        \n                    <div id=\"procedimiento-para-reservacin-tab\" class=\"clearfix eael-tab-content-item inactive\" data-title-link=\"procedimiento-para-reservacin-tab\">\n\t\t\t\t        <p><strong>Procedimiento para reservar Salas de Aprendizaje (c\u00f3mputo) y Laboratorios de Docencia<\/strong><\/p><p><strong>Las Salas de Aprendizaje (A, B, C, D, E, F).<\/strong> Son espacios equipados con Tecnolog\u00edas de la Informaci\u00f3n y la Comunicaci\u00f3n, de uso preferente para la impartici\u00f3n de UEA\u00b4s que requieren acceso a <strong><em>Software Especializado<\/em><\/strong> <strong>(Aplicaci\u00f3n inform\u00e1tica dise\u00f1ada para tareas espec\u00edficas en una disciplina, con herramientas avanzadas que van m\u00e1s all\u00e1 del software de uso general, utilizada en la ense\u00f1anza e investigaci\u00f3n);<\/strong>\u00a0equipo de c\u00f3mputo conectados en Red para profesor y alumno (cupo max. promedio de 25 alumnos); pantalla interactiva de 86\u201d dotada de NUC Intel\u00ae Core\u2122 i7, pantalla SHARP adicional de 55\u201d y sistema de videoconferencia PolyStudio. Si usted desea reservar alguna de las salas, le pedimos consultar los<em> <strong><a href=\"https:\/\/divcsh.izt.uam.mx\/dcsh\/wp-content\/uploads\/2024\/08\/2024.08.20-Criterios-Generales-para-Usos-SALAS-Y-LABORATORIOS-v5.pdf\" target=\"_blank\" rel=\"noopener\">Criterios Generales de Reservaci\u00f3n de Salas de Aprendizaje y Laboratorios de Docencia para Programaci\u00f3n Trimestral.<\/a><\/strong><\/em><\/p><p><strong>IMPORTANTE: A partir del trimestre 24-O, los laboratorios de docencia (Dr. Enrique de la Garza Toledo, Dr. Guillermo Ram\u00edrez Mart\u00ed\u00adnez, III y IV) ubicados en el edificio \u201cH\u201d no estar\u00e1n disponibles para la impartici\u00f3n de UEA&#8217;s,<\/strong> su uso estar\u00e1 destinado para cubrir la alta demanda de eventos o actividades acad\u00e9micas de la Divisi\u00f3n de Ciencias Sociales y Humanidades, tales como coloquios, simposios, seminarios de licenciatura y posgrado, talleres y ex\u00e1menes de grado.<\/p><p>Aunque no ser\u00e1 posible programar cursos completos en estos laboratorios, el profesorado podr\u00e1 solicitar su uso para fechas o sesiones espec\u00edficas, como actividades que requieran material audiovisual. Esto permitir\u00e1 un aprovechamiento adecuado de los recursos y facilitar\u00e1 el acceso a estos espacios para toda la comunidad acad\u00e9mica en diferentes horarios. Si usted desea reservar alg\u00fan laboratorio, le pedimos consultar los <em><strong><a href=\"https:\/\/divcsh.izt.uam.mx\/dcsh\/wp-content\/uploads\/2024\/08\/2024.08.20-Criterios-Generales-para-Usos-SALAS-Y-LABORATORIOS-v5.pdf\" target=\"_blank\" rel=\"noopener\">Criterios Generales de Reservaci\u00f3n de Salas de Aprendizaje y Laboratorios de Docencia para Programaci\u00f3n Trimestral.<\/a><\/strong><\/em><\/p><p>En caso de existir disponibilidad, le pedimos llenar la Solicitud de Reservaci\u00f3n de Laboratorios de Docencia e indicar la Sala de Aprendizaje que desea reservar. Enviar la Solicitud de Reservaci\u00f3n de Laboratorios de Docencia debidamente requisitada al siguiente correo electr\u00f3nico: <a href=\"mailto:lddi@izt.uam.mx\"><strong>Lddi@izt.uam.mx<\/strong><\/a>.<\/p><p>Finalmente, si la Solicitud es procedente se le notificar\u00e1 por correo electr\u00f3nico.<\/p><ol><li>Para reservar alguno de estos espacios, deber\u00e1 consultar la disponibilidad<\/li><li>Llenar el \u201cFormato de Reservaci\u00f3n\u201d.<\/li><li><strong>El formato ser\u00e1 enviado autom\u00e1ticamente al correo del usuario<\/strong> y al del Responsable de los Laboratorios Divisionales de Docencia e Inform\u00e1tica (H-214) en la direcci\u00f3n <strong><a rel=\"noopener\">Lddi@izt.uam.mx<\/a><\/strong>.<\/li><li><strong>Espere la confirmaci\u00f3n del estatus de su solicitud.<\/strong><\/li><li>Consultar las \u201cRecomendaciones de uso\u201d, con la finalidad de mantener estos espacios en excelentes condiciones.<\/li><li>Enviar el cartel de su actividad o evento a la siguiente direcci\u00f3n de correo electr\u00f3nico: <strong><a href=\"mailto:lddi@zt.uam.mx\">Lddi@izt.uam.mx<\/a><\/strong><\/li><li>La persona responsable del evento deber\u00e1 considerar el personal necesario que facilite el uso de micr\u00f3fonos, seguimiento de preguntas en redes sociales y distribuci\u00f3n del mobiliario en el laboratorio.<\/li><li>Indicar si su evento se transmite a trav\u00e9s de redes sociales (Youtube, Facebook o alg\u00fan otro).<\/li><li>En caso de utilizar la plataforma Zoom, deber\u00e1 hacer uso de las licencias institucionales asignadas a las Coordinaciones y Jefaturas de Departamento.<\/li><li>En caso de requerir el uso adicional de herramientas de\u00a0<em>software<\/em>, es necesario especificarlo y agendar d\u00eda y horario para la realizaci\u00f3n de pruebas.<\/li><\/ol><p><b><i>\u00a1ATENCI\u00d3N!<\/i><\/b><\/p><p><em><strong>\u2714\u00a0 Las solicitudes recibidas ser\u00e1n atendidas en un periodo de 24 a 48 horas. Para asegurar su atenci\u00f3n en tiempo y forma, le recomendamos enviarlas con anticipaci\u00f3n.<\/strong><\/em><\/p><p><em><strong>\u2714\u00a0 Antes de realizar su reservaci\u00f3n, verificar el aforo m\u00e1ximo permitido en los Laboratorios de Docencia y Salas de Aprendizaje. <\/strong><strong>Una vez alcanzado dicho l\u00edmite, no se permitir\u00e1 el acceso a m\u00e1s personas, por lo que le recomendamos planear su actividad considerando esta restricci\u00f3n para evitar contratiempos.<\/strong><\/em><\/p><p><strong><em>\u2714\u00a0 Las grabaciones de la Plataforma Zoom se resguardan \u00fanicamente por 30 d\u00edas naturales a partir de la fecha del evento. Para garantizar su acceso, le recomendamos solicitar la grabaci\u00f3n dentro de ese periodo. Al realizar su solicitud, por favor incluir el nombre del evento, as\u00ed como la fecha y hora de la sesi\u00f3n.<\/em><\/strong><\/p><p>Para cualquier duda o sugerencia comunicarse a la siguiente direcci\u00f3n de correo electr\u00f3nico: <a href=\"mailto:lddi@izt.uam.mx\"><strong>Lddi@izt.uam.mx<\/strong><\/a> o al tel\u00e9fono <strong>(55) 5804-4756<\/strong> \u00f3 <strong>(55) 5804-4984<\/strong><\/p>                    <\/div>\n\t\t        \n                    <div id=\"procedimientos-y-reglamentos-de-uso-tab\" class=\"clearfix eael-tab-content-item inactive\" data-title-link=\"procedimientos-y-reglamentos-de-uso-tab\">\n\t\t\t\t        <ul><li><em><strong><a href=\"https:\/\/divcsh.izt.uam.mx\/dcsh\/wp-content\/uploads\/2024\/08\/2024.08.21-Procedimiento-para-el-uso-correcto-del-equipo-de-videoconferencia-de-los-Labs-Doc.pdf\">Procedimiento para el uso correcto del equipo de videoconferencia de los Laboratorios de Docencia<\/a><\/strong><\/em><\/li><li><em><strong><a href=\"https:\/\/divcsh.izt.uam.mx\/dcsh\/wp-content\/uploads\/2024\/08\/2024.08.21-Procedimiento-de-uso-para-el-manejo-y-operacion-de-pantallas-interactivas-en-Sala-de-Aprendizaje.pdf\">Procedimiento de uso para el manejo y operaci\u00f3n de pantallas interactivas en Sala de Aprendizaje<\/a><\/strong><\/em><\/li><li><em><strong><a href=\"https:\/\/divcsh.izt.uam.mx\/dcsh\/wp-content\/uploads\/2024\/08\/2024.08.21-Reglamento-de-uso-de-salas-y-laboratorios.pdf\">Reglamento de uso de salas y laboratorios<\/a><\/strong><\/em><\/li><\/ul>                    <\/div>\n\t\t                    <\/div>\n        <\/div>\n\t\t\t\t<\/div>\n\t\t\t\t<\/div>\n\t\t\t\t<div class=\"elementor-element elementor-element-9b7816d elementor-widget elementor-widget-eael-adv-accordion\" data-id=\"9b7816d\" data-element_type=\"widget\" data-e-type=\"widget\" data-widget_type=\"eael-adv-accordion.default\">\n\t\t\t\t<div class=\"elementor-widget-container\">\n\t\t\t\t\t            <div class=\"eael-adv-accordion\" id=\"eael-adv-accordion-9b7816d\" data-scroll-on-click=\"no\" data-scroll-speed=\"300\" data-accordion-id=\"9b7816d\" data-accordion-type=\"accordion\" data-toogle-speed=\"300\">\n            <div class=\"eael-accordion-list\">\n\t\t\t\t\t<div id=\"recomendaciones\" class=\"elementor-tab-title eael-accordion-header active-default\" tabindex=\"0\" data-tab=\"1\" aria-controls=\"elementor-tab-content-1631\"><span class=\"eael-accordion-tab-title\">Recomendaciones<\/span><span class=\"eael-advanced-accordion-icon-closed\"><\/span><span class=\"eael-advanced-accordion-icon-opened\"><\/span><\/div><div id=\"elementor-tab-content-1631\" class=\"eael-accordion-content clearfix active-default\" data-tab=\"1\" aria-labelledby=\"recomendaciones\"><ol><li>Como organizador del evento, usted deber\u00e1 acomodar las sillas como requiera. En caso de hacer uso de las sillas y mesas disponibles en la sala, al finalizar el evento deber\u00e1 dejar el espacio como lo encontr\u00f3.<\/li><li>En caso de requerir equipo de c\u00f3mputo, micr\u00f3fonos o alg\u00fan otro dispositivo, solicitarlo con el Responsable de los Laboratorios Divisionales de Docencia e Inform\u00e1tica (H214).<\/li><li>En caso de que su evento est\u00e9 contemplado para todo el d\u00eda, deber\u00e1 considerar la solicitud de servicio para el personal de limpieza. Por favor, comunicarse al \u00e1rea de mantenimiento, extensi\u00f3n 4833 o bien al \u00e1rea de intendencia en la extensi\u00f3n 4893.<\/li><li>Los ba\u00f1os de la sala estar\u00e1n disponibles exclusivamente durante la realizaci\u00f3n de eventos programados.<\/li><li>A todos los usuarios de estos espacios, se les pide de la manera m\u00e1s atenta preservar los espacios limpios.<\/li><\/ol><p>Para cualquier duda o sugerencia comunicarse a la siguiente direcci\u00f3n de correo electr\u00f3nico: <strong><a href=\"mailto:lddi@izt.uam.mx\">Lddi@izt.uam.mx<\/a> o al tel\u00e9fono (55) 5804-4984.<\/strong><\/p><\/div>\n\t\t\t\t\t<\/div><\/div>\t\t\t\t<\/div>\n\t\t\t\t<\/div>\n\t\t\t\t<\/div>\n\t\t<div class=\"elementor-element elementor-element-6248626 e-con-full e-flex e-con e-parent\" data-id=\"6248626\" data-element_type=\"container\" data-e-type=\"container\">\n\t\t\t\t<div class=\"elementor-element elementor-element-74269b8 elementor-widget elementor-widget-spacer\" data-id=\"74269b8\" data-element_type=\"widget\" data-e-type=\"widget\" data-widget_type=\"spacer.default\">\n\t\t\t\t<div class=\"elementor-widget-container\">\n\t\t\t\t\t\t\t<div class=\"elementor-spacer\">\n\t\t\t<div class=\"elementor-spacer-inner\"><\/div>\n\t\t<\/div>\n\t\t\t\t\t\t<\/div>\n\t\t\t\t<\/div>\n\t\t\t\t<\/div>\n\t\t<div class=\"elementor-element elementor-element-0c16c8c e-flex e-con-boxed e-con e-child\" data-id=\"0c16c8c\" data-element_type=\"container\" data-e-type=\"container\">\n\t\t\t\t\t<div class=\"e-con-inner\">\n\t\t\t\t<div class=\"elementor-element elementor-element-8df9a52 elementor-widget elementor-widget-heading\" data-id=\"8df9a52\" data-element_type=\"widget\" data-e-type=\"widget\" data-widget_type=\"heading.default\">\n\t\t\t\t<div class=\"elementor-widget-container\">\n\t\t\t\t\t<h4 class=\"elementor-heading-title elementor-size-default\">Consulta la disponibilidad de horarios<\/h4>\t\t\t\t<\/div>\n\t\t\t\t<\/div>\n\t\t\t\t<div class=\"elementor-element elementor-element-61089fc elementor-widget elementor-widget-html\" data-id=\"61089fc\" data-element_type=\"widget\" data-e-type=\"widget\" data-widget_type=\"html.default\">\n\t\t\t\t<div class=\"elementor-widget-container\">\n\t\t\t\t\t<iframe src=\"https:\/\/infocsh.izt.uam.mx\/informatica-modulo\/\" width=\"100%\" height=\"800\"><\/iframe>\t\t\t\t<\/div>\n\t\t\t\t<\/div>\n\t\t\t\t<div class=\"elementor-element elementor-element-20dbe1a elementor-widget elementor-widget-spacer\" data-id=\"20dbe1a\" data-element_type=\"widget\" data-e-type=\"widget\" data-widget_type=\"spacer.default\">\n\t\t\t\t<div class=\"elementor-widget-container\">\n\t\t\t\t\t\t\t<div class=\"elementor-spacer\">\n\t\t\t<div class=\"elementor-spacer-inner\"><\/div>\n\t\t<\/div>\n\t\t\t\t\t\t<\/div>\n\t\t\t\t<\/div>\n\t\t\t\t\t<\/div>\n\t\t\t\t<\/div>\n\t\t<div class=\"elementor-element elementor-element-94c9557 e-flex e-con-boxed e-con e-child\" data-id=\"94c9557\" data-element_type=\"container\" data-e-type=\"container\">\n\t\t\t\t\t<div class=\"e-con-inner\">\n\t\t\t\t<div class=\"elementor-element elementor-element-f779692 elementor-widget elementor-widget-heading\" data-id=\"f779692\" data-element_type=\"widget\" data-e-type=\"widget\" data-widget_type=\"heading.default\">\n\t\t\t\t<div class=\"elementor-widget-container\">\n\t\t\t\t\t<h4 class=\"elementor-heading-title elementor-size-default\">Solicitud de reservaci\u00f3n de salas y laboratorios<\/h4>\t\t\t\t<\/div>\n\t\t\t\t<\/div>\n\t\t\t\t<div class=\"elementor-element elementor-element-63b7926 elementor-widget elementor-widget-spacer\" data-id=\"63b7926\" data-element_type=\"widget\" data-e-type=\"widget\" data-widget_type=\"spacer.default\">\n\t\t\t\t<div class=\"elementor-widget-container\">\n\t\t\t\t\t\t\t<div class=\"elementor-spacer\">\n\t\t\t<div class=\"elementor-spacer-inner\"><\/div>\n\t\t<\/div>\n\t\t\t\t\t\t<\/div>\n\t\t\t\t<\/div>\n\t\t\t\t<div class=\"elementor-element elementor-element-a934966 elementor-widget elementor-widget-eael-adv-accordion\" data-id=\"a934966\" data-element_type=\"widget\" data-e-type=\"widget\" data-widget_type=\"eael-adv-accordion.default\">\n\t\t\t\t<div class=\"elementor-widget-container\">\n\t\t\t\t\t            <div class=\"eael-adv-accordion\" id=\"eael-adv-accordion-a934966\" data-scroll-on-click=\"no\" data-scroll-speed=\"300\" data-accordion-id=\"a934966\" data-accordion-type=\"accordion\" data-toogle-speed=\"300\">\n            <div class=\"eael-accordion-list\">\n\t\t\t\t\t<div id=\"formato-de-reservacin-\" class=\"elementor-tab-title eael-accordion-header\" tabindex=\"0\" data-tab=\"1\" aria-controls=\"elementor-tab-content-1771\"><span class=\"eael-accordion-tab-title\">Formato de Reservaci\u00f3n <\/span><span class=\"eael-advanced-accordion-icon-closed\"><\/span><span class=\"eael-advanced-accordion-icon-opened\"><\/span><\/div><div id=\"elementor-tab-content-1771\" class=\"eael-accordion-content clearfix\" data-tab=\"1\" aria-labelledby=\"formato-de-reservacin-\"><iframe style=\"border: none\" src=\"https:\/\/tmpcsh.izt.uam.mx\/mgsr\/Formato_Laboratorio_Docencia.php\" width=\"100%\" height=\"600\"><span style=\"width: 0px;overflow: hidden;line-height: 0\" class=\"mce_SELRES_start\">\ufeff<\/span><\/iframe><\/div>\n\t\t\t\t\t<\/div><\/div>\t\t\t\t<\/div>\n\t\t\t\t<\/div>\n\t\t\t\t<div class=\"elementor-element elementor-element-50dff78 elementor-widget elementor-widget-spacer\" data-id=\"50dff78\" data-element_type=\"widget\" data-e-type=\"widget\" data-widget_type=\"spacer.default\">\n\t\t\t\t<div class=\"elementor-widget-container\">\n\t\t\t\t\t\t\t<div class=\"elementor-spacer\">\n\t\t\t<div class=\"elementor-spacer-inner\"><\/div>\n\t\t<\/div>\n\t\t\t\t\t\t<\/div>\n\t\t\t\t<\/div>\n\t\t\t\t\t<\/div>\n\t\t\t\t<\/div>\n\t\t\t\t<\/div>\n\t\t","protected":false},"excerpt":{"rendered":"<p>Salas de Aprendizaje (c\u00f3mputo) y Laboratorios de Docencia Procedimiento para reservaci\u00f3n Procedimientos y reglamentos de uso Procedimiento para reservar Salas de Aprendizaje (c\u00f3mputo) y Laboratorios de Docencia Las Salas de Aprendizaje (A, B, C, D, E, F). Son espacios equipados con Tecnolog\u00edas de la Informaci\u00f3n y la Comunicaci\u00f3n, de uso preferente para la impartici\u00f3n de [&hellip;]<\/p>\n","protected":false},"author":12,"featured_media":0,"parent":0,"menu_order":0,"comment_status":"closed","ping_status":"closed","template":"","meta":{"footnotes":""},"class_list":["post-5633","page","type-page","status-publish","hentry"],"blocksy_meta":{"page_title_panel":"","has_hero_section":"disabled","5b8f58a7d00eebcdf1b39e107f27565c":"","hero_section":"type-1","hero_elements":[{"id":"custom_title","enabled":true,"heading_tag":"h1","title":"Home"},{"id":"custom_description","enabled":true,"description_visibility":{"desktop":true,"tablet":true,"mobile":false}},{"id":"custom_meta","enabled":false,"meta_elements":[{"id":"author","enabled":true,"label":"By","has_author_avatar":"yes","avatar_size":25},{"id":"post_date","enabled":true,"label":"On","date_format_source":"default","date_format":"M j, Y"},{"id":"updated_date","enabled":false,"label":"On","date_format_source":"default","date_format":"M j, Y"},{"id":"categories","enabled":false,"label":"In","style":"simple"},{"id":"comments","enabled":true}],"page_meta_elements":{"joined":true,"articles_count":true,"comments":true}},{"id":"breadcrumbs","enabled":false}],"6a780d8358f7749d3209388f5cf3e102":"","hero_alignment1":"CT_CSS_SKIP_RULE","hero_margin":40,"hero_alignment2":"center","hero_vertical_alignment":"center","aeb7fc5c37df6ce32c2652800b590b75":"","hero_structure":"narrow","31c480dffc4e8ad0042320fa1dc69be3":"","page_title_bg_type":"featured_image","custom_hero_background":{"attachment_id":null},"page_title_image_size":"full","parallax":{"desktop":false,"tablet":false,"mobile":false},"430ab52900e1df34ff50e650d97dabde":"","hero_height":"250px","pageTitleFont":{"family":"Default","variation":"Default","size":"30px","line-height":"CT_CSS_SKIP_RULE","letter-spacing":"CT_CSS_SKIP_RULE","text-transform":"CT_CSS_SKIP_RULE","text-decoration":"CT_CSS_SKIP_RULE"},"pageTitleFontColor":{"default":{"color":"CT_CSS_SKIP_RULEDEFAULT"}},"pageMetaFont":{"family":"Default","variation":"n6","size":"12px","line-height":"1.3","letter-spacing":"CT_CSS_SKIP_RULE","text-transform":"uppercase","text-decoration":"CT_CSS_SKIP_RULE"},"pageMetaFontColor":{"default":{"color":"CT_CSS_SKIP_RULEDEFAULT"},"hover":{"color":"CT_CSS_SKIP_RULEDEFAULT"}},"page_meta_button_type_font_colors":{"default":{"color":"CT_CSS_SKIP_RULEDEFAULT"},"hover":{"color":"CT_CSS_SKIP_RULEDEFAULT"}},"page_meta_button_type_background_colors":{"default":{"color":"CT_CSS_SKIP_RULEDEFAULT"},"hover":{"color":"CT_CSS_SKIP_RULEDEFAULT"}},"pageExcerptFont":{"family":"Default","variation":"Default","size":"CT_CSS_SKIP_RULE","line-height":"CT_CSS_SKIP_RULE","letter-spacing":"CT_CSS_SKIP_RULE","text-transform":"CT_CSS_SKIP_RULE","text-decoration":"CT_CSS_SKIP_RULE"},"pageExcerptColor":{"default":{"color":"CT_CSS_SKIP_RULEDEFAULT"}},"breadcrumbsFont":{"family":"Default","variation":"Default","size":"CT_CSS_SKIP_RULE","line-height":"CT_CSS_SKIP_RULE","letter-spacing":"CT_CSS_SKIP_RULE","text-transform":"CT_CSS_SKIP_RULE","text-decoration":"CT_CSS_SKIP_RULE"},"breadcrumbsFontColor":{"default":{"color":"CT_CSS_SKIP_RULEDEFAULT"},"initial":{"color":"CT_CSS_SKIP_RULEDEFAULT"},"hover":{"color":"CT_CSS_SKIP_RULEDEFAULT"}},"pageTitleOverlay":{"background_type":"color","background_pattern":"type-1","background_image":{"attachment_id":null,"x":0,"y":0},"gradient":"linear-gradient(135deg,rgba(6,147,227,1) 0%,rgb(155,81,224) 100%)","background_repeat":"repeat","background_size":"auto","background_attachment":"scroll","patternColor":{"default":{"color":"#e5e7ea"}},"overlayColor":{"default":{"color":"CT_CSS_SKIP_RULE"}},"backgroundColor":{"default":{"color":"CT_CSS_SKIP_RULE"}}},"pageTitleBackground":{"background_type":"color","background_pattern":"type-1","background_image":{"attachment_id":null,"x":0,"y":0},"gradient":"linear-gradient(135deg,rgba(6,147,227,1) 0%,rgb(155,81,224) 100%)","background_repeat":"repeat","background_size":"auto","background_attachment":"scroll","patternColor":{"default":{"color":"#e5e7ea"}},"overlayColor":{"default":{"color":"CT_CSS_SKIP_RULE"}},"backgroundColor":{"default":{"color":"var(--theme-palette-color-6)"}}},"pageTitlePadding":{"top":"50px","bottom":"50px","left":"auto","right":"auto","linked":true},"08b9461e259b714af1e430503c5721ef":"","page_structure_type":"default","46064d3b3b7967c5221e0131bbac5d0b":"","content_style_source":"inherit","content_style":"wide","vertical_spacing_source":"custom","content_area_spacing":"none","background":{"background_type":"color","background_pattern":"type-1","background_image":{"attachment_id":null,"x":0,"y":0},"gradient":"linear-gradient(135deg,rgba(6,147,227,1) 0%,rgb(155,81,224) 100%)","background_repeat":"repeat","background_size":"auto","background_attachment":"scroll","patternColor":{"default":{"color":"#e5e7ea"}},"overlayColor":{"default":{"color":"CT_CSS_SKIP_RULE"}},"backgroundColor":{"default":{"color":"CT_CSS_SKIP_RULE"}}},"content_background":{"background_type":"color","background_pattern":"type-1","background_image":{"attachment_id":null,"x":0,"y":0},"gradient":"linear-gradient(135deg,rgba(6,147,227,1) 0%,rgb(155,81,224) 100%)","background_repeat":"repeat","background_size":"auto","background_attachment":"scroll","patternColor":{"default":{"color":"#e5e7ea"}},"overlayColor":{"default":{"color":"CT_CSS_SKIP_RULE"}},"backgroundColor":{"default":{"color":"var(--theme-palette-color-8)"}}},"content_boxed_shadow":{"inherit":false,"blur":18,"spread":-6,"v_offset":12,"h_offset":0,"inset":false,"enable":true,"color":{"color":"rgba(34, 56, 101, 0.04)"}},"content_boxed_border":{"width":1,"style":"none","color":{"color":"rgba(44,62,80,0.2)"}},"content_boxed_radius":{"top":"3px","bottom":"3px","left":"3px","right":"3px","linked":true},"boxed_content_spacing":{"desktop":{"top":"40px","bottom":"40px","left":"40px","right":"40px","linked":true},"tablet":{"top":"35px","bottom":"35px","left":"35px","right":"35px","linked":true},"mobile":{"top":"20px","bottom":"20px","left":"20px","right":"20px","linked":true}},"376b97430f937d3717273866b6ec31d5":"","disable_featured_image":"no","disable_share_box":"no","disable_header":"no","disable_footer":"no","styles_descriptor":{"styles":{"desktop":"","tablet":"","mobile":""},"google_fonts":[],"version":6}},"_links":{"self":[{"href":"https:\/\/divcsh.izt.uam.mx\/dcsh\/index.php\/wp-json\/wp\/v2\/pages\/5633","targetHints":{"allow":["GET"]}}],"collection":[{"href":"https:\/\/divcsh.izt.uam.mx\/dcsh\/index.php\/wp-json\/wp\/v2\/pages"}],"about":[{"href":"https:\/\/divcsh.izt.uam.mx\/dcsh\/index.php\/wp-json\/wp\/v2\/types\/page"}],"author":[{"embeddable":true,"href":"https:\/\/divcsh.izt.uam.mx\/dcsh\/index.php\/wp-json\/wp\/v2\/users\/12"}],"replies":[{"embeddable":true,"href":"https:\/\/divcsh.izt.uam.mx\/dcsh\/index.php\/wp-json\/wp\/v2\/comments?post=5633"}],"version-history":[{"count":0,"href":"https:\/\/divcsh.izt.uam.mx\/dcsh\/index.php\/wp-json\/wp\/v2\/pages\/5633\/revisions"}],"wp:attachment":[{"href":"https:\/\/divcsh.izt.uam.mx\/dcsh\/index.php\/wp-json\/wp\/v2\/media?parent=5633"}],"curies":[{"name":"wp","href":"https:\/\/api.w.org\/{rel}","templated":true}]}}