{"id":2421,"date":"2025-01-10T03:24:26","date_gmt":"2025-01-10T02:24:26","guid":{"rendered":"https:\/\/divcsh.izt.uam.mx\/depto_filosofia\/?page_id=2421"},"modified":"2025-07-15T18:12:43","modified_gmt":"2025-07-15T16:12:43","slug":"acerca-de-nosotros","status":"publish","type":"page","link":"https:\/\/divcsh.izt.uam.mx\/depto_filosofia\/index.php\/acerca-de-nosotros\/","title":{"rendered":"Acerca de nosotros"},"content":{"rendered":"\t\t<div data-elementor-type=\"wp-page\" data-elementor-id=\"2421\" class=\"elementor elementor-2421\" data-elementor-post-type=\"page\">\n\t\t\t\t<div class=\"elementor-element elementor-element-a37938c e-con-full e-flex e-con e-parent\" data-id=\"a37938c\" data-element_type=\"container\" data-e-type=\"container\">\n\t\t\t\t<div class=\"elementor-element elementor-element-6f7bdd6 elementor-widget__width-inherit elementor-widget elementor-widget-image\" data-id=\"6f7bdd6\" data-element_type=\"widget\" data-e-type=\"widget\" data-widget_type=\"image.default\">\n\t\t\t\t\t\t\t\t\t\t\t\t\t\t\t<img fetchpriority=\"high\" decoding=\"async\" width=\"1600\" height=\"346\" src=\"https:\/\/divcsh.izt.uam.mx\/depto_filosofia\/wp-content\/uploads\/2025\/01\/acerca_de_nosotros-1.jpeg\" class=\"attachment-2048x2048 size-2048x2048 wp-image-2829\" alt=\"\" srcset=\"https:\/\/divcsh.izt.uam.mx\/depto_filosofia\/wp-content\/uploads\/2025\/01\/acerca_de_nosotros-1.jpeg 1600w, https:\/\/divcsh.izt.uam.mx\/depto_filosofia\/wp-content\/uploads\/2025\/01\/acerca_de_nosotros-1-300x65.jpeg 300w, https:\/\/divcsh.izt.uam.mx\/depto_filosofia\/wp-content\/uploads\/2025\/01\/acerca_de_nosotros-1-1024x221.jpeg 1024w, https:\/\/divcsh.izt.uam.mx\/depto_filosofia\/wp-content\/uploads\/2025\/01\/acerca_de_nosotros-1-768x166.jpeg 768w, https:\/\/divcsh.izt.uam.mx\/depto_filosofia\/wp-content\/uploads\/2025\/01\/acerca_de_nosotros-1-1536x332.jpeg 1536w\" sizes=\"(max-width: 1600px) 100vw, 1600px\" \/>\t\t\t\t\t\t\t\t\t\t\t\t\t\t\t<\/div>\n\t\t\t\t<\/div>\n\t\t<div class=\"elementor-element elementor-element-e60a688 e-con-full e-flex e-con e-parent\" data-id=\"e60a688\" data-element_type=\"container\" data-e-type=\"container\">\n\t\t<div class=\"elementor-element elementor-element-0347876 e-con-full e-flex e-con e-child\" data-id=\"0347876\" data-element_type=\"container\" data-e-type=\"container\">\n\t\t\t\t<div class=\"elementor-element elementor-element-3339c22 elementor-widget elementor-widget-text-editor\" data-id=\"3339c22\" data-element_type=\"widget\" data-e-type=\"widget\" data-widget_type=\"text-editor.default\">\n\t\t\t\t\t\t\t\t\t<p style=\"text-align: left;\">El Departamento de Filosof\u00eda es parte integrante de la organizaci\u00f3n acad\u00e9mica de la Universidad Aut\u00f3noma Metropolitana, se encuentra dentro de la Divisi\u00f3n de Ciencias Sociales y Humanidades de la Unidad Iztapalapa. Inici\u00f3 sus actividades en 1974, a\u00f1o de creaci\u00f3n de la UAM-I, en oficinas provisionales de un edificio ubicado en Insurgentes Sur No. 2388. Antes de finalizar el a\u00f1o, la administraci\u00f3n pas\u00f3 a las instalaciones de la Unidad Iztapalapa, inaugurada el 30 de septiembre.<\/p><p style=\"text-align: left;\">La creaci\u00f3n del Departamento fue aprobada el 1\u00ba de febrero de 1975 en la sesi\u00f3n n\u00famero 2 del Consejo Acad\u00e9mico de la Unidad. La iniciativa fue presentada por el doctor Luis Villoro, entonces Director de la Divisi\u00f3n.<\/p>\t\t\t\t\t\t\t\t<\/div>\n\t\t\t\t<\/div>\n\t\t<div class=\"elementor-element elementor-element-f65eea2 e-con-full e-flex e-con e-child\" data-id=\"f65eea2\" data-element_type=\"container\" data-e-type=\"container\">\n\t\t\t\t<div class=\"elementor-element elementor-element-95b25c3 elementor-widget elementor-widget-image\" data-id=\"95b25c3\" data-element_type=\"widget\" data-e-type=\"widget\" data-widget_type=\"image.default\">\n\t\t\t\t\t\t\t\t\t\t\t\t\t\t\t<img decoding=\"async\" width=\"377\" height=\"289\" src=\"https:\/\/divcsh.izt.uam.mx\/depto_filosofia\/wp-content\/uploads\/2025\/01\/edificiof.jpg\" class=\"attachment-large size-large wp-image-2638\" alt=\"\" srcset=\"https:\/\/divcsh.izt.uam.mx\/depto_filosofia\/wp-content\/uploads\/2025\/01\/edificiof.jpg 377w, https:\/\/divcsh.izt.uam.mx\/depto_filosofia\/wp-content\/uploads\/2025\/01\/edificiof-300x230.jpg 300w\" sizes=\"(max-width: 377px) 100vw, 377px\" \/>\t\t\t\t\t\t\t\t\t\t\t\t\t\t\t<\/div>\n\t\t\t\t<\/div>\n\t\t\t\t<\/div>\n\t\t<div class=\"elementor-element elementor-element-f17c490 e-con-full e-flex e-con e-parent\" data-id=\"f17c490\" data-element_type=\"container\" data-e-type=\"container\">\n\t\t<div class=\"elementor-element elementor-element-00671bc e-con-full e-flex e-con e-child\" data-id=\"00671bc\" data-element_type=\"container\" data-e-type=\"container\">\n\t\t\t\t<div class=\"elementor-element elementor-element-2967b81 elementor-widget elementor-widget-text-editor\" data-id=\"2967b81\" data-element_type=\"widget\" data-e-type=\"widget\" data-widget_type=\"text-editor.default\">\n\t\t\t\t\t\t\t\t\t<h4>Dra.Martha Ortega Soto<\/h4><h4>Jefa del Departamento<\/h4><h4><i class=\"fa fa-envelope me-3\"><\/i><a href=\"mailto:jfil@xanum.uam.mx\" target=\"_blank\" rel=\"noopener\">jfil@xanum.uam.mx<\/a><\/h4><h4><i class=\"fa fa-phone-alt me-3\"><\/i>55 5804 4600 ext. 4777<\/h4>\t\t\t\t\t\t\t\t<\/div>\n\t\t\t\t<\/div>\n\t\t<div class=\"elementor-element elementor-element-3251178 e-con-full e-flex e-con e-child\" data-id=\"3251178\" data-element_type=\"container\" data-e-type=\"container\">\n\t\t\t\t<div class=\"elementor-element elementor-element-888ec54 elementor-widget__width-inherit elementor-widget elementor-widget-text-editor\" data-id=\"888ec54\" data-element_type=\"widget\" data-e-type=\"widget\" data-widget_type=\"text-editor.default\">\n\t\t\t\t\t\t\t\t\t<p>Entre las primeras funciones del Departamento de Filosof\u00eda se encontraban la coordinaci\u00f3n de proyectos de investigaci\u00f3n y ense\u00f1anza, la impartici\u00f3n de cursos en el tronco general de asignaturas de la Divisi\u00f3n, incluyendo materias como redacci\u00f3n, historia y doctrinas pol\u00edticas y sociales, la programaci\u00f3n de la Licenciatura en Humanidades, y la organizaci\u00f3n de la Maestr\u00eda en Filosof\u00eda de la Ciencia. Con el tiempo, siguiendo las disposiciones reglamentarias de la Universidad, los acad\u00e9micos se agruparon en \u00e1reas de investigaci\u00f3n, que incluyen Historia, Filosof\u00eda de las Ciencias Sociales, L\u00f3gica y Filosof\u00eda de las Ciencias, as\u00ed como Literatura y Ling\u00fc\u00edstica.<br \/><br \/>En cuanto a docencia, los profesores cubrieron las necesidades de la Licenciatura en Humanidades con las \u00e1reas de concentraci\u00f3n en: Filosof\u00eda, Historia, Literatura y Ling\u00fc\u00edstica. Gracias al nivel de posgrado de la planta acad\u00e9mica se pudieron ofrecer los programas de Maestr\u00eda en Historia y en Filosof\u00eda de la Ciencia. Actualmente el Departamento cuenta con una planta de 104 profesores de tiempo completo, la mayor\u00eda de ellos con estudios de posgrado.<\/p>\t\t\t\t\t\t\t\t<\/div>\n\t\t\t\t<\/div>\n\t\t\t\t<\/div>\n\t\t<div class=\"elementor-element elementor-element-616d9bd e-con-full e-flex e-con e-parent\" data-id=\"616d9bd\" data-element_type=\"container\" data-e-type=\"container\">\n\t\t<div class=\"elementor-element elementor-element-44883e8 e-con-full e-flex e-con e-child\" data-id=\"44883e8\" data-element_type=\"container\" data-e-type=\"container\">\n\t\t\t\t<div class=\"elementor-element elementor-element-06131c7 elementor-widget elementor-widget-text-editor\" data-id=\"06131c7\" data-element_type=\"widget\" data-e-type=\"widget\" data-widget_type=\"text-editor.default\">\n\t\t\t\t\t\t\t\t\t<p>La actividad de investigaci\u00f3n de los profesores se concentra fundamentalmente, en nueve \u00e1reas y trece cuerpos acad\u00e9micos que se ocupan del desarrollo de proyectos por especialidades relacionadas con las disciplinas, de acuerdo con los planes y programas de estudio aprobados por el Colegio Acad\u00e9mico. Adem\u00e1s, imparten las unidades de ense\u00f1anza-aprendizaje del Tronco General de la Divisi\u00f3n y de los programas del actual Posgrado en Humanidades.<\/p><p>Desde 1999, el Consejo Editorial del Departamento de Filosof\u00eda, ha asumido una responsabilidad constante en la supervisi\u00f3n de las publicaciones peri\u00f3dicas y los textos que producen los profesores del Departamento. Contamos con 4 revistas semestrales: Signos (Hist\u00f3ricos, Filos\u00f3ficos, Literarios y Ling\u00fc\u00edsticos), as\u00ed como la colecci\u00f3n Biblioteca de Signos, que ha publicado a la fecha m\u00e1s de 60 vol\u00famenes. Adem\u00e1s, tenemos una serie de libros que se han publicado fuera de esta colecci\u00f3n. En la actualidad, estamos considerando la creaci\u00f3n una nueva colecci\u00f3n para albergar ediciones similares.<\/p>\t\t\t\t\t\t\t\t<\/div>\n\t\t\t\t<\/div>\n\t\t<div class=\"elementor-element elementor-element-d84ff7f e-con-full e-flex e-con e-child\" data-id=\"d84ff7f\" data-element_type=\"container\" data-e-type=\"container\">\n\t\t\t\t<div class=\"elementor-element elementor-element-366edb7 elementor-widget elementor-widget-image\" data-id=\"366edb7\" data-element_type=\"widget\" data-e-type=\"widget\" data-widget_type=\"image.default\">\n\t\t\t\t\t\t\t\t\t\t\t\t<figure class=\"wp-caption\">\n\t\t\t\t\t\t\t\t\t\t<img decoding=\"async\" width=\"300\" height=\"279\" src=\"https:\/\/divcsh.izt.uam.mx\/depto_filosofia\/wp-content\/uploads\/2025\/01\/equipo_trabajo_nuevo-300x279.png\" class=\"attachment-medium size-medium wp-image-2797\" alt=\"\" srcset=\"https:\/\/divcsh.izt.uam.mx\/depto_filosofia\/wp-content\/uploads\/2025\/01\/equipo_trabajo_nuevo-300x279.png 300w, https:\/\/divcsh.izt.uam.mx\/depto_filosofia\/wp-content\/uploads\/2025\/01\/equipo_trabajo_nuevo.png 350w\" sizes=\"(max-width: 300px) 100vw, 300px\" \/>\t\t\t\t\t\t\t\t\t\t\t<figcaption class=\"widget-image-caption wp-caption-text\"><\/figcaption>\n\t\t\t\t\t\t\t\t\t\t<\/figure>\n\t\t\t\t\t\t\t\t\t<\/div>\n\t\t\t\t<\/div>\n\t\t\t\t<\/div>\n\t\t<div class=\"elementor-element elementor-element-1a2cafe e-con-full e-flex e-con e-parent\" data-id=\"1a2cafe\" data-element_type=\"container\" data-e-type=\"container\">\n\t\t\t\t<div class=\"elementor-element elementor-element-633f618 elementor-align-right elementor-widget elementor-widget-button\" data-id=\"633f618\" data-element_type=\"widget\" data-e-type=\"widget\" data-widget_type=\"button.default\">\n\t\t\t\t\t\t\t\t\t\t<a class=\"elementor-button elementor-button-link elementor-size-sm\" href=\"https:\/\/divcsh.izt.uam.mx\/depto_filosofia\/index.php\/equipo-de-trabajo\/\">\n\t\t\t\t\t\t<span class=\"elementor-button-content-wrapper\">\n\t\t\t\t\t\t\t\t\t<span class=\"elementor-button-text\">Equipo de Trabajo<\/span>\n\t\t\t\t\t<\/span>\n\t\t\t\t\t<\/a>\n\t\t\t\t\t\t\t\t<\/div>\n\t\t\t\t<\/div>\n\t\t\t\t<\/div>\n\t\t","protected":false},"excerpt":{"rendered":"<p>El Departamento de Filosof\u00eda es parte integrante de la organizaci\u00f3n acad\u00e9mica de la Universidad Aut\u00f3noma Metropolitana, se encuentra dentro de la Divisi\u00f3n de Ciencias Sociales y Humanidades de la Unidad Iztapalapa. Inici\u00f3 sus actividades en 1974, a\u00f1o de creaci\u00f3n de la UAM-I, en oficinas provisionales de un edificio ubicado en Insurgentes Sur No. 2388. Antes [&hellip;]<\/p>\n","protected":false},"author":1,"featured_media":0,"parent":0,"menu_order":0,"comment_status":"closed","ping_status":"closed","template":"elementor_header_footer","meta":{"footnotes":""},"class_list":["post-2421","page","type-page","status-publish","hentry"],"blocksy_meta":[],"_links":{"self":[{"href":"https:\/\/divcsh.izt.uam.mx\/depto_filosofia\/index.php\/wp-json\/wp\/v2\/pages\/2421","targetHints":{"allow":["GET"]}}],"collection":[{"href":"https:\/\/divcsh.izt.uam.mx\/depto_filosofia\/index.php\/wp-json\/wp\/v2\/pages"}],"about":[{"href":"https:\/\/divcsh.izt.uam.mx\/depto_filosofia\/index.php\/wp-json\/wp\/v2\/types\/page"}],"author":[{"embeddable":true,"href":"https:\/\/divcsh.izt.uam.mx\/depto_filosofia\/index.php\/wp-json\/wp\/v2\/users\/1"}],"replies":[{"embeddable":true,"href":"https:\/\/divcsh.izt.uam.mx\/depto_filosofia\/index.php\/wp-json\/wp\/v2\/comments?post=2421"}],"version-history":[{"count":0,"href":"https:\/\/divcsh.izt.uam.mx\/depto_filosofia\/index.php\/wp-json\/wp\/v2\/pages\/2421\/revisions"}],"wp:attachment":[{"href":"https:\/\/divcsh.izt.uam.mx\/depto_filosofia\/index.php\/wp-json\/wp\/v2\/media?parent=2421"}],"curies":[{"name":"wp","href":"https:\/\/api.w.org\/{rel}","templated":true}]}}