{"id":2437,"date":"2025-01-10T06:24:37","date_gmt":"2025-01-10T05:24:37","guid":{"rendered":"https:\/\/divcsh.izt.uam.mx\/depto_filosofia\/?page_id=2437"},"modified":"2026-04-29T13:15:19","modified_gmt":"2026-04-29T19:15:19","slug":"filosofia","status":"publish","type":"page","link":"https:\/\/divcsh.izt.uam.mx\/depto_filosofia\/index.php\/filosofia\/","title":{"rendered":"Filosof\u00eda"},"content":{"rendered":"\t\t<div data-elementor-type=\"wp-page\" data-elementor-id=\"2437\" class=\"elementor elementor-2437\" data-elementor-post-type=\"page\">\n\t\t\t\t<div class=\"elementor-element elementor-element-f92f824 e-con-full e-flex e-con e-parent\" data-id=\"f92f824\" data-element_type=\"container\" data-e-type=\"container\">\n\t\t\t\t<div class=\"elementor-element elementor-element-cec4386 elementor-widget elementor-widget-image\" data-id=\"cec4386\" data-element_type=\"widget\" data-e-type=\"widget\" data-widget_type=\"image.default\">\n\t\t\t\t\t\t\t\t\t\t\t\t\t\t\t<img fetchpriority=\"high\" decoding=\"async\" width=\"2048\" height=\"444\" src=\"https:\/\/divcsh.izt.uam.mx\/depto_filosofia\/wp-content\/uploads\/2025\/01\/Licenciatura_filosofia-2048x444.png\" class=\"attachment-2048x2048 size-2048x2048 wp-image-2916\" alt=\"\" srcset=\"https:\/\/divcsh.izt.uam.mx\/depto_filosofia\/wp-content\/uploads\/2025\/01\/Licenciatura_filosofia-2048x444.png 2048w, https:\/\/divcsh.izt.uam.mx\/depto_filosofia\/wp-content\/uploads\/2025\/01\/Licenciatura_filosofia-300x65.png 300w, https:\/\/divcsh.izt.uam.mx\/depto_filosofia\/wp-content\/uploads\/2025\/01\/Licenciatura_filosofia-1024x222.png 1024w, https:\/\/divcsh.izt.uam.mx\/depto_filosofia\/wp-content\/uploads\/2025\/01\/Licenciatura_filosofia-768x166.png 768w, https:\/\/divcsh.izt.uam.mx\/depto_filosofia\/wp-content\/uploads\/2025\/01\/Licenciatura_filosofia-1536x333.png 1536w\" sizes=\"(max-width: 2048px) 100vw, 2048px\" \/>\t\t\t\t\t\t\t\t\t\t\t\t\t\t\t<\/div>\n\t\t\t\t<\/div>\n\t\t<div class=\"elementor-element elementor-element-31cecd2 e-flex e-con-boxed e-con e-parent\" data-id=\"31cecd2\" data-element_type=\"container\" data-e-type=\"container\">\n\t\t\t\t\t<div class=\"e-con-inner\">\n\t\t<div class=\"elementor-element elementor-element-af39124 e-con-full e-flex e-con e-child\" data-id=\"af39124\" data-element_type=\"container\" data-e-type=\"container\">\n\t\t\t\t<div class=\"elementor-element elementor-element-cfed01d elementor-widget elementor-widget-text-editor\" data-id=\"cfed01d\" data-element_type=\"widget\" data-e-type=\"widget\" data-widget_type=\"text-editor.default\">\n\t\t\t\t\t\t\t\t\t<h4 style=\"text-align: center;\"><span style=\"color: #339966;\"><strong>Coordinaci\u00f3n<\/strong><\/span><\/h4><h4 style=\"text-align: center;\">Mtro. Guillermo Zambrana Casta\u00f1eda<\/h4><h4 style=\"text-align: center;\"><a href=\"mailto:zacg@xanum.uam.mx\">zacg@xanum.uam.mx<\/a><\/h4><h4 style=\"text-align: center;\">55 5804 4600 Ext. 2637<\/h4>\t\t\t\t\t\t\t\t<\/div>\n\t\t\t\t<\/div>\n\t\t<div class=\"elementor-element elementor-element-9b02954 e-con-full e-flex e-con e-child\" data-id=\"9b02954\" data-element_type=\"container\" data-e-type=\"container\">\n\t\t\t\t<div class=\"elementor-element elementor-element-12c06d9 elementor-widget elementor-widget-text-editor\" data-id=\"12c06d9\" data-element_type=\"widget\" data-e-type=\"widget\" data-widget_type=\"text-editor.default\">\n\t\t\t\t\t\t\t\t\t<h4 style=\"text-align: center;\"><span style=\"color: #008000;\">Secretaria<\/span><\/h4><h4 style=\"text-align: center;\">Karla Ivonne Espinosa Arias<\/h4><h4 style=\"text-align: center;\"><i class=\"fa fa-envelope me-3\"><\/i><a href=\"mailto:filosuam@xanum.uam.mx\" target=\"_blank\" rel=\"noopener\">filosuam@xanum.uam.mx<\/a><\/h4><h4 style=\"text-align: center;\"><i class=\"fa fa-phone-alt me-3\"><\/i>55 5804 4781<\/h4>\t\t\t\t\t\t\t\t<\/div>\n\t\t\t\t<\/div>\n\t\t\t\t\t<\/div>\n\t\t\t\t<\/div>\n\t\t<div class=\"elementor-element elementor-element-5d4665b e-flex e-con-boxed e-con e-parent\" data-id=\"5d4665b\" data-element_type=\"container\" data-e-type=\"container\">\n\t\t\t\t\t<div class=\"e-con-inner\">\n\t\t\t\t<div class=\"elementor-element elementor-element-b39a6d4 elementor-widget elementor-widget-text-editor\" data-id=\"b39a6d4\" data-element_type=\"widget\" data-e-type=\"widget\" data-widget_type=\"text-editor.default\">\n\t\t\t\t\t\t\t\t\t<h4 class=\"mb-4\">Objetivo de la licenciatura:<\/h4><p class=\"mb-4\">Formar profesionales que puedan comprender, analizar, formular teor\u00edas filos\u00f3ficas y que las puedan aplicar tanto en la vida cotidiana como en la vida social.<\/p>\t\t\t\t\t\t\t\t<\/div>\n\t\t\t\t\t<\/div>\n\t\t\t\t<\/div>\n\t\t<div class=\"elementor-element elementor-element-cbb0e3f e-flex e-con-boxed e-con e-parent\" data-id=\"cbb0e3f\" data-element_type=\"container\" data-e-type=\"container\">\n\t\t\t\t\t<div class=\"e-con-inner\">\n\t\t\t\t<div class=\"elementor-element elementor-element-e8dc18d elementor-widget elementor-widget-button\" data-id=\"e8dc18d\" data-element_type=\"widget\" data-e-type=\"widget\" data-widget_type=\"button.default\">\n\t\t\t\t\t\t\t\t\t\t<a class=\"elementor-button elementor-button-link elementor-size-sm\" href=\"https:\/\/divcsh.izt.uam.mx\/depto_filosofia\/wp-content\/uploads\/2025\/01\/40_7_Licenciatura_en_Filosofia_IZT.pdf\">\n\t\t\t\t\t\t<span class=\"elementor-button-content-wrapper\">\n\t\t\t\t\t\t\t\t\t<span class=\"elementor-button-text\">Plan de estudios<\/span>\n\t\t\t\t\t<\/span>\n\t\t\t\t\t<\/a>\n\t\t\t\t\t\t\t\t<\/div>\n\t\t\t\t\t<\/div>\n\t\t\t\t<\/div>\n\t\t<div class=\"elementor-element elementor-element-cc88abb e-flex e-con-boxed e-con e-parent\" data-id=\"cc88abb\" data-element_type=\"container\" data-e-type=\"container\">\n\t\t\t\t\t<div class=\"e-con-inner\">\n\t\t\t\t<div class=\"elementor-element elementor-element-7d008ed elementor-widget elementor-widget-heading\" data-id=\"7d008ed\" data-element_type=\"widget\" data-e-type=\"widget\" data-widget_type=\"heading.default\">\n\t\t\t\t\t<h2 class=\"elementor-heading-title elementor-size-default\">Claustro docente (Tiempo completo)\n<\/h2>\t\t\t\t<\/div>\n\t\t\t\t\t<\/div>\n\t\t\t\t<\/div>\n\t\t<div class=\"elementor-element elementor-element-dcdd74f e-flex e-con-boxed e-con e-parent\" data-id=\"dcdd74f\" data-element_type=\"container\" data-e-type=\"container\">\n\t\t\t\t\t<div class=\"e-con-inner\">\n\t\t\t\t<div class=\"elementor-element elementor-element-382f234 elementor-widget elementor-widget-text-editor\" data-id=\"382f234\" data-element_type=\"widget\" data-e-type=\"widget\" data-widget_type=\"text-editor.default\">\n\t\t\t\t\t\t\t\t\t&nbsp;\n<table>\n<thead>\n<tr>\n<th scope=\"col\">Nombre<\/th>\n<th scope=\"col\">Cub\u00edculo<\/th>\n<th scope=\"col\">Correo Electr\u00f3nico<\/th>\n<\/tr>\n<\/thead>\n<tbody>\n<tr>\n<td><strong>Dr. Armando Cintora G\u00f3mez<\/strong><\/td>\n<td>F-218<\/td>\n<td><a href=\"mailto:cintora1@icloud.com\">cintora1@icloud.com<\/a><\/td>\n<\/tr>\n<tr>\n<td><strong>Dra. Fernanda Clavel de Kruyff<\/strong><\/td>\n<td>F-209<\/td>\n<td><a href=\"mailto:fernandaclavel@hotmail.com\">fernandaclavel@hotmail.com<\/a><\/td>\n<\/tr>\n<tr>\n<td><strong>Mtro. Guillermo Zambrana Casta\u00f1eda<\/strong><\/td>\n<td>F-205<\/td>\n<td><a href=\"mailto:zacg@xanum.uam.mx\">zacg@xanum.uam.mx<\/a><\/td>\n<\/tr>\n<tr>\n<td><strong>Dr. Jos\u00e9 Marcos N. Javier De Teresa Ochoa<\/strong><\/td>\n<td>F-236<\/td>\n<td><a href=\"mailto:jmdeteresa@gmail.com\">jmdeteresa@gmail.com<\/a><\/td>\n<\/tr>\n<tr>\n<td><strong>Dr. Jos\u00e9 Jorge Max Fern\u00e1ndez de Castro T.<\/strong><\/td>\n<td>F-208<\/td>\n<td><a href=\"mailto:xamf_mx@yahoo.com\">xamf_mx@yahoo.com<\/a><\/td>\n<\/tr>\n<tr>\n<td><strong>Dr. Godfrey Ernesto Guillaumin Ju\u00e1rez<\/strong><\/td>\n<td>F-237<\/td>\n<td><a href=\"mailto:guillaumin.godfrey@gmail.com\">guillaumin.godfrey@gmail.com<\/a><\/td>\n<\/tr>\n<tr>\n<td><b>Mtro. Juan Manuel Gardu\u00f1o Mora<\/b><\/td>\n<td>F-004<\/td>\n<td><a style=\"transition: var(--theme-transition);\" href=\"mailto:xamf_mx@yahoo.com\">sifi@xanum.uam.mx<\/a><\/td>\n<\/tr>\n<tr>\n<td><strong>Dr. Jorge Issa Gonz\u00e1lez<\/strong><\/td>\n<td>F-205<\/td>\n<td><a href=\"mailto:iagj@xanum.uam.mx\">iagj@xanum.uam.mx<\/a><\/td>\n<\/tr>\n<tr>\n<td><strong>Dr. Cuauht\u00e9moc Lara Vargas<\/strong><\/td>\n<td>F-213<\/td>\n<td><a href=\"mailto: cuaulv@yahoo.com\">cuaulv@yahoo.com<\/a><\/td>\n<\/tr>\n<tr>\n<td><strong>Dra. Mar\u00eda Pia Lara Zavala<\/strong><\/td>\n<td>F-234<\/td>\n<td><a href=\"mailto: mpl54here@yahoo.com\">mpl54here@yahoo.com<\/a><\/td>\n<\/tr>\n<tr>\n<td><strong>Dr. Gustavo Leyva Mart\u00ednez<\/strong><\/td>\n<td>F-114<\/td>\n<td><a href=\"mailto: gustavoleyva@prodigy.net.mx\">gustavoleyva@prodigy.net.mx<\/a><\/td>\n<\/tr>\n<tr>\n<td><strong>Dr. Jorge Mart\u00ednez Contreras<\/strong><\/td>\n<td>F-242<\/td>\n<td><a href=\"mailto: pascalo696@me.com \">pascalo696@me.com<\/a><\/td>\n<\/tr>\n<tr>\n<td><strong>Dr. Silvio Mota Pinto<\/strong><\/td>\n<td>F-233<\/td>\n<td><a href=\"mailto: silviopint@yahoo.com\">silviopint@yahoo.com<\/a><\/td>\n<\/tr>\n<tr>\n<td><strong>Dr. Sergio P\u00e9rez Cort\u00e9s<\/strong><\/td>\n<td>F-225<\/td>\n<td><a href=\"mailto: spc0807@gmail.com\">spc0807@gmail.com<\/a><\/td>\n<\/tr>\n<tr>\n<td><strong>Dr. Jos\u00e9 Francisco Pi\u00f1\u00f3n Gaytan<\/strong><\/td>\n<td>F-110<\/td>\n<td><a href=\"mailto: pgjf@xanum.uam.mx\">pgjf@xanum.uam.mx<\/a><\/td>\n<\/tr>\n<tr>\n<td><strong>M.A. Ma. de la Asunci\u00f3n Preisser Rodr\u00edguez<\/strong><\/td>\n<td>F-210<\/td>\n<td><a href=\"mailto: asun_preiss@hotmail.com\">asun_preiss@hotmail.com<\/a><\/td>\n<\/tr>\n<tr>\n<td><strong>Dr. Jes\u00fas Rodr\u00edguez Zepeda<\/strong><\/td>\n<td>F-223<\/td>\n<td><a href=\"mailto: rozj@xanum.uam.mx\">rozj@xanum.uam.mx<\/a><\/td>\n<\/tr>\n<tr>\n<td><\/td>\n<td>F-112<\/td>\n<td><\/td>\n<\/tr>\n<tr>\n<td><strong>Dr. Luis Salazar Carri\u00f3n<\/strong><\/td>\n<td>F-111<\/td>\n<td><a href=\"mailto: lsalazarc49@hotmail.com\">lsalazarc49@hotmail.com<\/a><\/td>\n<\/tr>\n<tr>\n<td><strong>Dr. Javier S\u00e1nchez Pozos<\/strong><\/td>\n<td>F-109<\/td>\n<td><a href=\"mailto: sanpo@xanum.uam.mx\">sanpo@xanum.uam.mx<\/a><\/td>\n<\/tr>\n<tr>\n<td><strong>Dra. Teresa Santiago Oropeza<\/strong><\/td>\n<td>F-240<\/td>\n<td><a href=\"mailto: santiagoropeza06@gmail.com\">santiagoropeza06@gmail.com<\/a><\/td>\n<\/tr>\n<tr>\n<td><strong>Dr. Enrique Serrano G\u00f3mez<\/strong><\/td>\n<td>F-114<\/td>\n<td><a href=\"mailto: eserranog89@gmail.com\">eserranog89@gmail.com<\/a><\/td>\n<\/tr>\n<tr>\n<td><strong>Dr. Alejandro Tellkamp Joerg<\/strong><\/td>\n<td>F-208<\/td>\n<td><a href=\"mailto: tlkp@xanum.uam.mx\">tlkp@xanum.uam.mx<\/a><\/td>\n<\/tr>\n<tr>\n<td><strong>Dra. Yolanda Magda Torres Falcon<\/strong><\/td>\n<td>F-244<\/td>\n<td><a href=\"mailto: ytf@xanum.uam.mx\">ytf@xanum.uam.mx<\/a><\/td>\n<\/tr>\n<tr>\n<td><strong>Mtro. Gabriel Vargas Lozano<\/strong><\/td>\n<td>F-222<\/td>\n<td><a href=\"mailto: gvl@xanum.uam.mx\">gvl@xanum.uam.mx<\/a><\/td>\n<\/tr>\n<tr>\n<td><strong>Dr. Jorge Vel\u00e1zquez Delgado<\/strong><\/td>\n<td>F-111<\/td>\n<td><a href=\"mailto: ficinos08@gmail.com\">ficinos08@gmail.com<\/a><\/td>\n<\/tr>\n<tr>\n<td><strong>Dr. Marc Jim\u00e9nez Rolland<\/strong><\/td>\n<td>F-209<\/td>\n<td><a href=\"mailto:mjrolland@izt.uam.mx\">mjrolland@izt.uam.mx<\/a><\/td>\n<\/tr>\n<\/tbody>\n<\/table>\t\t\t\t\t\t\t\t<\/div>\n\t\t\t\t\t<\/div>\n\t\t\t\t<\/div>\n\t\t<div class=\"elementor-element elementor-element-03cda19 e-flex e-con-boxed e-con e-parent\" data-id=\"03cda19\" data-element_type=\"container\" data-e-type=\"container\">\n\t\t\t\t\t<div class=\"e-con-inner\">\n\t\t<div class=\"elementor-element elementor-element-25e2428 e-con-full e-flex e-con e-child\" data-id=\"25e2428\" data-element_type=\"container\" data-e-type=\"container\">\n\t\t\t\t<div class=\"elementor-element elementor-element-c5255c4 elementor-widget elementor-widget-video\" data-id=\"c5255c4\" data-element_type=\"widget\" data-e-type=\"widget\" data-settings=\"{&quot;youtube_url&quot;:&quot;https:\\\/\\\/www.youtube.com\\\/watch?v=oR_5JABXSy8&quot;,&quot;video_type&quot;:&quot;youtube&quot;,&quot;controls&quot;:&quot;yes&quot;}\" data-widget_type=\"video.default\">\n\t\t\t\t\t\t\t<div class=\"elementor-wrapper elementor-open-inline\">\n\t\t\t<div class=\"elementor-video\"><\/div>\t\t<\/div>\n\t\t\t\t\t\t<\/div>\n\t\t\t\t<\/div>\n\t\t\t\t\t<\/div>\n\t\t\t\t<\/div>\n\t\t<div class=\"elementor-element elementor-element-911d557 e-flex e-con-boxed e-con e-parent\" data-id=\"911d557\" data-element_type=\"container\" data-e-type=\"container\">\n\t\t\t\t\t<div class=\"e-con-inner\">\n\t\t<div class=\"elementor-element elementor-element-0d558a0 e-con-full e-flex e-con e-child\" data-id=\"0d558a0\" data-element_type=\"container\" data-e-type=\"container\">\n\t\t\t\t<div class=\"elementor-element elementor-element-4e8c5c0 elementor-widget elementor-widget-text-editor\" data-id=\"4e8c5c0\" data-element_type=\"widget\" data-e-type=\"widget\" data-widget_type=\"text-editor.default\">\n\t\t\t\t\t\t\t\t\t<h5 class=\"mb-4\" style=\"text-align: right;\">English subtitles<\/h5><h5 class=\"mb-4\" style=\"text-align: right;\">Traducido por: Mtra. Lucina Ang\u00e9lica Cabrera de la Rosa<\/h5>\t\t\t\t\t\t\t\t<\/div>\n\t\t\t\t<\/div>\n\t\t<div class=\"elementor-element elementor-element-25e0117 e-con-full e-flex e-con e-child\" data-id=\"25e0117\" data-element_type=\"container\" data-e-type=\"container\">\n\t\t\t\t<div class=\"elementor-element elementor-element-4467f3b elementor-widget elementor-widget-text-editor\" data-id=\"4467f3b\" data-element_type=\"widget\" data-e-type=\"widget\" data-widget_type=\"text-editor.default\">\n\t\t\t\t\t\t\t\t\t<h5 class=\"mb-4\">Vid\u00e9o sous-titr\u00e9e<\/h5><h5 class=\"mb-4\" style=\"text-align: left;\">Traducido por: Mtra. Yazm\u00edn Luciana Salazar Plata<\/h5>\t\t\t\t\t\t\t\t<\/div>\n\t\t\t\t<\/div>\n\t\t\t\t\t<\/div>\n\t\t\t\t<\/div>\n\t\t\t\t<\/div>\n\t\t","protected":false},"excerpt":{"rendered":"<p>Coordinaci\u00f3n Mtro. Guillermo Zambrana Casta\u00f1eda zacg@xanum.uam.mx 55 5804 4600 Ext. 2637 Secretaria Karla Ivonne Espinosa Arias filosuam@xanum.uam.mx 55 5804 4781 Objetivo de la licenciatura: Formar profesionales que puedan comprender, analizar, formular teor\u00edas filos\u00f3ficas y que las puedan aplicar tanto en la vida cotidiana como en la vida social. Plan de estudios Claustro docente (Tiempo completo) [&hellip;]<\/p>\n","protected":false},"author":1,"featured_media":0,"parent":0,"menu_order":0,"comment_status":"closed","ping_status":"closed","template":"","meta":{"footnotes":""},"class_list":["post-2437","page","type-page","status-publish","hentry"],"blocksy_meta":[],"_links":{"self":[{"href":"https:\/\/divcsh.izt.uam.mx\/depto_filosofia\/index.php\/wp-json\/wp\/v2\/pages\/2437","targetHints":{"allow":["GET"]}}],"collection":[{"href":"https:\/\/divcsh.izt.uam.mx\/depto_filosofia\/index.php\/wp-json\/wp\/v2\/pages"}],"about":[{"href":"https:\/\/divcsh.izt.uam.mx\/depto_filosofia\/index.php\/wp-json\/wp\/v2\/types\/page"}],"author":[{"embeddable":true,"href":"https:\/\/divcsh.izt.uam.mx\/depto_filosofia\/index.php\/wp-json\/wp\/v2\/users\/1"}],"replies":[{"embeddable":true,"href":"https:\/\/divcsh.izt.uam.mx\/depto_filosofia\/index.php\/wp-json\/wp\/v2\/comments?post=2437"}],"version-history":[{"count":12,"href":"https:\/\/divcsh.izt.uam.mx\/depto_filosofia\/index.php\/wp-json\/wp\/v2\/pages\/2437\/revisions"}],"predecessor-version":[{"id":5148,"href":"https:\/\/divcsh.izt.uam.mx\/depto_filosofia\/index.php\/wp-json\/wp\/v2\/pages\/2437\/revisions\/5148"}],"wp:attachment":[{"href":"https:\/\/divcsh.izt.uam.mx\/depto_filosofia\/index.php\/wp-json\/wp\/v2\/media?parent=2437"}],"curies":[{"name":"wp","href":"https:\/\/api.w.org\/{rel}","templated":true}]}}