{"id":2438,"date":"2025-01-10T06:24:37","date_gmt":"2025-01-10T05:24:37","guid":{"rendered":"https:\/\/divcsh.izt.uam.mx\/depto_filosofia\/?page_id=2438"},"modified":"2025-03-19T19:56:11","modified_gmt":"2025-03-19T18:56:11","slug":"historia","status":"publish","type":"page","link":"https:\/\/divcsh.izt.uam.mx\/depto_filosofia\/index.php\/historia\/","title":{"rendered":"Historia"},"content":{"rendered":"\t\t<div data-elementor-type=\"wp-page\" data-elementor-id=\"2438\" class=\"elementor elementor-2438\" data-elementor-post-type=\"page\">\n\t\t\t\t<div class=\"elementor-element elementor-element-9d84814 e-con-full e-flex e-con e-parent\" data-id=\"9d84814\" data-element_type=\"container\" data-e-type=\"container\">\n\t\t\t\t<div class=\"elementor-element elementor-element-3fb3b18 elementor-widget elementor-widget-image\" data-id=\"3fb3b18\" data-element_type=\"widget\" data-e-type=\"widget\" data-widget_type=\"image.default\">\n\t\t\t\t\t\t\t\t\t\t\t\t\t\t\t<img fetchpriority=\"high\" decoding=\"async\" width=\"2048\" height=\"444\" src=\"https:\/\/divcsh.izt.uam.mx\/depto_filosofia\/wp-content\/uploads\/2025\/01\/Licenciatura_Historia-2048x444.png\" class=\"attachment-2048x2048 size-2048x2048 wp-image-2935\" alt=\"\" srcset=\"https:\/\/divcsh.izt.uam.mx\/depto_filosofia\/wp-content\/uploads\/2025\/01\/Licenciatura_Historia-2048x444.png 2048w, https:\/\/divcsh.izt.uam.mx\/depto_filosofia\/wp-content\/uploads\/2025\/01\/Licenciatura_Historia-300x65.png 300w, https:\/\/divcsh.izt.uam.mx\/depto_filosofia\/wp-content\/uploads\/2025\/01\/Licenciatura_Historia-1024x222.png 1024w, https:\/\/divcsh.izt.uam.mx\/depto_filosofia\/wp-content\/uploads\/2025\/01\/Licenciatura_Historia-768x166.png 768w, https:\/\/divcsh.izt.uam.mx\/depto_filosofia\/wp-content\/uploads\/2025\/01\/Licenciatura_Historia-1536x333.png 1536w\" sizes=\"(max-width: 2048px) 100vw, 2048px\" \/>\t\t\t\t\t\t\t\t\t\t\t\t\t\t\t<\/div>\n\t\t\t\t<\/div>\n\t\t<div class=\"elementor-element elementor-element-d01b71b e-flex e-con-boxed e-con e-parent\" data-id=\"d01b71b\" data-element_type=\"container\" data-e-type=\"container\">\n\t\t\t\t\t<div class=\"e-con-inner\">\n\t\t<div class=\"elementor-element elementor-element-5e65edc e-con-full e-flex e-con e-child\" data-id=\"5e65edc\" data-element_type=\"container\" data-e-type=\"container\">\n\t\t\t\t<div class=\"elementor-element elementor-element-0f78821 elementor-widget elementor-widget-text-editor\" data-id=\"0f78821\" data-element_type=\"widget\" data-e-type=\"widget\" data-widget_type=\"text-editor.default\">\n\t\t\t\t\t\t\t\t\t<center><\/center><h4 style=\"text-align: center;\"><span style=\"color: #008000;\">Coordinaci\u00f3n<\/span><\/h4><h4 style=\"text-align: center;\"><span style=\"color: #000000;\"><strong>Dr. Marco Antonio Reyes Lugardo<\/strong><\/span><\/h4><h4 style=\"text-align: center;\"><i class=\"fa fa-envelope me-3\"><\/i><a href=\"mailto:coordlichistoria@xanum.uam.mx\" target=\"_blank\" rel=\"noopener\">coordlichistoria@xanum.uam.mx<\/a><\/h4><h4 style=\"text-align: center;\"><i class=\"fa fa-phone-alt me-3\"><\/i>55 5804 4600 Ext. 3599<\/h4><h4 style=\"text-align: center;\">\u00a0<\/h4>\t\t\t\t\t\t\t\t<\/div>\n\t\t\t\t<\/div>\n\t\t<div class=\"elementor-element elementor-element-45be859 e-con-full e-flex e-con e-child\" data-id=\"45be859\" data-element_type=\"container\" data-e-type=\"container\">\n\t\t\t\t<div class=\"elementor-element elementor-element-a07145e elementor-widget elementor-widget-text-editor\" data-id=\"a07145e\" data-element_type=\"widget\" data-e-type=\"widget\" data-widget_type=\"text-editor.default\">\n\t\t\t\t\t\t\t\t\t<center><\/center><h4 style=\"text-align: center;\"><span style=\"color: #008000;\">Secretaria<\/span><\/h4><h4 style=\"text-align: center;\">Karina R\u00edos S\u00e1nchez<\/h4><h4 style=\"text-align: center;\"><i class=\"fa fa-envelope me-3\"><\/i><a href=\"mailto:hist@xanum.uam.mx\" target=\"_blank\" rel=\"noopener\">hist@xanum.uam.mx<\/a><\/h4><h4 style=\"text-align: center;\"><i class=\"fa fa-phone-alt me-3\"><\/i>55 5804 4786<\/h4><h4 style=\"text-align: center;\">\u00a0<\/h4>\t\t\t\t\t\t\t\t<\/div>\n\t\t\t\t<\/div>\n\t\t\t\t\t<\/div>\n\t\t\t\t<\/div>\n\t\t<div class=\"elementor-element elementor-element-ab269fb e-flex e-con-boxed e-con e-parent\" data-id=\"ab269fb\" data-element_type=\"container\" data-e-type=\"container\">\n\t\t\t\t\t<div class=\"e-con-inner\">\n\t\t\t\t<div class=\"elementor-element elementor-element-640a381 elementor-widget elementor-widget-text-editor\" data-id=\"640a381\" data-element_type=\"widget\" data-e-type=\"widget\" data-widget_type=\"text-editor.default\">\n\t\t\t\t\t\t\t\t\t<h4 class=\"mb-4\">Objetivo de la licenciatura:<\/h4><p class=\"mb-4\">Formar profesionales capaces de:<\/p><p class=\"mb-4\">\u25cf Analizar y comprender los procesos hist\u00f3ricos de M\u00e9xico y el mundo.<\/p><p class=\"mb-4\">\u25cf Interpretar el pasado de forma cr\u00edtica desde las perspectivas social, pol\u00edtica, cultural y econ\u00f3mica; as\u00ed como relacionarlo con el presente, haciendo uso de las herramientas metodol\u00f3gicas para la investigaci\u00f3n.<\/p><p class=\"mb-4\">\u25cf Transmitir el conocimiento hist\u00f3rico por medio de la docencia, la investigaci\u00f3n y la difusi\u00f3n.<\/p><p class=\"mb-4\">\u25cf Y contribuir a la transformaci\u00f3n de la sociedad.<\/p>\t\t\t\t\t\t\t\t<\/div>\n\t\t\t\t\t<\/div>\n\t\t\t\t<\/div>\n\t\t<div class=\"elementor-element elementor-element-5bf995e e-flex e-con-boxed e-con e-parent\" data-id=\"5bf995e\" data-element_type=\"container\" data-e-type=\"container\">\n\t\t\t\t\t<div class=\"e-con-inner\">\n\t\t<div class=\"elementor-element elementor-element-ca46b6b e-con-full e-flex e-con e-child\" data-id=\"ca46b6b\" data-element_type=\"container\" data-e-type=\"container\">\n\t\t\t\t<div class=\"elementor-element elementor-element-e6598fa elementor-widget elementor-widget-button\" data-id=\"e6598fa\" data-element_type=\"widget\" data-e-type=\"widget\" data-widget_type=\"button.default\">\n\t\t\t\t\t\t\t\t\t\t<a class=\"elementor-button elementor-button-link elementor-size-sm\" href=\"https:\/\/divcsh.izt.uam.mx\/depto_filosofia\/wp-content\/uploads\/2025\/01\/43_5_Lic_en_Historia_IZT.pdf\">\n\t\t\t\t\t\t<span class=\"elementor-button-content-wrapper\">\n\t\t\t\t\t\t\t\t\t<span class=\"elementor-button-text\">Plan de estudios<\/span>\n\t\t\t\t\t<\/span>\n\t\t\t\t\t<\/a>\n\t\t\t\t\t\t\t\t<\/div>\n\t\t\t\t<\/div>\n\t\t<div class=\"elementor-element elementor-element-af4cc07 e-con-full e-flex e-con e-child\" data-id=\"af4cc07\" data-element_type=\"container\" data-e-type=\"container\">\n\t\t\t\t<div class=\"elementor-element elementor-element-67f85e6 elementor-widget elementor-widget-button\" data-id=\"67f85e6\" data-element_type=\"widget\" data-e-type=\"widget\" data-widget_type=\"button.default\">\n\t\t\t\t\t\t\t\t\t\t<a class=\"elementor-button elementor-button-link elementor-size-sm\" href=\"https:\/\/divcsh.izt.uam.mx\/depto_filosofia\/wp-content\/uploads\/2025\/01\/Mapa_curricular_impresion_hist.pdf\">\n\t\t\t\t\t\t<span class=\"elementor-button-content-wrapper\">\n\t\t\t\t\t\t\t\t\t<span class=\"elementor-button-text\">Mapa curricular<\/span>\n\t\t\t\t\t<\/span>\n\t\t\t\t\t<\/a>\n\t\t\t\t\t\t\t\t<\/div>\n\t\t\t\t<\/div>\n\t\t\t\t\t<\/div>\n\t\t\t\t<\/div>\n\t\t<div class=\"elementor-element elementor-element-fd7161b e-flex e-con-boxed e-con e-parent\" data-id=\"fd7161b\" data-element_type=\"container\" data-e-type=\"container\">\n\t\t\t\t\t<div class=\"e-con-inner\">\n\t\t\t\t<div class=\"elementor-element elementor-element-e4bdbe5 elementor-widget elementor-widget-text-editor\" data-id=\"e4bdbe5\" data-element_type=\"widget\" data-e-type=\"widget\" data-widget_type=\"text-editor.default\">\n\t\t\t\t\t\t\t\t\t<h4 class=\"\">Claustro docente (Tiempo completo)<\/h4>\t\t\t\t\t\t\t\t<\/div>\n\t\t\t\t\t<\/div>\n\t\t\t\t<\/div>\n\t\t<div class=\"elementor-element elementor-element-7e241ad e-flex e-con-boxed e-con e-parent\" data-id=\"7e241ad\" data-element_type=\"container\" data-e-type=\"container\">\n\t\t\t\t\t<div class=\"e-con-inner\">\n\t\t\t\t<div class=\"elementor-element elementor-element-7b160be elementor-widget elementor-widget-text-editor\" data-id=\"7b160be\" data-element_type=\"widget\" data-e-type=\"widget\" data-widget_type=\"text-editor.default\">\n\t\t\t\t\t\t\t\t\t<table width=\"1290\"><thead><tr><td><p><strong>Nombre<\/strong><\/p><\/td><td><p><strong>Cub\u00edculo<\/strong><\/p><\/td><td><p><strong>Correo Electr\u00f3nico<\/strong><\/p><\/td><\/tr><\/thead><tbody><tr><td style=\"font-style: inherit; font-weight: inherit;\"><p><strong>Dra. Ma. Estela B\u00e1ez-Villase\u00f1or Moreno<\/strong><\/p><\/td><td style=\"font-style: inherit; font-weight: inherit;\"><p>F-104<\/p><\/td><td style=\"font-style: inherit; font-weight: inherit;\"><p><a href=\"mailto:ebaez@hotmail.com\">ebaez@hotmail.com<\/a><\/p><\/td><\/tr><tr><td style=\"font-style: inherit; font-weight: inherit;\"><p><strong>Dra. Norma Ang\u00e9lica Castillo Palma<\/strong><\/p><\/td><td style=\"font-style: inherit; font-weight: inherit;\"><p>F-123<\/p><\/td><td style=\"font-style: inherit; font-weight: inherit;\"><p><a href=\"mailto:Kikamex58@yahoo.com.mx\">Kikamex58@yahoo.com.mx<\/a><\/p><\/td><\/tr><tr><td style=\"font-style: inherit; font-weight: inherit;\"><p><strong>Dr. Brian Connaughton Hanley<\/strong><\/p><\/td><td style=\"font-style: inherit; font-weight: inherit;\"><p>F-104<\/p><\/td><td style=\"font-style: inherit; font-weight: inherit;\"><p><a href=\"mailto:tani01us@yahoo.com.mx\">tani01us@yahoo.com.mx<\/a><\/p><\/td><\/tr><tr><td style=\"font-style: inherit; font-weight: inherit;\"><p><strong>M.A. Irma Guadalupe Cruz Soto<\/strong><\/p><\/td><td style=\"font-style: inherit; font-weight: inherit;\"><p>F-116<\/p><\/td><td style=\"font-style: inherit; font-weight: inherit;\"><p><a href=\"mailto:irmac@xanum.uam.mx\">irmac@xanum.uam.mx<\/a><\/p><\/td><\/tr><tr><td style=\"font-style: inherit; font-weight: inherit;\"><p><strong>Dra. Blanca Estela Garc\u00eda Guti\u00e9rrez<\/strong><\/p><\/td><td style=\"font-style: inherit; font-weight: inherit;\"><p>F-127<\/p><\/td><td style=\"font-style: inherit; font-weight: inherit;\"><p><a href=\"mailto:begg@xanum.uam.mx\">begg@xanum.uam.mx<\/a><\/p><\/td><\/tr><tr><td style=\"font-style: inherit; font-weight: inherit;\"><p><strong>Dr. Javier Mc Gregor Campuzano<\/strong><\/p><\/td><td style=\"font-style: inherit; font-weight: inherit;\"><p>F-119<\/p><\/td><td style=\"font-style: inherit; font-weight: inherit;\"><p><a href=\"mailto:mcg@xanum.uam.mx\">mcg@xanum.uam.mx<\/a><\/p><\/td><\/tr><tr><td style=\"font-style: inherit; font-weight: inherit;\"><p><strong>Dr. Jos\u00e9 Javier Guzm\u00e1n Guajardo<\/strong><\/p><\/td><td style=\"font-style: inherit; font-weight: inherit;\"><p>F-125<\/p><\/td><td style=\"font-style: inherit; font-weight: inherit;\"><p><a href=\"mailto:labh@xanum.uam.mx\">labh@xanum.uam.mx<\/a><\/p><\/td><\/tr><tr><td style=\"font-style: inherit; font-weight: inherit;\"><p><strong>Dra. Irma Hern\u00e1ndez Bola\u00f1os<\/strong><\/p><\/td><td style=\"font-style: inherit; font-weight: inherit;\"><p>F-131<\/p><\/td><td style=\"font-style: inherit; font-weight: inherit;\"><p><a href=\"mailto:chaquih@hotmail.com\">chaquih@hotmail.com<\/a><\/p><\/td><\/tr><tr><td style=\"font-style: inherit; font-weight: inherit;\"><p><strong>Dr. Alfredo Helmer de la Lama Garc\u00eda<\/strong><\/p><\/td><td style=\"font-style: inherit; font-weight: inherit;\"><p>F-129<\/p><\/td><td style=\"font-style: inherit; font-weight: inherit;\"><p><a href=\"mailto:adela2422@yahoo.com.mx\">adela2422@yahoo.com.mx<\/a><\/p><\/td><\/tr><tr><td style=\"font-style: inherit; font-weight: inherit;\"><p><strong>Dr. Federico Lazar\u00edn Miranda<\/strong><\/p><\/td><td style=\"font-style: inherit; font-weight: inherit;\"><p>F-127<\/p><\/td><td style=\"font-style: inherit; font-weight: inherit;\"><p><a href=\"mailto:flm@xanum.uam.mx\">flm@xanum.uam.mx<\/a><\/p><\/td><\/tr><tr><td style=\"font-style: inherit; font-weight: inherit;\"><p><strong>Dr. Georg Leidenberger<\/strong><\/p><\/td><td style=\"font-style: inherit; font-weight: inherit;\"><p>F-120<\/p><\/td><td style=\"font-style: inherit; font-weight: inherit;\"><p><a href=\"mailto:georg.leidenberger@gmail.com\">georg.leidenberger@gmail.com<\/a><\/p><\/td><\/tr><tr><td style=\"font-style: inherit; font-weight: inherit;\"><p><strong>Dra. Georgina L\u00f3pez Gonz\u00e1lez<\/strong><\/p><\/td><td style=\"font-style: inherit; font-weight: inherit;\"><p>F-122<\/p><\/td><td style=\"font-style: inherit; font-weight: inherit;\"><p><a href=\"mailto:glg2@xanum.uam.mx\">glg2@xanum.uam.mx<\/a><\/p><\/td><\/tr><tr><td style=\"font-style: inherit; font-weight: inherit;\"><p><strong>M.A. Aline Maga\u00f1a Zepeda<\/strong><\/p><\/td><td style=\"font-style: inherit; font-weight: inherit;\"><p>F-128<\/p><\/td><td style=\"font-style: inherit; font-weight: inherit;\"><p><a href=\"mailto:amagana@izt.uam.mx\">amagana@izt.uam.mx<\/a><\/p><\/td><\/tr><tr><td style=\"font-style: inherit; font-weight: inherit;\"><p><strong>Dra. Saydi Cecilia N\u00fa\u00f1ez Cetina<\/strong><\/p><\/td><td style=\"font-style: inherit; font-weight: inherit;\"><p>F-122<\/p><\/td><td style=\"font-style: inherit; font-weight: inherit;\"><p><a href=\"mailto:%20snunez@xanum.uam.mx\">snunez@xanum.uam.mx<\/a><\/p><\/td><\/tr><tr><td style=\"font-style: inherit; font-weight: inherit;\"><p><strong>Dra. Martha Ortega Soto<\/strong><\/p><\/td><td style=\"font-style: inherit; font-weight: inherit;\"><p>F-106<\/p><\/td><td style=\"font-style: inherit; font-weight: inherit;\"><p><a href=\"mailto:mos@xanum.uam.mx\">mos@xanum.uam.mx<\/a><\/p><\/td><\/tr><tr><td style=\"font-style: inherit; font-weight: inherit;\"><p><strong>Mtra. Mar\u00eda Antonieta Ilhui Pacheco Ch\u00e1vez<\/strong><\/p><\/td><td style=\"font-style: inherit; font-weight: inherit;\"><p>F-131<\/p><\/td><td style=\"font-style: inherit; font-weight: inherit;\"><p><a href=\"mailto:antonilhui@gmail.com\">antonilhui@gmail.com<\/a><\/p><\/td><\/tr><tr><td style=\"font-style: inherit; font-weight: inherit;\"><p><strong>Dra. Sonia P\u00e9rez Toledo<\/strong><\/p><\/td><td style=\"font-style: inherit; font-weight: inherit;\"><p>F-243<\/p><\/td><td style=\"font-style: inherit; font-weight: inherit;\"><p><a href=\"mailto:spt@xanum.uam.mx\">spt@xanum.uam.mx<\/a><\/p><\/td><\/tr><tr><td style=\"font-style: inherit; font-weight: inherit;\"><p><strong>Dr. Alejandro Constantino Tortolero Villase\u00f1or<\/strong><\/p><\/td><td style=\"font-style: inherit; font-weight: inherit;\"><p>F-124<\/p><\/td><td style=\"font-style: inherit; font-weight: inherit;\"><p><a href=\"mailto:tortoleroalejandro@yahoo.com.mx\">tortoleroalejandro@yahoo.com.mx<\/a><\/p><\/td><\/tr><tr><td style=\"font-style: inherit; font-weight: inherit;\"><p><strong>Dra. Luz Mar\u00eda Uhthoff<\/strong><\/p><\/td><td style=\"font-style: inherit; font-weight: inherit;\"><p>F-103<\/p><\/td><td style=\"font-style: inherit; font-weight: inherit;\"><p><a href=\"mailto:luzuhthoff@gmail.com\">luzuhthoff@gmail.com<\/a><\/p><\/td><\/tr><tr><td style=\"font-style: inherit; font-weight: inherit;\"><p><strong>Dra. Norma Zubir\u00e1n Escoto<\/strong><\/p><\/td><td style=\"font-style: inherit; font-weight: inherit;\"><p>F-118<\/p><\/td><td style=\"font-style: inherit; font-weight: inherit;\"><p><a href=\"mailto:zubesc@yahoo.com.mx\">zubesc@yahoo.com.mx<\/a><\/p><\/td><\/tr><\/tbody><\/table>\t\t\t\t\t\t\t\t<\/div>\n\t\t\t\t\t<\/div>\n\t\t\t\t<\/div>\n\t\t<div class=\"elementor-element elementor-element-2143dbd e-flex e-con-boxed e-con e-parent\" data-id=\"2143dbd\" data-element_type=\"container\" data-e-type=\"container\">\n\t\t\t\t\t<div class=\"e-con-inner\">\n\t\t\t\t<div class=\"elementor-element elementor-element-20bced3 elementor-widget elementor-widget-video\" data-id=\"20bced3\" data-element_type=\"widget\" data-e-type=\"widget\" data-settings=\"{&quot;youtube_url&quot;:&quot;https:\\\/\\\/www.youtube.com\\\/watch?v=dYh5G8G2xZo&quot;,&quot;video_type&quot;:&quot;youtube&quot;,&quot;controls&quot;:&quot;yes&quot;}\" data-widget_type=\"video.default\">\n\t\t\t\t\t\t\t<div class=\"elementor-wrapper elementor-open-inline\">\n\t\t\t<div class=\"elementor-video\"><\/div>\t\t<\/div>\n\t\t\t\t\t\t<\/div>\n\t\t\t\t\t<\/div>\n\t\t\t\t<\/div>\n\t\t<div class=\"elementor-element elementor-element-2a65a92 e-flex e-con-boxed e-con e-parent\" data-id=\"2a65a92\" data-element_type=\"container\" data-e-type=\"container\">\n\t\t\t\t\t<div class=\"e-con-inner\">\n\t\t\t\t<div class=\"elementor-element elementor-element-71c3cbd elementor-widget elementor-widget-text-editor\" data-id=\"71c3cbd\" data-element_type=\"widget\" data-e-type=\"widget\" data-widget_type=\"text-editor.default\">\n\t\t\t\t\t\t\t\t\t<h5 class=\"mb-4\" style=\"text-align: center;\">Video de la licenciatura<\/h5>\t\t\t\t\t\t\t\t<\/div>\n\t\t\t\t\t<\/div>\n\t\t\t\t<\/div>\n\t\t\t\t<\/div>\n\t\t","protected":false},"excerpt":{"rendered":"<p>Coordinaci\u00f3n Dr. Marco Antonio Reyes Lugardo coordlichistoria@xanum.uam.mx 55 5804 4600 Ext. 3599 \u00a0 Secretaria Karina R\u00edos S\u00e1nchez hist@xanum.uam.mx 55 5804 4786 \u00a0 Objetivo de la licenciatura: Formar profesionales capaces de: \u25cf Analizar y comprender los procesos hist\u00f3ricos de M\u00e9xico y el mundo. \u25cf Interpretar el pasado de forma cr\u00edtica desde las perspectivas social, pol\u00edtica, cultural [&hellip;]<\/p>\n","protected":false},"author":1,"featured_media":0,"parent":0,"menu_order":0,"comment_status":"closed","ping_status":"closed","template":"","meta":{"footnotes":""},"class_list":["post-2438","page","type-page","status-publish","hentry"],"blocksy_meta":[],"_links":{"self":[{"href":"https:\/\/divcsh.izt.uam.mx\/depto_filosofia\/index.php\/wp-json\/wp\/v2\/pages\/2438","targetHints":{"allow":["GET"]}}],"collection":[{"href":"https:\/\/divcsh.izt.uam.mx\/depto_filosofia\/index.php\/wp-json\/wp\/v2\/pages"}],"about":[{"href":"https:\/\/divcsh.izt.uam.mx\/depto_filosofia\/index.php\/wp-json\/wp\/v2\/types\/page"}],"author":[{"embeddable":true,"href":"https:\/\/divcsh.izt.uam.mx\/depto_filosofia\/index.php\/wp-json\/wp\/v2\/users\/1"}],"replies":[{"embeddable":true,"href":"https:\/\/divcsh.izt.uam.mx\/depto_filosofia\/index.php\/wp-json\/wp\/v2\/comments?post=2438"}],"version-history":[{"count":0,"href":"https:\/\/divcsh.izt.uam.mx\/depto_filosofia\/index.php\/wp-json\/wp\/v2\/pages\/2438\/revisions"}],"wp:attachment":[{"href":"https:\/\/divcsh.izt.uam.mx\/depto_filosofia\/index.php\/wp-json\/wp\/v2\/media?parent=2438"}],"curies":[{"name":"wp","href":"https:\/\/api.w.org\/{rel}","templated":true}]}}