{"id":2441,"date":"2025-01-10T06:24:37","date_gmt":"2025-01-10T05:24:37","guid":{"rendered":"https:\/\/divcsh.izt.uam.mx\/depto_filosofia\/?page_id=2441"},"modified":"2026-02-04T15:08:11","modified_gmt":"2026-02-04T21:08:11","slug":"linguistica","status":"publish","type":"page","link":"https:\/\/divcsh.izt.uam.mx\/depto_filosofia\/index.php\/linguistica\/","title":{"rendered":"Ling\u00fc\u00edstica"},"content":{"rendered":"\t\t<div data-elementor-type=\"wp-page\" data-elementor-id=\"2441\" class=\"elementor elementor-2441\" data-elementor-post-type=\"page\">\n\t\t\t\t<div class=\"elementor-element elementor-element-57ae393 e-con-full e-flex e-con e-parent\" data-id=\"57ae393\" data-element_type=\"container\" data-e-type=\"container\">\n\t\t\t\t<div class=\"elementor-element elementor-element-73eb630 elementor-widget elementor-widget-image\" data-id=\"73eb630\" data-element_type=\"widget\" data-e-type=\"widget\" data-widget_type=\"image.default\">\n\t\t\t\t\t\t\t\t\t\t\t\t\t\t\t<img fetchpriority=\"high\" decoding=\"async\" width=\"2880\" height=\"624\" src=\"https:\/\/divcsh.izt.uam.mx\/depto_filosofia\/wp-content\/uploads\/2025\/01\/Licenciatura_en_Linguistica.png\" class=\"attachment-full size-full wp-image-2976\" alt=\"\" srcset=\"https:\/\/divcsh.izt.uam.mx\/depto_filosofia\/wp-content\/uploads\/2025\/01\/Licenciatura_en_Linguistica.png 2880w, https:\/\/divcsh.izt.uam.mx\/depto_filosofia\/wp-content\/uploads\/2025\/01\/Licenciatura_en_Linguistica-300x65.png 300w, https:\/\/divcsh.izt.uam.mx\/depto_filosofia\/wp-content\/uploads\/2025\/01\/Licenciatura_en_Linguistica-1024x222.png 1024w, https:\/\/divcsh.izt.uam.mx\/depto_filosofia\/wp-content\/uploads\/2025\/01\/Licenciatura_en_Linguistica-768x166.png 768w, https:\/\/divcsh.izt.uam.mx\/depto_filosofia\/wp-content\/uploads\/2025\/01\/Licenciatura_en_Linguistica-1536x333.png 1536w, https:\/\/divcsh.izt.uam.mx\/depto_filosofia\/wp-content\/uploads\/2025\/01\/Licenciatura_en_Linguistica-2048x444.png 2048w\" sizes=\"(max-width: 2880px) 100vw, 2880px\" \/>\t\t\t\t\t\t\t\t\t\t\t\t\t\t\t<\/div>\n\t\t\t\t<\/div>\n\t\t<div class=\"elementor-element elementor-element-49674e6 e-flex e-con-boxed e-con e-parent\" data-id=\"49674e6\" data-element_type=\"container\" data-e-type=\"container\">\n\t\t\t\t\t<div class=\"e-con-inner\">\n\t\t<div class=\"elementor-element elementor-element-8be007a e-con-full e-flex e-con e-child\" data-id=\"8be007a\" data-element_type=\"container\" data-e-type=\"container\">\n\t\t\t\t<div class=\"elementor-element elementor-element-157af2f elementor-widget elementor-widget-text-editor\" data-id=\"157af2f\" data-element_type=\"widget\" data-e-type=\"widget\" data-widget_type=\"text-editor.default\">\n\t\t\t\t\t\t\t\t\t<center><\/center><h4 style=\"text-align: center;\"><span style=\"color: #008000;\">Coordinaci\u00f3n<\/span><\/h4><h4 style=\"text-align: center;\">Edgar Alberto Madrid Serv\u00edn<\/h4><h4 style=\"text-align: center;\"><i class=\"fa fa-envelope me-3\"><\/i><a href=\"mailto:emad@xanum.uam.mx\" target=\"_blank\" rel=\"noopener\">emad@xanum.uam.mx<\/a><\/h4><h4 style=\"text-align: center;\"><i class=\"fa fa-phone-alt me-3\"><\/i>55 5804 4780<\/h4>\t\t\t\t\t\t\t\t<\/div>\n\t\t\t\t<\/div>\n\t\t<div class=\"elementor-element elementor-element-cfca741 e-con-full e-flex e-con e-child\" data-id=\"cfca741\" data-element_type=\"container\" data-e-type=\"container\">\n\t\t\t\t<div class=\"elementor-element elementor-element-cf728bc elementor-widget elementor-widget-text-editor\" data-id=\"cf728bc\" data-element_type=\"widget\" data-e-type=\"widget\" data-widget_type=\"text-editor.default\">\n\t\t\t\t\t\t\t\t\t<center><\/center><h4 style=\"text-align: center;\"><span style=\"color: #008000;\">Secretaria<\/span><\/h4><h4 style=\"text-align: center;\">Mar\u00eda Elvia Vel\u00e1squez Cervantes<\/h4><h4 style=\"text-align: center;\"><i class=\"fa fa-envelope me-3\"><\/i><a href=\"mailto:licenciatura.linguistica@xanum.uam.mx\" target=\"_blank\" rel=\"noopener\">licenciatura.linguistica@xanum.uam.mx<\/a><\/h4><h4 style=\"text-align: center;\"><i class=\"fa fa-phone-alt me-3\"><\/i>55 5804 4780<\/h4>\t\t\t\t\t\t\t\t<\/div>\n\t\t\t\t<\/div>\n\t\t\t\t\t<\/div>\n\t\t\t\t<\/div>\n\t\t<div class=\"elementor-element elementor-element-c870f01 e-flex e-con-boxed e-con e-parent\" data-id=\"c870f01\" data-element_type=\"container\" data-e-type=\"container\">\n\t\t\t\t\t<div class=\"e-con-inner\">\n\t\t\t\t<div class=\"elementor-element elementor-element-b6ba9e0 elementor-widget elementor-widget-button\" data-id=\"b6ba9e0\" data-element_type=\"widget\" data-e-type=\"widget\" data-widget_type=\"button.default\">\n\t\t\t\t\t\t\t\t\t\t<a class=\"elementor-button elementor-button-link elementor-size-sm\" href=\"https:\/\/divcsh.izt.uam.mx\/coord_linguistica\/\">\n\t\t\t\t\t\t<span class=\"elementor-button-content-wrapper\">\n\t\t\t\t\t\t\t\t\t<span class=\"elementor-button-text\">Sitio Web<\/span>\n\t\t\t\t\t<\/span>\n\t\t\t\t\t<\/a>\n\t\t\t\t\t\t\t\t<\/div>\n\t\t\t\t\t<\/div>\n\t\t\t\t<\/div>\n\t\t<div class=\"elementor-element elementor-element-5d5f685 e-flex e-con-boxed e-con e-parent\" data-id=\"5d5f685\" data-element_type=\"container\" data-e-type=\"container\">\n\t\t\t\t\t<div class=\"e-con-inner\">\n\t\t\t\t<div class=\"elementor-element elementor-element-3d8506e elementor-align-left elementor-widget elementor-widget-button\" data-id=\"3d8506e\" data-element_type=\"widget\" data-e-type=\"widget\" data-widget_type=\"button.default\">\n\t\t\t\t\t\t\t\t\t\t<a class=\"elementor-button elementor-button-link elementor-size-sm\" href=\"https:\/\/www.facebook.com\/profile.php?id=61587023715889\">\n\t\t\t\t\t\t<span class=\"elementor-button-content-wrapper\">\n\t\t\t\t\t\t\t\t\t<span class=\"elementor-button-text\">Facebook<\/span>\n\t\t\t\t\t<\/span>\n\t\t\t\t\t<\/a>\n\t\t\t\t\t\t\t\t<\/div>\n\t\t\t\t\t<\/div>\n\t\t\t\t<\/div>\n\t\t<div class=\"elementor-element elementor-element-49f2fc7 e-flex e-con-boxed e-con e-parent\" data-id=\"49f2fc7\" data-element_type=\"container\" data-e-type=\"container\">\n\t\t\t\t\t<div class=\"e-con-inner\">\n\t\t\t\t<div class=\"elementor-element elementor-element-1ea93a4 elementor-widget elementor-widget-text-editor\" data-id=\"1ea93a4\" data-element_type=\"widget\" data-e-type=\"widget\" data-widget_type=\"text-editor.default\">\n\t\t\t\t\t\t\t\t\t<h4 class=\"mb-4\">Objetivo de la licenciatura:<\/h4><p class=\"mb-4\">Formar profesionales que posean una base de conocimientos y habilidades s\u00f3lidos y suficientes para desarrollar o participar en proyectos enfocados, por un lado, al estudio y descripci\u00f3n formal de distintas lenguas y, por el otro, el estudio de aspectos relacionados con las lenguas en uso, tales como los discursivos, pragm\u00e1ticos, educativos, terap\u00e9uticos.<\/p>\t\t\t\t\t\t\t\t<\/div>\n\t\t\t\t\t<\/div>\n\t\t\t\t<\/div>\n\t\t<div class=\"elementor-element elementor-element-8b196dc e-flex e-con-boxed e-con e-parent\" data-id=\"8b196dc\" data-element_type=\"container\" data-e-type=\"container\">\n\t\t\t\t\t<div class=\"e-con-inner\">\n\t\t\t\t<div class=\"elementor-element elementor-element-632241f elementor-widget elementor-widget-button\" data-id=\"632241f\" data-element_type=\"widget\" data-e-type=\"widget\" data-widget_type=\"button.default\">\n\t\t\t\t\t\t\t\t\t\t<a class=\"elementor-button elementor-button-link elementor-size-sm\" href=\"https:\/\/divcsh.izt.uam.mx\/depto_filosofia\/wp-content\/uploads\/2025\/01\/44_5_Linguistica.pdf\">\n\t\t\t\t\t\t<span class=\"elementor-button-content-wrapper\">\n\t\t\t\t\t\t\t\t\t<span class=\"elementor-button-text\">Plan de estudios<\/span>\n\t\t\t\t\t<\/span>\n\t\t\t\t\t<\/a>\n\t\t\t\t\t\t\t\t<\/div>\n\t\t\t\t\t<\/div>\n\t\t\t\t<\/div>\n\t\t<div class=\"elementor-element elementor-element-6519783 e-flex e-con-boxed e-con e-parent\" data-id=\"6519783\" data-element_type=\"container\" data-e-type=\"container\">\n\t\t\t\t\t<div class=\"e-con-inner\">\n\t\t\t\t<div class=\"elementor-element elementor-element-1f4837b elementor-widget elementor-widget-heading\" data-id=\"1f4837b\" data-element_type=\"widget\" data-e-type=\"widget\" data-widget_type=\"heading.default\">\n\t\t\t\t\t<h2 class=\"elementor-heading-title elementor-size-default\">Claustro docente (Tiempo completo)<\/h2>\t\t\t\t<\/div>\n\t\t\t\t\t<\/div>\n\t\t\t\t<\/div>\n\t\t<div class=\"elementor-element elementor-element-ddbbdc3 e-flex e-con-boxed e-con e-parent\" data-id=\"ddbbdc3\" data-element_type=\"container\" data-e-type=\"container\">\n\t\t\t\t\t<div class=\"e-con-inner\">\n\t\t\t\t<div class=\"elementor-element elementor-element-a59ae00 elementor-widget elementor-widget-text-editor\" data-id=\"a59ae00\" data-element_type=\"widget\" data-e-type=\"widget\" data-widget_type=\"text-editor.default\">\n\t\t\t\t\t\t\t\t\t<p>\u00a0<\/p><table class=\"table border table-hover\"><thead class=\"thead-dark\"><tr><th scope=\"col\">Nombre<\/th><th scope=\"col\">Cub\u00edculo<\/th><th scope=\"col\">Dedicaci\u00f3n<\/th><th scope=\"col\">Correo Electr\u00f3nico<\/th><\/tr><\/thead><tbody><tr><td><strong>Dra. Mar\u00eda del Refugio P\u00e9rez Paredes<\/strong><\/td><td>F-201<\/td><td>Tiempo Completo<\/td><td><a href=\"mailto:kukiper@yahoo.com\">kukiper@yahoo.com<\/a><\/td><\/tr><tr><td><strong>Dr. Julio C\u00e9sar Serrano Morales<\/strong><\/td><td>F-201<\/td><td>Tiempo Completo<\/td><td><a href=\"mailto:juliuserrano@gmail.com\">juliuserrano@gmail.com<\/a><\/td><\/tr><tr><td><strong>Dra. Sof\u00eda Gabriela Morales Camacho<\/strong><\/td><td>F-204<\/td><td>Tiempo Completo<\/td><td><a href=\"mailto:sogamoca@gmail.com\">sogamoca@gmail.com<\/a><\/td><\/tr><tr><td><strong>Dra. Alejandra Capistr\u00e1n Garza<\/strong><\/td><td>F-207<\/td><td>Tiempo Completo<\/td><td><a href=\"mailto:ale_capistran@hotmail.com\">ale_capistran@hotmail.com<\/a><\/td><\/tr><tr><td><strong>Mtra. Elizabeth Santana Cepero<\/strong><\/td><td>F-207<\/td><td>Tiempo Completo<\/td><td><a href=\"mailto:lizsantanacepero@gmail.com\">lizsantanacepero@gmail.com<\/a><\/td><\/tr><tr><td><strong>Mtro. Edgar Alberto Madrid Serv\u00edn<\/strong><\/td><td>F-217<\/td><td>Tiempo Completo<\/td><td><a href=\"mailto:amadser@gmail.com\">amadser@gmail.com<\/a><\/td><\/tr><tr><td><strong>Dr. Lucio Armando Mora Bustos<\/strong><\/td><td>F-217<\/td><td>Tiempo Completo<\/td><td><a href=\"mailto:lucioamora@gmail.com\">lucioamora@gmail.com<\/a><\/td><\/tr><tr><td><strong>Dr. H\u00e9ctor Mu\u00f1oz Cruz<\/strong><\/td><td>F-230<\/td><td>Tiempo Completo<\/td><td><a href=\"mailto:hmunozcruz@gmail.com\">hmunozcruz@gmail.com<\/a><\/td><\/tr><tr><td><strong>Mtra. Irma Mungu\u00eda Zatara\u00edn<\/strong><\/td><td>F-231<\/td><td>Tiempo Completo<\/td><td><a href=\"mailto:irmamunguiaz@hotmail.com\">irmamunguiaz@hotmail.com<\/a><\/td><\/tr><tr><td><strong>Dra. Laura Hern\u00e1ndez Mart\u00ednez<\/strong><\/td><td>F-235<\/td><td>Tiempo Completo<\/td><td><a href=\"mailto:lauraxanum@hotmail.com\">lauraxanum@hotmail.com<\/a><\/td><\/tr><tr><td><strong>Dra. Milagros Alfonso Vega<\/strong><\/td><td>F-246<\/td><td>Tiempo Completo<\/td><td><a href=\"mailto:alfo@xanum.uam.mx\">alfo@xanum.uam.mx<\/a><\/td><\/tr><tr><td><strong>Dra. Aida Mariana Orozco Arriola<\/strong><\/td><td>F-204<\/td><td>Tiempo Completo<\/td><td><a href=\"mailto:mariana.orozco.ar@gmail.com\">mariana.orozco.ar@gmail.com<\/a><\/td><\/tr><\/tbody><\/table>\t\t\t\t\t\t\t\t<\/div>\n\t\t\t\t\t<\/div>\n\t\t\t\t<\/div>\n\t\t<div class=\"elementor-element elementor-element-e829973 e-flex e-con-boxed e-con e-parent\" data-id=\"e829973\" data-element_type=\"container\" data-e-type=\"container\">\n\t\t\t\t\t<div class=\"e-con-inner\">\n\t\t<div class=\"elementor-element elementor-element-d697941 e-con-full e-flex e-con e-child\" data-id=\"d697941\" data-element_type=\"container\" data-e-type=\"container\">\n\t\t\t\t<div class=\"elementor-element elementor-element-8f23fa9 elementor-widget elementor-widget-video\" data-id=\"8f23fa9\" data-element_type=\"widget\" data-e-type=\"widget\" data-settings=\"{&quot;youtube_url&quot;:&quot;https:\\\/\\\/www.youtube.com\\\/watch?v=GL91WjoAB9k&quot;,&quot;video_type&quot;:&quot;youtube&quot;,&quot;controls&quot;:&quot;yes&quot;}\" data-widget_type=\"video.default\">\n\t\t\t\t\t\t\t<div class=\"elementor-wrapper elementor-open-inline\">\n\t\t\t<div class=\"elementor-video\"><\/div>\t\t<\/div>\n\t\t\t\t\t\t<\/div>\n\t\t\t\t<\/div>\n\t\t<div class=\"elementor-element elementor-element-e24139b e-con-full e-flex e-con e-child\" data-id=\"e24139b\" data-element_type=\"container\" data-e-type=\"container\">\n\t\t\t\t<div class=\"elementor-element elementor-element-550a98a elementor-widget elementor-widget-video\" data-id=\"550a98a\" data-element_type=\"widget\" data-e-type=\"widget\" data-settings=\"{&quot;youtube_url&quot;:&quot;https:\\\/\\\/www.youtube.com\\\/watch?v=UXLFydlfnkA&quot;,&quot;video_type&quot;:&quot;youtube&quot;,&quot;controls&quot;:&quot;yes&quot;}\" data-widget_type=\"video.default\">\n\t\t\t\t\t\t\t<div class=\"elementor-wrapper elementor-open-inline\">\n\t\t\t<div class=\"elementor-video\"><\/div>\t\t<\/div>\n\t\t\t\t\t\t<\/div>\n\t\t\t\t<\/div>\n\t\t\t\t\t<\/div>\n\t\t\t\t<\/div>\n\t\t<div class=\"elementor-element elementor-element-6fdd96b e-flex e-con-boxed e-con e-parent\" data-id=\"6fdd96b\" data-element_type=\"container\" data-e-type=\"container\">\n\t\t\t\t\t<div class=\"e-con-inner\">\n\t\t<div class=\"elementor-element elementor-element-ea7121a e-con-full e-flex e-con e-child\" data-id=\"ea7121a\" data-element_type=\"container\" data-e-type=\"container\">\n\t\t\t\t<div class=\"elementor-element elementor-element-be109ad elementor-widget elementor-widget-text-editor\" data-id=\"be109ad\" data-element_type=\"widget\" data-e-type=\"widget\" data-widget_type=\"text-editor.default\">\n\t\t\t\t\t\t\t\t\t<h5 class=\"mb-4\">English subtitles<\/h5><h5 class=\"mb-4\">Traducido por: Mtra. Lucina Ang\u00e9lica Cabrera de la Rosa<\/h5>\t\t\t\t\t\t\t\t<\/div>\n\t\t\t\t<\/div>\n\t\t<div class=\"elementor-element elementor-element-1c9a053 e-con-full e-flex e-con e-child\" data-id=\"1c9a053\" data-element_type=\"container\" data-e-type=\"container\">\n\t\t\t\t<div class=\"elementor-element elementor-element-d455015 elementor-widget elementor-widget-text-editor\" data-id=\"d455015\" data-element_type=\"widget\" data-e-type=\"widget\" data-widget_type=\"text-editor.default\">\n\t\t\t\t\t\t\t\t\t<h5 class=\"mb-4\">Vid\u00e9o sous-titr\u00e9e<\/h5><h5 class=\"mb-4\">Traducido por: Mtra. Yazm\u00edn Luciana Salazar Plata.<\/h5>\t\t\t\t\t\t\t\t<\/div>\n\t\t\t\t<\/div>\n\t\t\t\t\t<\/div>\n\t\t\t\t<\/div>\n\t\t\t\t<\/div>\n\t\t","protected":false},"excerpt":{"rendered":"<p>Coordinaci\u00f3n Edgar Alberto Madrid Serv\u00edn emad@xanum.uam.mx 55 5804 4780 Secretaria Mar\u00eda Elvia Vel\u00e1squez Cervantes licenciatura.linguistica@xanum.uam.mx 55 5804 4780 Sitio Web Facebook Objetivo de la licenciatura: Formar profesionales que posean una base de conocimientos y habilidades s\u00f3lidos y suficientes para desarrollar o participar en proyectos enfocados, por un lado, al estudio y descripci\u00f3n formal de distintas [&hellip;]<\/p>\n","protected":false},"author":1,"featured_media":0,"parent":0,"menu_order":0,"comment_status":"closed","ping_status":"closed","template":"","meta":{"footnotes":""},"class_list":["post-2441","page","type-page","status-publish","hentry"],"blocksy_meta":[],"_links":{"self":[{"href":"https:\/\/divcsh.izt.uam.mx\/depto_filosofia\/index.php\/wp-json\/wp\/v2\/pages\/2441","targetHints":{"allow":["GET"]}}],"collection":[{"href":"https:\/\/divcsh.izt.uam.mx\/depto_filosofia\/index.php\/wp-json\/wp\/v2\/pages"}],"about":[{"href":"https:\/\/divcsh.izt.uam.mx\/depto_filosofia\/index.php\/wp-json\/wp\/v2\/types\/page"}],"author":[{"embeddable":true,"href":"https:\/\/divcsh.izt.uam.mx\/depto_filosofia\/index.php\/wp-json\/wp\/v2\/users\/1"}],"replies":[{"embeddable":true,"href":"https:\/\/divcsh.izt.uam.mx\/depto_filosofia\/index.php\/wp-json\/wp\/v2\/comments?post=2441"}],"version-history":[{"count":9,"href":"https:\/\/divcsh.izt.uam.mx\/depto_filosofia\/index.php\/wp-json\/wp\/v2\/pages\/2441\/revisions"}],"predecessor-version":[{"id":4895,"href":"https:\/\/divcsh.izt.uam.mx\/depto_filosofia\/index.php\/wp-json\/wp\/v2\/pages\/2441\/revisions\/4895"}],"wp:attachment":[{"href":"https:\/\/divcsh.izt.uam.mx\/depto_filosofia\/index.php\/wp-json\/wp\/v2\/media?parent=2441"}],"curies":[{"name":"wp","href":"https:\/\/api.w.org\/{rel}","templated":true}]}}