{"id":2452,"date":"2025-01-10T06:37:56","date_gmt":"2025-01-10T05:37:56","guid":{"rendered":"https:\/\/divcsh.izt.uam.mx\/depto_filosofia\/?page_id=2452"},"modified":"2025-01-17T21:24:00","modified_gmt":"2025-01-17T20:24:00","slug":"profesorado","status":"publish","type":"page","link":"https:\/\/divcsh.izt.uam.mx\/depto_filosofia\/index.php\/profesorado\/","title":{"rendered":"Profesorado"},"content":{"rendered":"\t\t<div data-elementor-type=\"wp-page\" data-elementor-id=\"2452\" class=\"elementor elementor-2452\" data-elementor-post-type=\"page\">\n\t\t\t\t<div class=\"elementor-element elementor-element-ba7ff48 e-con-full e-flex e-con e-parent\" data-id=\"ba7ff48\" data-element_type=\"container\" data-e-type=\"container\">\n\t\t\t\t<div class=\"elementor-element elementor-element-2cad401 elementor-widget elementor-widget-image\" data-id=\"2cad401\" data-element_type=\"widget\" data-e-type=\"widget\" data-widget_type=\"image.default\">\n\t\t\t\t\t\t\t\t\t\t\t\t\t\t\t<img fetchpriority=\"high\" decoding=\"async\" width=\"2880\" height=\"624\" src=\"https:\/\/divcsh.izt.uam.mx\/depto_filosofia\/wp-content\/uploads\/2025\/01\/profesores.png\" class=\"attachment-full size-full wp-image-3232\" alt=\"\" srcset=\"https:\/\/divcsh.izt.uam.mx\/depto_filosofia\/wp-content\/uploads\/2025\/01\/profesores.png 2880w, https:\/\/divcsh.izt.uam.mx\/depto_filosofia\/wp-content\/uploads\/2025\/01\/profesores-300x65.png 300w, https:\/\/divcsh.izt.uam.mx\/depto_filosofia\/wp-content\/uploads\/2025\/01\/profesores-1024x222.png 1024w, https:\/\/divcsh.izt.uam.mx\/depto_filosofia\/wp-content\/uploads\/2025\/01\/profesores-768x166.png 768w, https:\/\/divcsh.izt.uam.mx\/depto_filosofia\/wp-content\/uploads\/2025\/01\/profesores-1536x333.png 1536w, https:\/\/divcsh.izt.uam.mx\/depto_filosofia\/wp-content\/uploads\/2025\/01\/profesores-2048x444.png 2048w\" sizes=\"(max-width: 2880px) 100vw, 2880px\" \/>\t\t\t\t\t\t\t\t\t\t\t\t\t\t\t<\/div>\n\t\t\t\t<\/div>\n\t\t<div class=\"elementor-element elementor-element-21cf2b8 e-flex e-con-boxed e-con e-parent\" data-id=\"21cf2b8\" data-element_type=\"container\" data-e-type=\"container\">\n\t\t\t\t\t<div class=\"e-con-inner\">\n\t\t<div class=\"elementor-element elementor-element-8bc6119 e-con-full e-flex e-con e-child\" data-id=\"8bc6119\" data-element_type=\"container\" data-e-type=\"container\">\n\t\t\t\t<div class=\"elementor-element elementor-element-fd358be elementor-widget elementor-widget-image\" data-id=\"fd358be\" data-element_type=\"widget\" data-e-type=\"widget\" data-widget_type=\"image.default\">\n\t\t\t\t\t\t\t\t\t\t\t\t<figure class=\"wp-caption\">\n\t\t\t\t\t\t\t\t\t\t<img decoding=\"async\" width=\"134\" height=\"107\" src=\"https:\/\/divcsh.izt.uam.mx\/depto_filosofia\/wp-content\/uploads\/2025\/01\/centros.png\" class=\"attachment-large size-large wp-image-3236\" alt=\"\" \/>\t\t\t\t\t\t\t\t\t\t\t<figcaption class=\"widget-image-caption wp-caption-text\">Sistema Integral de Informaci\u00f3n Planeaci\u00f3n de la Unidad Iztapalapa<\/figcaption>\n\t\t\t\t\t\t\t\t\t\t<\/figure>\n\t\t\t\t\t\t\t\t\t<\/div>\n\t\t\t\t<\/div>\n\t\t<div class=\"elementor-element elementor-element-2cea190 e-con-full e-flex e-con e-child\" data-id=\"2cea190\" data-element_type=\"container\" data-e-type=\"container\">\n\t\t\t\t<div class=\"elementor-element elementor-element-481c2ec elementor-widget elementor-widget-image\" data-id=\"481c2ec\" data-element_type=\"widget\" data-e-type=\"widget\" data-widget_type=\"image.default\">\n\t\t\t\t\t\t\t\t\t\t\t\t<figure class=\"wp-caption\">\n\t\t\t\t\t\t\t\t\t\t<img decoding=\"async\" width=\"133\" height=\"178\" src=\"https:\/\/divcsh.izt.uam.mx\/depto_filosofia\/wp-content\/uploads\/2025\/01\/celex.png\" class=\"attachment-large size-large wp-image-3237\" alt=\"\" \/>\t\t\t\t\t\t\t\t\t\t\t<figcaption class=\"widget-image-caption wp-caption-text\">Sistema Divisional de Informaci\u00f3n y Planeaci\u00f3n<\/figcaption>\n\t\t\t\t\t\t\t\t\t\t<\/figure>\n\t\t\t\t\t\t\t\t\t<\/div>\n\t\t\t\t<\/div>\n\t\t<div class=\"elementor-element elementor-element-f8a0eab e-con-full e-flex e-con e-child\" data-id=\"f8a0eab\" data-element_type=\"container\" data-e-type=\"container\">\n\t\t\t\t<div class=\"elementor-element elementor-element-e3e26fd elementor-widget elementor-widget-image\" data-id=\"e3e26fd\" data-element_type=\"widget\" data-e-type=\"widget\" data-widget_type=\"image.default\">\n\t\t\t\t\t\t\t\t\t\t\t\t<figure class=\"wp-caption\">\n\t\t\t\t\t\t\t\t\t\t<img loading=\"lazy\" decoding=\"async\" width=\"391\" height=\"446\" src=\"https:\/\/divcsh.izt.uam.mx\/depto_filosofia\/wp-content\/uploads\/2025\/01\/calendario-1.png\" class=\"attachment-large size-large wp-image-3238\" alt=\"\" srcset=\"https:\/\/divcsh.izt.uam.mx\/depto_filosofia\/wp-content\/uploads\/2025\/01\/calendario-1.png 391w, https:\/\/divcsh.izt.uam.mx\/depto_filosofia\/wp-content\/uploads\/2025\/01\/calendario-1-263x300.png 263w\" sizes=\"(max-width: 391px) 100vw, 391px\" \/>\t\t\t\t\t\t\t\t\t\t\t<figcaption class=\"widget-image-caption wp-caption-text\">Calendario UAM<\/figcaption>\n\t\t\t\t\t\t\t\t\t\t<\/figure>\n\t\t\t\t\t\t\t\t\t<\/div>\n\t\t\t\t<\/div>\n\t\t<div class=\"elementor-element elementor-element-585ea91 e-con-full e-flex e-con e-child\" data-id=\"585ea91\" data-element_type=\"container\" data-e-type=\"container\">\n\t\t\t\t<div class=\"elementor-element elementor-element-0eda10f elementor-align-center elementor-widget elementor-widget-button\" data-id=\"0eda10f\" data-element_type=\"widget\" data-e-type=\"widget\" data-widget_type=\"button.default\">\n\t\t\t\t\t\t\t\t\t\t<a class=\"elementor-button elementor-button-link elementor-size-sm\" href=\"https:\/\/siipi.izt.uam.mx\/login\">\n\t\t\t\t\t\t<span class=\"elementor-button-content-wrapper\">\n\t\t\t\t\t\t\t\t\t<span class=\"elementor-button-text\">Leer m\u00e1s<\/span>\n\t\t\t\t\t<\/span>\n\t\t\t\t\t<\/a>\n\t\t\t\t\t\t\t\t<\/div>\n\t\t\t\t<\/div>\n\t\t<div class=\"elementor-element elementor-element-975c746 e-con-full e-flex e-con e-child\" data-id=\"975c746\" data-element_type=\"container\" data-e-type=\"container\">\n\t\t\t\t<div class=\"elementor-element elementor-element-ced31f9 elementor-align-center elementor-widget elementor-widget-button\" data-id=\"ced31f9\" data-element_type=\"widget\" data-e-type=\"widget\" data-widget_type=\"button.default\">\n\t\t\t\t\t\t\t\t\t\t<a class=\"elementor-button elementor-button-link elementor-size-sm\" href=\"http:\/\/csh.izt.uam.mx\/sistemadivisional\/SDIP\/\">\n\t\t\t\t\t\t<span class=\"elementor-button-content-wrapper\">\n\t\t\t\t\t\t\t\t\t<span class=\"elementor-button-text\">Leer m\u00e1s<\/span>\n\t\t\t\t\t<\/span>\n\t\t\t\t\t<\/a>\n\t\t\t\t\t\t\t\t<\/div>\n\t\t\t\t<\/div>\n\t\t<div class=\"elementor-element elementor-element-14a297b e-con-full e-flex e-con e-child\" data-id=\"14a297b\" data-element_type=\"container\" data-e-type=\"container\">\n\t\t\t\t<div class=\"elementor-element elementor-element-dd54ee1 elementor-align-center elementor-widget elementor-widget-button\" data-id=\"dd54ee1\" data-element_type=\"widget\" data-e-type=\"widget\" data-widget_type=\"button.default\">\n\t\t\t\t\t\t\t\t\t\t<a class=\"elementor-button elementor-button-link elementor-size-sm\" href=\"https:\/\/www.izt.uam.mx\/index.php\/docencia\/calendario-escolar\">\n\t\t\t\t\t\t<span class=\"elementor-button-content-wrapper\">\n\t\t\t\t\t\t\t\t\t<span class=\"elementor-button-text\">Leer m\u00e1s<\/span>\n\t\t\t\t\t<\/span>\n\t\t\t\t\t<\/a>\n\t\t\t\t\t\t\t\t<\/div>\n\t\t\t\t<\/div>\n\t\t\t\t\t<\/div>\n\t\t\t\t<\/div>\n\t\t<div class=\"elementor-element elementor-element-92d1743 e-flex e-con-boxed e-con e-parent\" data-id=\"92d1743\" data-element_type=\"container\" data-e-type=\"container\">\n\t\t\t\t\t<div class=\"e-con-inner\">\n\t\t<div class=\"elementor-element elementor-element-66ef9f5 e-con-full e-flex e-con e-child\" data-id=\"66ef9f5\" data-element_type=\"container\" data-e-type=\"container\">\n\t\t\t\t<div class=\"elementor-element elementor-element-d844445 elementor-widget elementor-widget-image\" data-id=\"d844445\" data-element_type=\"widget\" data-e-type=\"widget\" data-widget_type=\"image.default\">\n\t\t\t\t\t\t\t\t\t\t\t\t<figure class=\"wp-caption\">\n\t\t\t\t\t\t\t\t\t\t<img loading=\"lazy\" decoding=\"async\" width=\"136\" height=\"136\" src=\"https:\/\/divcsh.izt.uam.mx\/depto_filosofia\/wp-content\/uploads\/2025\/01\/user.png\" class=\"attachment-large size-large wp-image-3239\" alt=\"\" \/>\t\t\t\t\t\t\t\t\t\t\t<figcaption class=\"widget-image-caption wp-caption-text\">Consejo Acad\u00e9mico<\/figcaption>\n\t\t\t\t\t\t\t\t\t\t<\/figure>\n\t\t\t\t\t\t\t\t\t<\/div>\n\t\t\t\t<\/div>\n\t\t<div class=\"elementor-element elementor-element-adee762 e-con-full e-flex e-con e-child\" data-id=\"adee762\" data-element_type=\"container\" data-e-type=\"container\">\n\t\t\t\t<div class=\"elementor-element elementor-element-e881813 elementor-widget elementor-widget-image\" data-id=\"e881813\" data-element_type=\"widget\" data-e-type=\"widget\" data-widget_type=\"image.default\">\n\t\t\t\t\t\t\t\t\t\t\t\t<figure class=\"wp-caption\">\n\t\t\t\t\t\t\t\t\t\t<img loading=\"lazy\" decoding=\"async\" width=\"300\" height=\"105\" src=\"https:\/\/divcsh.izt.uam.mx\/depto_filosofia\/wp-content\/uploads\/2025\/01\/logo.svg\" class=\"attachment-medium size-medium wp-image-3240\" alt=\"\" \/>\t\t\t\t\t\t\t\t\t\t\t<figcaption class=\"widget-image-caption wp-caption-text\">Direcci\u00f3n de Apoyo a la Investigaci\u00f3n (DAI)<\/figcaption>\n\t\t\t\t\t\t\t\t\t\t<\/figure>\n\t\t\t\t\t\t\t\t\t<\/div>\n\t\t\t\t<\/div>\n\t\t<div class=\"elementor-element elementor-element-461dba0 e-con-full e-flex e-con e-child\" data-id=\"461dba0\" data-element_type=\"container\" data-e-type=\"container\">\n\t\t\t\t<div class=\"elementor-element elementor-element-49f325c elementor-widget elementor-widget-image\" data-id=\"49f325c\" data-element_type=\"widget\" data-e-type=\"widget\" data-widget_type=\"image.default\">\n\t\t\t\t\t\t\t\t\t\t\t\t<figure class=\"wp-caption\">\n\t\t\t\t\t\t\t\t\t\t<img loading=\"lazy\" decoding=\"async\" width=\"133\" height=\"178\" src=\"https:\/\/divcsh.izt.uam.mx\/depto_filosofia\/wp-content\/uploads\/2025\/01\/celex-1.png\" class=\"attachment-large size-large wp-image-3241\" alt=\"\" \/>\t\t\t\t\t\t\t\t\t\t\t<figcaption class=\"widget-image-caption wp-caption-text\">Ceman\u00e1huac<\/figcaption>\n\t\t\t\t\t\t\t\t\t\t<\/figure>\n\t\t\t\t\t\t\t\t\t<\/div>\n\t\t\t\t<\/div>\n\t\t<div class=\"elementor-element elementor-element-f9c311e e-con-full e-flex e-con e-child\" data-id=\"f9c311e\" data-element_type=\"container\" data-e-type=\"container\">\n\t\t\t\t<div class=\"elementor-element elementor-element-02ba4f6 elementor-align-center elementor-widget elementor-widget-button\" data-id=\"02ba4f6\" data-element_type=\"widget\" data-e-type=\"widget\" data-widget_type=\"button.default\">\n\t\t\t\t\t\t\t\t\t\t<a class=\"elementor-button elementor-button-link elementor-size-sm\" href=\"https:\/\/www.izt.uam.mx\/index.php\/consejo-academico\/\">\n\t\t\t\t\t\t<span class=\"elementor-button-content-wrapper\">\n\t\t\t\t\t\t\t\t\t<span class=\"elementor-button-text\">Leer m\u00e1s<\/span>\n\t\t\t\t\t<\/span>\n\t\t\t\t\t<\/a>\n\t\t\t\t\t\t\t\t<\/div>\n\t\t\t\t<\/div>\n\t\t<div class=\"elementor-element elementor-element-69d88d2 e-con-full e-flex e-con e-child\" data-id=\"69d88d2\" data-element_type=\"container\" data-e-type=\"container\">\n\t\t\t\t<div class=\"elementor-element elementor-element-9f3011e elementor-align-center elementor-widget elementor-widget-button\" data-id=\"9f3011e\" data-element_type=\"widget\" data-e-type=\"widget\" data-widget_type=\"button.default\">\n\t\t\t\t\t\t\t\t\t\t<a class=\"elementor-button elementor-button-link elementor-size-sm\" href=\"https:\/\/investigacion.uam.mx\/index.php\/dai\">\n\t\t\t\t\t\t<span class=\"elementor-button-content-wrapper\">\n\t\t\t\t\t\t\t\t\t<span class=\"elementor-button-text\">Leer m\u00e1s<\/span>\n\t\t\t\t\t<\/span>\n\t\t\t\t\t<\/a>\n\t\t\t\t\t\t\t\t<\/div>\n\t\t\t\t<\/div>\n\t\t<div class=\"elementor-element elementor-element-e5834a2 e-con-full e-flex e-con e-child\" data-id=\"e5834a2\" data-element_type=\"container\" data-e-type=\"container\">\n\t\t\t\t<div class=\"elementor-element elementor-element-f947174 elementor-align-center elementor-widget elementor-widget-button\" data-id=\"f947174\" data-element_type=\"widget\" data-e-type=\"widget\" data-widget_type=\"button.default\">\n\t\t\t\t\t\t\t\t\t\t<a class=\"elementor-button elementor-button-link elementor-size-sm\" href=\"https:\/\/ceu2.izt.uam.mx\/index.php\/secciones\/difusion\/cemanahuac\/\">\n\t\t\t\t\t\t<span class=\"elementor-button-content-wrapper\">\n\t\t\t\t\t\t\t\t\t<span class=\"elementor-button-text\">Leer m\u00e1s<\/span>\n\t\t\t\t\t<\/span>\n\t\t\t\t\t<\/a>\n\t\t\t\t\t\t\t\t<\/div>\n\t\t\t\t<\/div>\n\t\t\t\t\t<\/div>\n\t\t\t\t<\/div>\n\t\t<div class=\"elementor-element elementor-element-dbbda22 e-flex e-con-boxed e-con e-parent\" data-id=\"dbbda22\" data-element_type=\"container\" data-e-type=\"container\">\n\t\t\t\t\t<div class=\"e-con-inner\">\n\t\t<div class=\"elementor-element elementor-element-40a8e31 e-con-full e-flex e-con e-child\" data-id=\"40a8e31\" data-element_type=\"container\" data-e-type=\"container\">\n\t\t\t\t<div class=\"elementor-element elementor-element-e997c51 elementor-widget elementor-widget-image\" data-id=\"e997c51\" data-element_type=\"widget\" data-e-type=\"widget\" data-widget_type=\"image.default\">\n\t\t\t\t\t\t\t\t\t\t\t\t<figure class=\"wp-caption\">\n\t\t\t\t\t\t\t\t\t\t<img loading=\"lazy\" decoding=\"async\" width=\"133\" height=\"178\" src=\"https:\/\/divcsh.izt.uam.mx\/depto_filosofia\/wp-content\/uploads\/2025\/01\/celex-1.png\" class=\"attachment-medium size-medium wp-image-3241\" alt=\"\" \/>\t\t\t\t\t\t\t\t\t\t\t<figcaption class=\"widget-image-caption wp-caption-text\">Biblioteca UAMI<\/figcaption>\n\t\t\t\t\t\t\t\t\t\t<\/figure>\n\t\t\t\t\t\t\t\t\t<\/div>\n\t\t\t\t<\/div>\n\t\t<div class=\"elementor-element elementor-element-c56f36b e-con-full e-flex e-con e-child\" data-id=\"c56f36b\" data-element_type=\"container\" data-e-type=\"container\">\n\t\t\t\t<div class=\"elementor-element elementor-element-29da73b elementor-widget elementor-widget-image\" data-id=\"29da73b\" data-element_type=\"widget\" data-e-type=\"widget\" data-widget_type=\"image.default\">\n\t\t\t\t\t\t\t\t\t\t\t\t<figure class=\"wp-caption\">\n\t\t\t\t\t\t\t\t\t\t<img loading=\"lazy\" decoding=\"async\" width=\"75\" height=\"49\" src=\"https:\/\/divcsh.izt.uam.mx\/depto_filosofia\/wp-content\/uploads\/2025\/01\/bidi.jpg\" class=\"attachment-large size-large wp-image-3242\" alt=\"\" \/>\t\t\t\t\t\t\t\t\t\t\t<figcaption class=\"widget-image-caption wp-caption-text\">BiDiUAM<\/figcaption>\n\t\t\t\t\t\t\t\t\t\t<\/figure>\n\t\t\t\t\t\t\t\t\t<\/div>\n\t\t\t\t<\/div>\n\t\t<div class=\"elementor-element elementor-element-00dcd50 e-con-full e-flex e-con e-child\" data-id=\"00dcd50\" data-element_type=\"container\" data-e-type=\"container\">\n\t\t\t\t<div class=\"elementor-element elementor-element-fd554c2 elementor-align-center elementor-widget elementor-widget-button\" data-id=\"fd554c2\" data-element_type=\"widget\" data-e-type=\"widget\" data-widget_type=\"button.default\">\n\t\t\t\t\t\t\t\t\t\t<a class=\"elementor-button elementor-button-link elementor-size-sm\" href=\"http:\/\/amoxcalli.izt.uam.mx\/\">\n\t\t\t\t\t\t<span class=\"elementor-button-content-wrapper\">\n\t\t\t\t\t\t\t\t\t<span class=\"elementor-button-text\">Leer m\u00e1s<\/span>\n\t\t\t\t\t<\/span>\n\t\t\t\t\t<\/a>\n\t\t\t\t\t\t\t\t<\/div>\n\t\t\t\t<\/div>\n\t\t<div class=\"elementor-element elementor-element-f5c6386 e-con-full e-flex e-con e-child\" data-id=\"f5c6386\" data-element_type=\"container\" data-e-type=\"container\">\n\t\t\t\t<div class=\"elementor-element elementor-element-49a134f elementor-align-center elementor-widget elementor-widget-button\" data-id=\"49a134f\" data-element_type=\"widget\" data-e-type=\"widget\" data-widget_type=\"button.default\">\n\t\t\t\t\t\t\t\t\t\t<a class=\"elementor-button elementor-button-link elementor-size-sm\" href=\"https:\/\/bidi.uam.mx\/agenda.php?r=1&#038;Ancho=1440\">\n\t\t\t\t\t\t<span class=\"elementor-button-content-wrapper\">\n\t\t\t\t\t\t\t\t\t<span class=\"elementor-button-text\">Leer m\u00e1s<\/span>\n\t\t\t\t\t<\/span>\n\t\t\t\t\t<\/a>\n\t\t\t\t\t\t\t\t<\/div>\n\t\t\t\t<\/div>\n\t\t\t\t\t<\/div>\n\t\t\t\t<\/div>\n\t\t\t\t<\/div>\n\t\t","protected":false},"excerpt":{"rendered":"<p>Sistema Integral de Informaci\u00f3n Planeaci\u00f3n de la Unidad Iztapalapa Sistema Divisional de Informaci\u00f3n y Planeaci\u00f3n Calendario UAM Leer m\u00e1s Leer m\u00e1s Leer m\u00e1s Consejo Acad\u00e9mico Direcci\u00f3n de Apoyo a la Investigaci\u00f3n (DAI) Ceman\u00e1huac Leer m\u00e1s Leer m\u00e1s Leer m\u00e1s Biblioteca UAMI BiDiUAM Leer m\u00e1s Leer m\u00e1s<\/p>\n","protected":false},"author":1,"featured_media":0,"parent":0,"menu_order":0,"comment_status":"closed","ping_status":"closed","template":"","meta":{"footnotes":""},"class_list":["post-2452","page","type-page","status-publish","hentry"],"blocksy_meta":[],"_links":{"self":[{"href":"https:\/\/divcsh.izt.uam.mx\/depto_filosofia\/index.php\/wp-json\/wp\/v2\/pages\/2452","targetHints":{"allow":["GET"]}}],"collection":[{"href":"https:\/\/divcsh.izt.uam.mx\/depto_filosofia\/index.php\/wp-json\/wp\/v2\/pages"}],"about":[{"href":"https:\/\/divcsh.izt.uam.mx\/depto_filosofia\/index.php\/wp-json\/wp\/v2\/types\/page"}],"author":[{"embeddable":true,"href":"https:\/\/divcsh.izt.uam.mx\/depto_filosofia\/index.php\/wp-json\/wp\/v2\/users\/1"}],"replies":[{"embeddable":true,"href":"https:\/\/divcsh.izt.uam.mx\/depto_filosofia\/index.php\/wp-json\/wp\/v2\/comments?post=2452"}],"version-history":[{"count":0,"href":"https:\/\/divcsh.izt.uam.mx\/depto_filosofia\/index.php\/wp-json\/wp\/v2\/pages\/2452\/revisions"}],"wp:attachment":[{"href":"https:\/\/divcsh.izt.uam.mx\/depto_filosofia\/index.php\/wp-json\/wp\/v2\/media?parent=2452"}],"curies":[{"name":"wp","href":"https:\/\/api.w.org\/{rel}","templated":true}]}}