{"id":2551,"date":"2025-01-10T21:58:25","date_gmt":"2025-01-10T20:58:25","guid":{"rendered":"https:\/\/divcsh.izt.uam.mx\/depto_filosofia\/?page_id=2551"},"modified":"2025-01-23T19:07:41","modified_gmt":"2025-01-23T18:07:41","slug":"linea-de-linguistica","status":"publish","type":"page","link":"https:\/\/divcsh.izt.uam.mx\/depto_filosofia\/index.php\/linea-de-linguistica\/","title":{"rendered":"L\u00ednea de Ling\u00fc\u00edstica"},"content":{"rendered":"\t\t<div data-elementor-type=\"wp-page\" data-elementor-id=\"2551\" class=\"elementor elementor-2551\" data-elementor-post-type=\"page\">\n\t\t\t\t<div class=\"elementor-element elementor-element-f747edb e-con-full e-flex e-con e-parent\" data-id=\"f747edb\" data-element_type=\"container\" data-e-type=\"container\">\n\t\t\t\t<div class=\"elementor-element elementor-element-090d8e9 elementor-widget elementor-widget-image\" data-id=\"090d8e9\" data-element_type=\"widget\" data-e-type=\"widget\" data-widget_type=\"image.default\">\n\t\t\t\t\t\t\t\t\t\t\t\t\t\t\t<img fetchpriority=\"high\" decoding=\"async\" width=\"2880\" height=\"624\" src=\"https:\/\/divcsh.izt.uam.mx\/depto_filosofia\/wp-content\/uploads\/2025\/01\/5_Linea_de_Linguistica.png\" class=\"attachment-full size-full wp-image-3025\" alt=\"\" srcset=\"https:\/\/divcsh.izt.uam.mx\/depto_filosofia\/wp-content\/uploads\/2025\/01\/5_Linea_de_Linguistica.png 2880w, https:\/\/divcsh.izt.uam.mx\/depto_filosofia\/wp-content\/uploads\/2025\/01\/5_Linea_de_Linguistica-300x65.png 300w, https:\/\/divcsh.izt.uam.mx\/depto_filosofia\/wp-content\/uploads\/2025\/01\/5_Linea_de_Linguistica-1024x222.png 1024w, https:\/\/divcsh.izt.uam.mx\/depto_filosofia\/wp-content\/uploads\/2025\/01\/5_Linea_de_Linguistica-768x166.png 768w, https:\/\/divcsh.izt.uam.mx\/depto_filosofia\/wp-content\/uploads\/2025\/01\/5_Linea_de_Linguistica-1536x333.png 1536w, https:\/\/divcsh.izt.uam.mx\/depto_filosofia\/wp-content\/uploads\/2025\/01\/5_Linea_de_Linguistica-2048x444.png 2048w\" sizes=\"(max-width: 2880px) 100vw, 2880px\" \/>\t\t\t\t\t\t\t\t\t\t\t\t\t\t\t<\/div>\n\t\t\t\t<\/div>\n\t\t<div class=\"elementor-element elementor-element-af96122 e-flex e-con-boxed e-con e-parent\" data-id=\"af96122\" data-element_type=\"container\" data-e-type=\"container\">\n\t\t\t\t\t<div class=\"e-con-inner\">\n\t\t<div class=\"elementor-element elementor-element-ea0bc55 e-con-full e-flex e-con e-child\" data-id=\"ea0bc55\" data-element_type=\"container\" data-e-type=\"container\">\n\t\t\t\t<div class=\"elementor-element elementor-element-df5a5c4 elementor-widget elementor-widget-text-editor\" data-id=\"df5a5c4\" data-element_type=\"widget\" data-e-type=\"widget\" data-widget_type=\"text-editor.default\">\n\t\t\t\t\t\t\t\t\t<center><\/center><h3 style=\"text-align: center;\"><strong><span style=\"color: #008000;\">Coordinadora<\/span><\/strong><\/h3><h4 style=\"text-align: center;\">Dra. Ma. del Refugio P\u00e9rez Paredes<\/h4><h4 style=\"text-align: center;\"><i class=\"fa fa-envelope me-3\"><\/i><a href=\"mailto:kukiper@yahoo.com\" target=\"_blank\" rel=\"noopener\">kukiper@yahoo.com<\/a><\/h4><h4 style=\"text-align: center;\"><i class=\"fa fa-phone-alt me-3\"><\/i>5804-4600 Ext. 2655<\/h4>\t\t\t\t\t\t\t\t<\/div>\n\t\t\t\t<\/div>\n\t\t<div class=\"elementor-element elementor-element-43903e0 e-con-full e-flex e-con e-child\" data-id=\"43903e0\" data-element_type=\"container\" data-e-type=\"container\">\n\t\t\t\t<div class=\"elementor-element elementor-element-20b6ab5 elementor-widget elementor-widget-text-editor\" data-id=\"20b6ab5\" data-element_type=\"widget\" data-e-type=\"widget\" data-widget_type=\"text-editor.default\">\n\t\t\t\t\t\t\t\t\t<center><\/center><h3 style=\"text-align: center;\"><span style=\"color: #008000;\"><strong>Asistente\u00a0<\/strong><\/span><\/h3><h4 style=\"text-align: center;\">Lic. Belinda Escobedo<\/h4><h4 style=\"text-align: center;\"><i class=\"fa fa-envelope me-3\"><\/i><a href=\"mailto:posgradolinguisticauami@gmail.com\" target=\"_blank\" rel=\"noopener\">posgradolinguisticauami@gmail.com<\/a><\/h4><h4 style=\"text-align: center;\"><i class=\"fa fa-building me-3\"><\/i>Cub\u00edculo: F-201<\/h4><h4 style=\"text-align: center;\"><i class=\"fa fa-phone-alt me-3\"><\/i>5804 4600 Ext. 4761<\/h4><h4 style=\"text-align: center;\">\u00a0<\/h4>\t\t\t\t\t\t\t\t<\/div>\n\t\t\t\t<\/div>\n\t\t\t\t\t<\/div>\n\t\t\t\t<\/div>\n\t\t<div class=\"elementor-element elementor-element-5fd2dde e-flex e-con-boxed e-con e-parent\" data-id=\"5fd2dde\" data-element_type=\"container\" data-e-type=\"container\">\n\t\t\t\t\t<div class=\"e-con-inner\">\n\t\t\t\t<div class=\"elementor-element elementor-element-baf373a elementor-widget elementor-widget-text-editor\" data-id=\"baf373a\" data-element_type=\"widget\" data-e-type=\"widget\" data-widget_type=\"text-editor.default\">\n\t\t\t\t\t\t\t\t\t<p>La Maestr\u00eda y el Doctorado en humanidades en la L\u00ednea de Ling\u00fc\u00edstica se propone formar ling\u00fcistas de alto nivel que puedan contribuir al desarrollo del conocimiento ling\u00fc\u00edstico y sean capaces de ofrecer soluciones a necesidades sociales del pa\u00eds, en temas tales como: ling\u00fc\u00edstica te\u00f3rica, adquisici\u00f3n del lenguaje, an\u00e1lisis del discurso, patolog\u00edas del lenguaje, estudio de las lenguas ind\u00edgenas mexicanas, ling\u00fc\u00edstica cognoscitiva, variacionismo y socioling\u00fc\u00edstica.<\/p>\t\t\t\t\t\t\t\t<\/div>\n\t\t\t\t\t<\/div>\n\t\t\t\t<\/div>\n\t\t<div class=\"elementor-element elementor-element-152bcbe e-flex e-con-boxed e-con e-parent\" data-id=\"152bcbe\" data-element_type=\"container\" data-e-type=\"container\">\n\t\t\t\t\t<div class=\"e-con-inner\">\n\t\t\t\t<div class=\"elementor-element elementor-element-beef7bc elementor-widget elementor-widget-button\" data-id=\"beef7bc\" data-element_type=\"widget\" data-e-type=\"widget\" data-widget_type=\"button.default\">\n\t\t\t\t\t\t\t\t\t\t<a class=\"elementor-button elementor-button-link elementor-size-sm\" href=\"https:\/\/dcsh.izt.uam.mx\/posgrado\/humanidades\/\">\n\t\t\t\t\t\t<span class=\"elementor-button-content-wrapper\">\n\t\t\t\t\t\t\t\t\t<span class=\"elementor-button-text\">Acceso a la p\u00e1gina del posgrado<\/span>\n\t\t\t\t\t<\/span>\n\t\t\t\t\t<\/a>\n\t\t\t\t\t\t\t\t<\/div>\n\t\t\t\t\t<\/div>\n\t\t\t\t<\/div>\n\t\t<div class=\"elementor-element elementor-element-cf8023c e-flex e-con-boxed e-con e-parent\" data-id=\"cf8023c\" data-element_type=\"container\" data-e-type=\"container\">\n\t\t\t\t\t<div class=\"e-con-inner\">\n\t\t<div class=\"elementor-element elementor-element-5f000c5 e-con-full e-flex e-con e-child\" data-id=\"5f000c5\" data-element_type=\"container\" data-e-type=\"container\">\n\t\t\t\t<div class=\"elementor-element elementor-element-eee6271 elementor-widget elementor-widget-video\" data-id=\"eee6271\" data-element_type=\"widget\" data-e-type=\"widget\" data-settings=\"{&quot;youtube_url&quot;:&quot;https:\\\/\\\/www.youtube.com\\\/watch?v=kyuTuy8tJC4&quot;,&quot;video_type&quot;:&quot;youtube&quot;,&quot;controls&quot;:&quot;yes&quot;}\" data-widget_type=\"video.default\">\n\t\t\t\t\t\t\t<div class=\"elementor-wrapper elementor-open-inline\">\n\t\t\t<div class=\"elementor-video\"><\/div>\t\t<\/div>\n\t\t\t\t\t\t<\/div>\n\t\t\t\t<\/div>\n\t\t<div class=\"elementor-element elementor-element-04d08d2 e-con-full e-flex e-con e-child\" data-id=\"04d08d2\" data-element_type=\"container\" data-e-type=\"container\">\n\t\t\t\t<div class=\"elementor-element elementor-element-714a68b elementor-widget elementor-widget-video\" data-id=\"714a68b\" data-element_type=\"widget\" data-e-type=\"widget\" data-settings=\"{&quot;youtube_url&quot;:&quot;https:\\\/\\\/www.youtube.com\\\/watch?v=h-ct0NEK3m8&quot;,&quot;video_type&quot;:&quot;youtube&quot;,&quot;controls&quot;:&quot;yes&quot;}\" data-widget_type=\"video.default\">\n\t\t\t\t\t\t\t<div class=\"elementor-wrapper elementor-open-inline\">\n\t\t\t<div class=\"elementor-video\"><\/div>\t\t<\/div>\n\t\t\t\t\t\t<\/div>\n\t\t\t\t<\/div>\n\t\t\t\t\t<\/div>\n\t\t\t\t<\/div>\n\t\t<div class=\"elementor-element elementor-element-a32bce6 e-flex e-con-boxed e-con e-parent\" data-id=\"a32bce6\" data-element_type=\"container\" data-e-type=\"container\">\n\t\t\t\t\t<div class=\"e-con-inner\">\n\t\t<div class=\"elementor-element elementor-element-31db685 e-con-full e-flex e-con e-child\" data-id=\"31db685\" data-element_type=\"container\" data-e-type=\"container\">\n\t\t\t\t<div class=\"elementor-element elementor-element-d307e2d elementor-widget elementor-widget-text-editor\" data-id=\"d307e2d\" data-element_type=\"widget\" data-e-type=\"widget\" data-widget_type=\"text-editor.default\">\n\t\t\t\t\t\t\t\t\t<h5 class=\"mb-4\">Video del posgrado<\/h5>\t\t\t\t\t\t\t\t<\/div>\n\t\t\t\t<\/div>\n\t\t<div class=\"elementor-element elementor-element-7d0dc7d e-con-full e-flex e-con e-child\" data-id=\"7d0dc7d\" data-element_type=\"container\" data-e-type=\"container\">\n\t\t\t\t<div class=\"elementor-element elementor-element-726a9ea elementor-widget elementor-widget-text-editor\" data-id=\"726a9ea\" data-element_type=\"widget\" data-e-type=\"widget\" data-widget_type=\"text-editor.default\">\n\t\t\t\t\t\t\t\t\t<h5 class=\"mb-4\">Vid\u00e9o sous-titr\u00e9e<\/h5><h5 class=\"mb-4\">Cr\u00e9ditos: Mtra. Yazm\u00edn Luciana Salazar Plata.<\/h5>\t\t\t\t\t\t\t\t<\/div>\n\t\t\t\t<\/div>\n\t\t\t\t\t<\/div>\n\t\t\t\t<\/div>\n\t\t\t\t<\/div>\n\t\t","protected":false},"excerpt":{"rendered":"<p>Coordinadora Dra. Ma. del Refugio P\u00e9rez Paredes kukiper@yahoo.com 5804-4600 Ext. 2655 Asistente\u00a0 Lic. Belinda Escobedo posgradolinguisticauami@gmail.com Cub\u00edculo: F-201 5804 4600 Ext. 4761 \u00a0 La Maestr\u00eda y el Doctorado en humanidades en la L\u00ednea de Ling\u00fc\u00edstica se propone formar ling\u00fcistas de alto nivel que puedan contribuir al desarrollo del conocimiento ling\u00fc\u00edstico y sean capaces de ofrecer [&hellip;]<\/p>\n","protected":false},"author":1,"featured_media":0,"parent":0,"menu_order":0,"comment_status":"closed","ping_status":"closed","template":"","meta":{"footnotes":""},"class_list":["post-2551","page","type-page","status-publish","hentry"],"blocksy_meta":[],"_links":{"self":[{"href":"https:\/\/divcsh.izt.uam.mx\/depto_filosofia\/index.php\/wp-json\/wp\/v2\/pages\/2551","targetHints":{"allow":["GET"]}}],"collection":[{"href":"https:\/\/divcsh.izt.uam.mx\/depto_filosofia\/index.php\/wp-json\/wp\/v2\/pages"}],"about":[{"href":"https:\/\/divcsh.izt.uam.mx\/depto_filosofia\/index.php\/wp-json\/wp\/v2\/types\/page"}],"author":[{"embeddable":true,"href":"https:\/\/divcsh.izt.uam.mx\/depto_filosofia\/index.php\/wp-json\/wp\/v2\/users\/1"}],"replies":[{"embeddable":true,"href":"https:\/\/divcsh.izt.uam.mx\/depto_filosofia\/index.php\/wp-json\/wp\/v2\/comments?post=2551"}],"version-history":[{"count":0,"href":"https:\/\/divcsh.izt.uam.mx\/depto_filosofia\/index.php\/wp-json\/wp\/v2\/pages\/2551\/revisions"}],"wp:attachment":[{"href":"https:\/\/divcsh.izt.uam.mx\/depto_filosofia\/index.php\/wp-json\/wp\/v2\/media?parent=2551"}],"curies":[{"name":"wp","href":"https:\/\/api.w.org\/{rel}","templated":true}]}}