{"id":3067,"date":"2025-01-17T06:57:26","date_gmt":"2025-01-17T05:57:26","guid":{"rendered":"https:\/\/divcsh.izt.uam.mx\/depto_filosofia\/?page_id=3067"},"modified":"2025-01-29T22:25:04","modified_gmt":"2025-01-29T21:25:04","slug":"servicio-social","status":"publish","type":"page","link":"https:\/\/divcsh.izt.uam.mx\/depto_filosofia\/index.php\/servicio-social\/","title":{"rendered":"Servicio Social"},"content":{"rendered":"\t\t<div data-elementor-type=\"wp-page\" data-elementor-id=\"3067\" class=\"elementor elementor-3067\" data-elementor-post-type=\"page\">\n\t\t\t\t<div class=\"elementor-element elementor-element-6fcd742 e-con-full e-flex e-con e-parent\" data-id=\"6fcd742\" data-element_type=\"container\" data-e-type=\"container\">\n\t\t\t\t<div class=\"elementor-element elementor-element-815ad1f elementor-widget elementor-widget-image\" data-id=\"815ad1f\" data-element_type=\"widget\" data-e-type=\"widget\" data-widget_type=\"image.default\">\n\t\t\t\t\t\t\t\t\t\t\t\t\t\t\t<img fetchpriority=\"high\" decoding=\"async\" width=\"1600\" height=\"346\" src=\"https:\/\/divcsh.izt.uam.mx\/depto_filosofia\/wp-content\/uploads\/2025\/01\/ss.jpg\" class=\"attachment-full size-full wp-image-3069\" alt=\"\" srcset=\"https:\/\/divcsh.izt.uam.mx\/depto_filosofia\/wp-content\/uploads\/2025\/01\/ss.jpg 1600w, https:\/\/divcsh.izt.uam.mx\/depto_filosofia\/wp-content\/uploads\/2025\/01\/ss-300x65.jpg 300w, https:\/\/divcsh.izt.uam.mx\/depto_filosofia\/wp-content\/uploads\/2025\/01\/ss-1024x221.jpg 1024w, https:\/\/divcsh.izt.uam.mx\/depto_filosofia\/wp-content\/uploads\/2025\/01\/ss-768x166.jpg 768w, https:\/\/divcsh.izt.uam.mx\/depto_filosofia\/wp-content\/uploads\/2025\/01\/ss-1536x332.jpg 1536w\" sizes=\"(max-width: 1600px) 100vw, 1600px\" \/>\t\t\t\t\t\t\t\t\t\t\t\t\t\t\t<\/div>\n\t\t\t\t<\/div>\n\t\t<div class=\"elementor-element elementor-element-a76efa1 e-flex e-con-boxed e-con e-parent\" data-id=\"a76efa1\" data-element_type=\"container\" data-e-type=\"container\">\n\t\t\t\t\t<div class=\"e-con-inner\">\n\t\t\t\t<div class=\"elementor-element elementor-element-8bde00e elementor-widget elementor-widget-heading\" data-id=\"8bde00e\" data-element_type=\"widget\" data-e-type=\"widget\" data-widget_type=\"heading.default\">\n\t\t\t\t\t<h2 class=\"elementor-heading-title elementor-size-default\">Realiza tu Servicio Social con nosotros en el:\n<\/h2>\t\t\t\t<\/div>\n\t\t\t\t\t<\/div>\n\t\t\t\t<\/div>\n\t\t<div class=\"elementor-element elementor-element-86e918a e-flex e-con-boxed e-con e-parent\" data-id=\"86e918a\" data-element_type=\"container\" data-e-type=\"container\">\n\t\t\t\t\t<div class=\"e-con-inner\">\n\t\t\t\t<div class=\"elementor-element elementor-element-626fcca elementor-widget elementor-widget-text-editor\" data-id=\"626fcca\" data-element_type=\"widget\" data-e-type=\"widget\" data-widget_type=\"text-editor.default\">\n\t\t\t\t\t\t\t\t\t<h4>Programa Integral de Fortalecimiento Institucional en Apoyo a las \u00c1reas del Departamento de Filosof\u00eda<\/h4>\t\t\t\t\t\t\t\t<\/div>\n\t\t\t\t\t<\/div>\n\t\t\t\t<\/div>\n\t\t<div class=\"elementor-element elementor-element-a75e4ae e-flex e-con-boxed e-con e-parent\" data-id=\"a75e4ae\" data-element_type=\"container\" data-e-type=\"container\">\n\t\t\t\t\t<div class=\"e-con-inner\">\n\t\t\t\t<div class=\"elementor-element elementor-element-d041986 elementor-widget elementor-widget-text-editor\" data-id=\"d041986\" data-element_type=\"widget\" data-e-type=\"widget\" data-widget_type=\"text-editor.default\">\n\t\t\t\t\t\t\t\t\t<div class=\"col-lg-12 col-md-6 wow fadeInUp\" data-wow-delay=\"0.1s\"><div class=\"service-item position-relative h-100\"><h4><strong>Licenciaturas participantes:<\/strong><\/h4><\/div><\/div><div class=\"col-lg-4 col-md-6 wow fadeInUp\" data-wow-delay=\"0.1s\">\u00a0<\/div>\t\t\t\t\t\t\t\t<\/div>\n\t\t\t\t\t<\/div>\n\t\t\t\t<\/div>\n\t\t<div class=\"elementor-element elementor-element-71b3dfc e-flex e-con-boxed e-con e-parent\" data-id=\"71b3dfc\" data-element_type=\"container\" data-e-type=\"container\">\n\t\t\t\t\t<div class=\"e-con-inner\">\n\t\t<div class=\"elementor-element elementor-element-a9f9d01 e-con-full e-flex e-con e-child\" data-id=\"a9f9d01\" data-element_type=\"container\" data-e-type=\"container\">\n\t\t\t\t<div class=\"elementor-element elementor-element-5bf2680 elementor-widget elementor-widget-image\" data-id=\"5bf2680\" data-element_type=\"widget\" data-e-type=\"widget\" data-widget_type=\"image.default\">\n\t\t\t\t\t\t\t\t\t\t\t\t\t\t\t<img decoding=\"async\" width=\"178\" height=\"83\" src=\"https:\/\/divcsh.izt.uam.mx\/depto_filosofia\/wp-content\/uploads\/2025\/01\/filosofia.png\" class=\"attachment-large size-large wp-image-3073\" alt=\"\" \/>\t\t\t\t\t\t\t\t\t\t\t\t\t\t\t<\/div>\n\t\t\t\t<\/div>\n\t\t<div class=\"elementor-element elementor-element-5561171 e-con-full e-flex e-con e-child\" data-id=\"5561171\" data-element_type=\"container\" data-e-type=\"container\">\n\t\t\t\t<div class=\"elementor-element elementor-element-676076f elementor-widget elementor-widget-image\" data-id=\"676076f\" data-element_type=\"widget\" data-e-type=\"widget\" data-widget_type=\"image.default\">\n\t\t\t\t\t\t\t\t\t\t\t\t\t\t\t<img decoding=\"async\" width=\"214\" height=\"92\" src=\"https:\/\/divcsh.izt.uam.mx\/depto_filosofia\/wp-content\/uploads\/2025\/01\/geografia_humana.png\" class=\"attachment-large size-large wp-image-3074\" alt=\"\" \/>\t\t\t\t\t\t\t\t\t\t\t\t\t\t\t<\/div>\n\t\t\t\t<\/div>\n\t\t<div class=\"elementor-element elementor-element-85ac3cf e-con-full e-flex e-con e-child\" data-id=\"85ac3cf\" data-element_type=\"container\" data-e-type=\"container\">\n\t\t\t\t<div class=\"elementor-element elementor-element-459ca6c elementor-widget elementor-widget-image\" data-id=\"459ca6c\" data-element_type=\"widget\" data-e-type=\"widget\" data-widget_type=\"image.default\">\n\t\t\t\t\t\t\t\t\t\t\t\t\t\t\t<img loading=\"lazy\" decoding=\"async\" width=\"277\" height=\"82\" src=\"https:\/\/divcsh.izt.uam.mx\/depto_filosofia\/wp-content\/uploads\/2025\/01\/antropologia.png\" class=\"attachment-large size-large wp-image-3075\" alt=\"\" \/>\t\t\t\t\t\t\t\t\t\t\t\t\t\t\t<\/div>\n\t\t\t\t<\/div>\n\t\t<div class=\"elementor-element elementor-element-83f7dea e-con-full e-flex e-con e-child\" data-id=\"83f7dea\" data-element_type=\"container\" data-e-type=\"container\">\n\t\t\t\t<div class=\"elementor-element elementor-element-cb32708 elementor-widget elementor-widget-image\" data-id=\"cb32708\" data-element_type=\"widget\" data-e-type=\"widget\" data-widget_type=\"image.default\">\n\t\t\t\t\t\t\t\t\t\t\t\t\t\t\t<img loading=\"lazy\" decoding=\"async\" width=\"224\" height=\"98\" src=\"https:\/\/divcsh.izt.uam.mx\/depto_filosofia\/wp-content\/uploads\/2025\/01\/letras_hispanicas.png\" class=\"attachment-large size-large wp-image-3076\" alt=\"\" \/>\t\t\t\t\t\t\t\t\t\t\t\t\t\t\t<\/div>\n\t\t\t\t<\/div>\n\t\t<div class=\"elementor-element elementor-element-36cf146 e-con-full e-flex e-con e-child\" data-id=\"36cf146\" data-element_type=\"container\" data-e-type=\"container\">\n\t\t\t\t<div class=\"elementor-element elementor-element-0e1aa3e elementor-widget elementor-widget-image\" data-id=\"0e1aa3e\" data-element_type=\"widget\" data-e-type=\"widget\" data-widget_type=\"image.default\">\n\t\t\t\t\t\t\t\t\t\t\t\t\t\t\t<img loading=\"lazy\" decoding=\"async\" width=\"211\" height=\"81\" src=\"https:\/\/divcsh.izt.uam.mx\/depto_filosofia\/wp-content\/uploads\/2025\/01\/historia.png\" class=\"attachment-large size-large wp-image-3077\" alt=\"\" \/>\t\t\t\t\t\t\t\t\t\t\t\t\t\t\t<\/div>\n\t\t\t\t<\/div>\n\t\t<div class=\"elementor-element elementor-element-14420f4 e-con-full e-flex e-con e-child\" data-id=\"14420f4\" data-element_type=\"container\" data-e-type=\"container\">\n\t\t\t\t<div class=\"elementor-element elementor-element-6483bd4 elementor-widget elementor-widget-image\" data-id=\"6483bd4\" data-element_type=\"widget\" data-e-type=\"widget\" data-widget_type=\"image.default\">\n\t\t\t\t\t\t\t\t\t\t\t\t\t\t\t<img loading=\"lazy\" decoding=\"async\" width=\"291\" height=\"81\" src=\"https:\/\/divcsh.izt.uam.mx\/depto_filosofia\/wp-content\/uploads\/2025\/01\/linguistica.png\" class=\"attachment-large size-large wp-image-3078\" alt=\"\" \/>\t\t\t\t\t\t\t\t\t\t\t\t\t\t\t<\/div>\n\t\t\t\t<\/div>\n\t\t\t\t\t<\/div>\n\t\t\t\t<\/div>\n\t\t<div class=\"elementor-element elementor-element-6c87e69 e-flex e-con-boxed e-con e-parent\" data-id=\"6c87e69\" data-element_type=\"container\" data-e-type=\"container\">\n\t\t\t\t\t<div class=\"e-con-inner\">\n\t\t<div class=\"elementor-element elementor-element-d34d692 e-con-full e-flex e-con e-child\" data-id=\"d34d692\" data-element_type=\"container\" data-e-type=\"container\">\n\t\t\t\t<div class=\"elementor-element elementor-element-9de710d elementor-align-center elementor-widget elementor-widget-button\" data-id=\"9de710d\" data-element_type=\"widget\" data-e-type=\"widget\" data-widget_type=\"button.default\">\n\t\t\t\t\t\t\t\t\t\t<a class=\"elementor-button elementor-button-link elementor-size-sm\" href=\"http:\/\/csh.izt.uam.mx\/sistemadivisional\/SDIP\/Archivos\/SESO\/Formatos\/526_CARPETA_ENERO_2025.pdf\">\n\t\t\t\t\t\t<span class=\"elementor-button-content-wrapper\">\n\t\t\t\t\t\t\t\t\t<span class=\"elementor-button-text\">Consulta los proyectos en los que puedes participar<\/span>\n\t\t\t\t\t<\/span>\n\t\t\t\t\t<\/a>\n\t\t\t\t\t\t\t\t<\/div>\n\t\t\t\t<\/div>\n\t\t<div class=\"elementor-element elementor-element-5adfadc e-con-full e-flex e-con e-child\" data-id=\"5adfadc\" data-element_type=\"container\" data-e-type=\"container\">\n\t\t\t\t<div class=\"elementor-element elementor-element-6dab9f6 elementor-align-center elementor-widget elementor-widget-button\" data-id=\"6dab9f6\" data-element_type=\"widget\" data-e-type=\"widget\" data-widget_type=\"button.default\">\n\t\t\t\t\t\t\t\t\t\t<a class=\"elementor-button elementor-button-link elementor-size-sm\" href=\"https:\/\/forms.gle\/hweMaYReV14tLG3p6\">\n\t\t\t\t\t\t<span class=\"elementor-button-content-wrapper\">\n\t\t\t\t\t\t\t\t\t<span class=\"elementor-button-text\">Reg\u00edstrate aqu\u00ed<\/span>\n\t\t\t\t\t<\/span>\n\t\t\t\t\t<\/a>\n\t\t\t\t\t\t\t\t<\/div>\n\t\t\t\t<\/div>\n\t\t<div class=\"elementor-element elementor-element-a20d7c5 e-con-full e-flex e-con e-child\" data-id=\"a20d7c5\" data-element_type=\"container\" data-e-type=\"container\">\n\t\t\t\t<div class=\"elementor-element elementor-element-8eafb7d elementor-align-center elementor-widget elementor-widget-button\" data-id=\"8eafb7d\" data-element_type=\"widget\" data-e-type=\"widget\" data-widget_type=\"button.default\">\n\t\t\t\t\t\t\t\t\t\t<a class=\"elementor-button elementor-button-link elementor-size-sm\" href=\"https:\/\/divcsh.izt.uam.mx\/dcsh\/index.php\/servicio-social\/\">\n\t\t\t\t\t\t<span class=\"elementor-button-content-wrapper\">\n\t\t\t\t\t\t\t\t\t<span class=\"elementor-button-text\">Conoce m\u00e1s sobre los programas de Servicio Social de la DCSH<\/span>\n\t\t\t\t\t<\/span>\n\t\t\t\t\t<\/a>\n\t\t\t\t\t\t\t\t<\/div>\n\t\t\t\t<\/div>\n\t\t\t\t\t<\/div>\n\t\t\t\t<\/div>\n\t\t\t\t<\/div>\n\t\t","protected":false},"excerpt":{"rendered":"<p>Realiza tu Servicio Social con nosotros en el: Programa Integral de Fortalecimiento Institucional en Apoyo a las \u00c1reas del Departamento de Filosof\u00eda Licenciaturas participantes: \u00a0 Consulta los proyectos en los que puedes participar Reg\u00edstrate aqu\u00ed Conoce m\u00e1s sobre los programas de Servicio Social de la DCSH<\/p>\n","protected":false},"author":1,"featured_media":0,"parent":0,"menu_order":0,"comment_status":"closed","ping_status":"closed","template":"","meta":{"footnotes":""},"class_list":["post-3067","page","type-page","status-publish","hentry"],"blocksy_meta":[],"_links":{"self":[{"href":"https:\/\/divcsh.izt.uam.mx\/depto_filosofia\/index.php\/wp-json\/wp\/v2\/pages\/3067","targetHints":{"allow":["GET"]}}],"collection":[{"href":"https:\/\/divcsh.izt.uam.mx\/depto_filosofia\/index.php\/wp-json\/wp\/v2\/pages"}],"about":[{"href":"https:\/\/divcsh.izt.uam.mx\/depto_filosofia\/index.php\/wp-json\/wp\/v2\/types\/page"}],"author":[{"embeddable":true,"href":"https:\/\/divcsh.izt.uam.mx\/depto_filosofia\/index.php\/wp-json\/wp\/v2\/users\/1"}],"replies":[{"embeddable":true,"href":"https:\/\/divcsh.izt.uam.mx\/depto_filosofia\/index.php\/wp-json\/wp\/v2\/comments?post=3067"}],"version-history":[{"count":0,"href":"https:\/\/divcsh.izt.uam.mx\/depto_filosofia\/index.php\/wp-json\/wp\/v2\/pages\/3067\/revisions"}],"wp:attachment":[{"href":"https:\/\/divcsh.izt.uam.mx\/depto_filosofia\/index.php\/wp-json\/wp\/v2\/media?parent=3067"}],"curies":[{"name":"wp","href":"https:\/\/api.w.org\/{rel}","templated":true}]}}