{"id":3105,"date":"2025-01-17T17:28:55","date_gmt":"2025-01-17T16:28:55","guid":{"rendered":"https:\/\/divcsh.izt.uam.mx\/depto_filosofia\/?page_id=3105"},"modified":"2025-01-17T19:07:47","modified_gmt":"2025-01-17T18:07:47","slug":"semblanza-mart","status":"publish","type":"page","link":"https:\/\/divcsh.izt.uam.mx\/depto_filosofia\/index.php\/semblanza-mart\/","title":{"rendered":"Semblanza Mart"},"content":{"rendered":"\t\t<div data-elementor-type=\"wp-page\" data-elementor-id=\"3105\" class=\"elementor elementor-3105\" data-elementor-post-type=\"page\">\n\t\t\t\t<div class=\"elementor-element elementor-element-df6e6c0 e-flex e-con-boxed e-con e-parent\" data-id=\"df6e6c0\" data-element_type=\"container\" data-e-type=\"container\">\n\t\t\t\t\t<div class=\"e-con-inner\">\n\t\t\t\t<div class=\"elementor-element elementor-element-06cc59f elementor-widget elementor-widget-heading\" data-id=\"06cc59f\" data-element_type=\"widget\" data-e-type=\"widget\" data-widget_type=\"heading.default\">\n\t\t\t\t\t<h1 class=\"elementor-heading-title elementor-size-default\">Semblanza<\/h1>\t\t\t\t<\/div>\n\t\t\t\t\t<\/div>\n\t\t\t\t<\/div>\n\t\t<div class=\"elementor-element elementor-element-9de35a1 e-flex e-con-boxed e-con e-parent\" data-id=\"9de35a1\" data-element_type=\"container\" data-e-type=\"container\">\n\t\t\t\t\t<div class=\"e-con-inner\">\n\t\t<div class=\"elementor-element elementor-element-4c64a08 e-con-full e-flex e-con e-child\" data-id=\"4c64a08\" data-element_type=\"container\" data-e-type=\"container\">\n\t\t\t\t<div class=\"elementor-element elementor-element-ac2868f elementor-widget__width-initial elementor-widget elementor-widget-text-editor\" data-id=\"ac2868f\" data-element_type=\"widget\" data-e-type=\"widget\" data-widget_type=\"text-editor.default\">\n\t\t\t\t\t\t\t\t\t<h3><a class=\"nav-link js-scroll-trigger\"><span>Martha Ortega Soto<\/span><\/a><\/h3>\t\t\t\t\t\t\t\t<\/div>\n\t\t\t\t<\/div>\n\t\t<div class=\"elementor-element elementor-element-3dc3a3d e-con-full e-flex e-con e-child\" data-id=\"3dc3a3d\" data-element_type=\"container\" data-e-type=\"container\">\n\t\t\t\t<div class=\"elementor-element elementor-element-20fd03b elementor-widget elementor-widget-text-editor\" data-id=\"20fd03b\" data-element_type=\"widget\" data-e-type=\"widget\" data-widget_type=\"text-editor.default\">\n\t\t\t\t\t\t\t\t\t<p>La Doctora Martha Ortega Soto se form\u00f3 como historiadora en el Colegio de Historia de la Facultad de Filosof\u00eda y Letras. En la Divisi\u00f3n de Estudios de Posgrado de la misma Facultad, obtuvo el grado de Maestr\u00eda en Historia de M\u00e9xico. Es Doctora en Humanidades L\u00ednea de Historia por la Universidad Aut\u00f3noma Metropolitana, Unidad Iztapalapa. Actualmente es profesora-investigadora de tiempo completo en la Universidad Aut\u00f3noma Metropolitana Unidad Iztapalapa y forma parte del \u00c1rea de Historia del Estado y la Sociedad y del Cuerpo Acad\u00e9mico de Historia Mundial.<\/p><p style=\"text-align: left;\">Desde que se inici\u00f3 en la investigaci\u00f3n hist\u00f3rica se ha interesado por estudiar problemas de colonizaci\u00f3n y de la formaci\u00f3n de los imperios europeos de la \u00e9poca moderna. Ha estudiado particularmente la colonizaci\u00f3n de Siberia, Am\u00e9rica Rusa y de Alta California. Tambi\u00e9n se ha investigado la historia de la formaci\u00f3n del norte del Pac\u00edfico como un espacio regional en la segunda mitad del siglo XVIII y en el siglo XIX. El inter\u00e9s por el estudio de los procesos de colonizaci\u00f3n ha apuntado su participaci\u00f3n con el \u00c1rea de Investigaci\u00f3n, de Historia e Historiograf\u00eda del Departamento de Humanidades de la UAM, Unidad Azcapotzalco. En este \u00e1mbito se ha desarrollado en la l\u00ednea de la Historiograf\u00eda Colonial. En 1997 fue miembro fundadora del Centro de Documentaci\u00f3n Hist\u00f3rica Mtro. Jan Patula Dobek, especializado en Historia Mundial. Desde noviembre de 2016 es la coordinadora del Centro.<\/p><p>Tambi\u00e9n cultiva la investigaci\u00f3n sobre la Historia de la Ciencia, en particular la historia de la F\u00edsica en M\u00e9xico. Esta l\u00ednea de investigaci\u00f3n est\u00e1 ligada a su participaci\u00f3n en el rescate, organizaci\u00f3n y descripci\u00f3n del Archivo Hist\u00f3rico Cient\u00edfico Manuel Sandoval Vallarta, actualmente bajo custodia de la UAM Unidad Iztapalapa. En 2016 particip\u00f3 en la fundaci\u00f3n de Saberes, revista de la Asociaci\u00f3n de Historiadores de las Ciencias y las Humanidades en la que fungi\u00f3 como coeditora hasta abril de 2019 en que tom\u00f3 la direcci\u00f3n.<\/p><p>La diversidad de tem\u00e1ticas que han despertado su curiosidad acad\u00e9mica la han llevado a enfocar el an\u00e1lisis hist\u00f3rico a partir de la definici\u00f3n de la Historia Mundial enmarcada en macroregiones y de procesos hist\u00f3ricos de larga duraci\u00f3n. Asimismo, ha incursionado en la labor de rescate de archivos bajo custodia de la UAM. Entre sus publicaciones se encuentran diversos art\u00edculos y libros sobre la colonizaci\u00f3n y la historia de Alta California, Sonora, Alaska, el imperio ruso y sobre la participaci\u00f3n de M\u00e9xico en el debate mundial sobre la utilizaci\u00f3n de la energ\u00eda nuclear.<\/p><p><b>Publicaciones recientes:<\/b><\/p><p style=\"padding-left: 40px;\">Rese\u00f1a: Entre la Historia y las Relaciones Internacionales: Lothar Knauth 45 a\u00f1os de magisterio sobre Asia en la Facultad de Ciencias Pol\u00edticas y Sociales, UNAM\u201d en Saberes. Revista de las Ciencias y las Humanidades, vol. Yo, n\u00fam. 2, Ciudad de M\u00e9xico, julio-diciembre\/2017, 2, 4 pp.<\/p><p style=\"padding-left: 40px;\">Rese\u00f1a: Destellos del cosmos. Ensayo biogr\u00e1fico sobre Manuel Sandoval Vallarta\u201d en Saberes. Revista de historia de las ciencias y las humanidades. vol. 2, n\u00fam. 5, enero &#8211; junio 2019, p\u00e1gs. 175-177.<\/p><p style=\"padding-left: 40px;\">Gonzalo L\u00f3pez de Haro, navegante y esp\u00eda. Basado en Breve informe de Gonzalo L\u00f3pez de Haro, Adaptaci\u00f3n de Martha Ortega Soto, M\u00e9xico, Ilustraciones de Rossana Boh\u00f3rquez, Universidad Aut\u00f3noma Metropolitana Unidad Iztapalapa, Departamento de Filosof\u00eda, 2019, 32 pp. (Colecci\u00f3n: D\u00e9jame que te cuente, Serie: Cl\u00e1sicos Novohispanos ).<\/p>\t\t\t\t\t\t\t\t<\/div>\n\t\t\t\t<\/div>\n\t\t\t\t\t<\/div>\n\t\t\t\t<\/div>\n\t\t\t\t<\/div>\n\t\t","protected":false},"excerpt":{"rendered":"<p>Semblanza Martha Ortega Soto La Doctora Martha Ortega Soto se form\u00f3 como historiadora en el Colegio de Historia de la Facultad de Filosof\u00eda y Letras. En la Divisi\u00f3n de Estudios de Posgrado de la misma Facultad, obtuvo el grado de Maestr\u00eda en Historia de M\u00e9xico. Es Doctora en Humanidades L\u00ednea de Historia por la Universidad [&hellip;]<\/p>\n","protected":false},"author":1,"featured_media":0,"parent":0,"menu_order":0,"comment_status":"closed","ping_status":"closed","template":"","meta":{"footnotes":""},"class_list":["post-3105","page","type-page","status-publish","hentry"],"blocksy_meta":[],"_links":{"self":[{"href":"https:\/\/divcsh.izt.uam.mx\/depto_filosofia\/index.php\/wp-json\/wp\/v2\/pages\/3105","targetHints":{"allow":["GET"]}}],"collection":[{"href":"https:\/\/divcsh.izt.uam.mx\/depto_filosofia\/index.php\/wp-json\/wp\/v2\/pages"}],"about":[{"href":"https:\/\/divcsh.izt.uam.mx\/depto_filosofia\/index.php\/wp-json\/wp\/v2\/types\/page"}],"author":[{"embeddable":true,"href":"https:\/\/divcsh.izt.uam.mx\/depto_filosofia\/index.php\/wp-json\/wp\/v2\/users\/1"}],"replies":[{"embeddable":true,"href":"https:\/\/divcsh.izt.uam.mx\/depto_filosofia\/index.php\/wp-json\/wp\/v2\/comments?post=3105"}],"version-history":[{"count":0,"href":"https:\/\/divcsh.izt.uam.mx\/depto_filosofia\/index.php\/wp-json\/wp\/v2\/pages\/3105\/revisions"}],"wp:attachment":[{"href":"https:\/\/divcsh.izt.uam.mx\/depto_filosofia\/index.php\/wp-json\/wp\/v2\/media?parent=3105"}],"curies":[{"name":"wp","href":"https:\/\/api.w.org\/{rel}","templated":true}]}}