{"id":4180,"date":"2025-05-12T22:45:13","date_gmt":"2025-05-12T20:45:13","guid":{"rendered":"https:\/\/divcsh.izt.uam.mx\/depto_filosofia\/?page_id=4180"},"modified":"2025-06-10T20:04:40","modified_gmt":"2025-06-10T18:04:40","slug":"trimestre-25-p","status":"publish","type":"page","link":"https:\/\/divcsh.izt.uam.mx\/depto_filosofia\/index.php\/trimestre-25-p\/","title":{"rendered":"Trimestre 25-P"},"content":{"rendered":"\t\t<div data-elementor-type=\"wp-page\" data-elementor-id=\"4180\" class=\"elementor elementor-4180\" data-elementor-post-type=\"page\">\n\t\t\t\t<div class=\"elementor-element elementor-element-e3e6941 e-flex e-con-boxed e-con e-parent\" data-id=\"e3e6941\" data-element_type=\"container\" data-e-type=\"container\">\n\t\t\t\t\t<div class=\"e-con-inner\">\n\t\t\t\t<div class=\"elementor-element elementor-element-ebf2ac3 elementor-widget elementor-widget-heading\" data-id=\"ebf2ac3\" data-element_type=\"widget\" data-e-type=\"widget\" data-widget_type=\"heading.default\">\n\t\t\t\t\t<h2 class=\"elementor-heading-title elementor-size-default\">Programaci\u00f3n de Licenciaturas<\/h2>\t\t\t\t<\/div>\n\t\t\t\t\t<\/div>\n\t\t\t\t<\/div>\n\t\t<div class=\"elementor-element elementor-element-db9cef0 e-flex e-con-boxed e-con e-parent\" data-id=\"db9cef0\" data-element_type=\"container\" data-e-type=\"container\">\n\t\t\t\t\t<div class=\"e-con-inner\">\n\t\t\t\t<div class=\"elementor-element elementor-element-a5ff631 elementor-widget elementor-widget-text-editor\" data-id=\"a5ff631\" data-element_type=\"widget\" data-e-type=\"widget\" data-widget_type=\"text-editor.default\">\n\t\t\t\t\t\t\t\t\t<p><a href=\"https:\/\/divcsh.izt.uam.mx\/depto_filosofia\/wp-content\/uploads\/2025\/05\/HORARIOS-DE-LA-LICENCIATURA-EN-FILOSOFIA-TRIMESTRE-25-P.pdf\">LICENCIATURA EN FILOSOF\u00cdA<\/a><\/p>\t\t\t\t\t\t\t\t<\/div>\n\t\t\t\t\t<\/div>\n\t\t\t\t<\/div>\n\t\t<div class=\"elementor-element elementor-element-2dc0aff e-flex e-con-boxed e-con e-parent\" data-id=\"2dc0aff\" data-element_type=\"container\" data-e-type=\"container\">\n\t\t\t\t\t<div class=\"e-con-inner\">\n\t\t\t\t<div class=\"elementor-element elementor-element-f0cd619 elementor-widget elementor-widget-text-editor\" data-id=\"f0cd619\" data-element_type=\"widget\" data-e-type=\"widget\" data-widget_type=\"text-editor.default\">\n\t\t\t\t\t\t\t\t\t<p><a style=\"transition: 0.12s cubic-bezier(0.455, 0.03, 0.515, 0.955); color: #57a519;\" href=\"https:\/\/divcsh.izt.uam.mx\/depto_filosofia\/wp-content\/uploads\/2025\/05\/HORARIOS-DE-LA-LICENCIATURA-EN-HISTORIA-TRIMESTRE-25-P.pdf\">LICENCIATURA EN HISTORIA<\/a><\/p>\t\t\t\t\t\t\t\t<\/div>\n\t\t\t\t\t<\/div>\n\t\t\t\t<\/div>\n\t\t<div class=\"elementor-element elementor-element-b45b859 e-flex e-con-boxed e-con e-parent\" data-id=\"b45b859\" data-element_type=\"container\" data-e-type=\"container\">\n\t\t\t\t\t<div class=\"e-con-inner\">\n\t\t\t\t<div class=\"elementor-element elementor-element-8049f68 elementor-widget elementor-widget-text-editor\" data-id=\"8049f68\" data-element_type=\"widget\" data-e-type=\"widget\" data-widget_type=\"text-editor.default\">\n\t\t\t\t\t\t\t\t\t<p><a style=\"transition: 0.12s cubic-bezier(0.455, 0.03, 0.515, 0.955); color: #57a519;\" href=\"https:\/\/divcsh.izt.uam.mx\/depto_filosofia\/wp-content\/uploads\/2025\/05\/HORARIOS-DE-LA-LICENCIATURA-EN-LETRAS-HISPANICAS.pdf\">LICENCIATURA EN LETRAS HISP\u00c1NICAS<\/a><\/p>\t\t\t\t\t\t\t\t<\/div>\n\t\t\t\t\t<\/div>\n\t\t\t\t<\/div>\n\t\t<div class=\"elementor-element elementor-element-329056b e-flex e-con-boxed e-con e-parent\" data-id=\"329056b\" data-element_type=\"container\" data-e-type=\"container\">\n\t\t\t\t\t<div class=\"e-con-inner\">\n\t\t\t\t<div class=\"elementor-element elementor-element-21e95ff elementor-widget elementor-widget-text-editor\" data-id=\"21e95ff\" data-element_type=\"widget\" data-e-type=\"widget\" data-widget_type=\"text-editor.default\">\n\t\t\t\t\t\t\t\t\t<p>\u00a0<a href=\"https:\/\/divcsh.izt.uam.mx\/depto_filosofia\/wp-content\/uploads\/2025\/05\/HORARIOS-DE-LA-LICENCIATURA-EN-LINGUISTICA-TRIMESTRE-25-P.pdf\">LICENCIATURA EN LING\u00dc\u00cdSTICA\u00a0<\/a><\/p>\t\t\t\t\t\t\t\t<\/div>\n\t\t\t\t\t<\/div>\n\t\t\t\t<\/div>\n\t\t<div class=\"elementor-element elementor-element-bcb0591 e-flex e-con-boxed e-con e-parent\" data-id=\"bcb0591\" data-element_type=\"container\" data-e-type=\"container\">\n\t\t\t\t\t<div class=\"e-con-inner\">\n\t\t\t\t<div class=\"elementor-element elementor-element-4d90dfc elementor-widget elementor-widget-heading\" data-id=\"4d90dfc\" data-element_type=\"widget\" data-e-type=\"widget\" data-widget_type=\"heading.default\">\n\t\t\t\t\t<h2 class=\"elementor-heading-title elementor-size-default\">Programaci\u00f3n del Posgrado en Humanidades<\/h2>\t\t\t\t<\/div>\n\t\t\t\t\t<\/div>\n\t\t\t\t<\/div>\n\t\t<div class=\"elementor-element elementor-element-ef54e0a e-flex e-con-boxed e-con e-parent\" data-id=\"ef54e0a\" data-element_type=\"container\" data-e-type=\"container\">\n\t\t\t\t\t<div class=\"e-con-inner\">\n\t\t\t\t<div class=\"elementor-element elementor-element-c65a10c elementor-widget elementor-widget-text-editor\" data-id=\"c65a10c\" data-element_type=\"widget\" data-e-type=\"widget\" data-widget_type=\"text-editor.default\">\n\t\t\t\t\t\t\t\t\t<p><a href=\"https:\/\/divcsh.izt.uam.mx\/depto_filosofia\/wp-content\/uploads\/2025\/05\/POSGRADO-EN-HUMANIDADES-LINEA-DE-FILOSOFIA-MORAL-Y-POLITICA.pdf\">L\u00cdNEA DE FILOSOFIA MORAL Y POLITICA<\/a><\/p>\t\t\t\t\t\t\t\t<\/div>\n\t\t\t\t\t<\/div>\n\t\t\t\t<\/div>\n\t\t<div class=\"elementor-element elementor-element-1e2287d e-flex e-con-boxed e-con e-parent\" data-id=\"1e2287d\" data-element_type=\"container\" data-e-type=\"container\">\n\t\t\t\t\t<div class=\"e-con-inner\">\n\t\t\t\t<div class=\"elementor-element elementor-element-57b404e elementor-widget elementor-widget-text-editor\" data-id=\"57b404e\" data-element_type=\"widget\" data-e-type=\"widget\" data-widget_type=\"text-editor.default\">\n\t\t\t\t\t\t\t\t\t<p><a href=\"https:\/\/divcsh.izt.uam.mx\/depto_filosofia\/wp-content\/uploads\/2025\/05\/POSGRADO-EN-HUMANIDADES-LINEA-DE-FILOSOFIA-DE-LAS-CIENCIAS-Y-DEL-LENGUAJE.pdf\">L\u00cdNEA DE FILOSOFIA DE LAS CIENCIAS Y DEL LENGUAJE<\/a><\/p>\t\t\t\t\t\t\t\t<\/div>\n\t\t\t\t\t<\/div>\n\t\t\t\t<\/div>\n\t\t<div class=\"elementor-element elementor-element-68f60be e-flex e-con-boxed e-con e-parent\" data-id=\"68f60be\" data-element_type=\"container\" data-e-type=\"container\">\n\t\t\t\t\t<div class=\"e-con-inner\">\n\t\t\t\t<div class=\"elementor-element elementor-element-0b5216b elementor-widget elementor-widget-text-editor\" data-id=\"0b5216b\" data-element_type=\"widget\" data-e-type=\"widget\" data-widget_type=\"text-editor.default\">\n\t\t\t\t\t\t\t\t\t<p><a href=\"https:\/\/divcsh.izt.uam.mx\/depto_filosofia\/wp-content\/uploads\/2025\/05\/POSGRADO-EN-HUMANIDADES-TEORIA-LITERARIA.pdf\">TEOR\u00cdA LITERARIA<\/a><\/p>\t\t\t\t\t\t\t\t<\/div>\n\t\t\t\t\t<\/div>\n\t\t\t\t<\/div>\n\t\t<div class=\"elementor-element elementor-element-345f7b1 e-flex e-con-boxed e-con e-parent\" data-id=\"345f7b1\" data-element_type=\"container\" data-e-type=\"container\">\n\t\t\t\t\t<div class=\"e-con-inner\">\n\t\t\t\t<div class=\"elementor-element elementor-element-98b1842 elementor-widget elementor-widget-text-editor\" data-id=\"98b1842\" data-element_type=\"widget\" data-e-type=\"widget\" data-widget_type=\"text-editor.default\">\n\t\t\t\t\t\t\t\t\t<p><a href=\"https:\/\/divcsh.izt.uam.mx\/depto_filosofia\/wp-content\/uploads\/2025\/05\/POSGRADO-EN-HUMANIDADES-LINEA-DE-LINGUISTICA.pdf\">L\u00cdNEA DE LING\u00dc\u00cdSTICA<\/a><\/p>\t\t\t\t\t\t\t\t<\/div>\n\t\t\t\t\t<\/div>\n\t\t\t\t<\/div>\n\t\t<div class=\"elementor-element elementor-element-dfabb78 e-flex e-con-boxed e-con e-parent\" data-id=\"dfabb78\" data-element_type=\"container\" data-e-type=\"container\">\n\t\t\t\t\t<div class=\"e-con-inner\">\n\t\t\t\t<div class=\"elementor-element elementor-element-ec96897 elementor-widget elementor-widget-text-editor\" data-id=\"ec96897\" data-element_type=\"widget\" data-e-type=\"widget\" data-widget_type=\"text-editor.default\">\n\t\t\t\t\t\t\t\t\t<p><a href=\"https:\/\/divcsh.izt.uam.mx\/depto_filosofia\/wp-content\/uploads\/2025\/05\/POSGRADO-EN-HUMANIDADES-LINEA-DE-HISTORIA.pdf\">L\u00cdNEA DE HISTORIA<\/a><\/p>\t\t\t\t\t\t\t\t<\/div>\n\t\t\t\t\t<\/div>\n\t\t\t\t<\/div>\n\t\t<div class=\"elementor-element elementor-element-4ed19d3 e-flex e-con-boxed e-con e-parent\" data-id=\"4ed19d3\" data-element_type=\"container\" data-e-type=\"container\">\n\t\t\t\t\t<div class=\"e-con-inner\">\n\t\t\t\t<div class=\"elementor-element elementor-element-3e8aa97 elementor-widget elementor-widget-text-editor\" data-id=\"3e8aa97\" data-element_type=\"widget\" data-e-type=\"widget\" data-widget_type=\"text-editor.default\">\n\t\t\t\t\t\t\t\t\t<p><a href=\"https:\/\/divcsh.izt.uam.mx\/depto_filosofia\/wp-content\/uploads\/2025\/05\/POSGRADO-EN-HUMANIDADES-LINEA-DE-FILOLOGIA-MEDIEVAL-AUREA-E-HISPANOAMERICANA-DE-LOS-SIGLOS-XVI-AL-XVIII.pdf\">L\u00cdNEA DE FILOLOGIA MEDIEVAL, AUREA E HISPANOAMERICANA DE LOS SIGLOS XVI AL XVIII<\/a><\/p>\t\t\t\t\t\t\t\t<\/div>\n\t\t\t\t<div class=\"elementor-element elementor-element-96b947c elementor-widget elementor-widget-heading\" data-id=\"96b947c\" data-element_type=\"widget\" data-e-type=\"widget\" data-widget_type=\"heading.default\">\n\t\t\t\t\t<h2 class=\"elementor-heading-title elementor-size-default\">Programaci\u00f3n de la Coordinaci\u00f3n de Ense\u00f1anza de Lenguas Extranjeras<\/h2>\t\t\t\t<\/div>\n\t\t\t\t\t<\/div>\n\t\t\t\t<\/div>\n\t\t<div class=\"elementor-element elementor-element-00b9d72 e-flex e-con-boxed e-con e-parent\" data-id=\"00b9d72\" data-element_type=\"container\" data-e-type=\"container\">\n\t\t\t\t\t<div class=\"e-con-inner\">\n\t\t\t\t<div class=\"elementor-element elementor-element-87a25dc elementor-widget elementor-widget-text-editor\" data-id=\"87a25dc\" data-element_type=\"widget\" data-e-type=\"widget\" data-widget_type=\"text-editor.default\">\n\t\t\t\t\t\t\t\t\t<p><a href=\"https:\/\/divcsh.izt.uam.mx\/depto_filosofia\/wp-content\/uploads\/2025\/05\/HORARIOS-DE-LA-COORDINACION-DE-ENSENANZA-DE-LENGUAS-EXTRANJERAS-TRIMESTRE-25-P.pdf\">HORARIOS DE LA CELEX<\/a><\/p>\t\t\t\t\t\t\t\t<\/div>\n\t\t\t\t\t<\/div>\n\t\t\t\t<\/div>\n\t\t\t\t<\/div>\n\t\t","protected":false},"excerpt":{"rendered":"<p>Programaci\u00f3n de Licenciaturas LICENCIATURA EN FILOSOF\u00cdA LICENCIATURA EN HISTORIA LICENCIATURA EN LETRAS HISP\u00c1NICAS \u00a0LICENCIATURA EN LING\u00dc\u00cdSTICA\u00a0 Programaci\u00f3n del Posgrado en Humanidades L\u00cdNEA DE FILOSOFIA MORAL Y POLITICA L\u00cdNEA DE FILOSOFIA DE LAS CIENCIAS Y DEL LENGUAJE TEOR\u00cdA LITERARIA L\u00cdNEA DE LING\u00dc\u00cdSTICA L\u00cdNEA DE HISTORIA L\u00cdNEA DE FILOLOGIA MEDIEVAL, AUREA E HISPANOAMERICANA DE LOS SIGLOS XVI [&hellip;]<\/p>\n","protected":false},"author":1,"featured_media":0,"parent":0,"menu_order":0,"comment_status":"closed","ping_status":"closed","template":"","meta":{"footnotes":""},"class_list":["post-4180","page","type-page","status-publish","hentry"],"blocksy_meta":[],"_links":{"self":[{"href":"https:\/\/divcsh.izt.uam.mx\/depto_filosofia\/index.php\/wp-json\/wp\/v2\/pages\/4180","targetHints":{"allow":["GET"]}}],"collection":[{"href":"https:\/\/divcsh.izt.uam.mx\/depto_filosofia\/index.php\/wp-json\/wp\/v2\/pages"}],"about":[{"href":"https:\/\/divcsh.izt.uam.mx\/depto_filosofia\/index.php\/wp-json\/wp\/v2\/types\/page"}],"author":[{"embeddable":true,"href":"https:\/\/divcsh.izt.uam.mx\/depto_filosofia\/index.php\/wp-json\/wp\/v2\/users\/1"}],"replies":[{"embeddable":true,"href":"https:\/\/divcsh.izt.uam.mx\/depto_filosofia\/index.php\/wp-json\/wp\/v2\/comments?post=4180"}],"version-history":[{"count":0,"href":"https:\/\/divcsh.izt.uam.mx\/depto_filosofia\/index.php\/wp-json\/wp\/v2\/pages\/4180\/revisions"}],"wp:attachment":[{"href":"https:\/\/divcsh.izt.uam.mx\/depto_filosofia\/index.php\/wp-json\/wp\/v2\/media?parent=4180"}],"curies":[{"name":"wp","href":"https:\/\/api.w.org\/{rel}","templated":true}]}}