{"id":2525,"date":"2022-11-16T16:37:15","date_gmt":"2022-11-16T16:37:15","guid":{"rendered":"https:\/\/divcsh.izt.uam.mx\/depto_sociologia\/?page_id=2525"},"modified":"2025-02-11T19:18:17","modified_gmt":"2025-02-11T19:18:17","slug":"estudios-rurales-y-urbanos","status":"publish","type":"page","link":"https:\/\/divcsh.izt.uam.mx\/depto_sociologia\/index.php\/estudios-rurales-y-urbanos\/","title":{"rendered":"Estudios Rurales y Urbanos"},"content":{"rendered":"\t\t<div data-elementor-type=\"wp-page\" data-elementor-id=\"2525\" class=\"elementor elementor-2525\" data-elementor-post-type=\"page\">\n\t\t\t\t\t\t<section class=\"elementor-section elementor-top-section elementor-element elementor-element-b738dc8 ct-section-stretched elementor-section-height-min-height elementor-section-boxed elementor-section-height-default elementor-section-items-middle\" data-id=\"b738dc8\" data-element_type=\"section\" data-e-type=\"section\" data-settings=\"{&quot;background_background&quot;:&quot;video&quot;,&quot;background_video_link&quot;:&quot;https:\\\/\\\/divcsh.izt.uam.mx\\\/depto_sociologia\\\/wp-content\\\/uploads\\\/2022\\\/10\\\/Pattern-85590.mp4&quot;,&quot;background_play_on_mobile&quot;:&quot;yes&quot;}\">\n\t\t\t\t\t\t\t\t<div class=\"elementor-background-video-container\">\n\t\t\t\t\t\t\t\t\t\t\t\t\t<video class=\"elementor-background-video-hosted\" role=\"presentation\" autoplay muted playsinline loop><\/video>\n\t\t\t\t\t\t\t\t\t\t\t<\/div>\n\t\t\t\t\t\t\t\t\t<div class=\"elementor-background-overlay\"><\/div>\n\t\t\t\t\t\t\t<div class=\"elementor-container elementor-column-gap-no\">\n\t\t\t\t\t<div class=\"elementor-column elementor-col-100 elementor-top-column elementor-element elementor-element-91c8fba\" data-id=\"91c8fba\" data-element_type=\"column\" data-e-type=\"column\">\n\t\t\t<div class=\"elementor-widget-wrap elementor-element-populated\">\n\t\t\t\t\t\t<div class=\"elementor-element elementor-element-3c05143 elementor-widget elementor-widget-heading\" data-id=\"3c05143\" data-element_type=\"widget\" data-e-type=\"widget\" data-widget_type=\"heading.default\">\n\t\t\t\t<div class=\"elementor-widget-container\">\n\t\t\t\t\t<h1 class=\"elementor-heading-title elementor-size-default\">ESTUDIOS RURALES Y URBANOS<\/h1>\t\t\t\t<\/div>\n\t\t\t\t<\/div>\n\t\t\t\t\t<\/div>\n\t\t<\/div>\n\t\t\t\t\t<\/div>\n\t\t<\/section>\n\t\t\t\t<section class=\"elementor-section elementor-top-section elementor-element elementor-element-4833979 elementor-section-boxed elementor-section-height-default elementor-section-height-default\" data-id=\"4833979\" data-element_type=\"section\" data-e-type=\"section\" data-settings=\"{&quot;background_background&quot;:&quot;classic&quot;}\">\n\t\t\t\t\t\t<div class=\"elementor-container elementor-column-gap-default\">\n\t\t\t\t\t<div class=\"elementor-column elementor-col-100 elementor-top-column elementor-element elementor-element-3c1e74b\" data-id=\"3c1e74b\" data-element_type=\"column\" data-e-type=\"column\">\n\t\t\t<div class=\"elementor-widget-wrap elementor-element-populated\">\n\t\t\t\t\t\t<div class=\"elementor-element elementor-element-9c6c0bd elementor-widget elementor-widget-heading\" data-id=\"9c6c0bd\" data-element_type=\"widget\" data-e-type=\"widget\" data-widget_type=\"heading.default\">\n\t\t\t\t<div class=\"elementor-widget-container\">\n\t\t\t\t\t<h5 class=\"elementor-heading-title elementor-size-default\">Aqu\u00ed encontrar\u00e1s a los integrantes del \u00e1rea de investigaci\u00f3n de \u201cEstudios Rurales y Urbanos\u201d,\nadem\u00e1s de contar con la informaci\u00f3n de cada uno de ellos al hacer clic sobre su nombre<\/h5>\t\t\t\t<\/div>\n\t\t\t\t<\/div>\n\t\t\t\t\t<\/div>\n\t\t<\/div>\n\t\t\t\t\t<\/div>\n\t\t<\/section>\n\t\t\t\t<section class=\"elementor-section elementor-top-section elementor-element elementor-element-dc3c1df elementor-section-boxed elementor-section-height-default elementor-section-height-default\" data-id=\"dc3c1df\" data-element_type=\"section\" data-e-type=\"section\" data-settings=\"{&quot;background_background&quot;:&quot;classic&quot;}\">\n\t\t\t\t\t\t<div class=\"elementor-container elementor-column-gap-default\">\n\t\t\t\t\t<div class=\"elementor-column elementor-col-50 elementor-top-column elementor-element elementor-element-7dce560\" data-id=\"7dce560\" data-element_type=\"column\" data-e-type=\"column\">\n\t\t\t<div class=\"elementor-widget-wrap elementor-element-populated\">\n\t\t\t\t\t\t<div class=\"elementor-element elementor-element-deca8ef elementor-widget elementor-widget-image\" data-id=\"deca8ef\" data-element_type=\"widget\" data-e-type=\"widget\" data-widget_type=\"image.default\">\n\t\t\t\t<div class=\"elementor-widget-container\">\n\t\t\t\t\t\t\t\t\t\t\t\t\t\t\t<img fetchpriority=\"high\" decoding=\"async\" width=\"275\" height=\"300\" src=\"https:\/\/divcsh.izt.uam.mx\/depto_sociologia\/wp-content\/uploads\/2023\/10\/logo_sociologia2A-275x300.jpg\" class=\"attachment-medium size-medium wp-image-3863\" alt=\"\" srcset=\"https:\/\/divcsh.izt.uam.mx\/depto_sociologia\/wp-content\/uploads\/2023\/10\/logo_sociologia2A-275x300.jpg 275w, https:\/\/divcsh.izt.uam.mx\/depto_sociologia\/wp-content\/uploads\/2023\/10\/logo_sociologia2A-940x1024.jpg 940w, https:\/\/divcsh.izt.uam.mx\/depto_sociologia\/wp-content\/uploads\/2023\/10\/logo_sociologia2A-768x837.jpg 768w, https:\/\/divcsh.izt.uam.mx\/depto_sociologia\/wp-content\/uploads\/2023\/10\/logo_sociologia2A-1410x1536.jpg 1410w, https:\/\/divcsh.izt.uam.mx\/depto_sociologia\/wp-content\/uploads\/2023\/10\/logo_sociologia2A.jpg 1743w\" sizes=\"(max-width: 275px) 100vw, 275px\" \/>\t\t\t\t\t\t\t\t\t\t\t\t\t\t\t<\/div>\n\t\t\t\t<\/div>\n\t\t\t\t\t<\/div>\n\t\t<\/div>\n\t\t\t\t<div class=\"elementor-column elementor-col-50 elementor-top-column elementor-element elementor-element-eb4f989\" data-id=\"eb4f989\" data-element_type=\"column\" data-e-type=\"column\">\n\t\t\t<div class=\"elementor-widget-wrap elementor-element-populated\">\n\t\t\t\t\t\t<div class=\"elementor-element elementor-element-3be05e1 elementor-widget elementor-widget-text-editor\" data-id=\"3be05e1\" data-element_type=\"widget\" data-e-type=\"widget\" data-widget_type=\"text-editor.default\">\n\t\t\t\t<div class=\"elementor-widget-container\">\n\t\t\t\t\t\t\t\t\t<h6><br \/>Fern\u00e1ndez Reyes, Otto<br \/>Fuentes Zurita, Mar\u00eda Cristina<br \/>Garc\u00eda Hern\u00e1ndez, Gloria Elizabeth<br \/>Mackinlay Grohmman, Horacio<br \/>Moctezuma Barrag\u00e1n, Pedro<br \/>Navalles G\u00f3mez, Jahir<br \/>P\u00e9rez Casta\u00f1eda, Juan Carlos<br \/>Santiba\u00f1ez Santiago, Juan J\u00f3se<br \/>Soto Ram\u00edrez, Juan<br \/>Vega y Jim\u00e9nez de la Cuesta, Ana Lourdes<\/h6><p><strong>ADRIANA PETROVNA GOMEZ PADILLA* JEFA DE \u00c1REA<\/strong><\/p>\t\t\t\t\t\t\t\t<\/div>\n\t\t\t\t<\/div>\n\t\t\t\t\t<\/div>\n\t\t<\/div>\n\t\t\t\t\t<\/div>\n\t\t<\/section>\n\t\t\t\t<\/div>\n\t\t","protected":false},"excerpt":{"rendered":"<p>ESTUDIOS RURALES Y URBANOS Aqu\u00ed encontrar\u00e1s a los integrantes del \u00e1rea de investigaci\u00f3n de \u201cEstudios Rurales y Urbanos\u201d, adem\u00e1s de contar con la informaci\u00f3n de cada uno de ellos al hacer clic sobre su nombre Fern\u00e1ndez Reyes, OttoFuentes Zurita, Mar\u00eda CristinaGarc\u00eda Hern\u00e1ndez, Gloria ElizabethMackinlay Grohmman, HoracioMoctezuma Barrag\u00e1n, PedroNavalles G\u00f3mez, JahirP\u00e9rez Casta\u00f1eda, Juan CarlosSantiba\u00f1ez Santiago, Juan [&hellip;]<\/p>\n","protected":false},"author":6,"featured_media":0,"parent":0,"menu_order":0,"comment_status":"closed","ping_status":"closed","template":"","meta":{"footnotes":""},"class_list":["post-2525","page","type-page","status-publish","hentry"],"blocksy_meta":[],"_links":{"self":[{"href":"https:\/\/divcsh.izt.uam.mx\/depto_sociologia\/index.php\/wp-json\/wp\/v2\/pages\/2525","targetHints":{"allow":["GET"]}}],"collection":[{"href":"https:\/\/divcsh.izt.uam.mx\/depto_sociologia\/index.php\/wp-json\/wp\/v2\/pages"}],"about":[{"href":"https:\/\/divcsh.izt.uam.mx\/depto_sociologia\/index.php\/wp-json\/wp\/v2\/types\/page"}],"author":[{"embeddable":true,"href":"https:\/\/divcsh.izt.uam.mx\/depto_sociologia\/index.php\/wp-json\/wp\/v2\/users\/6"}],"replies":[{"embeddable":true,"href":"https:\/\/divcsh.izt.uam.mx\/depto_sociologia\/index.php\/wp-json\/wp\/v2\/comments?post=2525"}],"version-history":[{"count":3,"href":"https:\/\/divcsh.izt.uam.mx\/depto_sociologia\/index.php\/wp-json\/wp\/v2\/pages\/2525\/revisions"}],"predecessor-version":[{"id":6258,"href":"https:\/\/divcsh.izt.uam.mx\/depto_sociologia\/index.php\/wp-json\/wp\/v2\/pages\/2525\/revisions\/6258"}],"wp:attachment":[{"href":"https:\/\/divcsh.izt.uam.mx\/depto_sociologia\/index.php\/wp-json\/wp\/v2\/media?parent=2525"}],"curies":[{"name":"wp","href":"https:\/\/api.w.org\/{rel}","templated":true}]}}